{"id":103,"date":"2015-07-09T10:40:37","date_gmt":"2015-07-09T10:40:37","guid":{"rendered":"http:\/\/buressa.com\/?page_id=103"},"modified":"2019-10-28T15:29:50","modified_gmt":"2019-10-28T14:29:50","slug":"produccion","status":"publish","type":"page","link":"https:\/\/buressa.com\/ca\/empresa\/produccio\/","title":{"rendered":"Producci\u00f3"},"content":{"rendered":"<h1><strong>Producci\u00f3<\/strong><\/h1>\n<p><span class=\"textverd1\"><span style=\"font-family: 'Arial','sans-serif'; color: windowtext;\">Bur\u00e9s <\/span><\/span><span style=\"font-family: 'Arial','sans-serif';\">inverteix continuadament en l&#8217;aplicaci\u00f3 de nous mitjans que <span class=\"textverd1\"><span style=\"color: windowtext;\">augmentin el rendimient del sistema productiu i optimizin la seva gesti\u00f3<\/span><\/span>.<\/span><span style=\"font-family: 'Arial','sans-serif';\"><br \/>\n<\/span><\/p>\n<p><img decoding=\"async\" loading=\"lazy\" class=\"wp-image-697 aligncenter\" src=\"http:\/\/buressa.com\/wp-content\/uploads\/2015\/07\/Empresa-2-960x720.jpg\" alt=\"OLYMPUS DIGITAL CAMERA\" width=\"403\" height=\"302\" srcset=\"https:\/\/buressa.com\/wp-content\/uploads\/2015\/07\/Empresa-2-960x720.jpg 960w, https:\/\/buressa.com\/wp-content\/uploads\/2015\/07\/Empresa-2-700x525.jpg 700w, https:\/\/buressa.com\/wp-content\/uploads\/2015\/07\/Empresa-2-300x225.jpg 300w\" sizes=\"(max-width: 403px) 100vw, 403px\" \/><\/p>\n<p><span style=\"font-family: 'Arial','sans-serif';\">La incorporaci\u00f3 dels\u00a0<span class=\"textverd1\"><span style=\"color: windowtext;\">\u00faltims avan\u00e7os tecnol\u00f2gics<\/span><\/span>\u00a0ens ha perm\u00e8s incrementar la capacitat de producci\u00f3 a m\u00e9s de 3 mil.lions de sacs anuals.<\/span><\/p>\n<p><span style=\"font-family: 'Arial','sans-serif';\">El proc\u00e9s de barrejat totalment automatizat, 7 l\u00ednees d&#8217;envasat autom\u00e0tiques i una flota de camions propis, s\u00f3n d&#8217;altres dels recursos que des de Bur\u00e9s <span class=\"textverd1\"><span style=\"color: windowtext;\">garanteixen la total adaptaci\u00f3 a las necessitats dels nostres clients<\/span><\/span>, tant en volum de producte com servei.<\/span><\/p>\n<p><img decoding=\"async\" loading=\"lazy\" class=\"alignnone wp-image-657\" src=\"http:\/\/buressa.com\/wp-content\/uploads\/2015\/07\/Produccion-960x640.jpg\" alt=\"Produccion\" width=\"296\" height=\"197\" srcset=\"https:\/\/buressa.com\/wp-content\/uploads\/2015\/07\/Produccion-960x640.jpg 960w, https:\/\/buressa.com\/wp-content\/uploads\/2015\/07\/Produccion-700x466.jpg 700w, https:\/\/buressa.com\/wp-content\/uploads\/2015\/07\/Produccion-300x200.jpg 300w, https:\/\/buressa.com\/wp-content\/uploads\/2015\/07\/Produccion.jpg 1181w\" sizes=\"(max-width: 296px) 100vw, 296px\" \/>\u00a0 \u00a0<img decoding=\"async\" loading=\"lazy\" class=\"alignnone wp-image-696\" src=\"http:\/\/buressa.com\/wp-content\/uploads\/2015\/07\/Produccion-2-960x640.jpg\" alt=\"Produccion 2\" width=\"296\" height=\"197\" srcset=\"https:\/\/buressa.com\/wp-content\/uploads\/2015\/07\/Produccion-2-960x640.jpg 960w, https:\/\/buressa.com\/wp-content\/uploads\/2015\/07\/Produccion-2-700x466.jpg 700w, https:\/\/buressa.com\/wp-content\/uploads\/2015\/07\/Produccion-2-300x200.jpg 300w, https:\/\/buressa.com\/wp-content\/uploads\/2015\/07\/Produccion-2.jpg 1181w\" sizes=\"(max-width: 296px) 100vw, 296px\" \/>","protected":false},"excerpt":{"rendered":"<p>Producci\u00f3 Bur\u00e9s inverteix continuadament en l&#8217;aplicaci\u00f3 de nous mitjans que augmentin el rendimient del sistema productiu i optimizin la seva gesti\u00f3. La incorporaci\u00f3 dels\u00a0\u00faltims avan\u00e7os tecnol\u00f2gics\u00a0ens ha perm\u00e8s incrementar la capacitat de producci\u00f3 a m\u00e9s de 3 mil.lions de sacs anuals. El proc\u00e9s de barrejat totalment automatizat, 7 l\u00ednees d&#8217;envasat autom\u00e0tiques i una flota de&#8230;<\/p>\n","protected":false},"author":1,"featured_media":0,"parent":97,"menu_order":0,"comment_status":"closed","ping_status":"open","template":"","meta":[],"yoast_head":"<!-- This site is optimized with the Yoast SEO plugin v19.10 - https:\/\/yoast.com\/wordpress\/plugins\/seo\/ -->\n<title>(ES) Producci\u00f3n de sustratos y tierras para cultivo<\/title>\n<meta name=\"description\" content=\"(ES) \u00bfNecesitas un fabricante de tierras o sustratos? Bur\u00e9s en continuo crecimiento y expansi\u00f3n produce m\u00e1s de 3 millones de sacos anuales. \u00a1Conoce nuestros productos!\" \/>\n<meta name=\"robots\" content=\"index, follow, max-snippet:-1, max-image-preview:large, max-video-preview:-1\" \/>\n<link rel=\"canonical\" href=\"https:\/\/buressa.com\/ca\/empresa\/produccio\/\" \/>\n<meta property=\"og:locale\" content=\"ca_ES\" \/>\n<meta property=\"og:type\" content=\"article\" \/>\n<meta property=\"og:title\" content=\"(ES) Producci\u00f3n de sustratos y tierras para cultivo\" \/>\n<meta property=\"og:description\" content=\"(ES) \u00bfNecesitas un fabricante de tierras o sustratos? Bur\u00e9s en continuo crecimiento y expansi\u00f3n produce m\u00e1s de 3 millones de sacos anuales. \u00a1Conoce nuestros productos!\" \/>\n<meta property=\"og:url\" content=\"https:\/\/buressa.com\/ca\/empresa\/produccio\/\" \/>\n<meta property=\"og:site_name\" content=\"Bur\u00e9s S.A.U.\" \/>\n<meta property=\"article:modified_time\" content=\"2019-10-28T14:29:50+00:00\" \/>\n<meta property=\"og:image\" content=\"http:\/\/buressa.com\/wp-content\/uploads\/2015\/07\/Empresa-2-960x720.jpg\" \/>\n<meta name=\"twitter:card\" content=\"summary_large_image\" \/>\n<meta name=\"twitter:label1\" content=\"Temps estimat de lectura\" \/>\n\t<meta name=\"twitter:data1\" content=\"1 minut\" \/>\n<script type=\"application\/ld+json\" class=\"yoast-schema-graph\">{\"@context\":\"https:\/\/schema.org\",\"@graph\":[{\"@type\":\"WebPage\",\"@id\":\"https:\/\/buressa.com\/ca\/empresa\/produccio\/\",\"url\":\"https:\/\/buressa.com\/ca\/empresa\/produccio\/\",\"name\":\"(ES) Producci\u00f3n de sustratos y tierras para cultivo\",\"isPartOf\":{\"@id\":\"https:\/\/buressa.com\/en\/#website\"},\"datePublished\":\"2015-07-09T10:40:37+00:00\",\"dateModified\":\"2019-10-28T14:29:50+00:00\",\"description\":\"(ES) \u00bfNecesitas un fabricante de tierras o sustratos? Bur\u00e9s en continuo crecimiento y expansi\u00f3n produce m\u00e1s de 3 millones de sacos anuales. \u00a1Conoce nuestros productos!\",\"breadcrumb\":{\"@id\":\"https:\/\/buressa.com\/ca\/empresa\/produccio\/#breadcrumb\"},\"inLanguage\":\"ca\",\"potentialAction\":[{\"@type\":\"ReadAction\",\"target\":[\"https:\/\/buressa.com\/ca\/empresa\/produccio\/\"]}]},{\"@type\":\"BreadcrumbList\",\"@id\":\"https:\/\/buressa.com\/ca\/empresa\/produccio\/#breadcrumb\",\"itemListElement\":[{\"@type\":\"ListItem\",\"position\":1,\"name\":\"Portada\",\"item\":\"https:\/\/buressa.com\/en\/\"},{\"@type\":\"ListItem\",\"position\":2,\"name\":\"Empresa\",\"item\":\"https:\/\/buressa.com\/es\/empresa\/\"},{\"@type\":\"ListItem\",\"position\":3,\"name\":\"Producci\u00f3\"}]},{\"@type\":\"WebSite\",\"@id\":\"https:\/\/buressa.com\/en\/#website\",\"url\":\"https:\/\/buressa.com\/en\/\",\"name\":\"Bur\u00e9s S.A.U.\",\"description\":\"Bur\u00e9s, la buena tierra. Fabricantes de tierras y sustratos para jardiner\u00eda.\",\"publisher\":{\"@id\":\"https:\/\/buressa.com\/en\/#organization\"},\"potentialAction\":[{\"@type\":\"SearchAction\",\"target\":{\"@type\":\"EntryPoint\",\"urlTemplate\":\"https:\/\/buressa.com\/en\/?s={search_term_string}\"},\"query-input\":\"required name=search_term_string\"}],\"inLanguage\":\"ca\"},{\"@type\":\"Organization\",\"@id\":\"https:\/\/buressa.com\/en\/#organization\",\"name\":\"BUR\u00c9S, S.A.U.\",\"url\":\"https:\/\/buressa.com\/en\/\",\"logo\":{\"@type\":\"ImageObject\",\"inLanguage\":\"ca\",\"@id\":\"https:\/\/buressa.com\/en\/#\/schema\/logo\/image\/\",\"url\":\"https:\/\/buressa.com\/wp-content\/uploads\/2015\/06\/bures-sense-marge-marro_ok.png\",\"contentUrl\":\"https:\/\/buressa.com\/wp-content\/uploads\/2015\/06\/bures-sense-marge-marro_ok.png\",\"width\":141,\"height\":102,\"caption\":\"BUR\u00c9S, S.A.U.\"},\"image\":{\"@id\":\"https:\/\/buressa.com\/en\/#\/schema\/logo\/image\/\"}}]}<\/script>\n<!-- \/ Yoast SEO plugin. -->","yoast_head_json":{"title":"(ES) Producci\u00f3n de sustratos y tierras para cultivo","description":"(ES) \u00bfNecesitas un fabricante de tierras o sustratos? Bur\u00e9s en continuo crecimiento y expansi\u00f3n produce m\u00e1s de 3 millones de sacos anuales. \u00a1Conoce nuestros productos!","robots":{"index":"index","follow":"follow","max-snippet":"max-snippet:-1","max-image-preview":"max-image-preview:large","max-video-preview":"max-video-preview:-1"},"canonical":"https:\/\/buressa.com\/ca\/empresa\/produccio\/","og_locale":"ca_ES","og_type":"article","og_title":"(ES) Producci\u00f3n de sustratos y tierras para cultivo","og_description":"(ES) \u00bfNecesitas un fabricante de tierras o sustratos? Bur\u00e9s en continuo crecimiento y expansi\u00f3n produce m\u00e1s de 3 millones de sacos anuales. \u00a1Conoce nuestros productos!","og_url":"https:\/\/buressa.com\/ca\/empresa\/produccio\/","og_site_name":"Bur\u00e9s S.A.U.","article_modified_time":"2019-10-28T14:29:50+00:00","og_image":[{"url":"http:\/\/buressa.com\/wp-content\/uploads\/2015\/07\/Empresa-2-960x720.jpg"}],"twitter_card":"summary_large_image","twitter_misc":{"Temps estimat de lectura":"1 minut"},"schema":{"@context":"https:\/\/schema.org","@graph":[{"@type":"WebPage","@id":"https:\/\/buressa.com\/ca\/empresa\/produccio\/","url":"https:\/\/buressa.com\/ca\/empresa\/produccio\/","name":"(ES) Producci\u00f3n de sustratos y tierras para cultivo","isPartOf":{"@id":"https:\/\/buressa.com\/en\/#website"},"datePublished":"2015-07-09T10:40:37+00:00","dateModified":"2019-10-28T14:29:50+00:00","description":"(ES) \u00bfNecesitas un fabricante de tierras o sustratos? Bur\u00e9s en continuo crecimiento y expansi\u00f3n produce m\u00e1s de 3 millones de sacos anuales. \u00a1Conoce nuestros productos!","breadcrumb":{"@id":"https:\/\/buressa.com\/ca\/empresa\/produccio\/#breadcrumb"},"inLanguage":"ca","potentialAction":[{"@type":"ReadAction","target":["https:\/\/buressa.com\/ca\/empresa\/produccio\/"]}]},{"@type":"BreadcrumbList","@id":"https:\/\/buressa.com\/ca\/empresa\/produccio\/#breadcrumb","itemListElement":[{"@type":"ListItem","position":1,"name":"Portada","item":"https:\/\/buressa.com\/en\/"},{"@type":"ListItem","position":2,"name":"Empresa","item":"https:\/\/buressa.com\/es\/empresa\/"},{"@type":"ListItem","position":3,"name":"Producci\u00f3"}]},{"@type":"WebSite","@id":"https:\/\/buressa.com\/en\/#website","url":"https:\/\/buressa.com\/en\/","name":"Bur\u00e9s S.A.U.","description":"Bur\u00e9s, la buena tierra. Fabricantes de tierras y sustratos para jardiner\u00eda.","publisher":{"@id":"https:\/\/buressa.com\/en\/#organization"},"potentialAction":[{"@type":"SearchAction","target":{"@type":"EntryPoint","urlTemplate":"https:\/\/buressa.com\/en\/?s={search_term_string}"},"query-input":"required name=search_term_string"}],"inLanguage":"ca"},{"@type":"Organization","@id":"https:\/\/buressa.com\/en\/#organization","name":"BUR\u00c9S, S.A.U.","url":"https:\/\/buressa.com\/en\/","logo":{"@type":"ImageObject","inLanguage":"ca","@id":"https:\/\/buressa.com\/en\/#\/schema\/logo\/image\/","url":"https:\/\/buressa.com\/wp-content\/uploads\/2015\/06\/bures-sense-marge-marro_ok.png","contentUrl":"https:\/\/buressa.com\/wp-content\/uploads\/2015\/06\/bures-sense-marge-marro_ok.png","width":141,"height":102,"caption":"BUR\u00c9S, S.A.U."},"image":{"@id":"https:\/\/buressa.com\/en\/#\/schema\/logo\/image\/"}}]}},"_links":{"self":[{"href":"https:\/\/buressa.com\/ca\/wp-json\/wp\/v2\/pages\/103"}],"collection":[{"href":"https:\/\/buressa.com\/ca\/wp-json\/wp\/v2\/pages"}],"about":[{"href":"https:\/\/buressa.com\/ca\/wp-json\/wp\/v2\/types\/page"}],"author":[{"embeddable":true,"href":"https:\/\/buressa.com\/ca\/wp-json\/wp\/v2\/users\/1"}],"replies":[{"embeddable":true,"href":"https:\/\/buressa.com\/ca\/wp-json\/wp\/v2\/comments?post=103"}],"version-history":[{"count":0,"href":"https:\/\/buressa.com\/ca\/wp-json\/wp\/v2\/pages\/103\/revisions"}],"up":[{"embeddable":true,"href":"https:\/\/buressa.com\/ca\/wp-json\/wp\/v2\/pages\/97"}],"wp:attachment":[{"href":"https:\/\/buressa.com\/ca\/wp-json\/wp\/v2\/media?parent=103"}],"curies":[{"name":"wp","href":"https:\/\/api.w.org\/{rel}","templated":true}]}}