{"id":1066,"date":"2018-12-13T09:10:13","date_gmt":"2018-12-13T08:10:13","guid":{"rendered":"http:\/\/buressa.com\/es\/?page_id=1066"},"modified":"2018-12-13T09:28:57","modified_gmt":"2018-12-13T08:28:57","slug":"avis-legal-i-politica-privacitat","status":"publish","type":"page","link":"https:\/\/buressa.com\/ca\/contacte\/avis-legal-i-politica-de-privacitat\/","title":{"rendered":"Av\u00eds Legal i Pol\u00edtica de Privacitat"},"content":{"rendered":"<h1 style=\"text-align: justify;\">Av\u00eds Legal i Pol\u00edtica de Privacitat<\/h1>\n<p style=\"text-align: justify;\">\n<p style=\"text-align: justify;\">\n<h3 style=\"text-align: justify;\">BUR\u00c9S, S.A.U. desitja informar en aquesta p\u00e0gina a tots els usuaris d&#8217;aquest PORTAL d&#8217;INTERNET (els &#8220;Usuaris&#8221; i el &#8220;Portal&#8221;) de la seva Pol\u00edtica en mat\u00e8ria de protecci\u00f3 de dades.<\/h3>\n<p style=\"text-align: justify;\">\n<p style=\"text-align: justify;\">BUR\u00c9S, S.A.U. es reserva el dret a actualitzar peri\u00f2dicament la present Pol\u00edtica de Protecci\u00f3 de Dades per a adaptar-la a les novetats legislatives, jurisprudencials o decisions de l&#8217;Ag\u00e8ncia espanyola de Protecci\u00f3 de Dades que es vagin produint. Per aix\u00f2, BUR\u00c9S, S.A.U. convida als Usuaris que consultin peri\u00f2dicament tant aquesta Pol\u00edtica de Protecci\u00f3 de Dades com el Condicions Generals &#8211; Av\u00eds Legal.<\/p>\n<p style=\"text-align: justify;\">\n<p style=\"text-align: justify;\">\n<ol style=\"text-align: justify;\">\n<li>\n<h4>Tractament de Dades Personals<\/h4>\n<\/li>\n<\/ol>\n<p style=\"text-align: justify;\">En algunes p\u00e0gines del Portal, se sol\u00b7liciten dades personals als usuaris, com ara el seu nom i cognoms, la seva adre\u00e7a de correu electr\u00f2nic, el seu n\u00famero de tel\u00e8fon etc. (Les &#8220;Dades Personals&#8221;) a fi de poder prestar determinats serveis i per poder atendre de la millor manera possible les consultes i dubtes etc. que es tramiten a trav\u00e9s del Portal.<\/p>\n<p style=\"text-align: justify;\">\n<p style=\"text-align: justify;\">BUR\u00c9S, S.A.U., en compliment de la vigent Llei de Protecci\u00f3 de Dades Personals i la resta de legislaci\u00f3 aplicable, desitja manifestar als Usuaris que, pel que fa a BUR\u00c9S, S.A.U. concerneix, no es proporciona cap dada personal que hagi estat facilitat a BUR\u00c9S, S.A.U. mitjan\u00e7ant el Portal a cap tercer, llevat que hi hagi autoritzaci\u00f3 dels Usuaris o que en el formulari de recollida de les Dades Personals s&#8217;adverteixi una altra cosa.<\/p>\n<p style=\"text-align: justify;\">\n<p style=\"text-align: justify;\">Les Dades Personals recollides seran incorporades als corresponents fitxers titularitat de BUR\u00c9S, SAU, a fi de tramitar les sol\u00b7licituds, peticions i consultes realitzades pels usuaris, aix\u00ed com per ampliar i millorar els serveis i continguts als que els Usuaris accedeixen al Portal .<\/p>\n<p style=\"text-align: justify;\">\n<p style=\"text-align: justify;\">Les Dades Personals recollides per BUR\u00c9S, S.A.U. podran servir, addicionalment, per a l&#8217;enviament per mitjans tradicionals o electr\u00f2nics d&#8217;actualitzacions i \/ o informacions de car\u00e0cter t\u00e8cnic o comercial sobre els serveis o continguts oferts per BUR\u00c9S, S.A.U. a trav\u00e9s del Portal o per altres mitjans, actualment o en el futur. Amb aquesta finalitat s&#8217;inclou en els formularis de recollida de dades personals una casella, clarament identificada, que permetr\u00e0 a l&#8217;Usuari optar per excloure la possibilitat de rebre futurs enviaments t\u00e8cnics o comercials de BUR\u00c9S, S.A.U. o qualsevol societat del Grup BUR\u00c9S, sense la complementaci\u00f3 no ser\u00e0 possible demanar les dades de car\u00e0cter personal de l&#8217;Usuari.<\/p>\n<p style=\"text-align: justify;\">\n<p style=\"text-align: justify;\">Els Usuaris podran, fins que exerceixin el seu dret a la cancel\u00b7laci\u00f3, exercitar els drets d&#8217;acc\u00e9s a les seves dades personals, rectificar les dades inexactes o sol\u00b7licitar la seva supressi\u00f3 quan les dades ja no siguin necessari. Per a aix\u00f2, hauran de contactar amb BUR\u00c9S, S.A.U. en l&#8217;apartat d&#8217;Informaci\u00f3 General incl\u00f2s m\u00e9s baix, en els terminis legalment establerts per a aix\u00f2.<\/p>\n<p style=\"text-align: justify;\">\n<p style=\"text-align: justify;\">\n<ol style=\"text-align: justify;\" start=\"2\">\n<li>\n<h4>Mesures de seguretat<\/h4>\n<\/li>\n<\/ol>\n<p style=\"text-align: justify;\">BUR\u00c9S, S.A.U. en el tractament de les Dades Personals procura els nivells de seguretat necessaris per assegurar la confidencialitat d&#8217;aquestes dades personals. No obstant aix\u00f2, l&#8217;Usuari ha de ser conscient que els nivells de seguretat a Internet, per les pr\u00f2pies caracter\u00edstiques de la xarxa, no s\u00f3n del tot fiables.<\/p>\n<p style=\"text-align: justify;\">\n<p style=\"text-align: justify;\">\n<ol style=\"text-align: justify;\" start=\"3\">\n<li>\n<h4>Utilitzaci\u00f3 de Cookies<\/h4>\n<\/li>\n<\/ol>\n<p style=\"text-align: justify;\">BUR\u00c9S, S.A.U. pot eventualment utilitzar Cookies quan un Usuari navega pel Portal de BUR\u00c9S, S.A.U. A trav\u00e9s de les Cookies, resulta possible que el Portal de BUR\u00c9S, S.A.U. reconegui als Usuaris despr\u00e9s que aquests hagin visitat per primera vegada el Portal, sense necessitat de configurar determinades opcions de visualitzaci\u00f3 o t\u00e8cniques del Portal cada vegada que el visitin. Les Cookies s&#8217;associen \u00fanicament amb un Usuari an\u00f2nim i el seu ordinador, i no proporcionen per si el nom i cognoms de l&#8217;Usuari.<\/p>\n<p style=\"text-align: justify;\">\n<p style=\"text-align: justify;\">Les Cookies utilitzades no poden llegir dades del seu disc dur ni llegir galetes creades per altres prove\u00efdors o p\u00e0gines d&#8217;Internet.<\/p>\n<p style=\"text-align: justify;\">\n<p style=\"text-align: justify;\">L&#8217;Usuari t\u00e9 la possibilitat de configurar el seu navegador per ser avisat en pantalla de la recepci\u00f3 de Cookies i per impedir la instal\u00b7laci\u00f3 de Cookies al seu disc dur. Si us plau, consulti les instruccions i manuals del seu navegador per ampliar aquesta informaci\u00f3.<\/p>\n<p style=\"text-align: justify;\">\n<p style=\"text-align: justify;\">\n<ol style=\"text-align: justify;\" start=\"4\">\n<li>\n<h4>Direccions IP<\/h4>\n<\/li>\n<\/ol>\n<p style=\"text-align: justify;\">El proc\u00e9s de navegaci\u00f3 dels Usuaris al Portal, igual que en qualsevol altre lloc web, portal o p\u00e0gina web, pot eventualment proporcionar inform\u00e0ticament al Portal de BUR\u00c9S, S.A.U. l&#8217;adre\u00e7a IP que en aquella sessi\u00f3 li ha estat assignada pel seu prove\u00efdor d&#8217;acc\u00e9s a Internet. BUR\u00c9S, S.A.U. no conserva l&#8217;adre\u00e7a IP d&#8217;una connexi\u00f3 a una altra, ni associa ni li \u00e9s possible t\u00e8cnicament associar, aquesta identitat electr\u00f2nica amb cap Usuari determinat.<\/p>\n<p style=\"text-align: justify;\">\n<p style=\"text-align: justify;\">\n<ol style=\"text-align: justify;\" start=\"5\">\n<li>\n<h4>Enlla\u00e7os a altres p\u00e0gines web o Portals<\/h4>\n<\/li>\n<\/ol>\n<p style=\"text-align: justify;\">Aquest Portal cont\u00e9 enlla\u00e7os amb altres p\u00e0gines o sites web. BUR\u00c9S, S.A.U. no es responsabilitza de les pr\u00e0ctiques de privacitat \/ protecci\u00f3 de dades personals o del contingut d&#8217;aquestes p\u00e0gines web. Si t\u00e9 alguna pregunta sobre la privacitat d&#8217;aquestes p\u00e0gines web, visita-les directament i comprovi els seus avisos legals i pol\u00edtiques de privacitat.<\/p>\n<p style=\"text-align: justify;\">\n<p style=\"text-align: justify;\">\n<ol style=\"text-align: justify;\" start=\"6\">\n<li>\n<h4>Informaci\u00f3 General<\/h4>\n<\/li>\n<\/ol>\n<p style=\"text-align: justify;\">El present Portal, \u00e9s propietat i pertany a BUR\u00c9S, S.A.U., amb domicili a SANT BOI DE LLOBREGAT. Apartat de Correus 174. Cam\u00ed de les R\u00e0foles, s \/ n. 08830, Barcelona (Espanya), degudament inscrita al Registre Mercantil de Barcelona al Tom 4740, Llibre 4.061, Secci\u00f3 2\u00aa, Foli 152, Full 51.843, i N.I.F. \u00c9S A08705568.<\/p>\n<p style=\"text-align: justify;\">\n<p style=\"text-align: justify;\">Si us plau, si t\u00e9 qualsevol dubte, pregunta o consulta, no dubteu a dirigir-se per correu ordinari a l&#8217;adre\u00e7a expressada en l&#8217;apartat anterior, Direcci\u00f3 d&#8217;Assessoria Jur\u00eddica o mitjan\u00e7ant correu electr\u00f2nic a l&#8217;adre\u00e7a de bures@buressa.es<\/p>\n<p style=\"text-align: justify;\">\n<p style=\"text-align: justify;\">\n<p style=\"text-align: justify;\">Darrera versi\u00f3 de la present Pol\u00edtica de Protecci\u00f3 de Dades:<\/p>\n<p style=\"text-align: justify;\">\u00a9 Copyright 2018 BUR\u00c9S, S.A.U. Prohibida la seva reproducci\u00f3 total o parcial.<\/p>\n<p style=\"text-align: justify;\">Reservats tots els drets.<\/p>","protected":false},"excerpt":{"rendered":"<p>Av\u00eds Legal i Pol\u00edtica de Privacitat BUR\u00c9S, S.A.U. desitja informar en aquesta p\u00e0gina a tots els usuaris d&#8217;aquest PORTAL d&#8217;INTERNET (els &#8220;Usuaris&#8221; i el &#8220;Portal&#8221;) de la seva Pol\u00edtica en mat\u00e8ria de protecci\u00f3 de dades. BUR\u00c9S, S.A.U. es reserva el dret a actualitzar peri\u00f2dicament la present Pol\u00edtica de Protecci\u00f3 de Dades per a adaptar-la a&#8230;<\/p>\n","protected":false},"author":4,"featured_media":0,"parent":119,"menu_order":0,"comment_status":"closed","ping_status":"closed","template":"","meta":[],"yoast_head":"<!-- This site is optimized with the Yoast SEO plugin v19.10 - https:\/\/yoast.com\/wordpress\/plugins\/seo\/ -->\n<title>Av\u00eds Legal i Pol\u00edtica de Privacitat - Bur\u00e9s S.A.U.<\/title>\n<meta name=\"robots\" content=\"index, follow, max-snippet:-1, max-image-preview:large, max-video-preview:-1\" \/>\n<link rel=\"canonical\" href=\"https:\/\/buressa.com\/es\/contacto\/aviso-legal-y-politica-de-privacidad\/\" \/>\n<meta property=\"og:locale\" content=\"ca_ES\" \/>\n<meta property=\"og:type\" content=\"article\" \/>\n<meta property=\"og:title\" content=\"[:es]Aviso Legal y Pol\u00edtica de Privacidad[:ca]Av\u00eds Legal i Pol\u00edtica de Privacitat[:] - Bur\u00e9s S.A.U.\" \/>\n<meta property=\"og:description\" content=\"Av\u00eds Legal i Pol\u00edtica de Privacitat BUR\u00c9S, S.A.U. desitja informar en aquesta p\u00e0gina a tots els usuaris d&#8217;aquest PORTAL d&#8217;INTERNET (els &#8220;Usuaris&#8221; i el &#8220;Portal&#8221;) de la seva Pol\u00edtica en mat\u00e8ria de protecci\u00f3 de dades. BUR\u00c9S, S.A.U. es reserva el dret a actualitzar peri\u00f2dicament la present Pol\u00edtica de Protecci\u00f3 de Dades per a adaptar-la a...\" \/>\n<meta property=\"og:url\" content=\"https:\/\/buressa.com\/es\/contacto\/aviso-legal-y-politica-de-privacidad\/\" \/>\n<meta property=\"og:site_name\" content=\"Bur\u00e9s S.A.U.\" \/>\n<meta property=\"article:modified_time\" content=\"2018-12-13T08:28:57+00:00\" \/>\n<meta name=\"twitter:card\" content=\"summary_large_image\" \/>\n<meta name=\"twitter:label1\" content=\"Temps estimat de lectura\" \/>\n\t<meta name=\"twitter:data1\" content=\"10 minuts\" \/>\n<script type=\"application\/ld+json\" class=\"yoast-schema-graph\">{\"@context\":\"https:\/\/schema.org\",\"@graph\":[{\"@type\":\"WebPage\",\"@id\":\"https:\/\/buressa.com\/es\/contacto\/aviso-legal-y-politica-de-privacidad\/\",\"url\":\"https:\/\/buressa.com\/es\/contacto\/aviso-legal-y-politica-de-privacidad\/\",\"name\":\"[:es]Aviso Legal y Pol\u00edtica de Privacidad[:ca]Av\u00eds Legal i Pol\u00edtica de Privacitat[:] - Bur\u00e9s S.A.U.\",\"isPartOf\":{\"@id\":\"https:\/\/buressa.com\/en\/#website\"},\"datePublished\":\"2018-12-13T08:10:13+00:00\",\"dateModified\":\"2018-12-13T08:28:57+00:00\",\"breadcrumb\":{\"@id\":\"https:\/\/buressa.com\/es\/contacto\/aviso-legal-y-politica-de-privacidad\/#breadcrumb\"},\"inLanguage\":\"ca\",\"potentialAction\":[{\"@type\":\"ReadAction\",\"target\":[\"https:\/\/buressa.com\/es\/contacto\/aviso-legal-y-politica-de-privacidad\/\"]}]},{\"@type\":\"BreadcrumbList\",\"@id\":\"https:\/\/buressa.com\/es\/contacto\/aviso-legal-y-politica-de-privacidad\/#breadcrumb\",\"itemListElement\":[{\"@type\":\"ListItem\",\"position\":1,\"name\":\"Portada\",\"item\":\"https:\/\/buressa.com\/en\/\"},{\"@type\":\"ListItem\",\"position\":2,\"name\":\"Contacto\",\"item\":\"https:\/\/buressa.com\/es\/contacto\/\"},{\"@type\":\"ListItem\",\"position\":3,\"name\":\"Aviso Legal y Pol\u00edtica de Privacidad\"}]},{\"@type\":\"WebSite\",\"@id\":\"https:\/\/buressa.com\/en\/#website\",\"url\":\"https:\/\/buressa.com\/en\/\",\"name\":\"Bur\u00e9s S.A.U.\",\"description\":\"Bur\u00e9s, la buena tierra. Fabricantes de tierras y sustratos para jardiner\u00eda.\",\"publisher\":{\"@id\":\"https:\/\/buressa.com\/en\/#organization\"},\"potentialAction\":[{\"@type\":\"SearchAction\",\"target\":{\"@type\":\"EntryPoint\",\"urlTemplate\":\"https:\/\/buressa.com\/en\/?s={search_term_string}\"},\"query-input\":\"required name=search_term_string\"}],\"inLanguage\":\"ca\"},{\"@type\":\"Organization\",\"@id\":\"https:\/\/buressa.com\/en\/#organization\",\"name\":\"BUR\u00c9S, S.A.U.\",\"url\":\"https:\/\/buressa.com\/en\/\",\"logo\":{\"@type\":\"ImageObject\",\"inLanguage\":\"ca\",\"@id\":\"https:\/\/buressa.com\/en\/#\/schema\/logo\/image\/\",\"url\":\"https:\/\/buressa.com\/wp-content\/uploads\/2015\/06\/bures-sense-marge-marro_ok.png\",\"contentUrl\":\"https:\/\/buressa.com\/wp-content\/uploads\/2015\/06\/bures-sense-marge-marro_ok.png\",\"width\":141,\"height\":102,\"caption\":\"BUR\u00c9S, S.A.U.\"},\"image\":{\"@id\":\"https:\/\/buressa.com\/en\/#\/schema\/logo\/image\/\"}}]}<\/script>\n<!-- \/ Yoast SEO plugin. -->","yoast_head_json":{"title":"[:es]Aviso Legal y Pol\u00edtica de Privacidad[:ca]Av\u00eds Legal i Pol\u00edtica de Privacitat[:] - Bur\u00e9s S.A.U.","robots":{"index":"index","follow":"follow","max-snippet":"max-snippet:-1","max-image-preview":"max-image-preview:large","max-video-preview":"max-video-preview:-1"},"canonical":"https:\/\/buressa.com\/es\/contacto\/aviso-legal-y-politica-de-privacidad\/","og_locale":"ca_ES","og_type":"article","og_title":"[:es]Aviso Legal y Pol\u00edtica de Privacidad[:ca]Av\u00eds Legal i Pol\u00edtica de Privacitat[:] - Bur\u00e9s S.A.U.","og_description":"Av\u00eds Legal i Pol\u00edtica de Privacitat BUR\u00c9S, S.A.U. desitja informar en aquesta p\u00e0gina a tots els usuaris d&#8217;aquest PORTAL d&#8217;INTERNET (els &#8220;Usuaris&#8221; i el &#8220;Portal&#8221;) de la seva Pol\u00edtica en mat\u00e8ria de protecci\u00f3 de dades. BUR\u00c9S, S.A.U. es reserva el dret a actualitzar peri\u00f2dicament la present Pol\u00edtica de Protecci\u00f3 de Dades per a adaptar-la a...","og_url":"https:\/\/buressa.com\/es\/contacto\/aviso-legal-y-politica-de-privacidad\/","og_site_name":"Bur\u00e9s S.A.U.","article_modified_time":"2018-12-13T08:28:57+00:00","twitter_card":"summary_large_image","twitter_misc":{"Temps estimat de lectura":"10 minuts"},"schema":{"@context":"https:\/\/schema.org","@graph":[{"@type":"WebPage","@id":"https:\/\/buressa.com\/es\/contacto\/aviso-legal-y-politica-de-privacidad\/","url":"https:\/\/buressa.com\/es\/contacto\/aviso-legal-y-politica-de-privacidad\/","name":"[:es]Aviso Legal y Pol\u00edtica de Privacidad[:ca]Av\u00eds Legal i Pol\u00edtica de Privacitat[:] - Bur\u00e9s S.A.U.","isPartOf":{"@id":"https:\/\/buressa.com\/en\/#website"},"datePublished":"2018-12-13T08:10:13+00:00","dateModified":"2018-12-13T08:28:57+00:00","breadcrumb":{"@id":"https:\/\/buressa.com\/es\/contacto\/aviso-legal-y-politica-de-privacidad\/#breadcrumb"},"inLanguage":"ca","potentialAction":[{"@type":"ReadAction","target":["https:\/\/buressa.com\/es\/contacto\/aviso-legal-y-politica-de-privacidad\/"]}]},{"@type":"BreadcrumbList","@id":"https:\/\/buressa.com\/es\/contacto\/aviso-legal-y-politica-de-privacidad\/#breadcrumb","itemListElement":[{"@type":"ListItem","position":1,"name":"Portada","item":"https:\/\/buressa.com\/en\/"},{"@type":"ListItem","position":2,"name":"Contacto","item":"https:\/\/buressa.com\/es\/contacto\/"},{"@type":"ListItem","position":3,"name":"Aviso Legal y Pol\u00edtica de Privacidad"}]},{"@type":"WebSite","@id":"https:\/\/buressa.com\/en\/#website","url":"https:\/\/buressa.com\/en\/","name":"Bur\u00e9s S.A.U.","description":"Bur\u00e9s, la buena tierra. Fabricantes de tierras y sustratos para jardiner\u00eda.","publisher":{"@id":"https:\/\/buressa.com\/en\/#organization"},"potentialAction":[{"@type":"SearchAction","target":{"@type":"EntryPoint","urlTemplate":"https:\/\/buressa.com\/en\/?s={search_term_string}"},"query-input":"required name=search_term_string"}],"inLanguage":"ca"},{"@type":"Organization","@id":"https:\/\/buressa.com\/en\/#organization","name":"BUR\u00c9S, S.A.U.","url":"https:\/\/buressa.com\/en\/","logo":{"@type":"ImageObject","inLanguage":"ca","@id":"https:\/\/buressa.com\/en\/#\/schema\/logo\/image\/","url":"https:\/\/buressa.com\/wp-content\/uploads\/2015\/06\/bures-sense-marge-marro_ok.png","contentUrl":"https:\/\/buressa.com\/wp-content\/uploads\/2015\/06\/bures-sense-marge-marro_ok.png","width":141,"height":102,"caption":"BUR\u00c9S, S.A.U."},"image":{"@id":"https:\/\/buressa.com\/en\/#\/schema\/logo\/image\/"}}]}},"_links":{"self":[{"href":"https:\/\/buressa.com\/ca\/wp-json\/wp\/v2\/pages\/1066"}],"collection":[{"href":"https:\/\/buressa.com\/ca\/wp-json\/wp\/v2\/pages"}],"about":[{"href":"https:\/\/buressa.com\/ca\/wp-json\/wp\/v2\/types\/page"}],"author":[{"embeddable":true,"href":"https:\/\/buressa.com\/ca\/wp-json\/wp\/v2\/users\/4"}],"replies":[{"embeddable":true,"href":"https:\/\/buressa.com\/ca\/wp-json\/wp\/v2\/comments?post=1066"}],"version-history":[{"count":0,"href":"https:\/\/buressa.com\/ca\/wp-json\/wp\/v2\/pages\/1066\/revisions"}],"up":[{"embeddable":true,"href":"https:\/\/buressa.com\/ca\/wp-json\/wp\/v2\/pages\/119"}],"wp:attachment":[{"href":"https:\/\/buressa.com\/ca\/wp-json\/wp\/v2\/media?parent=1066"}],"curies":[{"name":"wp","href":"https:\/\/api.w.org\/{rel}","templated":true}]}}