{"id":107,"date":"2015-07-09T10:42:06","date_gmt":"2015-07-09T10:42:06","guid":{"rendered":"http:\/\/buressa.com\/?page_id=107"},"modified":"2019-10-28T15:26:27","modified_gmt":"2019-10-28T14:26:27","slug":"responsabilidad-social","status":"publish","type":"page","link":"https:\/\/buressa.com\/ca\/empresa\/responsabilitat-social\/","title":{"rendered":"Responsabilitat Social"},"content":{"rendered":"<h1><strong>Responsabilitat Social<\/strong><\/h1>\n<p>A Bur\u00e9s creiem que l&#8217;objectiu fonamental de la nostra activitat \u00e9s obtenir la m\u00e0xima satisfacci\u00f3 del client disposant de productes i serveis que cumpleixin les seves expectatives.<\/p>\n<p>Aix\u00f2 no seria possible sense un equip de professionals altament qualificats i motivats, \u00e9s por aix\u00f2 que apostem per les persones, per el nostre capital hum\u00e0.<\/p>\n<p>El respecte al medi ambient en totes les nostres activitats \u00e9s una constant a la nostra empresa. Aquest fet es tradueix en l&#8217;elaboraci\u00f3 de productes no agressius amb l&#8217;entorn i en la minimitzaci\u00f3 en l&#8217;\u00fas de recursos no renovables durant la producci\u00f3, venda i servei al client.<\/p>\n<p>A Bur\u00e9s som conscients del papel que han de jugar les empreses a la societat. Estem realment conven\u00e7uts de que els \u00fanics negocis veritablement amb \u00e8xit seran aquells que aconsegueixin un balan\u00e7 durader entre els seus propis interessos i els de la societat i l&#8217;entorn.<\/p>\n<p><img decoding=\"async\" loading=\"lazy\" class=\"size-large wp-image-273\" src=\"http:\/\/buressa.com\/wp-content\/uploads\/2015\/06\/foto_portada_071-960x439.jpg\" alt=\"En la naturaleza est\u00e1 el origen de nuestra vocaci\u00f3n y nuestro objetivo final: avanzar hacia una jardiner\u00eda m\u00e1s adaptada al entorno en el que vivimos, m\u00e1s respetuosa con el medio ambiente, con un enfoque claro hacia la calidad del producto y en el servicio al cliente.\" width=\"630\" height=\"288\" srcset=\"https:\/\/buressa.com\/wp-content\/uploads\/2015\/06\/foto_portada_071-960x439.jpg 960w, https:\/\/buressa.com\/wp-content\/uploads\/2015\/06\/foto_portada_071-700x320.jpg 700w, https:\/\/buressa.com\/wp-content\/uploads\/2015\/06\/foto_portada_071-300x137.jpg 300w, https:\/\/buressa.com\/wp-content\/uploads\/2015\/06\/foto_portada_071.jpg 1000w\" sizes=\"(max-width: 630px) 100vw, 630px\" \/><\/p>\n<p>&nbsp;<\/p>\n<h1><\/h1>","protected":false},"excerpt":{"rendered":"<p>Responsabilitat Social A Bur\u00e9s creiem que l&#8217;objectiu fonamental de la nostra activitat \u00e9s obtenir la m\u00e0xima satisfacci\u00f3 del client disposant de productes i serveis que cumpleixin les seves expectatives. Aix\u00f2 no seria possible sense un equip de professionals altament qualificats i motivats, \u00e9s por aix\u00f2 que apostem per les persones, per el nostre capital hum\u00e0&#8230;.<\/p>\n","protected":false},"author":1,"featured_media":0,"parent":97,"menu_order":0,"comment_status":"closed","ping_status":"open","template":"","meta":[],"yoast_head":"<!-- This site is optimized with the Yoast SEO plugin v19.10 - https:\/\/yoast.com\/wordpress\/plugins\/seo\/ -->\n<title>(ES) Bur\u00e9s | Responsabilidad Social<\/title>\n<meta name=\"description\" content=\"(ES) En Bur\u00e9s buscamos la satisfacci\u00f3n de nuestros clientes, por lo que trabajamos d\u00eda a d\u00eda para cumplir sus expectativas. \u00a1Con\u00f3cenos!\" \/>\n<meta name=\"robots\" content=\"index, follow, max-snippet:-1, max-image-preview:large, max-video-preview:-1\" \/>\n<link rel=\"canonical\" href=\"https:\/\/buressa.com\/ca\/empresa\/responsabilitat-social\/\" \/>\n<meta property=\"og:locale\" content=\"ca_ES\" \/>\n<meta property=\"og:type\" content=\"article\" \/>\n<meta property=\"og:title\" content=\"(ES) Bur\u00e9s | Responsabilidad Social\" \/>\n<meta property=\"og:description\" content=\"(ES) En Bur\u00e9s buscamos la satisfacci\u00f3n de nuestros clientes, por lo que trabajamos d\u00eda a d\u00eda para cumplir sus expectativas. \u00a1Con\u00f3cenos!\" \/>\n<meta property=\"og:url\" content=\"https:\/\/buressa.com\/ca\/empresa\/responsabilitat-social\/\" \/>\n<meta property=\"og:site_name\" content=\"Bur\u00e9s S.A.U.\" \/>\n<meta property=\"article:modified_time\" content=\"2019-10-28T14:26:27+00:00\" \/>\n<meta property=\"og:image\" content=\"http:\/\/buressa.com\/wp-content\/uploads\/2015\/06\/foto_portada_071-960x439.jpg\" \/>\n<meta name=\"twitter:card\" content=\"summary_large_image\" \/>\n<meta name=\"twitter:label1\" content=\"Temps estimat de lectura\" \/>\n\t<meta name=\"twitter:data1\" content=\"2 minuts\" \/>\n<script type=\"application\/ld+json\" class=\"yoast-schema-graph\">{\"@context\":\"https:\/\/schema.org\",\"@graph\":[{\"@type\":\"WebPage\",\"@id\":\"https:\/\/buressa.com\/ca\/empresa\/responsabilitat-social\/\",\"url\":\"https:\/\/buressa.com\/ca\/empresa\/responsabilitat-social\/\",\"name\":\"(ES) Bur\u00e9s | Responsabilidad Social\",\"isPartOf\":{\"@id\":\"https:\/\/buressa.com\/en\/#website\"},\"datePublished\":\"2015-07-09T10:42:06+00:00\",\"dateModified\":\"2019-10-28T14:26:27+00:00\",\"description\":\"(ES) En Bur\u00e9s buscamos la satisfacci\u00f3n de nuestros clientes, por lo que trabajamos d\u00eda a d\u00eda para cumplir sus expectativas. \u00a1Con\u00f3cenos!\",\"breadcrumb\":{\"@id\":\"https:\/\/buressa.com\/ca\/empresa\/responsabilitat-social\/#breadcrumb\"},\"inLanguage\":\"ca\",\"potentialAction\":[{\"@type\":\"ReadAction\",\"target\":[\"https:\/\/buressa.com\/ca\/empresa\/responsabilitat-social\/\"]}]},{\"@type\":\"BreadcrumbList\",\"@id\":\"https:\/\/buressa.com\/ca\/empresa\/responsabilitat-social\/#breadcrumb\",\"itemListElement\":[{\"@type\":\"ListItem\",\"position\":1,\"name\":\"Portada\",\"item\":\"https:\/\/buressa.com\/en\/\"},{\"@type\":\"ListItem\",\"position\":2,\"name\":\"Empresa\",\"item\":\"https:\/\/buressa.com\/es\/empresa\/\"},{\"@type\":\"ListItem\",\"position\":3,\"name\":\"Responsabilitat Social\"}]},{\"@type\":\"WebSite\",\"@id\":\"https:\/\/buressa.com\/en\/#website\",\"url\":\"https:\/\/buressa.com\/en\/\",\"name\":\"Bur\u00e9s S.A.U.\",\"description\":\"Bur\u00e9s, la buena tierra. Fabricantes de tierras y sustratos para jardiner\u00eda.\",\"publisher\":{\"@id\":\"https:\/\/buressa.com\/en\/#organization\"},\"potentialAction\":[{\"@type\":\"SearchAction\",\"target\":{\"@type\":\"EntryPoint\",\"urlTemplate\":\"https:\/\/buressa.com\/en\/?s={search_term_string}\"},\"query-input\":\"required name=search_term_string\"}],\"inLanguage\":\"ca\"},{\"@type\":\"Organization\",\"@id\":\"https:\/\/buressa.com\/en\/#organization\",\"name\":\"BUR\u00c9S, S.A.U.\",\"url\":\"https:\/\/buressa.com\/en\/\",\"logo\":{\"@type\":\"ImageObject\",\"inLanguage\":\"ca\",\"@id\":\"https:\/\/buressa.com\/en\/#\/schema\/logo\/image\/\",\"url\":\"https:\/\/buressa.com\/wp-content\/uploads\/2015\/06\/bures-sense-marge-marro_ok.png\",\"contentUrl\":\"https:\/\/buressa.com\/wp-content\/uploads\/2015\/06\/bures-sense-marge-marro_ok.png\",\"width\":141,\"height\":102,\"caption\":\"BUR\u00c9S, S.A.U.\"},\"image\":{\"@id\":\"https:\/\/buressa.com\/en\/#\/schema\/logo\/image\/\"}}]}<\/script>\n<!-- \/ Yoast SEO plugin. -->","yoast_head_json":{"title":"(ES) Bur\u00e9s | Responsabilidad Social","description":"(ES) En Bur\u00e9s buscamos la satisfacci\u00f3n de nuestros clientes, por lo que trabajamos d\u00eda a d\u00eda para cumplir sus expectativas. \u00a1Con\u00f3cenos!","robots":{"index":"index","follow":"follow","max-snippet":"max-snippet:-1","max-image-preview":"max-image-preview:large","max-video-preview":"max-video-preview:-1"},"canonical":"https:\/\/buressa.com\/ca\/empresa\/responsabilitat-social\/","og_locale":"ca_ES","og_type":"article","og_title":"(ES) Bur\u00e9s | Responsabilidad Social","og_description":"(ES) En Bur\u00e9s buscamos la satisfacci\u00f3n de nuestros clientes, por lo que trabajamos d\u00eda a d\u00eda para cumplir sus expectativas. \u00a1Con\u00f3cenos!","og_url":"https:\/\/buressa.com\/ca\/empresa\/responsabilitat-social\/","og_site_name":"Bur\u00e9s S.A.U.","article_modified_time":"2019-10-28T14:26:27+00:00","og_image":[{"url":"http:\/\/buressa.com\/wp-content\/uploads\/2015\/06\/foto_portada_071-960x439.jpg"}],"twitter_card":"summary_large_image","twitter_misc":{"Temps estimat de lectura":"2 minuts"},"schema":{"@context":"https:\/\/schema.org","@graph":[{"@type":"WebPage","@id":"https:\/\/buressa.com\/ca\/empresa\/responsabilitat-social\/","url":"https:\/\/buressa.com\/ca\/empresa\/responsabilitat-social\/","name":"(ES) Bur\u00e9s | Responsabilidad Social","isPartOf":{"@id":"https:\/\/buressa.com\/en\/#website"},"datePublished":"2015-07-09T10:42:06+00:00","dateModified":"2019-10-28T14:26:27+00:00","description":"(ES) En Bur\u00e9s buscamos la satisfacci\u00f3n de nuestros clientes, por lo que trabajamos d\u00eda a d\u00eda para cumplir sus expectativas. \u00a1Con\u00f3cenos!","breadcrumb":{"@id":"https:\/\/buressa.com\/ca\/empresa\/responsabilitat-social\/#breadcrumb"},"inLanguage":"ca","potentialAction":[{"@type":"ReadAction","target":["https:\/\/buressa.com\/ca\/empresa\/responsabilitat-social\/"]}]},{"@type":"BreadcrumbList","@id":"https:\/\/buressa.com\/ca\/empresa\/responsabilitat-social\/#breadcrumb","itemListElement":[{"@type":"ListItem","position":1,"name":"Portada","item":"https:\/\/buressa.com\/en\/"},{"@type":"ListItem","position":2,"name":"Empresa","item":"https:\/\/buressa.com\/es\/empresa\/"},{"@type":"ListItem","position":3,"name":"Responsabilitat Social"}]},{"@type":"WebSite","@id":"https:\/\/buressa.com\/en\/#website","url":"https:\/\/buressa.com\/en\/","name":"Bur\u00e9s S.A.U.","description":"Bur\u00e9s, la buena tierra. Fabricantes de tierras y sustratos para jardiner\u00eda.","publisher":{"@id":"https:\/\/buressa.com\/en\/#organization"},"potentialAction":[{"@type":"SearchAction","target":{"@type":"EntryPoint","urlTemplate":"https:\/\/buressa.com\/en\/?s={search_term_string}"},"query-input":"required name=search_term_string"}],"inLanguage":"ca"},{"@type":"Organization","@id":"https:\/\/buressa.com\/en\/#organization","name":"BUR\u00c9S, S.A.U.","url":"https:\/\/buressa.com\/en\/","logo":{"@type":"ImageObject","inLanguage":"ca","@id":"https:\/\/buressa.com\/en\/#\/schema\/logo\/image\/","url":"https:\/\/buressa.com\/wp-content\/uploads\/2015\/06\/bures-sense-marge-marro_ok.png","contentUrl":"https:\/\/buressa.com\/wp-content\/uploads\/2015\/06\/bures-sense-marge-marro_ok.png","width":141,"height":102,"caption":"BUR\u00c9S, S.A.U."},"image":{"@id":"https:\/\/buressa.com\/en\/#\/schema\/logo\/image\/"}}]}},"_links":{"self":[{"href":"https:\/\/buressa.com\/ca\/wp-json\/wp\/v2\/pages\/107"}],"collection":[{"href":"https:\/\/buressa.com\/ca\/wp-json\/wp\/v2\/pages"}],"about":[{"href":"https:\/\/buressa.com\/ca\/wp-json\/wp\/v2\/types\/page"}],"author":[{"embeddable":true,"href":"https:\/\/buressa.com\/ca\/wp-json\/wp\/v2\/users\/1"}],"replies":[{"embeddable":true,"href":"https:\/\/buressa.com\/ca\/wp-json\/wp\/v2\/comments?post=107"}],"version-history":[{"count":0,"href":"https:\/\/buressa.com\/ca\/wp-json\/wp\/v2\/pages\/107\/revisions"}],"up":[{"embeddable":true,"href":"https:\/\/buressa.com\/ca\/wp-json\/wp\/v2\/pages\/97"}],"wp:attachment":[{"href":"https:\/\/buressa.com\/ca\/wp-json\/wp\/v2\/media?parent=107"}],"curies":[{"name":"wp","href":"https:\/\/api.w.org\/{rel}","templated":true}]}}