{"id":119,"date":"2015-07-09T10:57:22","date_gmt":"2015-07-09T10:57:22","guid":{"rendered":"http:\/\/buressa.com\/?page_id=119"},"modified":"2025-05-27T10:48:46","modified_gmt":"2025-05-27T08:48:46","slug":"contacto","status":"publish","type":"page","link":"https:\/\/buressa.com\/ca\/contacte\/","title":{"rendered":"Contacte"},"content":{"rendered":"<h1>Contacte<\/h1>\n<div class=\"hr hr-wide gap-big\"><\/div>\n<div class=\"one-third\">\n<p>Bur\u00e9s S.A.U.<\/p>\n<p><strong>Tel:<\/strong> +34 93 640 16 08<\/p>\n<p><strong>E-mail:\u00a0<\/strong>bures@buressa.com<\/p>\n<p><strong>Adre\u00e7a:<\/strong> Cam\u00ed de les R\u00e0foles, s\/n . 08830 Sant Boi de LLobregat. Barcelona<\/p>\n<\/div>\n<div class=\"two-thirds\" style=\"color: #0000ff; text-align: left;\"><div class=\"map\"><iframe loading=\"lazy\" src=\"https:\/\/www.google.com\/maps\/embed?pb=!1m18!1m12!1m3!1d11904.20153581915!2d2.044971506467612!3d41.314292111749374!2m3!1f0!2f0!3f0!3m2!1i1024!2i768!4f13.1!3m3!1m2!1s0x0%3A0x0!2zNDHCsDE4JzUwLjciTiAywrAwMycxMi4wIkU!5e0!3m2!1ses!2ses!4v1437375815674\" width=\"425\" height=\"365\" frameborder=\"0\" allowfullscreen=\"allowfullscreen\"><\/iframe><\/div><\/div>\n<div class=\"hr hr-narrow gap-small\"><\/div>\n<div class=\"gap\"><\/div>\n<h2>Formulari de contacte<\/h2>\n<p>Si vol realitzar qualsevol consulta o demanar m\u00e9s informaci\u00f3, ompli el seg\u00fcent \u00a0formulari, i li donarem resposta el m\u00e9s r\u00e0pit possible.<\/p>\n<div role=\"form\" class=\"wpcf7\" id=\"wpcf7-f126-o2\" lang=\"es-ES\" dir=\"ltr\">\n<div class=\"screen-reader-response\"><p role=\"status\" aria-live=\"polite\" aria-atomic=\"true\"><\/p> <ul><\/ul><\/div>\n<form action=\"\/ca\/wp-json\/wp\/v2\/pages\/119#wpcf7-f126-o2\" method=\"post\" class=\"wpcf7-form init\" novalidate=\"novalidate\" data-status=\"init\">\n<div style=\"display: none;\">\n<input type=\"hidden\" name=\"_wpcf7\" value=\"126\" \/>\n<input type=\"hidden\" name=\"_wpcf7_version\" value=\"5.6.4\" \/>\n<input type=\"hidden\" name=\"_wpcf7_locale\" value=\"es_ES\" \/>\n<input type=\"hidden\" name=\"_wpcf7_unit_tag\" value=\"wpcf7-f126-o2\" \/>\n<input type=\"hidden\" name=\"_wpcf7_container_post\" value=\"0\" \/>\n<input type=\"hidden\" name=\"_wpcf7_posted_data_hash\" value=\"\" \/>\n<\/div>\n<p><label> Nom<br \/>\n<span class=\"wpcf7-form-control-wrap\" data-name=\"your-name\"><input type=\"text\" name=\"your-name\" value=\"\" size=\"40\" class=\"wpcf7-form-control wpcf7-text\" aria-invalid=\"false\" \/><\/span> <\/label><\/p>\n<p><label> Email<br \/>\n<span class=\"wpcf7-form-control-wrap\" data-name=\"your-email\"><input type=\"email\" name=\"your-email\" value=\"\" size=\"40\" class=\"wpcf7-form-control wpcf7-text wpcf7-email wpcf7-validates-as-email\" aria-invalid=\"false\" \/><\/span> <\/label><\/p>\n<p><label> Tel\u00e8fon<br \/>\n<span class=\"wpcf7-form-control-wrap\" data-name=\"your-phone\"><input type=\"text\" name=\"your-phone\" value=\"\" size=\"40\" class=\"wpcf7-form-control wpcf7-text\" aria-invalid=\"false\" \/><\/span> <\/label><\/p>\n<p><label> Empresa<br \/>\n<span class=\"wpcf7-form-control-wrap\" data-name=\"your-company\"><input type=\"text\" name=\"your-company\" value=\"\" size=\"40\" class=\"wpcf7-form-control wpcf7-text\" aria-invalid=\"false\" \/><\/span> <\/label><\/p>\n<p><label> C\u00e0rrec<br \/>\n<span class=\"wpcf7-form-control-wrap\" data-name=\"your-position\"><input type=\"text\" name=\"your-position\" value=\"\" size=\"40\" class=\"wpcf7-form-control wpcf7-text\" aria-invalid=\"false\" \/><\/span> <\/label><\/p>\n<p class=\"aiowps-captcha hide-when-displaying-tfa-input\"><label for=\"aiowps-captcha-answer-69d235da29937\">Please enter an answer in digits:<\/label>\n<div class=\"aiowps-captcha-equation hide-when-displaying-tfa-input\"><strong>4 &#215; four = <input type=\"hidden\" name=\"aiowps-captcha-string-info\" class=\"aiowps-captcha-string-info\" value=\"xf3chijeag\" \/><input type=\"hidden\" name=\"aiowps-captcha-temp-string\" class=\"aiowps-captcha-temp-string\" value=\"1775384026\" \/><input type=\"text\" size=\"2\" id=\"aiowps-captcha-answer-69d235da29937\" class=\"aiowps-captcha-answer\" name=\"aiowps-captcha-answer\" value=\"\" autocomplete=\"off\" \/><\/strong><\/div>\n<p><span class='wpcf7-form-control-wrap' data-name='aiowps-captcha'><\/span><input type=\"submit\" value=\"Enviar\" class=\"wpcf7-form-control has-spinner wpcf7-submit\" \/><\/p>\n<p style=\"display: none !important;\"><label>&#916;<textarea name=\"_wpcf7_ak_hp_textarea\" cols=\"45\" rows=\"8\" maxlength=\"100\"><\/textarea><\/label><input type=\"hidden\" id=\"ak_js_2\" name=\"_wpcf7_ak_js\" value=\"208\"\/><script>document.getElementById( \"ak_js_2\" ).setAttribute( \"value\", ( new Date() ).getTime() );<\/script><\/p><input type='hidden' class='wpcf7-pum' value='{\"closepopup\":false,\"closedelay\":0,\"openpopup\":false,\"openpopup_id\":0}' \/><div class=\"wpcf7-response-output\" aria-hidden=\"true\"><\/div><\/form><\/div>\n<div class=\"contact_team\">\n<h2>Equip comercial<\/h2>\n<p>L&#8217;equip comercial de Bur\u00e9s S.A.U. est\u00e0 format per personal t\u00e8cnic altament qualificat en l&#8217;\u00e0mbit de la jardineria, l&#8217;horticultura, el viverisme i el medi ambient. Els nostres comercials tenen una amplia i reconeguda experi\u00e8ncia professional i li donaran tot tipus d&#8217;assessorament i el recolzament necessari per a que vost\u00e8 tregui el m\u00e0xim profit dels nostres productes.<\/p>\n<\/div>\n<h3><span style=\"font-size: 14px;\">JARDINERIA\u00a0<\/span><\/h3>\n<p>Josep Montagut &#8211; Tel. 629 306 775 &#8211; comercial3@buressa.com<\/p>\n<p>Lloren\u00e7 Berenguer &#8211; Tel. 661 886 514 &#8211; ag@burespro.com (Zona Girona)<\/p>\n<p>Juan Gonz\u00e1lez Bonet\u00a0 &#8211; Tel. 672 650 646 &#8211; ciald@buressa.com<\/p>\n<h3><\/h3>\n<h3><span style=\"font-size: 14px;\"><strong>ESTRUCTURES VEGETALS\u00a0 (<\/strong><\/span><span style=\"font-size: 14px;\"><strong>Cobertes Verdes &#8211; Jardins Verticals)<\/strong><\/span><\/h3>\n<p>Alberto del Hoyo &#8211; Tel. 699 42 86 54 &#8211; tcc@buressa.com<\/p>\n<h3><\/h3>\n<h3><span style=\"font-size: 14px;\">PRODUCCI\u00d3 HORT\u00cdCOLA I ORNAMENTAL\u00a0 \u00a0 \u00a0 \u00a0 \u00a0 \u00a0 \u00a0 \u00a0 \u00a0 \u00a0 \u00a0 \u00a0 \u00a0 \u00a0 \u00a0 \u00a0 \u00a0 \u00a0 \u00a0 \u00a0 \u00a0 \u00a0 \u00a0<\/span><\/h3>\n<p>Jordi Calaf &#8211; Tel. 639 366 892 &#8211; jordi@burespro.com<span style=\"color: #333333;\">\u00a0<\/span><\/p>\n<h3><\/h3>\n<h3><strong><span style=\"font-size: 14px;\">GESTI\u00d3 AGR\u00cdCOLA<\/span><\/strong><\/h3>\n<p>Noem\u00ed Le\u00f3n &#8211; Tel. 608 289 360 &#8211; vr@buressa.com","protected":false},"excerpt":{"rendered":"<p>Contacte Bur\u00e9s S.A.U. Tel: +34 93 640 16 08 E-mail:\u00a0bures@buressa.com Adre\u00e7a: Cam\u00ed de les R\u00e0foles, s\/n . 08830 Sant Boi de LLobregat. Barcelona Formulari de contacte Si vol realitzar qualsevol consulta o demanar m\u00e9s informaci\u00f3, ompli el seg\u00fcent \u00a0formulari, i li donarem resposta el m\u00e9s r\u00e0pit possible. Equip comercial L&#8217;equip comercial de Bur\u00e9s S.A.U. est\u00e0&#8230;<\/p>\n","protected":false},"author":1,"featured_media":0,"parent":0,"menu_order":0,"comment_status":"closed","ping_status":"open","template":"","meta":[],"yoast_head":"<!-- This site is optimized with the Yoast SEO plugin v19.10 - https:\/\/yoast.com\/wordpress\/plugins\/seo\/ -->\n<title>Contacte - Bur\u00e9s S.A.U.<\/title>\n<meta name=\"robots\" content=\"index, follow, max-snippet:-1, max-image-preview:large, max-video-preview:-1\" \/>\n<link rel=\"canonical\" href=\"https:\/\/buressa.com\/es\/contacto\/\" \/>\n<meta property=\"og:locale\" content=\"ca_ES\" \/>\n<meta property=\"og:type\" content=\"article\" \/>\n<meta property=\"og:title\" content=\"[:es]Contacto[:ca]Contacte[:] - Bur\u00e9s S.A.U.\" \/>\n<meta property=\"og:description\" content=\"Contacte Bur\u00e9s S.A.U. Tel: +34 93 640 16 08 E-mail:\u00a0bures@buressa.com Adre\u00e7a: Cam\u00ed de les R\u00e0foles, s\/n . 08830 Sant Boi de LLobregat. Barcelona Formulari de contacte Si vol realitzar qualsevol consulta o demanar m\u00e9s informaci\u00f3, ompli el seg\u00fcent \u00a0formulari, i li donarem resposta el m\u00e9s r\u00e0pit possible. Equip comercial L&#8217;equip comercial de Bur\u00e9s S.A.U. est\u00e0...\" \/>\n<meta property=\"og:url\" content=\"https:\/\/buressa.com\/es\/contacto\/\" \/>\n<meta property=\"og:site_name\" content=\"Bur\u00e9s S.A.U.\" \/>\n<meta property=\"article:modified_time\" content=\"2025-05-27T08:48:46+00:00\" \/>\n<meta name=\"twitter:card\" content=\"summary_large_image\" \/>\n<meta name=\"twitter:label1\" content=\"Temps estimat de lectura\" \/>\n\t<meta name=\"twitter:data1\" content=\"1 minut\" \/>\n<script type=\"application\/ld+json\" class=\"yoast-schema-graph\">{\"@context\":\"https:\/\/schema.org\",\"@graph\":[{\"@type\":\"WebPage\",\"@id\":\"https:\/\/buressa.com\/es\/contacto\/\",\"url\":\"https:\/\/buressa.com\/es\/contacto\/\",\"name\":\"[:es]Contacto[:ca]Contacte[:] - Bur\u00e9s S.A.U.\",\"isPartOf\":{\"@id\":\"https:\/\/buressa.com\/en\/#website\"},\"datePublished\":\"2015-07-09T10:57:22+00:00\",\"dateModified\":\"2025-05-27T08:48:46+00:00\",\"breadcrumb\":{\"@id\":\"https:\/\/buressa.com\/es\/contacto\/#breadcrumb\"},\"inLanguage\":\"ca\",\"potentialAction\":[{\"@type\":\"ReadAction\",\"target\":[\"https:\/\/buressa.com\/es\/contacto\/\"]}]},{\"@type\":\"BreadcrumbList\",\"@id\":\"https:\/\/buressa.com\/es\/contacto\/#breadcrumb\",\"itemListElement\":[{\"@type\":\"ListItem\",\"position\":1,\"name\":\"Portada\",\"item\":\"https:\/\/buressa.com\/en\/\"},{\"@type\":\"ListItem\",\"position\":2,\"name\":\"Contacto\"}]},{\"@type\":\"WebSite\",\"@id\":\"https:\/\/buressa.com\/en\/#website\",\"url\":\"https:\/\/buressa.com\/en\/\",\"name\":\"Bur\u00e9s S.A.U.\",\"description\":\"Bur\u00e9s, la buena tierra. Fabricantes de tierras y sustratos para jardiner\u00eda.\",\"publisher\":{\"@id\":\"https:\/\/buressa.com\/en\/#organization\"},\"potentialAction\":[{\"@type\":\"SearchAction\",\"target\":{\"@type\":\"EntryPoint\",\"urlTemplate\":\"https:\/\/buressa.com\/en\/?s={search_term_string}\"},\"query-input\":\"required name=search_term_string\"}],\"inLanguage\":\"ca\"},{\"@type\":\"Organization\",\"@id\":\"https:\/\/buressa.com\/en\/#organization\",\"name\":\"BUR\u00c9S, S.A.U.\",\"url\":\"https:\/\/buressa.com\/en\/\",\"logo\":{\"@type\":\"ImageObject\",\"inLanguage\":\"ca\",\"@id\":\"https:\/\/buressa.com\/en\/#\/schema\/logo\/image\/\",\"url\":\"https:\/\/buressa.com\/wp-content\/uploads\/2015\/06\/bures-sense-marge-marro_ok.png\",\"contentUrl\":\"https:\/\/buressa.com\/wp-content\/uploads\/2015\/06\/bures-sense-marge-marro_ok.png\",\"width\":141,\"height\":102,\"caption\":\"BUR\u00c9S, S.A.U.\"},\"image\":{\"@id\":\"https:\/\/buressa.com\/en\/#\/schema\/logo\/image\/\"}}]}<\/script>\n<!-- \/ Yoast SEO plugin. -->","yoast_head_json":{"title":"[:es]Contacto[:ca]Contacte[:] - Bur\u00e9s S.A.U.","robots":{"index":"index","follow":"follow","max-snippet":"max-snippet:-1","max-image-preview":"max-image-preview:large","max-video-preview":"max-video-preview:-1"},"canonical":"https:\/\/buressa.com\/es\/contacto\/","og_locale":"ca_ES","og_type":"article","og_title":"[:es]Contacto[:ca]Contacte[:] - Bur\u00e9s S.A.U.","og_description":"Contacte Bur\u00e9s S.A.U. Tel: +34 93 640 16 08 E-mail:\u00a0bures@buressa.com Adre\u00e7a: Cam\u00ed de les R\u00e0foles, s\/n . 08830 Sant Boi de LLobregat. Barcelona Formulari de contacte Si vol realitzar qualsevol consulta o demanar m\u00e9s informaci\u00f3, ompli el seg\u00fcent \u00a0formulari, i li donarem resposta el m\u00e9s r\u00e0pit possible. Equip comercial L&#8217;equip comercial de Bur\u00e9s S.A.U. est\u00e0...","og_url":"https:\/\/buressa.com\/es\/contacto\/","og_site_name":"Bur\u00e9s S.A.U.","article_modified_time":"2025-05-27T08:48:46+00:00","twitter_card":"summary_large_image","twitter_misc":{"Temps estimat de lectura":"1 minut"},"schema":{"@context":"https:\/\/schema.org","@graph":[{"@type":"WebPage","@id":"https:\/\/buressa.com\/es\/contacto\/","url":"https:\/\/buressa.com\/es\/contacto\/","name":"[:es]Contacto[:ca]Contacte[:] - Bur\u00e9s S.A.U.","isPartOf":{"@id":"https:\/\/buressa.com\/en\/#website"},"datePublished":"2015-07-09T10:57:22+00:00","dateModified":"2025-05-27T08:48:46+00:00","breadcrumb":{"@id":"https:\/\/buressa.com\/es\/contacto\/#breadcrumb"},"inLanguage":"ca","potentialAction":[{"@type":"ReadAction","target":["https:\/\/buressa.com\/es\/contacto\/"]}]},{"@type":"BreadcrumbList","@id":"https:\/\/buressa.com\/es\/contacto\/#breadcrumb","itemListElement":[{"@type":"ListItem","position":1,"name":"Portada","item":"https:\/\/buressa.com\/en\/"},{"@type":"ListItem","position":2,"name":"Contacto"}]},{"@type":"WebSite","@id":"https:\/\/buressa.com\/en\/#website","url":"https:\/\/buressa.com\/en\/","name":"Bur\u00e9s S.A.U.","description":"Bur\u00e9s, la buena tierra. Fabricantes de tierras y sustratos para jardiner\u00eda.","publisher":{"@id":"https:\/\/buressa.com\/en\/#organization"},"potentialAction":[{"@type":"SearchAction","target":{"@type":"EntryPoint","urlTemplate":"https:\/\/buressa.com\/en\/?s={search_term_string}"},"query-input":"required name=search_term_string"}],"inLanguage":"ca"},{"@type":"Organization","@id":"https:\/\/buressa.com\/en\/#organization","name":"BUR\u00c9S, S.A.U.","url":"https:\/\/buressa.com\/en\/","logo":{"@type":"ImageObject","inLanguage":"ca","@id":"https:\/\/buressa.com\/en\/#\/schema\/logo\/image\/","url":"https:\/\/buressa.com\/wp-content\/uploads\/2015\/06\/bures-sense-marge-marro_ok.png","contentUrl":"https:\/\/buressa.com\/wp-content\/uploads\/2015\/06\/bures-sense-marge-marro_ok.png","width":141,"height":102,"caption":"BUR\u00c9S, S.A.U."},"image":{"@id":"https:\/\/buressa.com\/en\/#\/schema\/logo\/image\/"}}]}},"_links":{"self":[{"href":"https:\/\/buressa.com\/ca\/wp-json\/wp\/v2\/pages\/119"}],"collection":[{"href":"https:\/\/buressa.com\/ca\/wp-json\/wp\/v2\/pages"}],"about":[{"href":"https:\/\/buressa.com\/ca\/wp-json\/wp\/v2\/types\/page"}],"author":[{"embeddable":true,"href":"https:\/\/buressa.com\/ca\/wp-json\/wp\/v2\/users\/1"}],"replies":[{"embeddable":true,"href":"https:\/\/buressa.com\/ca\/wp-json\/wp\/v2\/comments?post=119"}],"version-history":[{"count":0,"href":"https:\/\/buressa.com\/ca\/wp-json\/wp\/v2\/pages\/119\/revisions"}],"wp:attachment":[{"href":"https:\/\/buressa.com\/ca\/wp-json\/wp\/v2\/media?parent=119"}],"curies":[{"name":"wp","href":"https:\/\/api.w.org\/{rel}","templated":true}]}}