{"id":97,"date":"2015-07-09T10:24:32","date_gmt":"2015-07-09T10:24:32","guid":{"rendered":"http:\/\/buressa.com\/?page_id=97"},"modified":"2019-10-28T15:19:09","modified_gmt":"2019-10-28T14:19:09","slug":"empresa","status":"publish","type":"page","link":"https:\/\/buressa.com\/ca\/empresa\/","title":{"rendered":"Empresa"},"content":{"rendered":"<h1><strong>Empresa, m\u00e9s de 50 anys de tradici\u00f3\u00a0<\/strong><\/h1>\n<p>L&#8217;any 1965, un cop observades les necessitats dels professionals i aficionats a la jardineria dels seu entorn de disposar de substrats i terres de qualitat, Oleguer Bur\u00e9s F\u00e1bregas va fundar a Barcelona l&#8217;empresa Bur\u00e9s, S.A.<\/p>\n<p>En l&#8217;actualitat Bur\u00e9s S.A.U. esta dirigida per Oleguer Bur\u00e9s Pastor, que gestiona altres empreses que tamb\u00e9 s\u00f3n un referent en els sectors relacionats amb la jardineria i el medi ambient: Bur\u00e9s Profesional S.A., empresa matriu fruit de la uni\u00f3 de Prodeasa i Industries Qu\u00edmiques Sicosa, el centre de jardineria Centre Verd S.A., Edafo G.M.S.A., Plantia Garden i Abotrans S.A.<\/p>\n<p>Bur\u00e9s S.A.U. porta m\u00e9s de 50 anys dedicant recursos i esfor\u00e7os en el dia a dia de la seva activitat, \u00a0per poder transmetre a tots els nostres clients l&#8217;optimisme i la il.lusi\u00f3 que ens fan avan\u00e7ar cap a una nova jardineria m\u00e9s adaptada al entorn en el que vivim.<\/p>\n<p><img decoding=\"async\" loading=\"lazy\" class=\"alignnone size-large wp-image-690\" src=\"http:\/\/buressa.com\/wp-content\/uploads\/2015\/07\/Empresa1-960x640.jpg\" alt=\"Empresa\" width=\"630\" height=\"420\" srcset=\"https:\/\/buressa.com\/wp-content\/uploads\/2015\/07\/Empresa1-960x640.jpg 960w, https:\/\/buressa.com\/wp-content\/uploads\/2015\/07\/Empresa1-700x466.jpg 700w, https:\/\/buressa.com\/wp-content\/uploads\/2015\/07\/Empresa1-300x200.jpg 300w, https:\/\/buressa.com\/wp-content\/uploads\/2015\/07\/Empresa1.jpg 1181w\" sizes=\"(max-width: 630px) 100vw, 630px\" \/>","protected":false},"excerpt":{"rendered":"<p>Empresa, m\u00e9s de 50 anys de tradici\u00f3\u00a0 L&#8217;any 1965, un cop observades les necessitats dels professionals i aficionats a la jardineria dels seu entorn de disposar de substrats i terres de qualitat, Oleguer Bur\u00e9s F\u00e1bregas va fundar a Barcelona l&#8217;empresa Bur\u00e9s, S.A. En l&#8217;actualitat Bur\u00e9s S.A.U. esta dirigida per Oleguer Bur\u00e9s Pastor, que gestiona altres&#8230;<\/p>\n","protected":false},"author":1,"featured_media":690,"parent":0,"menu_order":0,"comment_status":"closed","ping_status":"open","template":"","meta":[],"yoast_head":"<!-- This site is optimized with the Yoast SEO plugin v19.10 - https:\/\/yoast.com\/wordpress\/plugins\/seo\/ -->\n<title>Bures | Fabricantes de tierras y sustratos de calidad<\/title>\n<meta name=\"description\" content=\"Especialistas de sustratos y materias primas para la fabricaci\u00f3n de tierras de calidad para la jardiner\u00eda. \u00a1Cons\u00faltanos!\" \/>\n<meta name=\"robots\" content=\"index, follow, max-snippet:-1, max-image-preview:large, max-video-preview:-1\" \/>\n<link rel=\"canonical\" href=\"https:\/\/buressa.com\/es\/empresa\/\" \/>\n<meta property=\"og:locale\" content=\"ca_ES\" \/>\n<meta property=\"og:type\" content=\"article\" \/>\n<meta property=\"og:title\" content=\"Bures | Fabricantes de tierras y sustratos de calidad\" \/>\n<meta property=\"og:description\" content=\"Especialistas de sustratos y materias primas para la fabricaci\u00f3n de tierras de calidad para la jardiner\u00eda. \u00a1Cons\u00faltanos!\" \/>\n<meta property=\"og:url\" content=\"https:\/\/buressa.com\/es\/empresa\/\" \/>\n<meta property=\"og:site_name\" content=\"Bur\u00e9s S.A.U.\" \/>\n<meta property=\"article:modified_time\" content=\"2019-10-28T14:19:09+00:00\" \/>\n<meta property=\"og:image\" content=\"https:\/\/buressa.com\/wp-content\/uploads\/2015\/07\/Empresa1.jpg\" \/>\n\t<meta property=\"og:image:width\" content=\"1181\" \/>\n\t<meta property=\"og:image:height\" content=\"787\" \/>\n\t<meta property=\"og:image:type\" content=\"image\/jpeg\" \/>\n<meta name=\"twitter:card\" content=\"summary_large_image\" \/>\n<meta name=\"twitter:label1\" content=\"Temps estimat de lectura\" \/>\n\t<meta name=\"twitter:data1\" content=\"2 minuts\" \/>\n<script type=\"application\/ld+json\" class=\"yoast-schema-graph\">{\"@context\":\"https:\/\/schema.org\",\"@graph\":[{\"@type\":\"WebPage\",\"@id\":\"https:\/\/buressa.com\/es\/empresa\/\",\"url\":\"https:\/\/buressa.com\/es\/empresa\/\",\"name\":\"Bures | Fabricantes de tierras y sustratos de calidad\",\"isPartOf\":{\"@id\":\"https:\/\/buressa.com\/en\/#website\"},\"datePublished\":\"2015-07-09T10:24:32+00:00\",\"dateModified\":\"2019-10-28T14:19:09+00:00\",\"description\":\"Especialistas de sustratos y materias primas para la fabricaci\u00f3n de tierras de calidad para la jardiner\u00eda. \u00a1Cons\u00faltanos!\",\"breadcrumb\":{\"@id\":\"https:\/\/buressa.com\/es\/empresa\/#breadcrumb\"},\"inLanguage\":\"ca\",\"potentialAction\":[{\"@type\":\"ReadAction\",\"target\":[\"https:\/\/buressa.com\/es\/empresa\/\"]}]},{\"@type\":\"BreadcrumbList\",\"@id\":\"https:\/\/buressa.com\/es\/empresa\/#breadcrumb\",\"itemListElement\":[{\"@type\":\"ListItem\",\"position\":1,\"name\":\"Portada\",\"item\":\"https:\/\/buressa.com\/en\/\"},{\"@type\":\"ListItem\",\"position\":2,\"name\":\"Empresa\"}]},{\"@type\":\"WebSite\",\"@id\":\"https:\/\/buressa.com\/en\/#website\",\"url\":\"https:\/\/buressa.com\/en\/\",\"name\":\"Bur\u00e9s S.A.U.\",\"description\":\"Bur\u00e9s, la buena tierra. Fabricantes de tierras y sustratos para jardiner\u00eda.\",\"publisher\":{\"@id\":\"https:\/\/buressa.com\/en\/#organization\"},\"potentialAction\":[{\"@type\":\"SearchAction\",\"target\":{\"@type\":\"EntryPoint\",\"urlTemplate\":\"https:\/\/buressa.com\/en\/?s={search_term_string}\"},\"query-input\":\"required name=search_term_string\"}],\"inLanguage\":\"ca\"},{\"@type\":\"Organization\",\"@id\":\"https:\/\/buressa.com\/en\/#organization\",\"name\":\"BUR\u00c9S, S.A.U.\",\"url\":\"https:\/\/buressa.com\/en\/\",\"logo\":{\"@type\":\"ImageObject\",\"inLanguage\":\"ca\",\"@id\":\"https:\/\/buressa.com\/en\/#\/schema\/logo\/image\/\",\"url\":\"https:\/\/buressa.com\/wp-content\/uploads\/2015\/06\/bures-sense-marge-marro_ok.png\",\"contentUrl\":\"https:\/\/buressa.com\/wp-content\/uploads\/2015\/06\/bures-sense-marge-marro_ok.png\",\"width\":141,\"height\":102,\"caption\":\"BUR\u00c9S, S.A.U.\"},\"image\":{\"@id\":\"https:\/\/buressa.com\/en\/#\/schema\/logo\/image\/\"}}]}<\/script>\n<!-- \/ Yoast SEO plugin. -->","yoast_head_json":{"title":"Bures | Fabricantes de tierras y sustratos de calidad","description":"Especialistas de sustratos y materias primas para la fabricaci\u00f3n de tierras de calidad para la jardiner\u00eda. \u00a1Cons\u00faltanos!","robots":{"index":"index","follow":"follow","max-snippet":"max-snippet:-1","max-image-preview":"max-image-preview:large","max-video-preview":"max-video-preview:-1"},"canonical":"https:\/\/buressa.com\/es\/empresa\/","og_locale":"ca_ES","og_type":"article","og_title":"Bures | Fabricantes de tierras y sustratos de calidad","og_description":"Especialistas de sustratos y materias primas para la fabricaci\u00f3n de tierras de calidad para la jardiner\u00eda. \u00a1Cons\u00faltanos!","og_url":"https:\/\/buressa.com\/es\/empresa\/","og_site_name":"Bur\u00e9s S.A.U.","article_modified_time":"2019-10-28T14:19:09+00:00","og_image":[{"width":1181,"height":787,"url":"https:\/\/buressa.com\/wp-content\/uploads\/2015\/07\/Empresa1.jpg","type":"image\/jpeg"}],"twitter_card":"summary_large_image","twitter_misc":{"Temps estimat de lectura":"2 minuts"},"schema":{"@context":"https:\/\/schema.org","@graph":[{"@type":"WebPage","@id":"https:\/\/buressa.com\/es\/empresa\/","url":"https:\/\/buressa.com\/es\/empresa\/","name":"Bures | Fabricantes de tierras y sustratos de calidad","isPartOf":{"@id":"https:\/\/buressa.com\/en\/#website"},"datePublished":"2015-07-09T10:24:32+00:00","dateModified":"2019-10-28T14:19:09+00:00","description":"Especialistas de sustratos y materias primas para la fabricaci\u00f3n de tierras de calidad para la jardiner\u00eda. \u00a1Cons\u00faltanos!","breadcrumb":{"@id":"https:\/\/buressa.com\/es\/empresa\/#breadcrumb"},"inLanguage":"ca","potentialAction":[{"@type":"ReadAction","target":["https:\/\/buressa.com\/es\/empresa\/"]}]},{"@type":"BreadcrumbList","@id":"https:\/\/buressa.com\/es\/empresa\/#breadcrumb","itemListElement":[{"@type":"ListItem","position":1,"name":"Portada","item":"https:\/\/buressa.com\/en\/"},{"@type":"ListItem","position":2,"name":"Empresa"}]},{"@type":"WebSite","@id":"https:\/\/buressa.com\/en\/#website","url":"https:\/\/buressa.com\/en\/","name":"Bur\u00e9s S.A.U.","description":"Bur\u00e9s, la buena tierra. Fabricantes de tierras y sustratos para jardiner\u00eda.","publisher":{"@id":"https:\/\/buressa.com\/en\/#organization"},"potentialAction":[{"@type":"SearchAction","target":{"@type":"EntryPoint","urlTemplate":"https:\/\/buressa.com\/en\/?s={search_term_string}"},"query-input":"required name=search_term_string"}],"inLanguage":"ca"},{"@type":"Organization","@id":"https:\/\/buressa.com\/en\/#organization","name":"BUR\u00c9S, S.A.U.","url":"https:\/\/buressa.com\/en\/","logo":{"@type":"ImageObject","inLanguage":"ca","@id":"https:\/\/buressa.com\/en\/#\/schema\/logo\/image\/","url":"https:\/\/buressa.com\/wp-content\/uploads\/2015\/06\/bures-sense-marge-marro_ok.png","contentUrl":"https:\/\/buressa.com\/wp-content\/uploads\/2015\/06\/bures-sense-marge-marro_ok.png","width":141,"height":102,"caption":"BUR\u00c9S, S.A.U."},"image":{"@id":"https:\/\/buressa.com\/en\/#\/schema\/logo\/image\/"}}]}},"_links":{"self":[{"href":"https:\/\/buressa.com\/ca\/wp-json\/wp\/v2\/pages\/97"}],"collection":[{"href":"https:\/\/buressa.com\/ca\/wp-json\/wp\/v2\/pages"}],"about":[{"href":"https:\/\/buressa.com\/ca\/wp-json\/wp\/v2\/types\/page"}],"author":[{"embeddable":true,"href":"https:\/\/buressa.com\/ca\/wp-json\/wp\/v2\/users\/1"}],"replies":[{"embeddable":true,"href":"https:\/\/buressa.com\/ca\/wp-json\/wp\/v2\/comments?post=97"}],"version-history":[{"count":0,"href":"https:\/\/buressa.com\/ca\/wp-json\/wp\/v2\/pages\/97\/revisions"}],"wp:featuredmedia":[{"embeddable":true,"href":"https:\/\/buressa.com\/ca\/wp-json\/wp\/v2\/media\/690"}],"wp:attachment":[{"href":"https:\/\/buressa.com\/ca\/wp-json\/wp\/v2\/media?parent=97"}],"curies":[{"name":"wp","href":"https:\/\/api.w.org\/{rel}","templated":true}]}}