{"id":138,"date":"2015-07-10T12:24:26","date_gmt":"2015-07-10T10:24:26","guid":{"rendered":"http:\/\/buressa.com\/?post_type=product&#038;p=138"},"modified":"2021-06-04T09:17:43","modified_gmt":"2021-06-04T07:17:43","slug":"plantaflor-blumenerde","status":"publish","type":"product","link":"https:\/\/buressa.com\/ca\/producte\/plantaflor-blumenerde\/","title":{"rendered":"Plantaflor Blumenerde"},"content":{"rendered":"El Plantaflor Blumenerde es un substrat de torba d&#8217;aplicaci\u00f3 universal ideal per al cultiu en testos i jardineres.<\/p>\n<p>Es un substrat preparat a base de torba negra, amb fertilitzant,\u00a0 adequat per al cultiu de tot tipus de plantes. El Plantaflor Blumenerde presenta una elevada capacitat d&#8217; absorci\u00f3 d&#8217;aigua i re-humectaci\u00f3, un pH neutre i un baix contingut en sals. Es ideal per a plantes delicades i tamb\u00e9 per a plantes de balc\u00f3 com crisantems, ciclamens i bulboses.<\/p>\n<ul>\n<li>Substrat molt lleuger amb excel\u00b7lent resposta en el cultiu de plantes delicades.<\/li>\n<li>Elevada porositat i capacitat de retenci\u00f3 d&#8217;aigua at\u00e8s a las propietats de la torba.<\/li>\n<li>Granulometria fina.<\/li>\n<\/ul>","protected":false},"excerpt":{"rendered":"<p>El Plantaflor Blumenerde es un substrat de torba d&#8217;aplicaci\u00f3 universal ideal per al cultiu en testos i jardineres. Es un substrat preparat a base de torba negra, amb fertilitzant,\u00a0 adequat per al cultiu de tot tipus de plantes. El Plantaflor Blumenerde presenta una elevada capacitat d&#8217; absorci\u00f3 d&#8217;aigua i re-humectaci\u00f3, un pH neutre i un&#8230;<\/p>\n","protected":false},"featured_media":1136,"comment_status":"open","ping_status":"closed","template":"","meta":[],"yoast_head":"<!-- This site is optimized with the Yoast SEO plugin v19.10 - https:\/\/yoast.com\/wordpress\/plugins\/seo\/ -->\n<title>(ES) Sustrato de turba para macetas | Plantaflor Blumenerde<\/title>\n<meta name=\"description\" content=\"(ES) \u00bfNecesitas sustrato de turba para macetas? Plantaflor Blumenerde es el sustrato perfecto para macetas y jardineras. Ideal para plantas delicadas.\" \/>\n<meta name=\"robots\" content=\"index, follow, max-snippet:-1, max-image-preview:large, max-video-preview:-1\" \/>\n<link rel=\"canonical\" href=\"https:\/\/buressa.com\/ca\/producte\/plantaflor-blumenerde\/\" \/>\n<meta property=\"og:locale\" content=\"ca_ES\" \/>\n<meta property=\"og:type\" content=\"article\" \/>\n<meta property=\"og:title\" content=\"(ES) Sustrato de turba para macetas | Plantaflor Blumenerde\" \/>\n<meta property=\"og:description\" content=\"(ES) \u00bfNecesitas sustrato de turba para macetas? Plantaflor Blumenerde es el sustrato perfecto para macetas y jardineras. Ideal para plantas delicadas.\" \/>\n<meta property=\"og:url\" content=\"https:\/\/buressa.com\/ca\/producte\/plantaflor-blumenerde\/\" \/>\n<meta property=\"og:site_name\" content=\"Bur\u00e9s S.A.U.\" \/>\n<meta property=\"article:modified_time\" content=\"2021-06-04T07:17:43+00:00\" \/>\n<meta property=\"og:image\" content=\"https:\/\/buressa.com\/wp-content\/uploads\/2015\/07\/Plantaflor-Blumen-erde.png\" \/>\n\t<meta property=\"og:image:width\" content=\"700\" \/>\n\t<meta property=\"og:image:height\" content=\"450\" \/>\n\t<meta property=\"og:image:type\" content=\"image\/png\" \/>\n<meta name=\"twitter:card\" content=\"summary_large_image\" \/>\n<meta name=\"twitter:label1\" content=\"Temps estimat de lectura\" \/>\n\t<meta name=\"twitter:data1\" content=\"2 minuts\" \/>\n<script type=\"application\/ld+json\" class=\"yoast-schema-graph\">{\"@context\":\"https:\/\/schema.org\",\"@graph\":[{\"@type\":\"WebPage\",\"@id\":\"https:\/\/buressa.com\/ca\/producte\/plantaflor-blumenerde\/\",\"url\":\"https:\/\/buressa.com\/ca\/producte\/plantaflor-blumenerde\/\",\"name\":\"(ES) Sustrato de turba para macetas | Plantaflor Blumenerde\",\"isPartOf\":{\"@id\":\"https:\/\/buressa.com\/en\/#website\"},\"datePublished\":\"2015-07-10T10:24:26+00:00\",\"dateModified\":\"2021-06-04T07:17:43+00:00\",\"description\":\"(ES) \u00bfNecesitas sustrato de turba para macetas? Plantaflor Blumenerde es el sustrato perfecto para macetas y jardineras. Ideal para plantas delicadas.\",\"breadcrumb\":{\"@id\":\"https:\/\/buressa.com\/ca\/producte\/plantaflor-blumenerde\/#breadcrumb\"},\"inLanguage\":\"ca\",\"potentialAction\":[{\"@type\":\"ReadAction\",\"target\":[\"https:\/\/buressa.com\/ca\/producte\/plantaflor-blumenerde\/\"]}]},{\"@type\":\"BreadcrumbList\",\"@id\":\"https:\/\/buressa.com\/ca\/producte\/plantaflor-blumenerde\/#breadcrumb\",\"itemListElement\":[{\"@type\":\"ListItem\",\"position\":1,\"name\":\"Portada\",\"item\":\"https:\/\/buressa.com\/en\/\"},{\"@type\":\"ListItem\",\"position\":2,\"name\":\"Productos\",\"item\":\"https:\/\/buressa.com\/es\/shop\/\"},{\"@type\":\"ListItem\",\"position\":3,\"name\":\"Plantaflor Blumenerde\"}]},{\"@type\":\"WebSite\",\"@id\":\"https:\/\/buressa.com\/en\/#website\",\"url\":\"https:\/\/buressa.com\/en\/\",\"name\":\"Bur\u00e9s S.A.U.\",\"description\":\"Bur\u00e9s, la buena tierra. Fabricantes de tierras y sustratos para jardiner\u00eda.\",\"publisher\":{\"@id\":\"https:\/\/buressa.com\/en\/#organization\"},\"potentialAction\":[{\"@type\":\"SearchAction\",\"target\":{\"@type\":\"EntryPoint\",\"urlTemplate\":\"https:\/\/buressa.com\/en\/?s={search_term_string}\"},\"query-input\":\"required name=search_term_string\"}],\"inLanguage\":\"ca\"},{\"@type\":\"Organization\",\"@id\":\"https:\/\/buressa.com\/en\/#organization\",\"name\":\"BUR\u00c9S, S.A.U.\",\"url\":\"https:\/\/buressa.com\/en\/\",\"logo\":{\"@type\":\"ImageObject\",\"inLanguage\":\"ca\",\"@id\":\"https:\/\/buressa.com\/en\/#\/schema\/logo\/image\/\",\"url\":\"https:\/\/buressa.com\/wp-content\/uploads\/2015\/06\/bures-sense-marge-marro_ok.png\",\"contentUrl\":\"https:\/\/buressa.com\/wp-content\/uploads\/2015\/06\/bures-sense-marge-marro_ok.png\",\"width\":141,\"height\":102,\"caption\":\"BUR\u00c9S, S.A.U.\"},\"image\":{\"@id\":\"https:\/\/buressa.com\/en\/#\/schema\/logo\/image\/\"}}]}<\/script>\n<!-- \/ Yoast SEO plugin. -->","yoast_head_json":{"title":"(ES) Sustrato de turba para macetas | Plantaflor Blumenerde","description":"(ES) \u00bfNecesitas sustrato de turba para macetas? Plantaflor Blumenerde es el sustrato perfecto para macetas y jardineras. Ideal para plantas delicadas.","robots":{"index":"index","follow":"follow","max-snippet":"max-snippet:-1","max-image-preview":"max-image-preview:large","max-video-preview":"max-video-preview:-1"},"canonical":"https:\/\/buressa.com\/ca\/producte\/plantaflor-blumenerde\/","og_locale":"ca_ES","og_type":"article","og_title":"(ES) Sustrato de turba para macetas | Plantaflor Blumenerde","og_description":"(ES) \u00bfNecesitas sustrato de turba para macetas? Plantaflor Blumenerde es el sustrato perfecto para macetas y jardineras. Ideal para plantas delicadas.","og_url":"https:\/\/buressa.com\/ca\/producte\/plantaflor-blumenerde\/","og_site_name":"Bur\u00e9s S.A.U.","article_modified_time":"2021-06-04T07:17:43+00:00","og_image":[{"width":700,"height":450,"url":"https:\/\/buressa.com\/wp-content\/uploads\/2015\/07\/Plantaflor-Blumen-erde.png","type":"image\/png"}],"twitter_card":"summary_large_image","twitter_misc":{"Temps estimat de lectura":"2 minuts"},"schema":{"@context":"https:\/\/schema.org","@graph":[{"@type":"WebPage","@id":"https:\/\/buressa.com\/ca\/producte\/plantaflor-blumenerde\/","url":"https:\/\/buressa.com\/ca\/producte\/plantaflor-blumenerde\/","name":"(ES) Sustrato de turba para macetas | Plantaflor Blumenerde","isPartOf":{"@id":"https:\/\/buressa.com\/en\/#website"},"datePublished":"2015-07-10T10:24:26+00:00","dateModified":"2021-06-04T07:17:43+00:00","description":"(ES) \u00bfNecesitas sustrato de turba para macetas? Plantaflor Blumenerde es el sustrato perfecto para macetas y jardineras. Ideal para plantas delicadas.","breadcrumb":{"@id":"https:\/\/buressa.com\/ca\/producte\/plantaflor-blumenerde\/#breadcrumb"},"inLanguage":"ca","potentialAction":[{"@type":"ReadAction","target":["https:\/\/buressa.com\/ca\/producte\/plantaflor-blumenerde\/"]}]},{"@type":"BreadcrumbList","@id":"https:\/\/buressa.com\/ca\/producte\/plantaflor-blumenerde\/#breadcrumb","itemListElement":[{"@type":"ListItem","position":1,"name":"Portada","item":"https:\/\/buressa.com\/en\/"},{"@type":"ListItem","position":2,"name":"Productos","item":"https:\/\/buressa.com\/es\/shop\/"},{"@type":"ListItem","position":3,"name":"Plantaflor Blumenerde"}]},{"@type":"WebSite","@id":"https:\/\/buressa.com\/en\/#website","url":"https:\/\/buressa.com\/en\/","name":"Bur\u00e9s S.A.U.","description":"Bur\u00e9s, la buena tierra. Fabricantes de tierras y sustratos para jardiner\u00eda.","publisher":{"@id":"https:\/\/buressa.com\/en\/#organization"},"potentialAction":[{"@type":"SearchAction","target":{"@type":"EntryPoint","urlTemplate":"https:\/\/buressa.com\/en\/?s={search_term_string}"},"query-input":"required name=search_term_string"}],"inLanguage":"ca"},{"@type":"Organization","@id":"https:\/\/buressa.com\/en\/#organization","name":"BUR\u00c9S, S.A.U.","url":"https:\/\/buressa.com\/en\/","logo":{"@type":"ImageObject","inLanguage":"ca","@id":"https:\/\/buressa.com\/en\/#\/schema\/logo\/image\/","url":"https:\/\/buressa.com\/wp-content\/uploads\/2015\/06\/bures-sense-marge-marro_ok.png","contentUrl":"https:\/\/buressa.com\/wp-content\/uploads\/2015\/06\/bures-sense-marge-marro_ok.png","width":141,"height":102,"caption":"BUR\u00c9S, S.A.U."},"image":{"@id":"https:\/\/buressa.com\/en\/#\/schema\/logo\/image\/"}}]}},"_links":{"self":[{"href":"https:\/\/buressa.com\/ca\/wp-json\/wp\/v2\/product\/138"}],"collection":[{"href":"https:\/\/buressa.com\/ca\/wp-json\/wp\/v2\/product"}],"about":[{"href":"https:\/\/buressa.com\/ca\/wp-json\/wp\/v2\/types\/product"}],"replies":[{"embeddable":true,"href":"https:\/\/buressa.com\/ca\/wp-json\/wp\/v2\/comments?post=138"}],"wp:featuredmedia":[{"embeddable":true,"href":"https:\/\/buressa.com\/ca\/wp-json\/wp\/v2\/media\/1136"}],"wp:attachment":[{"href":"https:\/\/buressa.com\/ca\/wp-json\/wp\/v2\/media?parent=138"}],"curies":[{"name":"wp","href":"https:\/\/api.w.org\/{rel}","templated":true}]}}