{"id":146,"date":"2015-07-10T13:15:36","date_gmt":"2015-07-10T11:15:36","guid":{"rendered":"http:\/\/buressa.com\/?post_type=product&#038;p=146"},"modified":"2021-06-07T15:41:24","modified_gmt":"2021-06-07T13:41:24","slug":"sustrato-para-orquideas","status":"publish","type":"product","link":"https:\/\/buressa.com\/ca\/producte\/terra-per-orquidees\/","title":{"rendered":"Substrat per Orqu\u00eddies"},"content":{"rendered":"<span style=\"font-size: 12px;\">El Substrat per Orqu\u00eddies de Bur\u00e9s \u00e9s un producte espec\u00edfic per a les orqu\u00eddies i tamb\u00e9 per a altres plantes ep\u00edfites. Esta preparat a base d&#8217;escorces de pi de granulometria grossa. \u00c9<\/span>s un substrat de barreja molt airejat que garanteix el desenvolupament de les orqu\u00eddies corregint un exc\u00e9s d&#8217;humitat del medi de cultiu.<\/p>\n<p>El Substrat per Orqu\u00eddies ofereix sobre tot un bon suport a la planta i permet el desenvolupament d&#8217;arrels verdes i grosses.<\/p>\n<ul>\n<li><span style=\"font-size: 12px;\">Producte de f\u00e0cil rehidrataci\u00f3 que permet una bona absorci\u00f3 de l&#8217;aigua\u00a0 entre regs.<\/span><\/li>\n<li><span style=\"font-size: 12px;\">Substrat amb una elevada estabilitat: lenta degradaci\u00f3 del substrat.<\/span><\/li>\n<li>Barreja molt airejada.<\/li>\n<\/ul>\n<p>&nbsp;","protected":false},"excerpt":{"rendered":"<p>El Substrat per Orqu\u00eddies de Bur\u00e9s \u00e9s un producte espec\u00edfic per a les orqu\u00eddies i tamb\u00e9 per a altres plantes ep\u00edfites. Esta preparat a base d&#8217;escorces de pi de granulometria grossa. \u00c9s un substrat de barreja molt airejat que garanteix el desenvolupament de les orqu\u00eddies corregint un exc\u00e9s d&#8217;humitat del medi de cultiu. El Substrat&#8230;<\/p>\n","protected":false},"featured_media":1026,"comment_status":"open","ping_status":"closed","template":"","meta":[],"yoast_head":"<!-- This site is optimized with the Yoast SEO plugin v19.10 - https:\/\/yoast.com\/wordpress\/plugins\/seo\/ -->\n<title>Sustrato para orqu\u00eddeas, medio aireado y de elevada estabilidad.<\/title>\n<meta name=\"description\" content=\"\u00bfTus orqu\u00eddeas no crecen? Utiliza Sustrato para Orqu\u00eddeas de Bur\u00e9s preparado a base de cortezas de pino, muy buen drenaje para evitar la humedad excesiva.\" \/>\n<meta name=\"robots\" content=\"index, follow, max-snippet:-1, max-image-preview:large, max-video-preview:-1\" \/>\n<link rel=\"canonical\" href=\"https:\/\/buressa.com\/en\/product\/es-tierra-para-orquideas\/\" \/>\n<meta property=\"og:locale\" content=\"ca_ES\" \/>\n<meta property=\"og:type\" content=\"article\" \/>\n<meta property=\"og:title\" content=\"Sustrato para orqu\u00eddeas, medio aireado y de elevada estabilidad.\" \/>\n<meta property=\"og:description\" content=\"\u00bfTus orqu\u00eddeas no crecen? Utiliza Sustrato para Orqu\u00eddeas de Bur\u00e9s preparado a base de cortezas de pino, muy buen drenaje para evitar la humedad excesiva.\" \/>\n<meta property=\"og:url\" content=\"https:\/\/buressa.com\/en\/product\/es-tierra-para-orquideas\/\" \/>\n<meta property=\"og:site_name\" content=\"Bur\u00e9s S.A.U.\" \/>\n<meta property=\"article:modified_time\" content=\"2021-06-07T13:41:24+00:00\" \/>\n<meta property=\"og:image\" content=\"https:\/\/buressa.com\/wp-content\/uploads\/2015\/07\/sac-orquidieas-5L.png\" \/>\n\t<meta property=\"og:image:width\" content=\"700\" \/>\n\t<meta property=\"og:image:height\" content=\"450\" \/>\n\t<meta property=\"og:image:type\" content=\"image\/png\" \/>\n<meta name=\"twitter:card\" content=\"summary_large_image\" \/>\n<meta name=\"twitter:label1\" content=\"Temps estimat de lectura\" \/>\n\t<meta name=\"twitter:data1\" content=\"2 minuts\" \/>\n<script type=\"application\/ld+json\" class=\"yoast-schema-graph\">{\"@context\":\"https:\/\/schema.org\",\"@graph\":[{\"@type\":\"WebPage\",\"@id\":\"https:\/\/buressa.com\/en\/product\/es-tierra-para-orquideas\/\",\"url\":\"https:\/\/buressa.com\/en\/product\/es-tierra-para-orquideas\/\",\"name\":\"Sustrato para orqu\u00eddeas, medio aireado y de elevada estabilidad.\",\"isPartOf\":{\"@id\":\"https:\/\/buressa.com\/en\/#website\"},\"datePublished\":\"2015-07-10T11:15:36+00:00\",\"dateModified\":\"2021-06-07T13:41:24+00:00\",\"description\":\"\u00bfTus orqu\u00eddeas no crecen? Utiliza Sustrato para Orqu\u00eddeas de Bur\u00e9s preparado a base de cortezas de pino, muy buen drenaje para evitar la humedad excesiva.\",\"breadcrumb\":{\"@id\":\"https:\/\/buressa.com\/en\/product\/es-tierra-para-orquideas\/#breadcrumb\"},\"inLanguage\":\"ca\",\"potentialAction\":[{\"@type\":\"ReadAction\",\"target\":[\"https:\/\/buressa.com\/en\/product\/es-tierra-para-orquideas\/\"]}]},{\"@type\":\"BreadcrumbList\",\"@id\":\"https:\/\/buressa.com\/en\/product\/es-tierra-para-orquideas\/#breadcrumb\",\"itemListElement\":[{\"@type\":\"ListItem\",\"position\":1,\"name\":\"Portada\",\"item\":\"https:\/\/buressa.com\/en\/\"},{\"@type\":\"ListItem\",\"position\":2,\"name\":\"Productos\",\"item\":\"https:\/\/buressa.com\/es\/shop\/\"},{\"@type\":\"ListItem\",\"position\":3,\"name\":\"Orchids Potting Soil\"}]},{\"@type\":\"WebSite\",\"@id\":\"https:\/\/buressa.com\/en\/#website\",\"url\":\"https:\/\/buressa.com\/en\/\",\"name\":\"Bur\u00e9s S.A.U.\",\"description\":\"Bur\u00e9s, la buena tierra. Fabricantes de tierras y sustratos para jardiner\u00eda.\",\"publisher\":{\"@id\":\"https:\/\/buressa.com\/en\/#organization\"},\"potentialAction\":[{\"@type\":\"SearchAction\",\"target\":{\"@type\":\"EntryPoint\",\"urlTemplate\":\"https:\/\/buressa.com\/en\/?s={search_term_string}\"},\"query-input\":\"required name=search_term_string\"}],\"inLanguage\":\"ca\"},{\"@type\":\"Organization\",\"@id\":\"https:\/\/buressa.com\/en\/#organization\",\"name\":\"BUR\u00c9S, S.A.U.\",\"url\":\"https:\/\/buressa.com\/en\/\",\"logo\":{\"@type\":\"ImageObject\",\"inLanguage\":\"ca\",\"@id\":\"https:\/\/buressa.com\/en\/#\/schema\/logo\/image\/\",\"url\":\"https:\/\/buressa.com\/wp-content\/uploads\/2015\/06\/bures-sense-marge-marro_ok.png\",\"contentUrl\":\"https:\/\/buressa.com\/wp-content\/uploads\/2015\/06\/bures-sense-marge-marro_ok.png\",\"width\":141,\"height\":102,\"caption\":\"BUR\u00c9S, S.A.U.\"},\"image\":{\"@id\":\"https:\/\/buressa.com\/en\/#\/schema\/logo\/image\/\"}}]}<\/script>\n<!-- \/ Yoast SEO plugin. -->","yoast_head_json":{"title":"Sustrato para orqu\u00eddeas, medio aireado y de elevada estabilidad.","description":"\u00bfTus orqu\u00eddeas no crecen? Utiliza Sustrato para Orqu\u00eddeas de Bur\u00e9s preparado a base de cortezas de pino, muy buen drenaje para evitar la humedad excesiva.","robots":{"index":"index","follow":"follow","max-snippet":"max-snippet:-1","max-image-preview":"max-image-preview:large","max-video-preview":"max-video-preview:-1"},"canonical":"https:\/\/buressa.com\/en\/product\/es-tierra-para-orquideas\/","og_locale":"ca_ES","og_type":"article","og_title":"Sustrato para orqu\u00eddeas, medio aireado y de elevada estabilidad.","og_description":"\u00bfTus orqu\u00eddeas no crecen? Utiliza Sustrato para Orqu\u00eddeas de Bur\u00e9s preparado a base de cortezas de pino, muy buen drenaje para evitar la humedad excesiva.","og_url":"https:\/\/buressa.com\/en\/product\/es-tierra-para-orquideas\/","og_site_name":"Bur\u00e9s S.A.U.","article_modified_time":"2021-06-07T13:41:24+00:00","og_image":[{"width":700,"height":450,"url":"https:\/\/buressa.com\/wp-content\/uploads\/2015\/07\/sac-orquidieas-5L.png","type":"image\/png"}],"twitter_card":"summary_large_image","twitter_misc":{"Temps estimat de lectura":"2 minuts"},"schema":{"@context":"https:\/\/schema.org","@graph":[{"@type":"WebPage","@id":"https:\/\/buressa.com\/en\/product\/es-tierra-para-orquideas\/","url":"https:\/\/buressa.com\/en\/product\/es-tierra-para-orquideas\/","name":"Sustrato para orqu\u00eddeas, medio aireado y de elevada estabilidad.","isPartOf":{"@id":"https:\/\/buressa.com\/en\/#website"},"datePublished":"2015-07-10T11:15:36+00:00","dateModified":"2021-06-07T13:41:24+00:00","description":"\u00bfTus orqu\u00eddeas no crecen? Utiliza Sustrato para Orqu\u00eddeas de Bur\u00e9s preparado a base de cortezas de pino, muy buen drenaje para evitar la humedad excesiva.","breadcrumb":{"@id":"https:\/\/buressa.com\/en\/product\/es-tierra-para-orquideas\/#breadcrumb"},"inLanguage":"ca","potentialAction":[{"@type":"ReadAction","target":["https:\/\/buressa.com\/en\/product\/es-tierra-para-orquideas\/"]}]},{"@type":"BreadcrumbList","@id":"https:\/\/buressa.com\/en\/product\/es-tierra-para-orquideas\/#breadcrumb","itemListElement":[{"@type":"ListItem","position":1,"name":"Portada","item":"https:\/\/buressa.com\/en\/"},{"@type":"ListItem","position":2,"name":"Productos","item":"https:\/\/buressa.com\/es\/shop\/"},{"@type":"ListItem","position":3,"name":"Orchids Potting Soil"}]},{"@type":"WebSite","@id":"https:\/\/buressa.com\/en\/#website","url":"https:\/\/buressa.com\/en\/","name":"Bur\u00e9s S.A.U.","description":"Bur\u00e9s, la buena tierra. Fabricantes de tierras y sustratos para jardiner\u00eda.","publisher":{"@id":"https:\/\/buressa.com\/en\/#organization"},"potentialAction":[{"@type":"SearchAction","target":{"@type":"EntryPoint","urlTemplate":"https:\/\/buressa.com\/en\/?s={search_term_string}"},"query-input":"required name=search_term_string"}],"inLanguage":"ca"},{"@type":"Organization","@id":"https:\/\/buressa.com\/en\/#organization","name":"BUR\u00c9S, S.A.U.","url":"https:\/\/buressa.com\/en\/","logo":{"@type":"ImageObject","inLanguage":"ca","@id":"https:\/\/buressa.com\/en\/#\/schema\/logo\/image\/","url":"https:\/\/buressa.com\/wp-content\/uploads\/2015\/06\/bures-sense-marge-marro_ok.png","contentUrl":"https:\/\/buressa.com\/wp-content\/uploads\/2015\/06\/bures-sense-marge-marro_ok.png","width":141,"height":102,"caption":"BUR\u00c9S, S.A.U."},"image":{"@id":"https:\/\/buressa.com\/en\/#\/schema\/logo\/image\/"}}]}},"_links":{"self":[{"href":"https:\/\/buressa.com\/ca\/wp-json\/wp\/v2\/product\/146"}],"collection":[{"href":"https:\/\/buressa.com\/ca\/wp-json\/wp\/v2\/product"}],"about":[{"href":"https:\/\/buressa.com\/ca\/wp-json\/wp\/v2\/types\/product"}],"replies":[{"embeddable":true,"href":"https:\/\/buressa.com\/ca\/wp-json\/wp\/v2\/comments?post=146"}],"wp:featuredmedia":[{"embeddable":true,"href":"https:\/\/buressa.com\/ca\/wp-json\/wp\/v2\/media\/1026"}],"wp:attachment":[{"href":"https:\/\/buressa.com\/ca\/wp-json\/wp\/v2\/media?parent=146"}],"curies":[{"name":"wp","href":"https:\/\/api.w.org\/{rel}","templated":true}]}}