{"id":148,"date":"2015-07-10T13:23:27","date_gmt":"2015-07-10T13:23:27","guid":{"rendered":"http:\/\/buressa.com\/?post_type=product&#038;p=148"},"modified":"2023-02-10T16:45:17","modified_gmt":"2023-02-10T15:45:17","slug":"sustrato-para-plantas-acidofilas","status":"publish","type":"product","link":"https:\/\/buressa.com\/ca\/producte\/substrat-per-plantes-acidofiles-ecologic\/","title":{"rendered":"Substrat per a Plantes Acid\u00f2files"},"content":{"rendered":"<p style=\"text-align: justify;\"><span style=\"font-size: 12px;\">El &#8220;Sustrato para Plantas Acid\u00f3filas&#8221; \u00e9s espec\u00edfic per a esp\u00e8cies que precisen de medis de cultiu amb valors de pH entorn a 5,5. \u00c9s un substrat idoni per a\u00a0 hort\u00e8nsies, cam\u00e8lies, gard\u00e8nies i azalees. Els valors d&#8217;acidesa del substrat afavoreixen que aquestes plantes puguin extreure els nutrients del s\u00f2l de forma adequada i aix\u00ed evitar mancances nutricionals como clorosis i esgrogue\u00efment de fulles.\u00a0<\/span><\/p>\n<p style=\"text-align: justify;\"><span style=\"font-size: 12px;\">El &#8220;Sustrato para Plantas Acid\u00f3filas&#8221; esta preparat a base de torba rossa de <em>Sphagnum<\/em> i escorces de pi compostades. \u00c9s un producte d&#8217;excel\u00b7lent drenatge, ric en mat\u00e8ria org\u00e0nica i nutrients.\u00a0<\/span><\/p>\n<ul>\n<li><span style=\"font-size: 12px;\">Medi de cultiu de caracter\u00edstiques \u00e0cides (pH\u22455,5) que evita mancances de ferro.<\/span><\/li>\n<li><span style=\"font-size: 12px;\">F\u00e0cil re-hidrataci\u00f3: bona difusi\u00f3 de l&#8217;aigua.<\/span><\/li>\n<li><span style=\"font-size: 12px;\">Elevada porositat i capacitat de retenci\u00f3 d&#8217;aigua.<\/span><\/li>\n<\/ul>\n<blockquote><p>&nbsp;<\/p><\/blockquote>","protected":false},"excerpt":{"rendered":"<p>El &#8220;Sustrato para Plantas Acid\u00f3filas&#8221; \u00e9s espec\u00edfic per a esp\u00e8cies que precisen de medis de cultiu amb valors de pH entorn a 5,5. \u00c9s un substrat idoni per a\u00a0 hort\u00e8nsies, cam\u00e8lies, gard\u00e8nies i azalees. Els valors d&#8217;acidesa del substrat afavoreixen que aquestes plantes puguin extreure els nutrients del s\u00f2l de forma adequada i aix\u00ed evitar&#8230;<\/p>\n","protected":false},"featured_media":1023,"comment_status":"open","ping_status":"closed","template":"","meta":[],"yoast_head":"<!-- This site is optimized with the Yoast SEO plugin v19.10 - https:\/\/yoast.com\/wordpress\/plugins\/seo\/ -->\n<title>Sustrato especial para plantas acid\u00f3filas: gardenias, azaleas y camelias.<\/title>\n<meta name=\"description\" content=\"El Sustrato para Plantas Acid\u00f3filas es un sustrato espec\u00edfico para especies que precisan de medios de cultivo de caracter\u00edsticas \u00e1cidas: pH entorno a 5,5.\" \/>\n<meta name=\"robots\" content=\"index, follow, max-snippet:-1, max-image-preview:large, max-video-preview:-1\" \/>\n<link rel=\"canonical\" href=\"https:\/\/buressa.com\/es\/producto\/sustrato-plantas-acidofilas-ecologico\/\" \/>\n<meta property=\"og:locale\" content=\"ca_ES\" \/>\n<meta property=\"og:type\" content=\"article\" \/>\n<meta property=\"og:title\" content=\"Sustrato especial para plantas acid\u00f3filas: gardenias, azaleas y camelias.\" \/>\n<meta property=\"og:description\" content=\"El Sustrato para Plantas Acid\u00f3filas es un sustrato espec\u00edfico para especies que precisan de medios de cultivo de caracter\u00edsticas \u00e1cidas: pH entorno a 5,5.\" \/>\n<meta property=\"og:url\" content=\"https:\/\/buressa.com\/es\/producto\/sustrato-plantas-acidofilas-ecologico\/\" \/>\n<meta property=\"og:site_name\" content=\"Bur\u00e9s S.A.U.\" \/>\n<meta property=\"article:modified_time\" content=\"2023-02-10T15:45:17+00:00\" \/>\n<meta property=\"og:image\" content=\"https:\/\/buressa.com\/wp-content\/uploads\/2015\/07\/Sac-acid\u00f2files-15L_nansa.png\" \/>\n\t<meta property=\"og:image:width\" content=\"700\" \/>\n\t<meta property=\"og:image:height\" content=\"450\" \/>\n\t<meta property=\"og:image:type\" content=\"image\/png\" \/>\n<meta name=\"twitter:card\" content=\"summary_large_image\" \/>\n<meta name=\"twitter:label1\" content=\"Temps estimat de lectura\" \/>\n\t<meta name=\"twitter:data1\" content=\"1 minut\" \/>\n<script type=\"application\/ld+json\" class=\"yoast-schema-graph\">{\"@context\":\"https:\/\/schema.org\",\"@graph\":[{\"@type\":\"WebPage\",\"@id\":\"https:\/\/buressa.com\/es\/producto\/sustrato-plantas-acidofilas-ecologico\/\",\"url\":\"https:\/\/buressa.com\/es\/producto\/sustrato-plantas-acidofilas-ecologico\/\",\"name\":\"Sustrato especial para plantas acid\u00f3filas: gardenias, azaleas y camelias.\",\"isPartOf\":{\"@id\":\"https:\/\/buressa.com\/en\/#website\"},\"datePublished\":\"2015-07-10T13:23:27+00:00\",\"dateModified\":\"2023-02-10T15:45:17+00:00\",\"description\":\"El Sustrato para Plantas Acid\u00f3filas es un sustrato espec\u00edfico para especies que precisan de medios de cultivo de caracter\u00edsticas \u00e1cidas: pH entorno a 5,5.\",\"breadcrumb\":{\"@id\":\"https:\/\/buressa.com\/es\/producto\/sustrato-plantas-acidofilas-ecologico\/#breadcrumb\"},\"inLanguage\":\"ca\",\"potentialAction\":[{\"@type\":\"ReadAction\",\"target\":[\"https:\/\/buressa.com\/es\/producto\/sustrato-plantas-acidofilas-ecologico\/\"]}]},{\"@type\":\"BreadcrumbList\",\"@id\":\"https:\/\/buressa.com\/es\/producto\/sustrato-plantas-acidofilas-ecologico\/#breadcrumb\",\"itemListElement\":[{\"@type\":\"ListItem\",\"position\":1,\"name\":\"Portada\",\"item\":\"https:\/\/buressa.com\/en\/\"},{\"@type\":\"ListItem\",\"position\":2,\"name\":\"Productos\",\"item\":\"https:\/\/buressa.com\/es\/shop\/\"},{\"@type\":\"ListItem\",\"position\":3,\"name\":\"Sustrato Plantas Acid\u00f3filas Ecol\u00f3gico\"}]},{\"@type\":\"WebSite\",\"@id\":\"https:\/\/buressa.com\/en\/#website\",\"url\":\"https:\/\/buressa.com\/en\/\",\"name\":\"Bur\u00e9s S.A.U.\",\"description\":\"Bur\u00e9s, la buena tierra. Fabricantes de tierras y sustratos para jardiner\u00eda.\",\"publisher\":{\"@id\":\"https:\/\/buressa.com\/en\/#organization\"},\"potentialAction\":[{\"@type\":\"SearchAction\",\"target\":{\"@type\":\"EntryPoint\",\"urlTemplate\":\"https:\/\/buressa.com\/en\/?s={search_term_string}\"},\"query-input\":\"required name=search_term_string\"}],\"inLanguage\":\"ca\"},{\"@type\":\"Organization\",\"@id\":\"https:\/\/buressa.com\/en\/#organization\",\"name\":\"BUR\u00c9S, S.A.U.\",\"url\":\"https:\/\/buressa.com\/en\/\",\"logo\":{\"@type\":\"ImageObject\",\"inLanguage\":\"ca\",\"@id\":\"https:\/\/buressa.com\/en\/#\/schema\/logo\/image\/\",\"url\":\"https:\/\/buressa.com\/wp-content\/uploads\/2015\/06\/bures-sense-marge-marro_ok.png\",\"contentUrl\":\"https:\/\/buressa.com\/wp-content\/uploads\/2015\/06\/bures-sense-marge-marro_ok.png\",\"width\":141,\"height\":102,\"caption\":\"BUR\u00c9S, S.A.U.\"},\"image\":{\"@id\":\"https:\/\/buressa.com\/en\/#\/schema\/logo\/image\/\"}}]}<\/script>\n<!-- \/ Yoast SEO plugin. -->","yoast_head_json":{"title":"Sustrato especial para plantas acid\u00f3filas: gardenias, azaleas y camelias.","description":"El Sustrato para Plantas Acid\u00f3filas es un sustrato espec\u00edfico para especies que precisan de medios de cultivo de caracter\u00edsticas \u00e1cidas: pH entorno a 5,5.","robots":{"index":"index","follow":"follow","max-snippet":"max-snippet:-1","max-image-preview":"max-image-preview:large","max-video-preview":"max-video-preview:-1"},"canonical":"https:\/\/buressa.com\/es\/producto\/sustrato-plantas-acidofilas-ecologico\/","og_locale":"ca_ES","og_type":"article","og_title":"Sustrato especial para plantas acid\u00f3filas: gardenias, azaleas y camelias.","og_description":"El Sustrato para Plantas Acid\u00f3filas es un sustrato espec\u00edfico para especies que precisan de medios de cultivo de caracter\u00edsticas \u00e1cidas: pH entorno a 5,5.","og_url":"https:\/\/buressa.com\/es\/producto\/sustrato-plantas-acidofilas-ecologico\/","og_site_name":"Bur\u00e9s S.A.U.","article_modified_time":"2023-02-10T15:45:17+00:00","og_image":[{"width":700,"height":450,"url":"https:\/\/buressa.com\/wp-content\/uploads\/2015\/07\/Sac-acid\u00f2files-15L_nansa.png","type":"image\/png"}],"twitter_card":"summary_large_image","twitter_misc":{"Temps estimat de lectura":"1 minut"},"schema":{"@context":"https:\/\/schema.org","@graph":[{"@type":"WebPage","@id":"https:\/\/buressa.com\/es\/producto\/sustrato-plantas-acidofilas-ecologico\/","url":"https:\/\/buressa.com\/es\/producto\/sustrato-plantas-acidofilas-ecologico\/","name":"Sustrato especial para plantas acid\u00f3filas: gardenias, azaleas y camelias.","isPartOf":{"@id":"https:\/\/buressa.com\/en\/#website"},"datePublished":"2015-07-10T13:23:27+00:00","dateModified":"2023-02-10T15:45:17+00:00","description":"El Sustrato para Plantas Acid\u00f3filas es un sustrato espec\u00edfico para especies que precisan de medios de cultivo de caracter\u00edsticas \u00e1cidas: pH entorno a 5,5.","breadcrumb":{"@id":"https:\/\/buressa.com\/es\/producto\/sustrato-plantas-acidofilas-ecologico\/#breadcrumb"},"inLanguage":"ca","potentialAction":[{"@type":"ReadAction","target":["https:\/\/buressa.com\/es\/producto\/sustrato-plantas-acidofilas-ecologico\/"]}]},{"@type":"BreadcrumbList","@id":"https:\/\/buressa.com\/es\/producto\/sustrato-plantas-acidofilas-ecologico\/#breadcrumb","itemListElement":[{"@type":"ListItem","position":1,"name":"Portada","item":"https:\/\/buressa.com\/en\/"},{"@type":"ListItem","position":2,"name":"Productos","item":"https:\/\/buressa.com\/es\/shop\/"},{"@type":"ListItem","position":3,"name":"Sustrato Plantas Acid\u00f3filas Ecol\u00f3gico"}]},{"@type":"WebSite","@id":"https:\/\/buressa.com\/en\/#website","url":"https:\/\/buressa.com\/en\/","name":"Bur\u00e9s S.A.U.","description":"Bur\u00e9s, la buena tierra. Fabricantes de tierras y sustratos para jardiner\u00eda.","publisher":{"@id":"https:\/\/buressa.com\/en\/#organization"},"potentialAction":[{"@type":"SearchAction","target":{"@type":"EntryPoint","urlTemplate":"https:\/\/buressa.com\/en\/?s={search_term_string}"},"query-input":"required name=search_term_string"}],"inLanguage":"ca"},{"@type":"Organization","@id":"https:\/\/buressa.com\/en\/#organization","name":"BUR\u00c9S, S.A.U.","url":"https:\/\/buressa.com\/en\/","logo":{"@type":"ImageObject","inLanguage":"ca","@id":"https:\/\/buressa.com\/en\/#\/schema\/logo\/image\/","url":"https:\/\/buressa.com\/wp-content\/uploads\/2015\/06\/bures-sense-marge-marro_ok.png","contentUrl":"https:\/\/buressa.com\/wp-content\/uploads\/2015\/06\/bures-sense-marge-marro_ok.png","width":141,"height":102,"caption":"BUR\u00c9S, S.A.U."},"image":{"@id":"https:\/\/buressa.com\/en\/#\/schema\/logo\/image\/"}}]}},"_links":{"self":[{"href":"https:\/\/buressa.com\/ca\/wp-json\/wp\/v2\/product\/148"}],"collection":[{"href":"https:\/\/buressa.com\/ca\/wp-json\/wp\/v2\/product"}],"about":[{"href":"https:\/\/buressa.com\/ca\/wp-json\/wp\/v2\/types\/product"}],"replies":[{"embeddable":true,"href":"https:\/\/buressa.com\/ca\/wp-json\/wp\/v2\/comments?post=148"}],"wp:featuredmedia":[{"embeddable":true,"href":"https:\/\/buressa.com\/ca\/wp-json\/wp\/v2\/media\/1023"}],"wp:attachment":[{"href":"https:\/\/buressa.com\/ca\/wp-json\/wp\/v2\/media?parent=148"}],"curies":[{"name":"wp","href":"https:\/\/api.w.org\/{rel}","templated":true}]}}