{"id":156,"date":"2015-07-10T13:37:02","date_gmt":"2015-07-10T13:37:02","guid":{"rendered":"http:\/\/buressa.com\/?post_type=product&#038;p=156"},"modified":"2021-02-08T16:40:49","modified_gmt":"2021-02-08T15:40:49","slug":"sustrato-bvm-2","status":"publish","type":"product","link":"https:\/\/buressa.com\/ca\/producte\/substrat-bvm-2\/","title":{"rendered":"Substrat BVM-2 80\/20"},"content":{"rendered":"El Substrat BVM-2 80\/20 \u00e9s un substrat mineral, adequat per a cobertes enjardinades tipus extensiu, formulat majorit\u00e0riament a partir de sorra volc\u00e0nica de granulometria 0-6 mm procedent de canteres pr\u00f2pies i un percentatge baix de fracci\u00f3 org\u00e0nica vegetal.<\/p>\n<p>El Substrat BVM-2 80\/20 es un barreja altament drenant, t\u00e9 una bona aptitud agron\u00f2mica, per\u00f2 sobre tot destaca per la seva elevada estabilitat en el temps i per oferir una bona relaci\u00f3 de intercanvi aigua\/aire.","protected":false},"excerpt":{"rendered":"<p>El Substrat BVM-2 80\/20 \u00e9s un substrat mineral, adequat per a cobertes enjardinades tipus extensiu, formulat majorit\u00e0riament a partir de sorra volc\u00e0nica de granulometria 0-6 mm procedent de canteres pr\u00f2pies i un percentatge baix de fracci\u00f3 org\u00e0nica vegetal. El Substrat BVM-2 80\/20 es un barreja altament drenant, t\u00e9 una bona aptitud agron\u00f2mica, per\u00f2 sobre tot&#8230;<\/p>\n","protected":false},"featured_media":544,"comment_status":"open","ping_status":"closed","template":"","meta":[],"yoast_head":"<!-- This site is optimized with the Yoast SEO plugin v19.10 - https:\/\/yoast.com\/wordpress\/plugins\/seo\/ -->\n<title>Substrat BVM-2 80\/20 - Bur\u00e9s S.A.U.<\/title>\n<meta name=\"robots\" content=\"index, follow, max-snippet:-1, max-image-preview:large, max-video-preview:-1\" \/>\n<link rel=\"canonical\" href=\"https:\/\/buressa.com\/ca\/producte\/substrat-bvm-2\/\" \/>\n<meta property=\"og:locale\" content=\"ca_ES\" \/>\n<meta property=\"og:type\" content=\"article\" \/>\n<meta property=\"og:title\" content=\"[:es]Sustrato BVM-2 80\/20[:ca]Substrat BVM-2 80\/20[:] - Bur\u00e9s S.A.U.\" \/>\n<meta property=\"og:description\" content=\"El Substrat BVM-2 80\/20 \u00e9s un substrat mineral, adequat per a cobertes enjardinades tipus extensiu, formulat majorit\u00e0riament a partir de sorra volc\u00e0nica de granulometria 0-6 mm procedent de canteres pr\u00f2pies i un percentatge baix de fracci\u00f3 org\u00e0nica vegetal. El Substrat BVM-2 80\/20 es un barreja altament drenant, t\u00e9 una bona aptitud agron\u00f2mica, per\u00f2 sobre tot...\" \/>\n<meta property=\"og:url\" content=\"https:\/\/buressa.com\/ca\/producte\/substrat-bvm-2\/\" \/>\n<meta property=\"og:site_name\" content=\"Bur\u00e9s S.A.U.\" \/>\n<meta property=\"article:modified_time\" content=\"2021-02-08T15:40:49+00:00\" \/>\n<meta property=\"og:image\" content=\"https:\/\/buressa.com\/wp-content\/uploads\/2015\/07\/Sustrato-BVM-2-720x960.jpg\" \/>\n\t<meta property=\"og:image:width\" content=\"720\" \/>\n\t<meta property=\"og:image:height\" content=\"960\" \/>\n\t<meta property=\"og:image:type\" content=\"image\/jpeg\" \/>\n<meta name=\"twitter:card\" content=\"summary_large_image\" \/>\n<meta name=\"twitter:label1\" content=\"Temps estimat de lectura\" \/>\n\t<meta name=\"twitter:data1\" content=\"1 minut\" \/>\n<script type=\"application\/ld+json\" class=\"yoast-schema-graph\">{\"@context\":\"https:\/\/schema.org\",\"@graph\":[{\"@type\":\"WebPage\",\"@id\":\"https:\/\/buressa.com\/ca\/producte\/substrat-bvm-2\/\",\"url\":\"https:\/\/buressa.com\/ca\/producte\/substrat-bvm-2\/\",\"name\":\"[:es]Sustrato BVM-2 80\/20[:ca]Substrat BVM-2 80\/20[:] - Bur\u00e9s S.A.U.\",\"isPartOf\":{\"@id\":\"https:\/\/buressa.com\/en\/#website\"},\"datePublished\":\"2015-07-10T13:37:02+00:00\",\"dateModified\":\"2021-02-08T15:40:49+00:00\",\"breadcrumb\":{\"@id\":\"https:\/\/buressa.com\/ca\/producte\/substrat-bvm-2\/#breadcrumb\"},\"inLanguage\":\"ca\",\"potentialAction\":[{\"@type\":\"ReadAction\",\"target\":[\"https:\/\/buressa.com\/ca\/producte\/substrat-bvm-2\/\"]}]},{\"@type\":\"BreadcrumbList\",\"@id\":\"https:\/\/buressa.com\/ca\/producte\/substrat-bvm-2\/#breadcrumb\",\"itemListElement\":[{\"@type\":\"ListItem\",\"position\":1,\"name\":\"Portada\",\"item\":\"https:\/\/buressa.com\/en\/\"},{\"@type\":\"ListItem\",\"position\":2,\"name\":\"Productos\",\"item\":\"https:\/\/buressa.com\/es\/shop\/\"},{\"@type\":\"ListItem\",\"position\":3,\"name\":\"Substrat BVM-2 80\/20\"}]},{\"@type\":\"WebSite\",\"@id\":\"https:\/\/buressa.com\/en\/#website\",\"url\":\"https:\/\/buressa.com\/en\/\",\"name\":\"Bur\u00e9s S.A.U.\",\"description\":\"Bur\u00e9s, la buena tierra. Fabricantes de tierras y sustratos para jardiner\u00eda.\",\"publisher\":{\"@id\":\"https:\/\/buressa.com\/en\/#organization\"},\"potentialAction\":[{\"@type\":\"SearchAction\",\"target\":{\"@type\":\"EntryPoint\",\"urlTemplate\":\"https:\/\/buressa.com\/en\/?s={search_term_string}\"},\"query-input\":\"required name=search_term_string\"}],\"inLanguage\":\"ca\"},{\"@type\":\"Organization\",\"@id\":\"https:\/\/buressa.com\/en\/#organization\",\"name\":\"BUR\u00c9S, S.A.U.\",\"url\":\"https:\/\/buressa.com\/en\/\",\"logo\":{\"@type\":\"ImageObject\",\"inLanguage\":\"ca\",\"@id\":\"https:\/\/buressa.com\/en\/#\/schema\/logo\/image\/\",\"url\":\"https:\/\/buressa.com\/wp-content\/uploads\/2015\/06\/bures-sense-marge-marro_ok.png\",\"contentUrl\":\"https:\/\/buressa.com\/wp-content\/uploads\/2015\/06\/bures-sense-marge-marro_ok.png\",\"width\":141,\"height\":102,\"caption\":\"BUR\u00c9S, S.A.U.\"},\"image\":{\"@id\":\"https:\/\/buressa.com\/en\/#\/schema\/logo\/image\/\"}}]}<\/script>\n<!-- \/ Yoast SEO plugin. -->","yoast_head_json":{"title":"[:es]Sustrato BVM-2 80\/20[:ca]Substrat BVM-2 80\/20[:] - Bur\u00e9s S.A.U.","robots":{"index":"index","follow":"follow","max-snippet":"max-snippet:-1","max-image-preview":"max-image-preview:large","max-video-preview":"max-video-preview:-1"},"canonical":"https:\/\/buressa.com\/ca\/producte\/substrat-bvm-2\/","og_locale":"ca_ES","og_type":"article","og_title":"[:es]Sustrato BVM-2 80\/20[:ca]Substrat BVM-2 80\/20[:] - Bur\u00e9s S.A.U.","og_description":"El Substrat BVM-2 80\/20 \u00e9s un substrat mineral, adequat per a cobertes enjardinades tipus extensiu, formulat majorit\u00e0riament a partir de sorra volc\u00e0nica de granulometria 0-6 mm procedent de canteres pr\u00f2pies i un percentatge baix de fracci\u00f3 org\u00e0nica vegetal. El Substrat BVM-2 80\/20 es un barreja altament drenant, t\u00e9 una bona aptitud agron\u00f2mica, per\u00f2 sobre tot...","og_url":"https:\/\/buressa.com\/ca\/producte\/substrat-bvm-2\/","og_site_name":"Bur\u00e9s S.A.U.","article_modified_time":"2021-02-08T15:40:49+00:00","og_image":[{"width":720,"height":960,"url":"https:\/\/buressa.com\/wp-content\/uploads\/2015\/07\/Sustrato-BVM-2-720x960.jpg","type":"image\/jpeg"}],"twitter_card":"summary_large_image","twitter_misc":{"Temps estimat de lectura":"1 minut"},"schema":{"@context":"https:\/\/schema.org","@graph":[{"@type":"WebPage","@id":"https:\/\/buressa.com\/ca\/producte\/substrat-bvm-2\/","url":"https:\/\/buressa.com\/ca\/producte\/substrat-bvm-2\/","name":"[:es]Sustrato BVM-2 80\/20[:ca]Substrat BVM-2 80\/20[:] - Bur\u00e9s S.A.U.","isPartOf":{"@id":"https:\/\/buressa.com\/en\/#website"},"datePublished":"2015-07-10T13:37:02+00:00","dateModified":"2021-02-08T15:40:49+00:00","breadcrumb":{"@id":"https:\/\/buressa.com\/ca\/producte\/substrat-bvm-2\/#breadcrumb"},"inLanguage":"ca","potentialAction":[{"@type":"ReadAction","target":["https:\/\/buressa.com\/ca\/producte\/substrat-bvm-2\/"]}]},{"@type":"BreadcrumbList","@id":"https:\/\/buressa.com\/ca\/producte\/substrat-bvm-2\/#breadcrumb","itemListElement":[{"@type":"ListItem","position":1,"name":"Portada","item":"https:\/\/buressa.com\/en\/"},{"@type":"ListItem","position":2,"name":"Productos","item":"https:\/\/buressa.com\/es\/shop\/"},{"@type":"ListItem","position":3,"name":"Substrat BVM-2 80\/20"}]},{"@type":"WebSite","@id":"https:\/\/buressa.com\/en\/#website","url":"https:\/\/buressa.com\/en\/","name":"Bur\u00e9s S.A.U.","description":"Bur\u00e9s, la buena tierra. Fabricantes de tierras y sustratos para jardiner\u00eda.","publisher":{"@id":"https:\/\/buressa.com\/en\/#organization"},"potentialAction":[{"@type":"SearchAction","target":{"@type":"EntryPoint","urlTemplate":"https:\/\/buressa.com\/en\/?s={search_term_string}"},"query-input":"required name=search_term_string"}],"inLanguage":"ca"},{"@type":"Organization","@id":"https:\/\/buressa.com\/en\/#organization","name":"BUR\u00c9S, S.A.U.","url":"https:\/\/buressa.com\/en\/","logo":{"@type":"ImageObject","inLanguage":"ca","@id":"https:\/\/buressa.com\/en\/#\/schema\/logo\/image\/","url":"https:\/\/buressa.com\/wp-content\/uploads\/2015\/06\/bures-sense-marge-marro_ok.png","contentUrl":"https:\/\/buressa.com\/wp-content\/uploads\/2015\/06\/bures-sense-marge-marro_ok.png","width":141,"height":102,"caption":"BUR\u00c9S, S.A.U."},"image":{"@id":"https:\/\/buressa.com\/en\/#\/schema\/logo\/image\/"}}]}},"_links":{"self":[{"href":"https:\/\/buressa.com\/ca\/wp-json\/wp\/v2\/product\/156"}],"collection":[{"href":"https:\/\/buressa.com\/ca\/wp-json\/wp\/v2\/product"}],"about":[{"href":"https:\/\/buressa.com\/ca\/wp-json\/wp\/v2\/types\/product"}],"replies":[{"embeddable":true,"href":"https:\/\/buressa.com\/ca\/wp-json\/wp\/v2\/comments?post=156"}],"wp:featuredmedia":[{"embeddable":true,"href":"https:\/\/buressa.com\/ca\/wp-json\/wp\/v2\/media\/544"}],"wp:attachment":[{"href":"https:\/\/buressa.com\/ca\/wp-json\/wp\/v2\/media?parent=156"}],"curies":[{"name":"wp","href":"https:\/\/api.w.org\/{rel}","templated":true}]}}