{"id":159,"date":"2015-07-10T13:42:17","date_gmt":"2015-07-10T13:42:17","guid":{"rendered":"http:\/\/buressa.com\/?post_type=product&#038;p=159"},"modified":"2021-06-21T15:42:28","modified_gmt":"2021-06-21T13:42:28","slug":"recebo-basico","status":"publish","type":"product","link":"https:\/\/buressa.com\/ca\/producte\/enceball-basic\/","title":{"rendered":"Enceball B\u00e0sic"},"content":{"rendered":"L&#8217;Enceball B\u00e0sic \u00e9s un producte per a\u00a0 la millora de la gespa. \u00c9s un substrat preparat a base de saul\u00f3 (sorra), homogeni, que garanteix la renovaci\u00f3 de la gespa.<\/p>\n<p>La seva aportaci\u00f3 a la gespa\u00a0 afavoreix el sa desenvolupament de les plantes de gespa obtenint-se una gespa de cobertura m\u00e9s densa i un tapis verd d&#8217;aspecte renovat. \u00c9s un producte ideal per a la gespa tipus grama.<\/p>\n<ul>\n<li>Enceball ideal per a la millora de gespa r\u00fastica.<\/li>\n<li>Adequat per a utilitzar en re-sembres de gespa, oferint protecci\u00f3 a la llavor i facilitant les condicions per al seu naixement i tamb\u00e9 el seu arrelament.<\/li>\n<li>Tamb\u00e9 pot utilitzar-se per a reomplir i corregir desnivells i forats propis del terreny de gespa.<\/li>\n<\/ul>","protected":false},"excerpt":{"rendered":"<p>L&#8217;Enceball B\u00e0sic \u00e9s un producte per a\u00a0 la millora de la gespa. \u00c9s un substrat preparat a base de saul\u00f3 (sorra), homogeni, que garanteix la renovaci\u00f3 de la gespa. La seva aportaci\u00f3 a la gespa\u00a0 afavoreix el sa desenvolupament de les plantes de gespa obtenint-se una gespa de cobertura m\u00e9s densa i un tapis verd&#8230;<\/p>\n","protected":false},"featured_media":278,"comment_status":"open","ping_status":"closed","template":"","meta":[],"yoast_head":"<!-- This site is optimized with the Yoast SEO plugin v19.10 - https:\/\/yoast.com\/wordpress\/plugins\/seo\/ -->\n<title>Recebo B\u00e1sico, ideal para la mejora de c\u00e9sped grueso.<\/title>\n<meta name=\"description\" content=\"Sustrato a base de arena que garantiza la renovaci\u00f3n del c\u00e9sped obtenidose un tapiz verde de aspecto mejorado. Adecuado para resiembras.\" \/>\n<meta name=\"robots\" content=\"index, follow, max-snippet:-1, max-image-preview:large, max-video-preview:-1\" \/>\n<link rel=\"canonical\" href=\"https:\/\/buressa.com\/en\/product\/es-recebo-basico\/\" \/>\n<meta property=\"og:locale\" content=\"ca_ES\" \/>\n<meta property=\"og:type\" content=\"article\" \/>\n<meta property=\"og:title\" content=\"Recebo B\u00e1sico, ideal para la mejora de c\u00e9sped grueso.\" \/>\n<meta property=\"og:description\" content=\"Sustrato a base de arena que garantiza la renovaci\u00f3n del c\u00e9sped obtenidose un tapiz verde de aspecto mejorado. Adecuado para resiembras.\" \/>\n<meta property=\"og:url\" content=\"https:\/\/buressa.com\/en\/product\/es-recebo-basico\/\" \/>\n<meta property=\"og:site_name\" content=\"Bur\u00e9s S.A.U.\" \/>\n<meta property=\"article:modified_time\" content=\"2021-06-21T13:42:28+00:00\" \/>\n<meta property=\"og:image\" content=\"https:\/\/buressa.com\/wp-content\/uploads\/2015\/07\/Recebo-B\u00e1sico-e1436889493860.jpg\" \/>\n\t<meta property=\"og:image:width\" content=\"700\" \/>\n\t<meta property=\"og:image:height\" content=\"560\" \/>\n\t<meta property=\"og:image:type\" content=\"image\/jpeg\" \/>\n<meta name=\"twitter:card\" content=\"summary_large_image\" \/>\n<meta name=\"twitter:label1\" content=\"Temps estimat de lectura\" \/>\n\t<meta name=\"twitter:data1\" content=\"1 minut\" \/>\n<script type=\"application\/ld+json\" class=\"yoast-schema-graph\">{\"@context\":\"https:\/\/schema.org\",\"@graph\":[{\"@type\":\"WebPage\",\"@id\":\"https:\/\/buressa.com\/en\/product\/es-recebo-basico\/\",\"url\":\"https:\/\/buressa.com\/en\/product\/es-recebo-basico\/\",\"name\":\"Recebo B\u00e1sico, ideal para la mejora de c\u00e9sped grueso.\",\"isPartOf\":{\"@id\":\"https:\/\/buressa.com\/en\/#website\"},\"datePublished\":\"2015-07-10T13:42:17+00:00\",\"dateModified\":\"2021-06-21T13:42:28+00:00\",\"description\":\"Sustrato a base de arena que garantiza la renovaci\u00f3n del c\u00e9sped obtenidose un tapiz verde de aspecto mejorado. Adecuado para resiembras.\",\"breadcrumb\":{\"@id\":\"https:\/\/buressa.com\/en\/product\/es-recebo-basico\/#breadcrumb\"},\"inLanguage\":\"ca\",\"potentialAction\":[{\"@type\":\"ReadAction\",\"target\":[\"https:\/\/buressa.com\/en\/product\/es-recebo-basico\/\"]}]},{\"@type\":\"BreadcrumbList\",\"@id\":\"https:\/\/buressa.com\/en\/product\/es-recebo-basico\/#breadcrumb\",\"itemListElement\":[{\"@type\":\"ListItem\",\"position\":1,\"name\":\"Portada\",\"item\":\"https:\/\/buressa.com\/en\/\"},{\"@type\":\"ListItem\",\"position\":2,\"name\":\"Productos\",\"item\":\"https:\/\/buressa.com\/es\/shop\/\"},{\"@type\":\"ListItem\",\"position\":3,\"name\":\"(ES) Recebo B\u00e1sico\"}]},{\"@type\":\"WebSite\",\"@id\":\"https:\/\/buressa.com\/en\/#website\",\"url\":\"https:\/\/buressa.com\/en\/\",\"name\":\"Bur\u00e9s S.A.U.\",\"description\":\"Bur\u00e9s, la buena tierra. Fabricantes de tierras y sustratos para jardiner\u00eda.\",\"publisher\":{\"@id\":\"https:\/\/buressa.com\/en\/#organization\"},\"potentialAction\":[{\"@type\":\"SearchAction\",\"target\":{\"@type\":\"EntryPoint\",\"urlTemplate\":\"https:\/\/buressa.com\/en\/?s={search_term_string}\"},\"query-input\":\"required name=search_term_string\"}],\"inLanguage\":\"ca\"},{\"@type\":\"Organization\",\"@id\":\"https:\/\/buressa.com\/en\/#organization\",\"name\":\"BUR\u00c9S, S.A.U.\",\"url\":\"https:\/\/buressa.com\/en\/\",\"logo\":{\"@type\":\"ImageObject\",\"inLanguage\":\"ca\",\"@id\":\"https:\/\/buressa.com\/en\/#\/schema\/logo\/image\/\",\"url\":\"https:\/\/buressa.com\/wp-content\/uploads\/2015\/06\/bures-sense-marge-marro_ok.png\",\"contentUrl\":\"https:\/\/buressa.com\/wp-content\/uploads\/2015\/06\/bures-sense-marge-marro_ok.png\",\"width\":141,\"height\":102,\"caption\":\"BUR\u00c9S, S.A.U.\"},\"image\":{\"@id\":\"https:\/\/buressa.com\/en\/#\/schema\/logo\/image\/\"}}]}<\/script>\n<!-- \/ Yoast SEO plugin. -->","yoast_head_json":{"title":"Recebo B\u00e1sico, ideal para la mejora de c\u00e9sped grueso.","description":"Sustrato a base de arena que garantiza la renovaci\u00f3n del c\u00e9sped obtenidose un tapiz verde de aspecto mejorado. Adecuado para resiembras.","robots":{"index":"index","follow":"follow","max-snippet":"max-snippet:-1","max-image-preview":"max-image-preview:large","max-video-preview":"max-video-preview:-1"},"canonical":"https:\/\/buressa.com\/en\/product\/es-recebo-basico\/","og_locale":"ca_ES","og_type":"article","og_title":"Recebo B\u00e1sico, ideal para la mejora de c\u00e9sped grueso.","og_description":"Sustrato a base de arena que garantiza la renovaci\u00f3n del c\u00e9sped obtenidose un tapiz verde de aspecto mejorado. Adecuado para resiembras.","og_url":"https:\/\/buressa.com\/en\/product\/es-recebo-basico\/","og_site_name":"Bur\u00e9s S.A.U.","article_modified_time":"2021-06-21T13:42:28+00:00","og_image":[{"width":700,"height":560,"url":"https:\/\/buressa.com\/wp-content\/uploads\/2015\/07\/Recebo-B\u00e1sico-e1436889493860.jpg","type":"image\/jpeg"}],"twitter_card":"summary_large_image","twitter_misc":{"Temps estimat de lectura":"1 minut"},"schema":{"@context":"https:\/\/schema.org","@graph":[{"@type":"WebPage","@id":"https:\/\/buressa.com\/en\/product\/es-recebo-basico\/","url":"https:\/\/buressa.com\/en\/product\/es-recebo-basico\/","name":"Recebo B\u00e1sico, ideal para la mejora de c\u00e9sped grueso.","isPartOf":{"@id":"https:\/\/buressa.com\/en\/#website"},"datePublished":"2015-07-10T13:42:17+00:00","dateModified":"2021-06-21T13:42:28+00:00","description":"Sustrato a base de arena que garantiza la renovaci\u00f3n del c\u00e9sped obtenidose un tapiz verde de aspecto mejorado. Adecuado para resiembras.","breadcrumb":{"@id":"https:\/\/buressa.com\/en\/product\/es-recebo-basico\/#breadcrumb"},"inLanguage":"ca","potentialAction":[{"@type":"ReadAction","target":["https:\/\/buressa.com\/en\/product\/es-recebo-basico\/"]}]},{"@type":"BreadcrumbList","@id":"https:\/\/buressa.com\/en\/product\/es-recebo-basico\/#breadcrumb","itemListElement":[{"@type":"ListItem","position":1,"name":"Portada","item":"https:\/\/buressa.com\/en\/"},{"@type":"ListItem","position":2,"name":"Productos","item":"https:\/\/buressa.com\/es\/shop\/"},{"@type":"ListItem","position":3,"name":"(ES) Recebo B\u00e1sico"}]},{"@type":"WebSite","@id":"https:\/\/buressa.com\/en\/#website","url":"https:\/\/buressa.com\/en\/","name":"Bur\u00e9s S.A.U.","description":"Bur\u00e9s, la buena tierra. Fabricantes de tierras y sustratos para jardiner\u00eda.","publisher":{"@id":"https:\/\/buressa.com\/en\/#organization"},"potentialAction":[{"@type":"SearchAction","target":{"@type":"EntryPoint","urlTemplate":"https:\/\/buressa.com\/en\/?s={search_term_string}"},"query-input":"required name=search_term_string"}],"inLanguage":"ca"},{"@type":"Organization","@id":"https:\/\/buressa.com\/en\/#organization","name":"BUR\u00c9S, S.A.U.","url":"https:\/\/buressa.com\/en\/","logo":{"@type":"ImageObject","inLanguage":"ca","@id":"https:\/\/buressa.com\/en\/#\/schema\/logo\/image\/","url":"https:\/\/buressa.com\/wp-content\/uploads\/2015\/06\/bures-sense-marge-marro_ok.png","contentUrl":"https:\/\/buressa.com\/wp-content\/uploads\/2015\/06\/bures-sense-marge-marro_ok.png","width":141,"height":102,"caption":"BUR\u00c9S, S.A.U."},"image":{"@id":"https:\/\/buressa.com\/en\/#\/schema\/logo\/image\/"}}]}},"_links":{"self":[{"href":"https:\/\/buressa.com\/ca\/wp-json\/wp\/v2\/product\/159"}],"collection":[{"href":"https:\/\/buressa.com\/ca\/wp-json\/wp\/v2\/product"}],"about":[{"href":"https:\/\/buressa.com\/ca\/wp-json\/wp\/v2\/types\/product"}],"replies":[{"embeddable":true,"href":"https:\/\/buressa.com\/ca\/wp-json\/wp\/v2\/comments?post=159"}],"wp:featuredmedia":[{"embeddable":true,"href":"https:\/\/buressa.com\/ca\/wp-json\/wp\/v2\/media\/278"}],"wp:attachment":[{"href":"https:\/\/buressa.com\/ca\/wp-json\/wp\/v2\/media?parent=159"}],"curies":[{"name":"wp","href":"https:\/\/api.w.org\/{rel}","templated":true}]}}