{"id":161,"date":"2015-07-10T15:13:43","date_gmt":"2015-07-10T15:13:43","guid":{"rendered":"http:\/\/buressa.com\/?post_type=product&#038;p=161"},"modified":"2021-06-08T12:19:18","modified_gmt":"2021-06-08T10:19:18","slug":"recebo-green-2000","status":"publish","type":"product","link":"https:\/\/buressa.com\/ca\/producte\/enceball-recebo-green-2000\/","title":{"rendered":"Recebo Green 2000"},"content":{"rendered":"L&#8217;Enceball &#8211; Recebo Green 2000 \u00e9s un substrat especial per l&#8217;enceball de gespes i prats ornamentals. \u00c9s un producte amb un elevat contingut en sorra\u00a0 fina, enriquit en mat\u00e8ria org\u00e0nica i amb fertilitzant mineral. Es tracta d&#8217;un enceball m\u00e9s lleuger degut a un major contingut en mat\u00e8ria org\u00e0nica.<\/p>\n<p>-Ideal per a la recuperaci\u00f3 de gespes: estimula l&#8217;aparici\u00f3 de brots i arrels noves.<\/p>\n<p>-La seva incorporaci\u00f3 prepara la gespa per a tolerar millor les condicions d&#8217;estr\u00e9s: gespa m\u00e9s resistent.<\/p>\n<p>-Millora la reserva d&#8217;aigua del s\u00f2l i el drenatge.<\/p>\n<p>-Producte de f\u00e0cil distribuci\u00f3 i penetraci\u00f3 al s\u00f2l.<\/p>\n<p>L&#8217;Enceball &#8211; Recebo Green 2000 \u00e9s ideal per a la regeneraci\u00f3 de gespes implantades, tamb\u00e9 garanteix un bon arrelament al s\u00f2l de tepes i sembres.<\/p>\n<p>&nbsp;<\/p>\n<p>Dosis de aplicaci\u00f3 recomanada:\u00a0 Aplicar per sobre de la gespa de forma homog\u00e8nia en un gruix de 1 a 1,5 cm, passar el rasclet i regar. Pr\u00e8vi a la seva incorporaci\u00f3 s&#8217;ha de realitzar una sega baixa i un escarificat de la gespa.\u00a0 Un sac de 50 litres para 3 a 5 m<sup>2<\/sup>.","protected":false},"excerpt":{"rendered":"<p>L&#8217;Enceball &#8211; Recebo Green 2000 \u00e9s un substrat especial per l&#8217;enceball de gespes i prats ornamentals. \u00c9s un producte amb un elevat contingut en sorra\u00a0 fina, enriquit en mat\u00e8ria org\u00e0nica i amb fertilitzant mineral. Es tracta d&#8217;un enceball m\u00e9s lleuger degut a un major contingut en mat\u00e8ria org\u00e0nica. -Ideal per a la recuperaci\u00f3 de gespes:&#8230;<\/p>\n","protected":false},"featured_media":1142,"comment_status":"open","ping_status":"closed","template":"","meta":[],"yoast_head":"<!-- This site is optimized with the Yoast SEO plugin v19.10 - https:\/\/yoast.com\/wordpress\/plugins\/seo\/ -->\n<title>Recebo Green 2000, especial para el recebado del c\u00e9sped.<\/title>\n<meta name=\"description\" content=\"El Recebo Green 2000 prepara el c\u00e9sped para tolerar mejor condiciones de estr\u00e9s (c\u00e9sped m\u00e1s resistente) y garantiza su buena regeneraci\u00f3n.\" \/>\n<meta name=\"robots\" content=\"index, follow, max-snippet:-1, max-image-preview:large, max-video-preview:-1\" \/>\n<link rel=\"canonical\" href=\"https:\/\/buressa.com\/es\/producto\/recebo-green-2000\/\" \/>\n<meta property=\"og:locale\" content=\"ca_ES\" \/>\n<meta property=\"og:type\" content=\"article\" \/>\n<meta property=\"og:title\" content=\"Recebo Green 2000, especial para el recebado del c\u00e9sped.\" \/>\n<meta property=\"og:description\" content=\"El Recebo Green 2000 prepara el c\u00e9sped para tolerar mejor condiciones de estr\u00e9s (c\u00e9sped m\u00e1s resistente) y garantiza su buena regeneraci\u00f3n.\" \/>\n<meta property=\"og:url\" content=\"https:\/\/buressa.com\/es\/producto\/recebo-green-2000\/\" \/>\n<meta property=\"og:site_name\" content=\"Bur\u00e9s S.A.U.\" \/>\n<meta property=\"article:modified_time\" content=\"2021-06-08T10:19:18+00:00\" \/>\n<meta property=\"og:image\" content=\"https:\/\/buressa.com\/wp-content\/uploads\/2015\/07\/Recebo-Green-2000.png\" \/>\n\t<meta property=\"og:image:width\" content=\"700\" \/>\n\t<meta property=\"og:image:height\" content=\"450\" \/>\n\t<meta property=\"og:image:type\" content=\"image\/png\" \/>\n<meta name=\"twitter:card\" content=\"summary_large_image\" \/>\n<meta name=\"twitter:label1\" content=\"Temps estimat de lectura\" \/>\n\t<meta name=\"twitter:data1\" content=\"2 minuts\" \/>\n<script type=\"application\/ld+json\" class=\"yoast-schema-graph\">{\"@context\":\"https:\/\/schema.org\",\"@graph\":[{\"@type\":\"WebPage\",\"@id\":\"https:\/\/buressa.com\/es\/producto\/recebo-green-2000\/\",\"url\":\"https:\/\/buressa.com\/es\/producto\/recebo-green-2000\/\",\"name\":\"Recebo Green 2000, especial para el recebado del c\u00e9sped.\",\"isPartOf\":{\"@id\":\"https:\/\/buressa.com\/en\/#website\"},\"datePublished\":\"2015-07-10T15:13:43+00:00\",\"dateModified\":\"2021-06-08T10:19:18+00:00\",\"description\":\"El Recebo Green 2000 prepara el c\u00e9sped para tolerar mejor condiciones de estr\u00e9s (c\u00e9sped m\u00e1s resistente) y garantiza su buena regeneraci\u00f3n.\",\"breadcrumb\":{\"@id\":\"https:\/\/buressa.com\/es\/producto\/recebo-green-2000\/#breadcrumb\"},\"inLanguage\":\"ca\",\"potentialAction\":[{\"@type\":\"ReadAction\",\"target\":[\"https:\/\/buressa.com\/es\/producto\/recebo-green-2000\/\"]}]},{\"@type\":\"BreadcrumbList\",\"@id\":\"https:\/\/buressa.com\/es\/producto\/recebo-green-2000\/#breadcrumb\",\"itemListElement\":[{\"@type\":\"ListItem\",\"position\":1,\"name\":\"Portada\",\"item\":\"https:\/\/buressa.com\/en\/\"},{\"@type\":\"ListItem\",\"position\":2,\"name\":\"Productos\",\"item\":\"https:\/\/buressa.com\/es\/shop\/\"},{\"@type\":\"ListItem\",\"position\":3,\"name\":\"Recebo Green 2000\"}]},{\"@type\":\"WebSite\",\"@id\":\"https:\/\/buressa.com\/en\/#website\",\"url\":\"https:\/\/buressa.com\/en\/\",\"name\":\"Bur\u00e9s S.A.U.\",\"description\":\"Bur\u00e9s, la buena tierra. Fabricantes de tierras y sustratos para jardiner\u00eda.\",\"publisher\":{\"@id\":\"https:\/\/buressa.com\/en\/#organization\"},\"potentialAction\":[{\"@type\":\"SearchAction\",\"target\":{\"@type\":\"EntryPoint\",\"urlTemplate\":\"https:\/\/buressa.com\/en\/?s={search_term_string}\"},\"query-input\":\"required name=search_term_string\"}],\"inLanguage\":\"ca\"},{\"@type\":\"Organization\",\"@id\":\"https:\/\/buressa.com\/en\/#organization\",\"name\":\"BUR\u00c9S, S.A.U.\",\"url\":\"https:\/\/buressa.com\/en\/\",\"logo\":{\"@type\":\"ImageObject\",\"inLanguage\":\"ca\",\"@id\":\"https:\/\/buressa.com\/en\/#\/schema\/logo\/image\/\",\"url\":\"https:\/\/buressa.com\/wp-content\/uploads\/2015\/06\/bures-sense-marge-marro_ok.png\",\"contentUrl\":\"https:\/\/buressa.com\/wp-content\/uploads\/2015\/06\/bures-sense-marge-marro_ok.png\",\"width\":141,\"height\":102,\"caption\":\"BUR\u00c9S, S.A.U.\"},\"image\":{\"@id\":\"https:\/\/buressa.com\/en\/#\/schema\/logo\/image\/\"}}]}<\/script>\n<!-- \/ Yoast SEO plugin. -->","yoast_head_json":{"title":"Recebo Green 2000, especial para el recebado del c\u00e9sped.","description":"El Recebo Green 2000 prepara el c\u00e9sped para tolerar mejor condiciones de estr\u00e9s (c\u00e9sped m\u00e1s resistente) y garantiza su buena regeneraci\u00f3n.","robots":{"index":"index","follow":"follow","max-snippet":"max-snippet:-1","max-image-preview":"max-image-preview:large","max-video-preview":"max-video-preview:-1"},"canonical":"https:\/\/buressa.com\/es\/producto\/recebo-green-2000\/","og_locale":"ca_ES","og_type":"article","og_title":"Recebo Green 2000, especial para el recebado del c\u00e9sped.","og_description":"El Recebo Green 2000 prepara el c\u00e9sped para tolerar mejor condiciones de estr\u00e9s (c\u00e9sped m\u00e1s resistente) y garantiza su buena regeneraci\u00f3n.","og_url":"https:\/\/buressa.com\/es\/producto\/recebo-green-2000\/","og_site_name":"Bur\u00e9s S.A.U.","article_modified_time":"2021-06-08T10:19:18+00:00","og_image":[{"width":700,"height":450,"url":"https:\/\/buressa.com\/wp-content\/uploads\/2015\/07\/Recebo-Green-2000.png","type":"image\/png"}],"twitter_card":"summary_large_image","twitter_misc":{"Temps estimat de lectura":"2 minuts"},"schema":{"@context":"https:\/\/schema.org","@graph":[{"@type":"WebPage","@id":"https:\/\/buressa.com\/es\/producto\/recebo-green-2000\/","url":"https:\/\/buressa.com\/es\/producto\/recebo-green-2000\/","name":"Recebo Green 2000, especial para el recebado del c\u00e9sped.","isPartOf":{"@id":"https:\/\/buressa.com\/en\/#website"},"datePublished":"2015-07-10T15:13:43+00:00","dateModified":"2021-06-08T10:19:18+00:00","description":"El Recebo Green 2000 prepara el c\u00e9sped para tolerar mejor condiciones de estr\u00e9s (c\u00e9sped m\u00e1s resistente) y garantiza su buena regeneraci\u00f3n.","breadcrumb":{"@id":"https:\/\/buressa.com\/es\/producto\/recebo-green-2000\/#breadcrumb"},"inLanguage":"ca","potentialAction":[{"@type":"ReadAction","target":["https:\/\/buressa.com\/es\/producto\/recebo-green-2000\/"]}]},{"@type":"BreadcrumbList","@id":"https:\/\/buressa.com\/es\/producto\/recebo-green-2000\/#breadcrumb","itemListElement":[{"@type":"ListItem","position":1,"name":"Portada","item":"https:\/\/buressa.com\/en\/"},{"@type":"ListItem","position":2,"name":"Productos","item":"https:\/\/buressa.com\/es\/shop\/"},{"@type":"ListItem","position":3,"name":"Recebo Green 2000"}]},{"@type":"WebSite","@id":"https:\/\/buressa.com\/en\/#website","url":"https:\/\/buressa.com\/en\/","name":"Bur\u00e9s S.A.U.","description":"Bur\u00e9s, la buena tierra. Fabricantes de tierras y sustratos para jardiner\u00eda.","publisher":{"@id":"https:\/\/buressa.com\/en\/#organization"},"potentialAction":[{"@type":"SearchAction","target":{"@type":"EntryPoint","urlTemplate":"https:\/\/buressa.com\/en\/?s={search_term_string}"},"query-input":"required name=search_term_string"}],"inLanguage":"ca"},{"@type":"Organization","@id":"https:\/\/buressa.com\/en\/#organization","name":"BUR\u00c9S, S.A.U.","url":"https:\/\/buressa.com\/en\/","logo":{"@type":"ImageObject","inLanguage":"ca","@id":"https:\/\/buressa.com\/en\/#\/schema\/logo\/image\/","url":"https:\/\/buressa.com\/wp-content\/uploads\/2015\/06\/bures-sense-marge-marro_ok.png","contentUrl":"https:\/\/buressa.com\/wp-content\/uploads\/2015\/06\/bures-sense-marge-marro_ok.png","width":141,"height":102,"caption":"BUR\u00c9S, S.A.U."},"image":{"@id":"https:\/\/buressa.com\/en\/#\/schema\/logo\/image\/"}}]}},"_links":{"self":[{"href":"https:\/\/buressa.com\/ca\/wp-json\/wp\/v2\/product\/161"}],"collection":[{"href":"https:\/\/buressa.com\/ca\/wp-json\/wp\/v2\/product"}],"about":[{"href":"https:\/\/buressa.com\/ca\/wp-json\/wp\/v2\/types\/product"}],"replies":[{"embeddable":true,"href":"https:\/\/buressa.com\/ca\/wp-json\/wp\/v2\/comments?post=161"}],"wp:featuredmedia":[{"embeddable":true,"href":"https:\/\/buressa.com\/ca\/wp-json\/wp\/v2\/media\/1142"}],"wp:attachment":[{"href":"https:\/\/buressa.com\/ca\/wp-json\/wp\/v2\/media?parent=161"}],"curies":[{"name":"wp","href":"https:\/\/api.w.org\/{rel}","templated":true}]}}