{"id":1617,"date":"2020-07-20T12:49:21","date_gmt":"2020-07-20T10:49:21","guid":{"rendered":"https:\/\/buressa.com\/es\/?post_type=product&#038;p=1617"},"modified":"2021-06-29T11:27:20","modified_gmt":"2021-06-29T09:27:20","slug":"jardin-vertical-biofiver","status":"publish","type":"product","link":"https:\/\/buressa.com\/ca\/producte\/es-jardines-verticales\/","title":{"rendered":"Jard\u00ed Vertical Biofiver\u00ae"},"content":{"rendered":"BIOFIVER\u00ae \u00e9s un sistema patentat i dissenyat per a la creaci\u00f3 de jardins verticals, tant en instal\u00b7lacions d&#8217;exterior com interiors.<\/p>\n<p>BIOFIVER\u00ae est\u00e0 format per una estructura modular reticulada, amb la particularitat que la part frontal est\u00e0 completament plena de substrat org\u00e0nic enriquit, que permet un desenvolupament complet de les arrels de les plantes afavorint aix\u00ed un creixement m\u00e9s natural,\u00a0 i la part posterior\u00a0 d&#8217;aquest m\u00f2dul esta buida i permet la circulaci\u00f3 de l&#8217;aire i la seva biofiltraci\u00f3 per part dels microorganismes.<\/p>\n<p>&nbsp;<\/p>\n<p><strong>M\u00d2DUL VEGETAL DEPURADOR BIOFIVER\u00ae<\/strong><\/p>\n<p>M\u00f2dul de dues estructures tridimensionals reticulades de cel\u00b7les de polipropil\u00e8 reciclat. Una de las estructures est\u00e0 plena de substrat i l&#8217;altre queda buida generant un espai buit per a la circulaci\u00f3 de l&#8217;aire. Entremig de les dues capes es col\u00b7loca una tela hidr\u00f2fila per a la distribuci\u00f3 del reg.<\/p>\n<p>La capa exterior cont\u00e9 un substrat org\u00e0nic enriquit, que permet un desenvolupament complet de les arrels per afavorir la biofiltraci\u00f3 per microorganismes.<\/p>\n<p>El sistema BIOFIVER\u00ae disposa d&#8217;un sistema de reg per exudaci\u00f3 que permet que tota la superf\u00edcie enjardinada creada amb aquests m\u00f2duls tingui la mateixa quantitat de reg en qualsevol punt. Aix\u00f2\u00a0 afavoreix que es pugui calcular perfectament el reg necessari per als jardins i un estalvi en consum d&#8217;aigua.<\/p>\n<p>El sistema modular permet l&#8217;adaptaci\u00f3 dels jardins verticals a qualsevol superf\u00edcie sense l\u00edmit de mida i al\u00e7ada. Permet igualment modificacions posteriors dels jardins verticals\u00a0 sense afectaci\u00f3 a la resta de la estructura.<\/p>\n<p><strong>BENEFICIS DEL SISTEMA BIOFIVER\u00ae<\/strong><\/p>\n<p>La creaci\u00f3 d&#8217;un jard\u00ed vertical amb el m\u00f2dul BIOFIVER\u00ae t\u00e9 els seg\u00fcents beneficis:<\/p>\n<ul>\n<li>F\u00e0cil i r\u00e0pida instal\u00b7laci\u00f3 gr\u00e0cies a les seves guies i ganxos de fixaci\u00f3.<\/li>\n<li>Plantaci\u00f3 en substrat org\u00e0nic enriquit, generant un creixement homogeni, estable i m\u00e9s natural.<\/li>\n<li>Menor manteniment que altres sistemes gr\u00e0cies a aquest creixement lent.<\/li>\n<li>Menor depend\u00e8ncia de l&#8217;aigua en comparativa amb els sistemes hidrop\u00f2nics.<\/li>\n<li>Biofiltraci\u00f3 natural d&#8217;elements vol\u00e0tils contaminants gr\u00e0cies a la circulaci\u00f3 d&#8217;aire darrere de la vegetaci\u00f3.<\/li>\n<li>Possibilitat d&#8217;acabats personalitzats.<\/li>\n<li>Gran capacitat d&#8217;adaptaci\u00f3 a diferents dissenys e instal\u00b7lacions.<\/li>\n<li>Distribuci\u00f3 homog\u00e8nia del reg a trav\u00e9s del geot\u00e8xtil posterior.<\/li>\n<\/ul>","protected":false},"excerpt":{"rendered":"<p>BIOFIVER\u00ae \u00e9s un sistema patentat i dissenyat per a la creaci\u00f3 de jardins verticals, tant en instal\u00b7lacions d&#8217;exterior com interiors. BIOFIVER\u00ae est\u00e0 format per una estructura modular reticulada, amb la particularitat que la part frontal est\u00e0 completament plena de substrat org\u00e0nic enriquit, que permet un desenvolupament complet de les arrels de les plantes afavorint aix\u00ed&#8230;<\/p>\n","protected":false},"featured_media":1782,"comment_status":"open","ping_status":"closed","template":"","meta":[],"yoast_head":"<!-- This site is optimized with the Yoast SEO plugin v19.10 - https:\/\/yoast.com\/wordpress\/plugins\/seo\/ -->\n<title>Jard\u00ed Vertical Biofiver\u00ae - Bur\u00e9s S.A.U.<\/title>\n<meta name=\"robots\" content=\"index, follow, max-snippet:-1, max-image-preview:large, max-video-preview:-1\" \/>\n<link rel=\"canonical\" href=\"https:\/\/buressa.com\/es\/producto\/jardines-verticales\/\" \/>\n<meta property=\"og:locale\" content=\"ca_ES\" \/>\n<meta property=\"og:type\" content=\"article\" \/>\n<meta property=\"og:title\" content=\"[:es]Jard\u00edn Vertical Biofiver\u00ae[:ca]Jard\u00ed Vertical Biofiver\u00ae[:] - Bur\u00e9s S.A.U.\" \/>\n<meta property=\"og:description\" content=\"BIOFIVER\u00ae \u00e9s un sistema patentat i dissenyat per a la creaci\u00f3 de jardins verticals, tant en instal\u00b7lacions d&#8217;exterior com interiors. BIOFIVER\u00ae est\u00e0 format per una estructura modular reticulada, amb la particularitat que la part frontal est\u00e0 completament plena de substrat org\u00e0nic enriquit, que permet un desenvolupament complet de les arrels de les plantes afavorint aix\u00ed...\" \/>\n<meta property=\"og:url\" content=\"https:\/\/buressa.com\/es\/producto\/jardines-verticales\/\" \/>\n<meta property=\"og:site_name\" content=\"Bur\u00e9s S.A.U.\" \/>\n<meta property=\"article:modified_time\" content=\"2021-06-29T09:27:20+00:00\" \/>\n<meta property=\"og:image\" content=\"https:\/\/buressa.com\/wp-content\/uploads\/2020\/07\/Biofiver-Crisalia-2.jpg\" \/>\n\t<meta property=\"og:image:width\" content=\"1600\" \/>\n\t<meta property=\"og:image:height\" content=\"1200\" \/>\n\t<meta property=\"og:image:type\" content=\"image\/jpeg\" \/>\n<meta name=\"twitter:card\" content=\"summary_large_image\" \/>\n<meta name=\"twitter:label1\" content=\"Temps estimat de lectura\" \/>\n\t<meta name=\"twitter:data1\" content=\"4 minuts\" \/>\n<script type=\"application\/ld+json\" class=\"yoast-schema-graph\">{\"@context\":\"https:\/\/schema.org\",\"@graph\":[{\"@type\":\"WebPage\",\"@id\":\"https:\/\/buressa.com\/es\/producto\/jardines-verticales\/\",\"url\":\"https:\/\/buressa.com\/es\/producto\/jardines-verticales\/\",\"name\":\"[:es]Jard\u00edn Vertical Biofiver\u00ae[:ca]Jard\u00ed Vertical Biofiver\u00ae[:] - Bur\u00e9s S.A.U.\",\"isPartOf\":{\"@id\":\"https:\/\/buressa.com\/en\/#website\"},\"datePublished\":\"2020-07-20T10:49:21+00:00\",\"dateModified\":\"2021-06-29T09:27:20+00:00\",\"breadcrumb\":{\"@id\":\"https:\/\/buressa.com\/es\/producto\/jardines-verticales\/#breadcrumb\"},\"inLanguage\":\"ca\",\"potentialAction\":[{\"@type\":\"ReadAction\",\"target\":[\"https:\/\/buressa.com\/es\/producto\/jardines-verticales\/\"]}]},{\"@type\":\"BreadcrumbList\",\"@id\":\"https:\/\/buressa.com\/es\/producto\/jardines-verticales\/#breadcrumb\",\"itemListElement\":[{\"@type\":\"ListItem\",\"position\":1,\"name\":\"Portada\",\"item\":\"https:\/\/buressa.com\/en\/\"},{\"@type\":\"ListItem\",\"position\":2,\"name\":\"Productos\",\"item\":\"https:\/\/buressa.com\/es\/shop\/\"},{\"@type\":\"ListItem\",\"position\":3,\"name\":\"Jard\u00edn Vertical Biofiver\u00ae\"}]},{\"@type\":\"WebSite\",\"@id\":\"https:\/\/buressa.com\/en\/#website\",\"url\":\"https:\/\/buressa.com\/en\/\",\"name\":\"Bur\u00e9s S.A.U.\",\"description\":\"Bur\u00e9s, la buena tierra. Fabricantes de tierras y sustratos para jardiner\u00eda.\",\"publisher\":{\"@id\":\"https:\/\/buressa.com\/en\/#organization\"},\"potentialAction\":[{\"@type\":\"SearchAction\",\"target\":{\"@type\":\"EntryPoint\",\"urlTemplate\":\"https:\/\/buressa.com\/en\/?s={search_term_string}\"},\"query-input\":\"required name=search_term_string\"}],\"inLanguage\":\"ca\"},{\"@type\":\"Organization\",\"@id\":\"https:\/\/buressa.com\/en\/#organization\",\"name\":\"BUR\u00c9S, S.A.U.\",\"url\":\"https:\/\/buressa.com\/en\/\",\"logo\":{\"@type\":\"ImageObject\",\"inLanguage\":\"ca\",\"@id\":\"https:\/\/buressa.com\/en\/#\/schema\/logo\/image\/\",\"url\":\"https:\/\/buressa.com\/wp-content\/uploads\/2015\/06\/bures-sense-marge-marro_ok.png\",\"contentUrl\":\"https:\/\/buressa.com\/wp-content\/uploads\/2015\/06\/bures-sense-marge-marro_ok.png\",\"width\":141,\"height\":102,\"caption\":\"BUR\u00c9S, S.A.U.\"},\"image\":{\"@id\":\"https:\/\/buressa.com\/en\/#\/schema\/logo\/image\/\"}}]}<\/script>\n<!-- \/ Yoast SEO plugin. -->","yoast_head_json":{"title":"[:es]Jard\u00edn Vertical Biofiver\u00ae[:ca]Jard\u00ed Vertical Biofiver\u00ae[:] - Bur\u00e9s S.A.U.","robots":{"index":"index","follow":"follow","max-snippet":"max-snippet:-1","max-image-preview":"max-image-preview:large","max-video-preview":"max-video-preview:-1"},"canonical":"https:\/\/buressa.com\/es\/producto\/jardines-verticales\/","og_locale":"ca_ES","og_type":"article","og_title":"[:es]Jard\u00edn Vertical Biofiver\u00ae[:ca]Jard\u00ed Vertical Biofiver\u00ae[:] - Bur\u00e9s S.A.U.","og_description":"BIOFIVER\u00ae \u00e9s un sistema patentat i dissenyat per a la creaci\u00f3 de jardins verticals, tant en instal\u00b7lacions d&#8217;exterior com interiors. BIOFIVER\u00ae est\u00e0 format per una estructura modular reticulada, amb la particularitat que la part frontal est\u00e0 completament plena de substrat org\u00e0nic enriquit, que permet un desenvolupament complet de les arrels de les plantes afavorint aix\u00ed...","og_url":"https:\/\/buressa.com\/es\/producto\/jardines-verticales\/","og_site_name":"Bur\u00e9s S.A.U.","article_modified_time":"2021-06-29T09:27:20+00:00","og_image":[{"width":1600,"height":1200,"url":"https:\/\/buressa.com\/wp-content\/uploads\/2020\/07\/Biofiver-Crisalia-2.jpg","type":"image\/jpeg"}],"twitter_card":"summary_large_image","twitter_misc":{"Temps estimat de lectura":"4 minuts"},"schema":{"@context":"https:\/\/schema.org","@graph":[{"@type":"WebPage","@id":"https:\/\/buressa.com\/es\/producto\/jardines-verticales\/","url":"https:\/\/buressa.com\/es\/producto\/jardines-verticales\/","name":"[:es]Jard\u00edn Vertical Biofiver\u00ae[:ca]Jard\u00ed Vertical Biofiver\u00ae[:] - Bur\u00e9s S.A.U.","isPartOf":{"@id":"https:\/\/buressa.com\/en\/#website"},"datePublished":"2020-07-20T10:49:21+00:00","dateModified":"2021-06-29T09:27:20+00:00","breadcrumb":{"@id":"https:\/\/buressa.com\/es\/producto\/jardines-verticales\/#breadcrumb"},"inLanguage":"ca","potentialAction":[{"@type":"ReadAction","target":["https:\/\/buressa.com\/es\/producto\/jardines-verticales\/"]}]},{"@type":"BreadcrumbList","@id":"https:\/\/buressa.com\/es\/producto\/jardines-verticales\/#breadcrumb","itemListElement":[{"@type":"ListItem","position":1,"name":"Portada","item":"https:\/\/buressa.com\/en\/"},{"@type":"ListItem","position":2,"name":"Productos","item":"https:\/\/buressa.com\/es\/shop\/"},{"@type":"ListItem","position":3,"name":"Jard\u00edn Vertical Biofiver\u00ae"}]},{"@type":"WebSite","@id":"https:\/\/buressa.com\/en\/#website","url":"https:\/\/buressa.com\/en\/","name":"Bur\u00e9s S.A.U.","description":"Bur\u00e9s, la buena tierra. Fabricantes de tierras y sustratos para jardiner\u00eda.","publisher":{"@id":"https:\/\/buressa.com\/en\/#organization"},"potentialAction":[{"@type":"SearchAction","target":{"@type":"EntryPoint","urlTemplate":"https:\/\/buressa.com\/en\/?s={search_term_string}"},"query-input":"required name=search_term_string"}],"inLanguage":"ca"},{"@type":"Organization","@id":"https:\/\/buressa.com\/en\/#organization","name":"BUR\u00c9S, S.A.U.","url":"https:\/\/buressa.com\/en\/","logo":{"@type":"ImageObject","inLanguage":"ca","@id":"https:\/\/buressa.com\/en\/#\/schema\/logo\/image\/","url":"https:\/\/buressa.com\/wp-content\/uploads\/2015\/06\/bures-sense-marge-marro_ok.png","contentUrl":"https:\/\/buressa.com\/wp-content\/uploads\/2015\/06\/bures-sense-marge-marro_ok.png","width":141,"height":102,"caption":"BUR\u00c9S, S.A.U."},"image":{"@id":"https:\/\/buressa.com\/en\/#\/schema\/logo\/image\/"}}]}},"_links":{"self":[{"href":"https:\/\/buressa.com\/ca\/wp-json\/wp\/v2\/product\/1617"}],"collection":[{"href":"https:\/\/buressa.com\/ca\/wp-json\/wp\/v2\/product"}],"about":[{"href":"https:\/\/buressa.com\/ca\/wp-json\/wp\/v2\/types\/product"}],"replies":[{"embeddable":true,"href":"https:\/\/buressa.com\/ca\/wp-json\/wp\/v2\/comments?post=1617"}],"wp:featuredmedia":[{"embeddable":true,"href":"https:\/\/buressa.com\/ca\/wp-json\/wp\/v2\/media\/1782"}],"wp:attachment":[{"href":"https:\/\/buressa.com\/ca\/wp-json\/wp\/v2\/media?parent=1617"}],"curies":[{"name":"wp","href":"https:\/\/api.w.org\/{rel}","templated":true}]}}