{"id":162,"date":"2015-07-10T15:15:37","date_gmt":"2015-07-10T15:15:37","guid":{"rendered":"http:\/\/buressa.com\/?post_type=product&#038;p=162"},"modified":"2021-06-08T12:17:46","modified_gmt":"2021-06-08T10:17:46","slug":"recebo-profesional-40","status":"publish","type":"product","link":"https:\/\/buressa.com\/ca\/producte\/enceball-profesional-40\/","title":{"rendered":"Enceball Profesional 40"},"content":{"rendered":"L&#8217;Enceball Professional 40 \u00e9s un substrat especial per a la cura de la gespa que incorpora una elevada fracci\u00f3 mineral, m\u00e9s sorra, i un menor contingut en mat\u00e8ria org\u00e0nica. \u00c9s ideal per al recebat de gespes i prats ornamentals, est\u00e0 fertilitzat i \u00e9s un porducte adaptat a \u00fas professional.<\/p>\n<p>\u00c9s un substrat de barreja que estimula a la planta per produir brots i arrels noves. Com a conseq\u00fc\u00e8ncia s&#8217;obt\u00e9\u00a0 una gespa m\u00e9s densa, m\u00e9s resistent i que ajuda a combatre la implantaci\u00f3 de males herbes i l&#8217;aparici\u00f3 de molses.<\/p>\n<p>L&#8217;Enceball Professional 40 \u00e9s un producte de m\u00e9s densitat, m\u00e9s pesat, que at\u00e8s a les caracter\u00edstiques\u00a0 de la sorra que incorpora presenta una f\u00e0cil distribuci\u00f3 sobre el terreny:\u00a0 millora la penetraci\u00f3 a la gespa durant la acci\u00f3 d&#8217;encebar.<\/p>\n<p>-Estimula l&#8217;aparici\u00f3 de brots i arrels nous.<\/p>\n<p>-Molt bona capacitat d&#8217;incorporaci\u00f3 al s\u00f2l at\u00e8s a la mida de la part\u00edcula de la sorra.<\/p>\n<p>-Millora la retenci\u00f3 d&#8217;aigua del s\u00f2l i el seu drenatge.<\/p>\n<p>&nbsp;<\/p>\n<p>Dosis d&#8217;aplicaci\u00f3 recomanada: Aplicar en un gruix de 1 a 1,5 cm. Un sac de 30 litres para 2 a 3 m<sup>2<\/sup>.","protected":false},"excerpt":{"rendered":"<p>L&#8217;Enceball Professional 40 \u00e9s un substrat especial per a la cura de la gespa que incorpora una elevada fracci\u00f3 mineral, m\u00e9s sorra, i un menor contingut en mat\u00e8ria org\u00e0nica. \u00c9s ideal per al recebat de gespes i prats ornamentals, est\u00e0 fertilitzat i \u00e9s un porducte adaptat a \u00fas professional. \u00c9s un substrat de barreja que&#8230;<\/p>\n","protected":false},"featured_media":1132,"comment_status":"open","ping_status":"closed","template":"","meta":[],"yoast_head":"<!-- This site is optimized with the Yoast SEO plugin v19.10 - https:\/\/yoast.com\/wordpress\/plugins\/seo\/ -->\n<title>Recebo Profesional 40 para el cuidado del c\u00e9sped.<\/title>\n<meta name=\"description\" content=\"Sustrato especial de recebado con un alto contenido en arena, ideal para el recebado del c\u00e9sped y praderas. Estimula la aparci\u00f3n de brotes y ra\u00edces nuevas.\" \/>\n<meta name=\"robots\" content=\"index, follow, max-snippet:-1, max-image-preview:large, max-video-preview:-1\" \/>\n<link rel=\"canonical\" href=\"https:\/\/buressa.com\/en\/product\/es-recebo-profesional-40\/\" \/>\n<meta property=\"og:locale\" content=\"ca_ES\" \/>\n<meta property=\"og:type\" content=\"article\" \/>\n<meta property=\"og:title\" content=\"Recebo Profesional 40 para el cuidado del c\u00e9sped.\" \/>\n<meta property=\"og:description\" content=\"Sustrato especial de recebado con un alto contenido en arena, ideal para el recebado del c\u00e9sped y praderas. Estimula la aparci\u00f3n de brotes y ra\u00edces nuevas.\" \/>\n<meta property=\"og:url\" content=\"https:\/\/buressa.com\/en\/product\/es-recebo-profesional-40\/\" \/>\n<meta property=\"og:site_name\" content=\"Bur\u00e9s S.A.U.\" \/>\n<meta property=\"article:modified_time\" content=\"2021-06-08T10:17:46+00:00\" \/>\n<meta property=\"og:image\" content=\"https:\/\/buressa.com\/wp-content\/uploads\/2015\/07\/Recebo-Profesional-40L.png\" \/>\n\t<meta property=\"og:image:width\" content=\"700\" \/>\n\t<meta property=\"og:image:height\" content=\"450\" \/>\n\t<meta property=\"og:image:type\" content=\"image\/png\" \/>\n<meta name=\"twitter:card\" content=\"summary_large_image\" \/>\n<meta name=\"twitter:label1\" content=\"Temps estimat de lectura\" \/>\n\t<meta name=\"twitter:data1\" content=\"2 minuts\" \/>\n<script type=\"application\/ld+json\" class=\"yoast-schema-graph\">{\"@context\":\"https:\/\/schema.org\",\"@graph\":[{\"@type\":\"WebPage\",\"@id\":\"https:\/\/buressa.com\/en\/product\/es-recebo-profesional-40\/\",\"url\":\"https:\/\/buressa.com\/en\/product\/es-recebo-profesional-40\/\",\"name\":\"Recebo Profesional 40 para el cuidado del c\u00e9sped.\",\"isPartOf\":{\"@id\":\"https:\/\/buressa.com\/en\/#website\"},\"datePublished\":\"2015-07-10T15:15:37+00:00\",\"dateModified\":\"2021-06-08T10:17:46+00:00\",\"description\":\"Sustrato especial de recebado con un alto contenido en arena, ideal para el recebado del c\u00e9sped y praderas. Estimula la aparci\u00f3n de brotes y ra\u00edces nuevas.\",\"breadcrumb\":{\"@id\":\"https:\/\/buressa.com\/en\/product\/es-recebo-profesional-40\/#breadcrumb\"},\"inLanguage\":\"ca\",\"potentialAction\":[{\"@type\":\"ReadAction\",\"target\":[\"https:\/\/buressa.com\/en\/product\/es-recebo-profesional-40\/\"]}]},{\"@type\":\"BreadcrumbList\",\"@id\":\"https:\/\/buressa.com\/en\/product\/es-recebo-profesional-40\/#breadcrumb\",\"itemListElement\":[{\"@type\":\"ListItem\",\"position\":1,\"name\":\"Portada\",\"item\":\"https:\/\/buressa.com\/en\/\"},{\"@type\":\"ListItem\",\"position\":2,\"name\":\"Productos\",\"item\":\"https:\/\/buressa.com\/es\/shop\/\"},{\"@type\":\"ListItem\",\"position\":3,\"name\":\"(ES) Recebo Profesional 40\"}]},{\"@type\":\"WebSite\",\"@id\":\"https:\/\/buressa.com\/en\/#website\",\"url\":\"https:\/\/buressa.com\/en\/\",\"name\":\"Bur\u00e9s S.A.U.\",\"description\":\"Bur\u00e9s, la buena tierra. Fabricantes de tierras y sustratos para jardiner\u00eda.\",\"publisher\":{\"@id\":\"https:\/\/buressa.com\/en\/#organization\"},\"potentialAction\":[{\"@type\":\"SearchAction\",\"target\":{\"@type\":\"EntryPoint\",\"urlTemplate\":\"https:\/\/buressa.com\/en\/?s={search_term_string}\"},\"query-input\":\"required name=search_term_string\"}],\"inLanguage\":\"ca\"},{\"@type\":\"Organization\",\"@id\":\"https:\/\/buressa.com\/en\/#organization\",\"name\":\"BUR\u00c9S, S.A.U.\",\"url\":\"https:\/\/buressa.com\/en\/\",\"logo\":{\"@type\":\"ImageObject\",\"inLanguage\":\"ca\",\"@id\":\"https:\/\/buressa.com\/en\/#\/schema\/logo\/image\/\",\"url\":\"https:\/\/buressa.com\/wp-content\/uploads\/2015\/06\/bures-sense-marge-marro_ok.png\",\"contentUrl\":\"https:\/\/buressa.com\/wp-content\/uploads\/2015\/06\/bures-sense-marge-marro_ok.png\",\"width\":141,\"height\":102,\"caption\":\"BUR\u00c9S, S.A.U.\"},\"image\":{\"@id\":\"https:\/\/buressa.com\/en\/#\/schema\/logo\/image\/\"}}]}<\/script>\n<!-- \/ Yoast SEO plugin. -->","yoast_head_json":{"title":"Recebo Profesional 40 para el cuidado del c\u00e9sped.","description":"Sustrato especial de recebado con un alto contenido en arena, ideal para el recebado del c\u00e9sped y praderas. Estimula la aparci\u00f3n de brotes y ra\u00edces nuevas.","robots":{"index":"index","follow":"follow","max-snippet":"max-snippet:-1","max-image-preview":"max-image-preview:large","max-video-preview":"max-video-preview:-1"},"canonical":"https:\/\/buressa.com\/en\/product\/es-recebo-profesional-40\/","og_locale":"ca_ES","og_type":"article","og_title":"Recebo Profesional 40 para el cuidado del c\u00e9sped.","og_description":"Sustrato especial de recebado con un alto contenido en arena, ideal para el recebado del c\u00e9sped y praderas. Estimula la aparci\u00f3n de brotes y ra\u00edces nuevas.","og_url":"https:\/\/buressa.com\/en\/product\/es-recebo-profesional-40\/","og_site_name":"Bur\u00e9s S.A.U.","article_modified_time":"2021-06-08T10:17:46+00:00","og_image":[{"width":700,"height":450,"url":"https:\/\/buressa.com\/wp-content\/uploads\/2015\/07\/Recebo-Profesional-40L.png","type":"image\/png"}],"twitter_card":"summary_large_image","twitter_misc":{"Temps estimat de lectura":"2 minuts"},"schema":{"@context":"https:\/\/schema.org","@graph":[{"@type":"WebPage","@id":"https:\/\/buressa.com\/en\/product\/es-recebo-profesional-40\/","url":"https:\/\/buressa.com\/en\/product\/es-recebo-profesional-40\/","name":"Recebo Profesional 40 para el cuidado del c\u00e9sped.","isPartOf":{"@id":"https:\/\/buressa.com\/en\/#website"},"datePublished":"2015-07-10T15:15:37+00:00","dateModified":"2021-06-08T10:17:46+00:00","description":"Sustrato especial de recebado con un alto contenido en arena, ideal para el recebado del c\u00e9sped y praderas. Estimula la aparci\u00f3n de brotes y ra\u00edces nuevas.","breadcrumb":{"@id":"https:\/\/buressa.com\/en\/product\/es-recebo-profesional-40\/#breadcrumb"},"inLanguage":"ca","potentialAction":[{"@type":"ReadAction","target":["https:\/\/buressa.com\/en\/product\/es-recebo-profesional-40\/"]}]},{"@type":"BreadcrumbList","@id":"https:\/\/buressa.com\/en\/product\/es-recebo-profesional-40\/#breadcrumb","itemListElement":[{"@type":"ListItem","position":1,"name":"Portada","item":"https:\/\/buressa.com\/en\/"},{"@type":"ListItem","position":2,"name":"Productos","item":"https:\/\/buressa.com\/es\/shop\/"},{"@type":"ListItem","position":3,"name":"(ES) Recebo Profesional 40"}]},{"@type":"WebSite","@id":"https:\/\/buressa.com\/en\/#website","url":"https:\/\/buressa.com\/en\/","name":"Bur\u00e9s S.A.U.","description":"Bur\u00e9s, la buena tierra. Fabricantes de tierras y sustratos para jardiner\u00eda.","publisher":{"@id":"https:\/\/buressa.com\/en\/#organization"},"potentialAction":[{"@type":"SearchAction","target":{"@type":"EntryPoint","urlTemplate":"https:\/\/buressa.com\/en\/?s={search_term_string}"},"query-input":"required name=search_term_string"}],"inLanguage":"ca"},{"@type":"Organization","@id":"https:\/\/buressa.com\/en\/#organization","name":"BUR\u00c9S, S.A.U.","url":"https:\/\/buressa.com\/en\/","logo":{"@type":"ImageObject","inLanguage":"ca","@id":"https:\/\/buressa.com\/en\/#\/schema\/logo\/image\/","url":"https:\/\/buressa.com\/wp-content\/uploads\/2015\/06\/bures-sense-marge-marro_ok.png","contentUrl":"https:\/\/buressa.com\/wp-content\/uploads\/2015\/06\/bures-sense-marge-marro_ok.png","width":141,"height":102,"caption":"BUR\u00c9S, S.A.U."},"image":{"@id":"https:\/\/buressa.com\/en\/#\/schema\/logo\/image\/"}}]}},"_links":{"self":[{"href":"https:\/\/buressa.com\/ca\/wp-json\/wp\/v2\/product\/162"}],"collection":[{"href":"https:\/\/buressa.com\/ca\/wp-json\/wp\/v2\/product"}],"about":[{"href":"https:\/\/buressa.com\/ca\/wp-json\/wp\/v2\/types\/product"}],"replies":[{"embeddable":true,"href":"https:\/\/buressa.com\/ca\/wp-json\/wp\/v2\/comments?post=162"}],"wp:featuredmedia":[{"embeddable":true,"href":"https:\/\/buressa.com\/ca\/wp-json\/wp\/v2\/media\/1132"}],"wp:attachment":[{"href":"https:\/\/buressa.com\/ca\/wp-json\/wp\/v2\/media?parent=162"}],"curies":[{"name":"wp","href":"https:\/\/api.w.org\/{rel}","templated":true}]}}