{"id":1626,"date":"2020-07-22T13:32:26","date_gmt":"2020-07-22T11:32:26","guid":{"rendered":"https:\/\/buressa.com\/es\/?post_type=product&#038;p=1626"},"modified":"2021-06-15T10:27:06","modified_gmt":"2021-06-15T08:27:06","slug":"puzolana-volcanica-roja","status":"publish","type":"product","link":"https:\/\/buressa.com\/ca\/producte\/es-puzolana-volcanica-roja\/","title":{"rendered":"Puzolana Volc\u00e0nica Vermella"},"content":{"rendered":"\u00c0rid natural d&#8217;origen volc\u00e0nic, molt poros, que per les seves propietats pot utilitzar-se com a cubresuelos inorg\u00e0nic i tamb\u00e9 com a substrat inert per a hidroponia.<\/p>\n<ul>\n<li>Producte adequat per a la decoraci\u00f3 en jardineria.<\/li>\n<li>Es ideal per a la seva aplicaci\u00f3 com a mulching (encoixinat) inorg\u00e0nic en jardins i jardineres.<\/li>\n<li>Adequat per a utilitzar com a drenatge.<\/li>\n<li>Substrat inert en hidroponia.<\/li>\n<li>Pot utilitzar-se per a la millora de barreges de substrats de cultiu, fent m\u00e9s lleuger i\u00a0 m\u00e9s por\u00f3s el medi.<\/li>\n<li>Segons la mida les Puzolanes Volc\u00e0niques de Bur\u00e9s poden utilitzar-se per a la creaci\u00f3 d&#8217;h\u00e0bitats en terraris i aquaris.<\/li>\n<\/ul>\n<p>Producte de color vermell\u00f3s. En la presentaci\u00f3 en format a granel disponible en les granulometr\u00edes de 4 a 7 mm,\u00a0 7 a 12 mm, 12 a 18 mm i 14 a 25 mm.","protected":false},"excerpt":{"rendered":"<p>\u00c0rid natural d&#8217;origen volc\u00e0nic, molt poros, que per les seves propietats pot utilitzar-se com a cubresuelos inorg\u00e0nic i tamb\u00e9 com a substrat inert per a hidroponia. Producte adequat per a la decoraci\u00f3 en jardineria. Es ideal per a la seva aplicaci\u00f3 com a mulching (encoixinat) inorg\u00e0nic en jardins i jardineres. Adequat per a utilitzar com&#8230;<\/p>\n","protected":false},"featured_media":1636,"comment_status":"open","ping_status":"closed","template":"","meta":[],"yoast_head":"<!-- This site is optimized with the Yoast SEO plugin v19.10 - https:\/\/yoast.com\/wordpress\/plugins\/seo\/ -->\n<title>Puzolana volc\u00e1nica de color rojizo para aplicaci\u00f3n en jardiner\u00eda.<\/title>\n<meta name=\"description\" content=\"\u00c1rido natural de origen volc\u00e1nico, muy poroso, ideal para drenaje, mulching inorg\u00e1nico, mezclas de sustratos y cultivo hidrop\u00f3nico.\" \/>\n<meta name=\"robots\" content=\"index, follow, max-snippet:-1, max-image-preview:large, max-video-preview:-1\" \/>\n<link rel=\"canonical\" href=\"https:\/\/buressa.com\/en\/product\/es-puzolana-volcanica-roja\/\" \/>\n<meta property=\"og:locale\" content=\"ca_ES\" \/>\n<meta property=\"og:type\" content=\"article\" \/>\n<meta property=\"og:title\" content=\"Puzolana volc\u00e1nica de color rojizo para aplicaci\u00f3n en jardiner\u00eda.\" \/>\n<meta property=\"og:description\" content=\"\u00c1rido natural de origen volc\u00e1nico, muy poroso, ideal para drenaje, mulching inorg\u00e1nico, mezclas de sustratos y cultivo hidrop\u00f3nico.\" \/>\n<meta property=\"og:url\" content=\"https:\/\/buressa.com\/en\/product\/es-puzolana-volcanica-roja\/\" \/>\n<meta property=\"og:site_name\" content=\"Bur\u00e9s S.A.U.\" \/>\n<meta property=\"article:modified_time\" content=\"2021-06-15T08:27:06+00:00\" \/>\n<meta property=\"og:image\" content=\"https:\/\/buressa.com\/wp-content\/uploads\/2020\/07\/06000-2-puzolana-712-BR.jpg\" \/>\n\t<meta property=\"og:image:width\" content=\"318\" \/>\n\t<meta property=\"og:image:height\" content=\"480\" \/>\n\t<meta property=\"og:image:type\" content=\"image\/jpeg\" \/>\n<meta name=\"twitter:card\" content=\"summary_large_image\" \/>\n<meta name=\"twitter:label1\" content=\"Temps estimat de lectura\" \/>\n\t<meta name=\"twitter:data1\" content=\"1 minut\" \/>\n<script type=\"application\/ld+json\" class=\"yoast-schema-graph\">{\"@context\":\"https:\/\/schema.org\",\"@graph\":[{\"@type\":\"WebPage\",\"@id\":\"https:\/\/buressa.com\/en\/product\/es-puzolana-volcanica-roja\/\",\"url\":\"https:\/\/buressa.com\/en\/product\/es-puzolana-volcanica-roja\/\",\"name\":\"Puzolana volc\u00e1nica de color rojizo para aplicaci\u00f3n en jardiner\u00eda.\",\"isPartOf\":{\"@id\":\"https:\/\/buressa.com\/en\/#website\"},\"datePublished\":\"2020-07-22T11:32:26+00:00\",\"dateModified\":\"2021-06-15T08:27:06+00:00\",\"description\":\"\u00c1rido natural de origen volc\u00e1nico, muy poroso, ideal para drenaje, mulching inorg\u00e1nico, mezclas de sustratos y cultivo hidrop\u00f3nico.\",\"breadcrumb\":{\"@id\":\"https:\/\/buressa.com\/en\/product\/es-puzolana-volcanica-roja\/#breadcrumb\"},\"inLanguage\":\"ca\",\"potentialAction\":[{\"@type\":\"ReadAction\",\"target\":[\"https:\/\/buressa.com\/en\/product\/es-puzolana-volcanica-roja\/\"]}]},{\"@type\":\"BreadcrumbList\",\"@id\":\"https:\/\/buressa.com\/en\/product\/es-puzolana-volcanica-roja\/#breadcrumb\",\"itemListElement\":[{\"@type\":\"ListItem\",\"position\":1,\"name\":\"Portada\",\"item\":\"https:\/\/buressa.com\/en\/\"},{\"@type\":\"ListItem\",\"position\":2,\"name\":\"Productos\",\"item\":\"https:\/\/buressa.com\/es\/shop\/\"},{\"@type\":\"ListItem\",\"position\":3,\"name\":\"(ES) Puzolana Volc\u00e1nica Roja\"}]},{\"@type\":\"WebSite\",\"@id\":\"https:\/\/buressa.com\/en\/#website\",\"url\":\"https:\/\/buressa.com\/en\/\",\"name\":\"Bur\u00e9s S.A.U.\",\"description\":\"Bur\u00e9s, la buena tierra. Fabricantes de tierras y sustratos para jardiner\u00eda.\",\"publisher\":{\"@id\":\"https:\/\/buressa.com\/en\/#organization\"},\"potentialAction\":[{\"@type\":\"SearchAction\",\"target\":{\"@type\":\"EntryPoint\",\"urlTemplate\":\"https:\/\/buressa.com\/en\/?s={search_term_string}\"},\"query-input\":\"required name=search_term_string\"}],\"inLanguage\":\"ca\"},{\"@type\":\"Organization\",\"@id\":\"https:\/\/buressa.com\/en\/#organization\",\"name\":\"BUR\u00c9S, S.A.U.\",\"url\":\"https:\/\/buressa.com\/en\/\",\"logo\":{\"@type\":\"ImageObject\",\"inLanguage\":\"ca\",\"@id\":\"https:\/\/buressa.com\/en\/#\/schema\/logo\/image\/\",\"url\":\"https:\/\/buressa.com\/wp-content\/uploads\/2015\/06\/bures-sense-marge-marro_ok.png\",\"contentUrl\":\"https:\/\/buressa.com\/wp-content\/uploads\/2015\/06\/bures-sense-marge-marro_ok.png\",\"width\":141,\"height\":102,\"caption\":\"BUR\u00c9S, S.A.U.\"},\"image\":{\"@id\":\"https:\/\/buressa.com\/en\/#\/schema\/logo\/image\/\"}}]}<\/script>\n<!-- \/ Yoast SEO plugin. -->","yoast_head_json":{"title":"Puzolana volc\u00e1nica de color rojizo para aplicaci\u00f3n en jardiner\u00eda.","description":"\u00c1rido natural de origen volc\u00e1nico, muy poroso, ideal para drenaje, mulching inorg\u00e1nico, mezclas de sustratos y cultivo hidrop\u00f3nico.","robots":{"index":"index","follow":"follow","max-snippet":"max-snippet:-1","max-image-preview":"max-image-preview:large","max-video-preview":"max-video-preview:-1"},"canonical":"https:\/\/buressa.com\/en\/product\/es-puzolana-volcanica-roja\/","og_locale":"ca_ES","og_type":"article","og_title":"Puzolana volc\u00e1nica de color rojizo para aplicaci\u00f3n en jardiner\u00eda.","og_description":"\u00c1rido natural de origen volc\u00e1nico, muy poroso, ideal para drenaje, mulching inorg\u00e1nico, mezclas de sustratos y cultivo hidrop\u00f3nico.","og_url":"https:\/\/buressa.com\/en\/product\/es-puzolana-volcanica-roja\/","og_site_name":"Bur\u00e9s S.A.U.","article_modified_time":"2021-06-15T08:27:06+00:00","og_image":[{"width":318,"height":480,"url":"https:\/\/buressa.com\/wp-content\/uploads\/2020\/07\/06000-2-puzolana-712-BR.jpg","type":"image\/jpeg"}],"twitter_card":"summary_large_image","twitter_misc":{"Temps estimat de lectura":"1 minut"},"schema":{"@context":"https:\/\/schema.org","@graph":[{"@type":"WebPage","@id":"https:\/\/buressa.com\/en\/product\/es-puzolana-volcanica-roja\/","url":"https:\/\/buressa.com\/en\/product\/es-puzolana-volcanica-roja\/","name":"Puzolana volc\u00e1nica de color rojizo para aplicaci\u00f3n en jardiner\u00eda.","isPartOf":{"@id":"https:\/\/buressa.com\/en\/#website"},"datePublished":"2020-07-22T11:32:26+00:00","dateModified":"2021-06-15T08:27:06+00:00","description":"\u00c1rido natural de origen volc\u00e1nico, muy poroso, ideal para drenaje, mulching inorg\u00e1nico, mezclas de sustratos y cultivo hidrop\u00f3nico.","breadcrumb":{"@id":"https:\/\/buressa.com\/en\/product\/es-puzolana-volcanica-roja\/#breadcrumb"},"inLanguage":"ca","potentialAction":[{"@type":"ReadAction","target":["https:\/\/buressa.com\/en\/product\/es-puzolana-volcanica-roja\/"]}]},{"@type":"BreadcrumbList","@id":"https:\/\/buressa.com\/en\/product\/es-puzolana-volcanica-roja\/#breadcrumb","itemListElement":[{"@type":"ListItem","position":1,"name":"Portada","item":"https:\/\/buressa.com\/en\/"},{"@type":"ListItem","position":2,"name":"Productos","item":"https:\/\/buressa.com\/es\/shop\/"},{"@type":"ListItem","position":3,"name":"(ES) Puzolana Volc\u00e1nica Roja"}]},{"@type":"WebSite","@id":"https:\/\/buressa.com\/en\/#website","url":"https:\/\/buressa.com\/en\/","name":"Bur\u00e9s S.A.U.","description":"Bur\u00e9s, la buena tierra. Fabricantes de tierras y sustratos para jardiner\u00eda.","publisher":{"@id":"https:\/\/buressa.com\/en\/#organization"},"potentialAction":[{"@type":"SearchAction","target":{"@type":"EntryPoint","urlTemplate":"https:\/\/buressa.com\/en\/?s={search_term_string}"},"query-input":"required name=search_term_string"}],"inLanguage":"ca"},{"@type":"Organization","@id":"https:\/\/buressa.com\/en\/#organization","name":"BUR\u00c9S, S.A.U.","url":"https:\/\/buressa.com\/en\/","logo":{"@type":"ImageObject","inLanguage":"ca","@id":"https:\/\/buressa.com\/en\/#\/schema\/logo\/image\/","url":"https:\/\/buressa.com\/wp-content\/uploads\/2015\/06\/bures-sense-marge-marro_ok.png","contentUrl":"https:\/\/buressa.com\/wp-content\/uploads\/2015\/06\/bures-sense-marge-marro_ok.png","width":141,"height":102,"caption":"BUR\u00c9S, S.A.U."},"image":{"@id":"https:\/\/buressa.com\/en\/#\/schema\/logo\/image\/"}}]}},"_links":{"self":[{"href":"https:\/\/buressa.com\/ca\/wp-json\/wp\/v2\/product\/1626"}],"collection":[{"href":"https:\/\/buressa.com\/ca\/wp-json\/wp\/v2\/product"}],"about":[{"href":"https:\/\/buressa.com\/ca\/wp-json\/wp\/v2\/types\/product"}],"replies":[{"embeddable":true,"href":"https:\/\/buressa.com\/ca\/wp-json\/wp\/v2\/comments?post=1626"}],"wp:featuredmedia":[{"embeddable":true,"href":"https:\/\/buressa.com\/ca\/wp-json\/wp\/v2\/media\/1636"}],"wp:attachment":[{"href":"https:\/\/buressa.com\/ca\/wp-json\/wp\/v2\/media?parent=1626"}],"curies":[{"name":"wp","href":"https:\/\/api.w.org\/{rel}","templated":true}]}}