{"id":1641,"date":"2020-07-23T15:07:27","date_gmt":"2020-07-23T13:07:27","guid":{"rendered":"https:\/\/buressa.com\/es\/?post_type=product&#038;p=1641"},"modified":"2020-07-24T10:41:00","modified_gmt":"2020-07-24T08:41:00","slug":"corteza-de-pino-decorativa","status":"publish","type":"product","link":"https:\/\/buressa.com\/ca\/producte\/escorca-de-pi-decorativa\/","title":{"rendered":"Escor\u00e7a de Pi Decorativa"},"content":{"rendered":"Els productes Decorpi Mulching, s\u00f3n Escorces de Pi decoratives, calibrades adequats per a la seva aplicaci\u00f3 com a encoixinat i decoraci\u00f3 de jardins i testos.<\/p>\n<p>L&#8217;\u00fas d&#8217;un producte per encoixinat (cubresuelos) afavoreix l&#8217;aprofitament de l&#8217;aigua de reg evitant la seva p\u00e8rdua en superf\u00edcie, regula la temperatura del s\u00f2l i disminueix l&#8217;emerg\u00e8ncia de males herbes.<\/p>\n<p>Aquest producte esta disponible en els calibrats: petit (escorces de 18 a 25 mm), mitja (escorces de 25 a 40 mm), gran (escorces de 40 a 60 mm) i econ\u00f2mic (escorces de 15 a 40 mm).","protected":false},"excerpt":{"rendered":"<p>Els productes Decorpi Mulching, s\u00f3n Escorces de Pi decoratives, calibrades adequats per a la seva aplicaci\u00f3 com a encoixinat i decoraci\u00f3 de jardins i testos. L&#8217;\u00fas d&#8217;un producte per encoixinat (cubresuelos) afavoreix l&#8217;aprofitament de l&#8217;aigua de reg evitant la seva p\u00e8rdua en superf\u00edcie, regula la temperatura del s\u00f2l i disminueix l&#8217;emerg\u00e8ncia de males herbes. Aquest&#8230;<\/p>\n","protected":false},"featured_media":1644,"comment_status":"open","ping_status":"closed","template":"","meta":[],"yoast_head":"<!-- This site is optimized with the Yoast SEO plugin v19.10 - https:\/\/yoast.com\/wordpress\/plugins\/seo\/ -->\n<title>Escor\u00e7a de Pi Decorativa - Bur\u00e9s S.A.U.<\/title>\n<meta name=\"robots\" content=\"index, follow, max-snippet:-1, max-image-preview:large, max-video-preview:-1\" \/>\n<link rel=\"canonical\" href=\"https:\/\/buressa.com\/en\/product\/es-corteza-de-pino-decorativa\/\" \/>\n<meta property=\"og:locale\" content=\"ca_ES\" \/>\n<meta property=\"og:type\" content=\"article\" \/>\n<meta property=\"og:title\" content=\"[:es]Corteza de Pino Decorativa[:ca]Escor\u00e7a de Pi Decorativa[:] - Bur\u00e9s S.A.U.\" \/>\n<meta property=\"og:description\" content=\"Els productes Decorpi Mulching, s\u00f3n Escorces de Pi decoratives, calibrades adequats per a la seva aplicaci\u00f3 com a encoixinat i decoraci\u00f3 de jardins i testos. L&#8217;\u00fas d&#8217;un producte per encoixinat (cubresuelos) afavoreix l&#8217;aprofitament de l&#8217;aigua de reg evitant la seva p\u00e8rdua en superf\u00edcie, regula la temperatura del s\u00f2l i disminueix l&#8217;emerg\u00e8ncia de males herbes. Aquest...\" \/>\n<meta property=\"og:url\" content=\"https:\/\/buressa.com\/en\/product\/es-corteza-de-pino-decorativa\/\" \/>\n<meta property=\"og:site_name\" content=\"Bur\u00e9s S.A.U.\" \/>\n<meta property=\"article:modified_time\" content=\"2020-07-24T08:41:00+00:00\" \/>\n<meta property=\"og:image\" content=\"https:\/\/buressa.com\/wp-content\/uploads\/2020\/07\/corteza-pino-15-40.jpg\" \/>\n\t<meta property=\"og:image:width\" content=\"510\" \/>\n\t<meta property=\"og:image:height\" content=\"768\" \/>\n\t<meta property=\"og:image:type\" content=\"image\/jpeg\" \/>\n<meta name=\"twitter:card\" content=\"summary_large_image\" \/>\n<meta name=\"twitter:label1\" content=\"Temps estimat de lectura\" \/>\n\t<meta name=\"twitter:data1\" content=\"1 minut\" \/>\n<script type=\"application\/ld+json\" class=\"yoast-schema-graph\">{\"@context\":\"https:\/\/schema.org\",\"@graph\":[{\"@type\":\"WebPage\",\"@id\":\"https:\/\/buressa.com\/en\/product\/es-corteza-de-pino-decorativa\/\",\"url\":\"https:\/\/buressa.com\/en\/product\/es-corteza-de-pino-decorativa\/\",\"name\":\"[:es]Corteza de Pino Decorativa[:ca]Escor\u00e7a de Pi Decorativa[:] - Bur\u00e9s S.A.U.\",\"isPartOf\":{\"@id\":\"https:\/\/buressa.com\/en\/#website\"},\"datePublished\":\"2020-07-23T13:07:27+00:00\",\"dateModified\":\"2020-07-24T08:41:00+00:00\",\"breadcrumb\":{\"@id\":\"https:\/\/buressa.com\/en\/product\/es-corteza-de-pino-decorativa\/#breadcrumb\"},\"inLanguage\":\"ca\",\"potentialAction\":[{\"@type\":\"ReadAction\",\"target\":[\"https:\/\/buressa.com\/en\/product\/es-corteza-de-pino-decorativa\/\"]}]},{\"@type\":\"BreadcrumbList\",\"@id\":\"https:\/\/buressa.com\/en\/product\/es-corteza-de-pino-decorativa\/#breadcrumb\",\"itemListElement\":[{\"@type\":\"ListItem\",\"position\":1,\"name\":\"Portada\",\"item\":\"https:\/\/buressa.com\/en\/\"},{\"@type\":\"ListItem\",\"position\":2,\"name\":\"Productos\",\"item\":\"https:\/\/buressa.com\/es\/shop\/\"},{\"@type\":\"ListItem\",\"position\":3,\"name\":\"(ES) Corteza de Pino Decorativa\"}]},{\"@type\":\"WebSite\",\"@id\":\"https:\/\/buressa.com\/en\/#website\",\"url\":\"https:\/\/buressa.com\/en\/\",\"name\":\"Bur\u00e9s S.A.U.\",\"description\":\"Bur\u00e9s, la buena tierra. Fabricantes de tierras y sustratos para jardiner\u00eda.\",\"publisher\":{\"@id\":\"https:\/\/buressa.com\/en\/#organization\"},\"potentialAction\":[{\"@type\":\"SearchAction\",\"target\":{\"@type\":\"EntryPoint\",\"urlTemplate\":\"https:\/\/buressa.com\/en\/?s={search_term_string}\"},\"query-input\":\"required name=search_term_string\"}],\"inLanguage\":\"ca\"},{\"@type\":\"Organization\",\"@id\":\"https:\/\/buressa.com\/en\/#organization\",\"name\":\"BUR\u00c9S, S.A.U.\",\"url\":\"https:\/\/buressa.com\/en\/\",\"logo\":{\"@type\":\"ImageObject\",\"inLanguage\":\"ca\",\"@id\":\"https:\/\/buressa.com\/en\/#\/schema\/logo\/image\/\",\"url\":\"https:\/\/buressa.com\/wp-content\/uploads\/2015\/06\/bures-sense-marge-marro_ok.png\",\"contentUrl\":\"https:\/\/buressa.com\/wp-content\/uploads\/2015\/06\/bures-sense-marge-marro_ok.png\",\"width\":141,\"height\":102,\"caption\":\"BUR\u00c9S, S.A.U.\"},\"image\":{\"@id\":\"https:\/\/buressa.com\/en\/#\/schema\/logo\/image\/\"}}]}<\/script>\n<!-- \/ Yoast SEO plugin. -->","yoast_head_json":{"title":"[:es]Corteza de Pino Decorativa[:ca]Escor\u00e7a de Pi Decorativa[:] - Bur\u00e9s S.A.U.","robots":{"index":"index","follow":"follow","max-snippet":"max-snippet:-1","max-image-preview":"max-image-preview:large","max-video-preview":"max-video-preview:-1"},"canonical":"https:\/\/buressa.com\/en\/product\/es-corteza-de-pino-decorativa\/","og_locale":"ca_ES","og_type":"article","og_title":"[:es]Corteza de Pino Decorativa[:ca]Escor\u00e7a de Pi Decorativa[:] - Bur\u00e9s S.A.U.","og_description":"Els productes Decorpi Mulching, s\u00f3n Escorces de Pi decoratives, calibrades adequats per a la seva aplicaci\u00f3 com a encoixinat i decoraci\u00f3 de jardins i testos. L&#8217;\u00fas d&#8217;un producte per encoixinat (cubresuelos) afavoreix l&#8217;aprofitament de l&#8217;aigua de reg evitant la seva p\u00e8rdua en superf\u00edcie, regula la temperatura del s\u00f2l i disminueix l&#8217;emerg\u00e8ncia de males herbes. Aquest...","og_url":"https:\/\/buressa.com\/en\/product\/es-corteza-de-pino-decorativa\/","og_site_name":"Bur\u00e9s S.A.U.","article_modified_time":"2020-07-24T08:41:00+00:00","og_image":[{"width":510,"height":768,"url":"https:\/\/buressa.com\/wp-content\/uploads\/2020\/07\/corteza-pino-15-40.jpg","type":"image\/jpeg"}],"twitter_card":"summary_large_image","twitter_misc":{"Temps estimat de lectura":"1 minut"},"schema":{"@context":"https:\/\/schema.org","@graph":[{"@type":"WebPage","@id":"https:\/\/buressa.com\/en\/product\/es-corteza-de-pino-decorativa\/","url":"https:\/\/buressa.com\/en\/product\/es-corteza-de-pino-decorativa\/","name":"[:es]Corteza de Pino Decorativa[:ca]Escor\u00e7a de Pi Decorativa[:] - Bur\u00e9s S.A.U.","isPartOf":{"@id":"https:\/\/buressa.com\/en\/#website"},"datePublished":"2020-07-23T13:07:27+00:00","dateModified":"2020-07-24T08:41:00+00:00","breadcrumb":{"@id":"https:\/\/buressa.com\/en\/product\/es-corteza-de-pino-decorativa\/#breadcrumb"},"inLanguage":"ca","potentialAction":[{"@type":"ReadAction","target":["https:\/\/buressa.com\/en\/product\/es-corteza-de-pino-decorativa\/"]}]},{"@type":"BreadcrumbList","@id":"https:\/\/buressa.com\/en\/product\/es-corteza-de-pino-decorativa\/#breadcrumb","itemListElement":[{"@type":"ListItem","position":1,"name":"Portada","item":"https:\/\/buressa.com\/en\/"},{"@type":"ListItem","position":2,"name":"Productos","item":"https:\/\/buressa.com\/es\/shop\/"},{"@type":"ListItem","position":3,"name":"(ES) Corteza de Pino Decorativa"}]},{"@type":"WebSite","@id":"https:\/\/buressa.com\/en\/#website","url":"https:\/\/buressa.com\/en\/","name":"Bur\u00e9s S.A.U.","description":"Bur\u00e9s, la buena tierra. Fabricantes de tierras y sustratos para jardiner\u00eda.","publisher":{"@id":"https:\/\/buressa.com\/en\/#organization"},"potentialAction":[{"@type":"SearchAction","target":{"@type":"EntryPoint","urlTemplate":"https:\/\/buressa.com\/en\/?s={search_term_string}"},"query-input":"required name=search_term_string"}],"inLanguage":"ca"},{"@type":"Organization","@id":"https:\/\/buressa.com\/en\/#organization","name":"BUR\u00c9S, S.A.U.","url":"https:\/\/buressa.com\/en\/","logo":{"@type":"ImageObject","inLanguage":"ca","@id":"https:\/\/buressa.com\/en\/#\/schema\/logo\/image\/","url":"https:\/\/buressa.com\/wp-content\/uploads\/2015\/06\/bures-sense-marge-marro_ok.png","contentUrl":"https:\/\/buressa.com\/wp-content\/uploads\/2015\/06\/bures-sense-marge-marro_ok.png","width":141,"height":102,"caption":"BUR\u00c9S, S.A.U."},"image":{"@id":"https:\/\/buressa.com\/en\/#\/schema\/logo\/image\/"}}]}},"_links":{"self":[{"href":"https:\/\/buressa.com\/ca\/wp-json\/wp\/v2\/product\/1641"}],"collection":[{"href":"https:\/\/buressa.com\/ca\/wp-json\/wp\/v2\/product"}],"about":[{"href":"https:\/\/buressa.com\/ca\/wp-json\/wp\/v2\/types\/product"}],"replies":[{"embeddable":true,"href":"https:\/\/buressa.com\/ca\/wp-json\/wp\/v2\/comments?post=1641"}],"wp:featuredmedia":[{"embeddable":true,"href":"https:\/\/buressa.com\/ca\/wp-json\/wp\/v2\/media\/1644"}],"wp:attachment":[{"href":"https:\/\/buressa.com\/ca\/wp-json\/wp\/v2\/media?parent=1641"}],"curies":[{"name":"wp","href":"https:\/\/api.w.org\/{rel}","templated":true}]}}