{"id":1646,"date":"2020-07-24T10:54:09","date_gmt":"2020-07-24T08:54:09","guid":{"rendered":"https:\/\/buressa.com\/es\/?post_type=product&#038;p=1646"},"modified":"2021-06-14T15:54:08","modified_gmt":"2021-06-14T13:54:08","slug":"cubresuelos-coco-granel","status":"publish","type":"product","link":"https:\/\/buressa.com\/ca\/producte\/cubresuelos-coco-granel\/","title":{"rendered":"Cubresuelos Coco"},"content":{"rendered":"El Cubresuelos Coco \u00e9s un producte natural obtingut a partir de la closca del coco: xips de coco. \u00c9s un material de coloraci\u00f3 vermellosa, en forma de xip, mida de particula de 10 a 30 mm, amb un baix contingut en fins i agradable sensaci\u00f3 al tacte.<\/p>\n<p>Ideal per el seu \u00fas com encoixinat (mulch) de jard\u00ed, decoraci\u00f3 interior, zones de pas,&#8230; Pot utilitzar-se en la creaci\u00f3 de h\u00e0bitats naturals per a r\u00e8ptils.<\/p>\n<ul>\n<li>Aportat a la dosis recomanada garanteix els beneficis dels &#8220;Cubresuelos&#8221;.<\/li>\n<li>Degut a la seva naturalesa te un efecte confort en el jard\u00ed.<\/li>\n<li>Apte per a ser utilitzat en zones de pas: mulching transitable.<\/li>\n<\/ul>\n<p>Dosis recomanada: Aplicar de forma uniforme sobre la terra o el substrat en un gruix de 5 cm.<\/p>\n<p>&nbsp;","protected":false},"excerpt":{"rendered":"<p>El Cubresuelos Coco \u00e9s un producte natural obtingut a partir de la closca del coco: xips de coco. \u00c9s un material de coloraci\u00f3 vermellosa, en forma de xip, mida de particula de 10 a 30 mm, amb un baix contingut en fins i agradable sensaci\u00f3 al tacte. Ideal per el seu \u00fas com encoixinat (mulch)&#8230;<\/p>\n","protected":false},"featured_media":1298,"comment_status":"open","ping_status":"closed","template":"","meta":[],"yoast_head":"<!-- This site is optimized with the Yoast SEO plugin v19.10 - https:\/\/yoast.com\/wordpress\/plugins\/seo\/ -->\n<title>Cubresuelos coco (alcochado de chip de coco) para mulching<\/title>\n<meta name=\"description\" content=\"El Cubresuelos Coco es un producto obtenido de la c\u00e1scara de coco para el acolchado en jardiner\u00eda. Es decorativo y ventajoso para el cuidado de las plantas.\" \/>\n<meta name=\"robots\" content=\"index, follow, max-snippet:-1, max-image-preview:large, max-video-preview:-1\" \/>\n<link rel=\"canonical\" href=\"https:\/\/buressa.com\/en\/product\/es-cubresuelos-coco-granel\/\" \/>\n<meta property=\"og:locale\" content=\"ca_ES\" \/>\n<meta property=\"og:type\" content=\"article\" \/>\n<meta property=\"og:title\" content=\"Cubresuelos coco (alcochado de chip de coco) para mulching\" \/>\n<meta property=\"og:description\" content=\"El Cubresuelos Coco es un producto obtenido de la c\u00e1scara de coco para el acolchado en jardiner\u00eda. Es decorativo y ventajoso para el cuidado de las plantas.\" \/>\n<meta property=\"og:url\" content=\"https:\/\/buressa.com\/en\/product\/es-cubresuelos-coco-granel\/\" \/>\n<meta property=\"og:site_name\" content=\"Bur\u00e9s S.A.U.\" \/>\n<meta property=\"article:modified_time\" content=\"2021-06-14T13:54:08+00:00\" \/>\n<meta property=\"og:image\" content=\"https:\/\/buressa.com\/wp-content\/uploads\/2015\/07\/Producte-Cubresuelos-Coco.png\" \/>\n\t<meta property=\"og:image:width\" content=\"384\" \/>\n\t<meta property=\"og:image:height\" content=\"384\" \/>\n\t<meta property=\"og:image:type\" content=\"image\/png\" \/>\n<meta name=\"twitter:card\" content=\"summary_large_image\" \/>\n<meta name=\"twitter:label1\" content=\"Temps estimat de lectura\" \/>\n\t<meta name=\"twitter:data1\" content=\"1 minut\" \/>\n<script type=\"application\/ld+json\" class=\"yoast-schema-graph\">{\"@context\":\"https:\/\/schema.org\",\"@graph\":[{\"@type\":\"WebPage\",\"@id\":\"https:\/\/buressa.com\/en\/product\/es-cubresuelos-coco-granel\/\",\"url\":\"https:\/\/buressa.com\/en\/product\/es-cubresuelos-coco-granel\/\",\"name\":\"Cubresuelos coco (alcochado de chip de coco) para mulching\",\"isPartOf\":{\"@id\":\"https:\/\/buressa.com\/en\/#website\"},\"datePublished\":\"2020-07-24T08:54:09+00:00\",\"dateModified\":\"2021-06-14T13:54:08+00:00\",\"description\":\"El Cubresuelos Coco es un producto obtenido de la c\u00e1scara de coco para el acolchado en jardiner\u00eda. Es decorativo y ventajoso para el cuidado de las plantas.\",\"breadcrumb\":{\"@id\":\"https:\/\/buressa.com\/en\/product\/es-cubresuelos-coco-granel\/#breadcrumb\"},\"inLanguage\":\"ca\",\"potentialAction\":[{\"@type\":\"ReadAction\",\"target\":[\"https:\/\/buressa.com\/en\/product\/es-cubresuelos-coco-granel\/\"]}]},{\"@type\":\"BreadcrumbList\",\"@id\":\"https:\/\/buressa.com\/en\/product\/es-cubresuelos-coco-granel\/#breadcrumb\",\"itemListElement\":[{\"@type\":\"ListItem\",\"position\":1,\"name\":\"Portada\",\"item\":\"https:\/\/buressa.com\/en\/\"},{\"@type\":\"ListItem\",\"position\":2,\"name\":\"Productos\",\"item\":\"https:\/\/buressa.com\/es\/shop\/\"},{\"@type\":\"ListItem\",\"position\":3,\"name\":\"(ES) Cubresuelos Coco\"}]},{\"@type\":\"WebSite\",\"@id\":\"https:\/\/buressa.com\/en\/#website\",\"url\":\"https:\/\/buressa.com\/en\/\",\"name\":\"Bur\u00e9s S.A.U.\",\"description\":\"Bur\u00e9s, la buena tierra. Fabricantes de tierras y sustratos para jardiner\u00eda.\",\"publisher\":{\"@id\":\"https:\/\/buressa.com\/en\/#organization\"},\"potentialAction\":[{\"@type\":\"SearchAction\",\"target\":{\"@type\":\"EntryPoint\",\"urlTemplate\":\"https:\/\/buressa.com\/en\/?s={search_term_string}\"},\"query-input\":\"required name=search_term_string\"}],\"inLanguage\":\"ca\"},{\"@type\":\"Organization\",\"@id\":\"https:\/\/buressa.com\/en\/#organization\",\"name\":\"BUR\u00c9S, S.A.U.\",\"url\":\"https:\/\/buressa.com\/en\/\",\"logo\":{\"@type\":\"ImageObject\",\"inLanguage\":\"ca\",\"@id\":\"https:\/\/buressa.com\/en\/#\/schema\/logo\/image\/\",\"url\":\"https:\/\/buressa.com\/wp-content\/uploads\/2015\/06\/bures-sense-marge-marro_ok.png\",\"contentUrl\":\"https:\/\/buressa.com\/wp-content\/uploads\/2015\/06\/bures-sense-marge-marro_ok.png\",\"width\":141,\"height\":102,\"caption\":\"BUR\u00c9S, S.A.U.\"},\"image\":{\"@id\":\"https:\/\/buressa.com\/en\/#\/schema\/logo\/image\/\"}}]}<\/script>\n<!-- \/ Yoast SEO plugin. -->","yoast_head_json":{"title":"Cubresuelos coco (alcochado de chip de coco) para mulching","description":"El Cubresuelos Coco es un producto obtenido de la c\u00e1scara de coco para el acolchado en jardiner\u00eda. Es decorativo y ventajoso para el cuidado de las plantas.","robots":{"index":"index","follow":"follow","max-snippet":"max-snippet:-1","max-image-preview":"max-image-preview:large","max-video-preview":"max-video-preview:-1"},"canonical":"https:\/\/buressa.com\/en\/product\/es-cubresuelos-coco-granel\/","og_locale":"ca_ES","og_type":"article","og_title":"Cubresuelos coco (alcochado de chip de coco) para mulching","og_description":"El Cubresuelos Coco es un producto obtenido de la c\u00e1scara de coco para el acolchado en jardiner\u00eda. Es decorativo y ventajoso para el cuidado de las plantas.","og_url":"https:\/\/buressa.com\/en\/product\/es-cubresuelos-coco-granel\/","og_site_name":"Bur\u00e9s S.A.U.","article_modified_time":"2021-06-14T13:54:08+00:00","og_image":[{"width":384,"height":384,"url":"https:\/\/buressa.com\/wp-content\/uploads\/2015\/07\/Producte-Cubresuelos-Coco.png","type":"image\/png"}],"twitter_card":"summary_large_image","twitter_misc":{"Temps estimat de lectura":"1 minut"},"schema":{"@context":"https:\/\/schema.org","@graph":[{"@type":"WebPage","@id":"https:\/\/buressa.com\/en\/product\/es-cubresuelos-coco-granel\/","url":"https:\/\/buressa.com\/en\/product\/es-cubresuelos-coco-granel\/","name":"Cubresuelos coco (alcochado de chip de coco) para mulching","isPartOf":{"@id":"https:\/\/buressa.com\/en\/#website"},"datePublished":"2020-07-24T08:54:09+00:00","dateModified":"2021-06-14T13:54:08+00:00","description":"El Cubresuelos Coco es un producto obtenido de la c\u00e1scara de coco para el acolchado en jardiner\u00eda. Es decorativo y ventajoso para el cuidado de las plantas.","breadcrumb":{"@id":"https:\/\/buressa.com\/en\/product\/es-cubresuelos-coco-granel\/#breadcrumb"},"inLanguage":"ca","potentialAction":[{"@type":"ReadAction","target":["https:\/\/buressa.com\/en\/product\/es-cubresuelos-coco-granel\/"]}]},{"@type":"BreadcrumbList","@id":"https:\/\/buressa.com\/en\/product\/es-cubresuelos-coco-granel\/#breadcrumb","itemListElement":[{"@type":"ListItem","position":1,"name":"Portada","item":"https:\/\/buressa.com\/en\/"},{"@type":"ListItem","position":2,"name":"Productos","item":"https:\/\/buressa.com\/es\/shop\/"},{"@type":"ListItem","position":3,"name":"(ES) Cubresuelos Coco"}]},{"@type":"WebSite","@id":"https:\/\/buressa.com\/en\/#website","url":"https:\/\/buressa.com\/en\/","name":"Bur\u00e9s S.A.U.","description":"Bur\u00e9s, la buena tierra. Fabricantes de tierras y sustratos para jardiner\u00eda.","publisher":{"@id":"https:\/\/buressa.com\/en\/#organization"},"potentialAction":[{"@type":"SearchAction","target":{"@type":"EntryPoint","urlTemplate":"https:\/\/buressa.com\/en\/?s={search_term_string}"},"query-input":"required name=search_term_string"}],"inLanguage":"ca"},{"@type":"Organization","@id":"https:\/\/buressa.com\/en\/#organization","name":"BUR\u00c9S, S.A.U.","url":"https:\/\/buressa.com\/en\/","logo":{"@type":"ImageObject","inLanguage":"ca","@id":"https:\/\/buressa.com\/en\/#\/schema\/logo\/image\/","url":"https:\/\/buressa.com\/wp-content\/uploads\/2015\/06\/bures-sense-marge-marro_ok.png","contentUrl":"https:\/\/buressa.com\/wp-content\/uploads\/2015\/06\/bures-sense-marge-marro_ok.png","width":141,"height":102,"caption":"BUR\u00c9S, S.A.U."},"image":{"@id":"https:\/\/buressa.com\/en\/#\/schema\/logo\/image\/"}}]}},"_links":{"self":[{"href":"https:\/\/buressa.com\/ca\/wp-json\/wp\/v2\/product\/1646"}],"collection":[{"href":"https:\/\/buressa.com\/ca\/wp-json\/wp\/v2\/product"}],"about":[{"href":"https:\/\/buressa.com\/ca\/wp-json\/wp\/v2\/types\/product"}],"replies":[{"embeddable":true,"href":"https:\/\/buressa.com\/ca\/wp-json\/wp\/v2\/comments?post=1646"}],"wp:featuredmedia":[{"embeddable":true,"href":"https:\/\/buressa.com\/ca\/wp-json\/wp\/v2\/media\/1298"}],"wp:attachment":[{"href":"https:\/\/buressa.com\/ca\/wp-json\/wp\/v2\/media?parent=1646"}],"curies":[{"name":"wp","href":"https:\/\/api.w.org\/{rel}","templated":true}]}}