{"id":169,"date":"2015-07-10T15:32:12","date_gmt":"2015-07-10T15:32:12","guid":{"rendered":"http:\/\/buressa.com\/?post_type=product&#038;p=169"},"modified":"2021-06-07T12:18:41","modified_gmt":"2021-06-07T10:18:41","slug":"turba-rubia","status":"publish","type":"product","link":"https:\/\/buressa.com\/ca\/producte\/torba-rossa\/","title":{"rendered":"Torba Rossa"},"content":{"rendered":"La Torba Rossa de Bur\u00e9s \u00e9s un substrat 100% de torba de Sphagnum procedent de torberes altes del nort d&#8217;Europa, d&#8217;estructura molt regular, color grogenc-clar, amb una alta capacitat d&#8217;aireaci\u00f3, elevada porositat, bona retenci\u00f3 d&#8217;aigua, baixa densitat i pH \u00e0cid (3,5 &#8211; 4,5).<\/p>\n<p>\u00c9s un producte adequat per a la seva aplicaci\u00f3 com a substrat de cultiu, un cop corregit el pH a la neutralitat i realitzada una aportaci\u00f3 de nutrients. La Torba Rossa \u00e9s un producte natural sense fertilitzants ni additius incorporats.<\/p>\n<p>El substrat Torba Rossa \u00e9s ideal per a plantes joves en producci\u00f3 hort\u00edcola i ornamental i tamb\u00e9 per a plantes sensibles a la salinitat.<\/p>\n<ul>\n<li>Producte de molt baixa densitat.<\/li>\n<li>Contingut en sals pr\u00e0cticament nul.<\/li>\n<li>Torba d&#8217;elevada estabilitat degut a la naturalesa de les esp\u00e8cies constituents (molses Sphagnum de fulla ampla, molt estable).<\/li>\n<\/ul>\n<p>Les torberes o s\u00f2ls torbosos consisteixen en l&#8217;acumulaci\u00f3 de mat\u00e8ria org\u00e0nica d&#8217;origen vegetal en descomposici\u00f3, degut a qu\u00e8 es formen en condicions de biodegradaci\u00f3: humitats altes, baixes temperatures, medis anaer\u00f2bis i semi-anaer\u00f2bis. Segons el tipus de vegetaci\u00f3 dels s\u00f2ls de torbera, les condicions clim\u00e0tiques i el grau de descomposici\u00f3, la qualitat de la torba pot variar.","protected":false},"excerpt":{"rendered":"<p>La Torba Rossa de Bur\u00e9s \u00e9s un substrat 100% de torba de Sphagnum procedent de torberes altes del nort d&#8217;Europa, d&#8217;estructura molt regular, color grogenc-clar, amb una alta capacitat d&#8217;aireaci\u00f3, elevada porositat, bona retenci\u00f3 d&#8217;aigua, baixa densitat i pH \u00e0cid (3,5 &#8211; 4,5). \u00c9s un producte adequat per a la seva aplicaci\u00f3 com a substrat&#8230;<\/p>\n","protected":false},"featured_media":1790,"comment_status":"open","ping_status":"closed","template":"","meta":[],"yoast_head":"<!-- This site is optimized with the Yoast SEO plugin v19.10 - https:\/\/yoast.com\/wordpress\/plugins\/seo\/ -->\n<title>Sustrato Turba Rubia natural, 100% Turba de Sphagnum<\/title>\n<meta name=\"description\" content=\"El sustrato Turba Rubia es un prpducto ideal para plantas j\u00f3venes y sensibles a la salinidad, una vez ajustado el pH y la fertilidad al nivel deseado.\" \/>\n<meta name=\"robots\" content=\"index, follow, max-snippet:-1, max-image-preview:large, max-video-preview:-1\" \/>\n<link rel=\"canonical\" href=\"https:\/\/buressa.com\/es\/producto\/turba-rubia\/\" \/>\n<meta property=\"og:locale\" content=\"ca_ES\" \/>\n<meta property=\"og:type\" content=\"article\" \/>\n<meta property=\"og:title\" content=\"Sustrato Turba Rubia natural, 100% Turba de Sphagnum\" \/>\n<meta property=\"og:description\" content=\"El sustrato Turba Rubia es un prpducto ideal para plantas j\u00f3venes y sensibles a la salinidad, una vez ajustado el pH y la fertilidad al nivel deseado.\" \/>\n<meta property=\"og:url\" content=\"https:\/\/buressa.com\/es\/producto\/turba-rubia\/\" \/>\n<meta property=\"og:site_name\" content=\"Bur\u00e9s S.A.U.\" \/>\n<meta property=\"article:modified_time\" content=\"2021-06-07T10:18:41+00:00\" \/>\n<meta property=\"og:image\" content=\"https:\/\/buressa.com\/wp-content\/uploads\/2015\/07\/Truba-rubia-web.png\" \/>\n\t<meta property=\"og:image:width\" content=\"700\" \/>\n\t<meta property=\"og:image:height\" content=\"570\" \/>\n\t<meta property=\"og:image:type\" content=\"image\/png\" \/>\n<meta name=\"twitter:card\" content=\"summary_large_image\" \/>\n<meta name=\"twitter:label1\" content=\"Temps estimat de lectura\" \/>\n\t<meta name=\"twitter:data1\" content=\"2 minuts\" \/>\n<script type=\"application\/ld+json\" class=\"yoast-schema-graph\">{\"@context\":\"https:\/\/schema.org\",\"@graph\":[{\"@type\":\"WebPage\",\"@id\":\"https:\/\/buressa.com\/es\/producto\/turba-rubia\/\",\"url\":\"https:\/\/buressa.com\/es\/producto\/turba-rubia\/\",\"name\":\"Sustrato Turba Rubia natural, 100% Turba de Sphagnum\",\"isPartOf\":{\"@id\":\"https:\/\/buressa.com\/en\/#website\"},\"datePublished\":\"2015-07-10T15:32:12+00:00\",\"dateModified\":\"2021-06-07T10:18:41+00:00\",\"description\":\"El sustrato Turba Rubia es un prpducto ideal para plantas j\u00f3venes y sensibles a la salinidad, una vez ajustado el pH y la fertilidad al nivel deseado.\",\"breadcrumb\":{\"@id\":\"https:\/\/buressa.com\/es\/producto\/turba-rubia\/#breadcrumb\"},\"inLanguage\":\"ca\",\"potentialAction\":[{\"@type\":\"ReadAction\",\"target\":[\"https:\/\/buressa.com\/es\/producto\/turba-rubia\/\"]}]},{\"@type\":\"BreadcrumbList\",\"@id\":\"https:\/\/buressa.com\/es\/producto\/turba-rubia\/#breadcrumb\",\"itemListElement\":[{\"@type\":\"ListItem\",\"position\":1,\"name\":\"Portada\",\"item\":\"https:\/\/buressa.com\/en\/\"},{\"@type\":\"ListItem\",\"position\":2,\"name\":\"Productos\",\"item\":\"https:\/\/buressa.com\/es\/shop\/\"},{\"@type\":\"ListItem\",\"position\":3,\"name\":\"Turba Rubia\"}]},{\"@type\":\"WebSite\",\"@id\":\"https:\/\/buressa.com\/en\/#website\",\"url\":\"https:\/\/buressa.com\/en\/\",\"name\":\"Bur\u00e9s S.A.U.\",\"description\":\"Bur\u00e9s, la buena tierra. Fabricantes de tierras y sustratos para jardiner\u00eda.\",\"publisher\":{\"@id\":\"https:\/\/buressa.com\/en\/#organization\"},\"potentialAction\":[{\"@type\":\"SearchAction\",\"target\":{\"@type\":\"EntryPoint\",\"urlTemplate\":\"https:\/\/buressa.com\/en\/?s={search_term_string}\"},\"query-input\":\"required name=search_term_string\"}],\"inLanguage\":\"ca\"},{\"@type\":\"Organization\",\"@id\":\"https:\/\/buressa.com\/en\/#organization\",\"name\":\"BUR\u00c9S, S.A.U.\",\"url\":\"https:\/\/buressa.com\/en\/\",\"logo\":{\"@type\":\"ImageObject\",\"inLanguage\":\"ca\",\"@id\":\"https:\/\/buressa.com\/en\/#\/schema\/logo\/image\/\",\"url\":\"https:\/\/buressa.com\/wp-content\/uploads\/2015\/06\/bures-sense-marge-marro_ok.png\",\"contentUrl\":\"https:\/\/buressa.com\/wp-content\/uploads\/2015\/06\/bures-sense-marge-marro_ok.png\",\"width\":141,\"height\":102,\"caption\":\"BUR\u00c9S, S.A.U.\"},\"image\":{\"@id\":\"https:\/\/buressa.com\/en\/#\/schema\/logo\/image\/\"}}]}<\/script>\n<!-- \/ Yoast SEO plugin. -->","yoast_head_json":{"title":"Sustrato Turba Rubia natural, 100% Turba de Sphagnum","description":"El sustrato Turba Rubia es un prpducto ideal para plantas j\u00f3venes y sensibles a la salinidad, una vez ajustado el pH y la fertilidad al nivel deseado.","robots":{"index":"index","follow":"follow","max-snippet":"max-snippet:-1","max-image-preview":"max-image-preview:large","max-video-preview":"max-video-preview:-1"},"canonical":"https:\/\/buressa.com\/es\/producto\/turba-rubia\/","og_locale":"ca_ES","og_type":"article","og_title":"Sustrato Turba Rubia natural, 100% Turba de Sphagnum","og_description":"El sustrato Turba Rubia es un prpducto ideal para plantas j\u00f3venes y sensibles a la salinidad, una vez ajustado el pH y la fertilidad al nivel deseado.","og_url":"https:\/\/buressa.com\/es\/producto\/turba-rubia\/","og_site_name":"Bur\u00e9s S.A.U.","article_modified_time":"2021-06-07T10:18:41+00:00","og_image":[{"width":700,"height":570,"url":"https:\/\/buressa.com\/wp-content\/uploads\/2015\/07\/Truba-rubia-web.png","type":"image\/png"}],"twitter_card":"summary_large_image","twitter_misc":{"Temps estimat de lectura":"2 minuts"},"schema":{"@context":"https:\/\/schema.org","@graph":[{"@type":"WebPage","@id":"https:\/\/buressa.com\/es\/producto\/turba-rubia\/","url":"https:\/\/buressa.com\/es\/producto\/turba-rubia\/","name":"Sustrato Turba Rubia natural, 100% Turba de Sphagnum","isPartOf":{"@id":"https:\/\/buressa.com\/en\/#website"},"datePublished":"2015-07-10T15:32:12+00:00","dateModified":"2021-06-07T10:18:41+00:00","description":"El sustrato Turba Rubia es un prpducto ideal para plantas j\u00f3venes y sensibles a la salinidad, una vez ajustado el pH y la fertilidad al nivel deseado.","breadcrumb":{"@id":"https:\/\/buressa.com\/es\/producto\/turba-rubia\/#breadcrumb"},"inLanguage":"ca","potentialAction":[{"@type":"ReadAction","target":["https:\/\/buressa.com\/es\/producto\/turba-rubia\/"]}]},{"@type":"BreadcrumbList","@id":"https:\/\/buressa.com\/es\/producto\/turba-rubia\/#breadcrumb","itemListElement":[{"@type":"ListItem","position":1,"name":"Portada","item":"https:\/\/buressa.com\/en\/"},{"@type":"ListItem","position":2,"name":"Productos","item":"https:\/\/buressa.com\/es\/shop\/"},{"@type":"ListItem","position":3,"name":"Turba Rubia"}]},{"@type":"WebSite","@id":"https:\/\/buressa.com\/en\/#website","url":"https:\/\/buressa.com\/en\/","name":"Bur\u00e9s S.A.U.","description":"Bur\u00e9s, la buena tierra. Fabricantes de tierras y sustratos para jardiner\u00eda.","publisher":{"@id":"https:\/\/buressa.com\/en\/#organization"},"potentialAction":[{"@type":"SearchAction","target":{"@type":"EntryPoint","urlTemplate":"https:\/\/buressa.com\/en\/?s={search_term_string}"},"query-input":"required name=search_term_string"}],"inLanguage":"ca"},{"@type":"Organization","@id":"https:\/\/buressa.com\/en\/#organization","name":"BUR\u00c9S, S.A.U.","url":"https:\/\/buressa.com\/en\/","logo":{"@type":"ImageObject","inLanguage":"ca","@id":"https:\/\/buressa.com\/en\/#\/schema\/logo\/image\/","url":"https:\/\/buressa.com\/wp-content\/uploads\/2015\/06\/bures-sense-marge-marro_ok.png","contentUrl":"https:\/\/buressa.com\/wp-content\/uploads\/2015\/06\/bures-sense-marge-marro_ok.png","width":141,"height":102,"caption":"BUR\u00c9S, S.A.U."},"image":{"@id":"https:\/\/buressa.com\/en\/#\/schema\/logo\/image\/"}}]}},"_links":{"self":[{"href":"https:\/\/buressa.com\/ca\/wp-json\/wp\/v2\/product\/169"}],"collection":[{"href":"https:\/\/buressa.com\/ca\/wp-json\/wp\/v2\/product"}],"about":[{"href":"https:\/\/buressa.com\/ca\/wp-json\/wp\/v2\/types\/product"}],"replies":[{"embeddable":true,"href":"https:\/\/buressa.com\/ca\/wp-json\/wp\/v2\/comments?post=169"}],"wp:featuredmedia":[{"embeddable":true,"href":"https:\/\/buressa.com\/ca\/wp-json\/wp\/v2\/media\/1790"}],"wp:attachment":[{"href":"https:\/\/buressa.com\/ca\/wp-json\/wp\/v2\/media?parent=169"}],"curies":[{"name":"wp","href":"https:\/\/api.w.org\/{rel}","templated":true}]}}