{"id":170,"date":"2015-07-10T15:34:15","date_gmt":"2015-07-10T15:34:15","guid":{"rendered":"http:\/\/buressa.com\/?post_type=product&#038;p=170"},"modified":"2021-06-14T11:16:06","modified_gmt":"2021-06-14T09:16:06","slug":"perlita-expandida","status":"publish","type":"product","link":"https:\/\/buressa.com\/ca\/producte\/perlita-tipo-a13\/","title":{"rendered":"Perlita"},"content":{"rendered":"La Perlita \u00e9s un mineral d&#8217;origen volc\u00e0nic que per les seves propietats te la capacitat d&#8217;expandir-se a temperatures altes. L&#8217;aigua atrapada a l&#8217;interior de les part\u00edcules de perlita expandeix el mineral al escalfar-se, fent-lo m\u00e9s lleuger.<\/p>\n<p>La Perlita expandida \u00e9s un producte de pH pr\u00f2xim a la neutralitat i conductivitat el\u00e8ctrica molt baixa, molt lleuger, d&#8217;elevada porositat que utilitzat en barreges de substrats de cultiu alleugera i augmenta la capacitat d&#8217;aireaci\u00f3 del substrat.<\/p>\n<ul>\n<li>Producte de molt baixa densitat (molt lleuger).<\/li>\n<li>Baix contingut en sals i pH pr\u00f2xim a la neutralitat.<\/li>\n<li>Ideal per augmentar la porositat i aireaci\u00f3 en els substrats.<\/li>\n<li>Granulometria de 3 a 5 mm.<\/li>\n<\/ul>","protected":false},"excerpt":{"rendered":"<p>La Perlita \u00e9s un mineral d&#8217;origen volc\u00e0nic que per les seves propietats te la capacitat d&#8217;expandir-se a temperatures altes. L&#8217;aigua atrapada a l&#8217;interior de les part\u00edcules de perlita expandeix el mineral al escalfar-se, fent-lo m\u00e9s lleuger. La Perlita expandida \u00e9s un producte de pH pr\u00f2xim a la neutralitat i conductivitat el\u00e8ctrica molt baixa, molt lleuger,&#8230;<\/p>\n","protected":false},"featured_media":1311,"comment_status":"open","ping_status":"closed","template":"","meta":[],"yoast_head":"<!-- This site is optimized with the Yoast SEO plugin v19.10 - https:\/\/yoast.com\/wordpress\/plugins\/seo\/ -->\n<title>Perlita expandida, aligera y mejora la aireaci\u00f3n de los sustratos.<\/title>\n<meta name=\"description\" content=\"La perlita es un mineral natural expandido a altas temperaturas ideal para aumentar la porosidad y la capidad de aire en mezclas de sustratos de cultivo.\" \/>\n<meta name=\"robots\" content=\"index, follow, max-snippet:-1, max-image-preview:large, max-video-preview:-1\" \/>\n<link rel=\"canonical\" href=\"https:\/\/buressa.com\/en\/product\/es-perlita-tipo-a13\/\" \/>\n<meta property=\"og:locale\" content=\"ca_ES\" \/>\n<meta property=\"og:type\" content=\"article\" \/>\n<meta property=\"og:title\" content=\"Perlita expandida, aligera y mejora la aireaci\u00f3n de los sustratos.\" \/>\n<meta property=\"og:description\" content=\"La perlita es un mineral natural expandido a altas temperaturas ideal para aumentar la porosidad y la capidad de aire en mezclas de sustratos de cultivo.\" \/>\n<meta property=\"og:url\" content=\"https:\/\/buressa.com\/en\/product\/es-perlita-tipo-a13\/\" \/>\n<meta property=\"og:site_name\" content=\"Bur\u00e9s S.A.U.\" \/>\n<meta property=\"article:modified_time\" content=\"2021-06-14T09:16:06+00:00\" \/>\n<meta property=\"og:image\" content=\"https:\/\/buressa.com\/wp-content\/uploads\/2015\/07\/PERLITA.jpg\" \/>\n\t<meta property=\"og:image:width\" content=\"1008\" \/>\n\t<meta property=\"og:image:height\" content=\"756\" \/>\n\t<meta property=\"og:image:type\" content=\"image\/jpeg\" \/>\n<meta name=\"twitter:card\" content=\"summary_large_image\" \/>\n<meta name=\"twitter:label1\" content=\"Temps estimat de lectura\" \/>\n\t<meta name=\"twitter:data1\" content=\"1 minut\" \/>\n<script type=\"application\/ld+json\" class=\"yoast-schema-graph\">{\"@context\":\"https:\/\/schema.org\",\"@graph\":[{\"@type\":\"WebPage\",\"@id\":\"https:\/\/buressa.com\/en\/product\/es-perlita-tipo-a13\/\",\"url\":\"https:\/\/buressa.com\/en\/product\/es-perlita-tipo-a13\/\",\"name\":\"Perlita expandida, aligera y mejora la aireaci\u00f3n de los sustratos.\",\"isPartOf\":{\"@id\":\"https:\/\/buressa.com\/en\/#website\"},\"datePublished\":\"2015-07-10T15:34:15+00:00\",\"dateModified\":\"2021-06-14T09:16:06+00:00\",\"description\":\"La perlita es un mineral natural expandido a altas temperaturas ideal para aumentar la porosidad y la capidad de aire en mezclas de sustratos de cultivo.\",\"breadcrumb\":{\"@id\":\"https:\/\/buressa.com\/en\/product\/es-perlita-tipo-a13\/#breadcrumb\"},\"inLanguage\":\"ca\",\"potentialAction\":[{\"@type\":\"ReadAction\",\"target\":[\"https:\/\/buressa.com\/en\/product\/es-perlita-tipo-a13\/\"]}]},{\"@type\":\"BreadcrumbList\",\"@id\":\"https:\/\/buressa.com\/en\/product\/es-perlita-tipo-a13\/#breadcrumb\",\"itemListElement\":[{\"@type\":\"ListItem\",\"position\":1,\"name\":\"Portada\",\"item\":\"https:\/\/buressa.com\/en\/\"},{\"@type\":\"ListItem\",\"position\":2,\"name\":\"Productos\",\"item\":\"https:\/\/buressa.com\/es\/shop\/\"},{\"@type\":\"ListItem\",\"position\":3,\"name\":\"(ES) Perlita\"}]},{\"@type\":\"WebSite\",\"@id\":\"https:\/\/buressa.com\/en\/#website\",\"url\":\"https:\/\/buressa.com\/en\/\",\"name\":\"Bur\u00e9s S.A.U.\",\"description\":\"Bur\u00e9s, la buena tierra. Fabricantes de tierras y sustratos para jardiner\u00eda.\",\"publisher\":{\"@id\":\"https:\/\/buressa.com\/en\/#organization\"},\"potentialAction\":[{\"@type\":\"SearchAction\",\"target\":{\"@type\":\"EntryPoint\",\"urlTemplate\":\"https:\/\/buressa.com\/en\/?s={search_term_string}\"},\"query-input\":\"required name=search_term_string\"}],\"inLanguage\":\"ca\"},{\"@type\":\"Organization\",\"@id\":\"https:\/\/buressa.com\/en\/#organization\",\"name\":\"BUR\u00c9S, S.A.U.\",\"url\":\"https:\/\/buressa.com\/en\/\",\"logo\":{\"@type\":\"ImageObject\",\"inLanguage\":\"ca\",\"@id\":\"https:\/\/buressa.com\/en\/#\/schema\/logo\/image\/\",\"url\":\"https:\/\/buressa.com\/wp-content\/uploads\/2015\/06\/bures-sense-marge-marro_ok.png\",\"contentUrl\":\"https:\/\/buressa.com\/wp-content\/uploads\/2015\/06\/bures-sense-marge-marro_ok.png\",\"width\":141,\"height\":102,\"caption\":\"BUR\u00c9S, S.A.U.\"},\"image\":{\"@id\":\"https:\/\/buressa.com\/en\/#\/schema\/logo\/image\/\"}}]}<\/script>\n<!-- \/ Yoast SEO plugin. -->","yoast_head_json":{"title":"Perlita expandida, aligera y mejora la aireaci\u00f3n de los sustratos.","description":"La perlita es un mineral natural expandido a altas temperaturas ideal para aumentar la porosidad y la capidad de aire en mezclas de sustratos de cultivo.","robots":{"index":"index","follow":"follow","max-snippet":"max-snippet:-1","max-image-preview":"max-image-preview:large","max-video-preview":"max-video-preview:-1"},"canonical":"https:\/\/buressa.com\/en\/product\/es-perlita-tipo-a13\/","og_locale":"ca_ES","og_type":"article","og_title":"Perlita expandida, aligera y mejora la aireaci\u00f3n de los sustratos.","og_description":"La perlita es un mineral natural expandido a altas temperaturas ideal para aumentar la porosidad y la capidad de aire en mezclas de sustratos de cultivo.","og_url":"https:\/\/buressa.com\/en\/product\/es-perlita-tipo-a13\/","og_site_name":"Bur\u00e9s S.A.U.","article_modified_time":"2021-06-14T09:16:06+00:00","og_image":[{"width":1008,"height":756,"url":"https:\/\/buressa.com\/wp-content\/uploads\/2015\/07\/PERLITA.jpg","type":"image\/jpeg"}],"twitter_card":"summary_large_image","twitter_misc":{"Temps estimat de lectura":"1 minut"},"schema":{"@context":"https:\/\/schema.org","@graph":[{"@type":"WebPage","@id":"https:\/\/buressa.com\/en\/product\/es-perlita-tipo-a13\/","url":"https:\/\/buressa.com\/en\/product\/es-perlita-tipo-a13\/","name":"Perlita expandida, aligera y mejora la aireaci\u00f3n de los sustratos.","isPartOf":{"@id":"https:\/\/buressa.com\/en\/#website"},"datePublished":"2015-07-10T15:34:15+00:00","dateModified":"2021-06-14T09:16:06+00:00","description":"La perlita es un mineral natural expandido a altas temperaturas ideal para aumentar la porosidad y la capidad de aire en mezclas de sustratos de cultivo.","breadcrumb":{"@id":"https:\/\/buressa.com\/en\/product\/es-perlita-tipo-a13\/#breadcrumb"},"inLanguage":"ca","potentialAction":[{"@type":"ReadAction","target":["https:\/\/buressa.com\/en\/product\/es-perlita-tipo-a13\/"]}]},{"@type":"BreadcrumbList","@id":"https:\/\/buressa.com\/en\/product\/es-perlita-tipo-a13\/#breadcrumb","itemListElement":[{"@type":"ListItem","position":1,"name":"Portada","item":"https:\/\/buressa.com\/en\/"},{"@type":"ListItem","position":2,"name":"Productos","item":"https:\/\/buressa.com\/es\/shop\/"},{"@type":"ListItem","position":3,"name":"(ES) Perlita"}]},{"@type":"WebSite","@id":"https:\/\/buressa.com\/en\/#website","url":"https:\/\/buressa.com\/en\/","name":"Bur\u00e9s S.A.U.","description":"Bur\u00e9s, la buena tierra. Fabricantes de tierras y sustratos para jardiner\u00eda.","publisher":{"@id":"https:\/\/buressa.com\/en\/#organization"},"potentialAction":[{"@type":"SearchAction","target":{"@type":"EntryPoint","urlTemplate":"https:\/\/buressa.com\/en\/?s={search_term_string}"},"query-input":"required name=search_term_string"}],"inLanguage":"ca"},{"@type":"Organization","@id":"https:\/\/buressa.com\/en\/#organization","name":"BUR\u00c9S, S.A.U.","url":"https:\/\/buressa.com\/en\/","logo":{"@type":"ImageObject","inLanguage":"ca","@id":"https:\/\/buressa.com\/en\/#\/schema\/logo\/image\/","url":"https:\/\/buressa.com\/wp-content\/uploads\/2015\/06\/bures-sense-marge-marro_ok.png","contentUrl":"https:\/\/buressa.com\/wp-content\/uploads\/2015\/06\/bures-sense-marge-marro_ok.png","width":141,"height":102,"caption":"BUR\u00c9S, S.A.U."},"image":{"@id":"https:\/\/buressa.com\/en\/#\/schema\/logo\/image\/"}}]}},"_links":{"self":[{"href":"https:\/\/buressa.com\/ca\/wp-json\/wp\/v2\/product\/170"}],"collection":[{"href":"https:\/\/buressa.com\/ca\/wp-json\/wp\/v2\/product"}],"about":[{"href":"https:\/\/buressa.com\/ca\/wp-json\/wp\/v2\/types\/product"}],"replies":[{"embeddable":true,"href":"https:\/\/buressa.com\/ca\/wp-json\/wp\/v2\/comments?post=170"}],"wp:featuredmedia":[{"embeddable":true,"href":"https:\/\/buressa.com\/ca\/wp-json\/wp\/v2\/media\/1311"}],"wp:attachment":[{"href":"https:\/\/buressa.com\/ca\/wp-json\/wp\/v2\/media?parent=170"}],"curies":[{"name":"wp","href":"https:\/\/api.w.org\/{rel}","templated":true}]}}