{"id":1738,"date":"2020-09-22T12:06:04","date_gmt":"2020-09-22T10:06:04","guid":{"rendered":"https:\/\/buressa.com\/es\/?post_type=product&#038;p=1738"},"modified":"2021-06-29T11:23:45","modified_gmt":"2021-06-29T09:23:45","slug":"sistema-modular-b15-b20-b35","status":"publish","type":"product","link":"https:\/\/buressa.com\/ca\/producte\/es-sistema-modular-b15-b20-b35\/","title":{"rendered":"Sistema Modular Bur\u00e9s"},"content":{"rendered":"Els\u00a0 conjunts de Sistema d&#8217;Enjardinament Modular Bur\u00e9s, formats per m\u00f2duls de plantaci\u00f3, m\u00f2duls aljub i\u00a0 elements de fixaci\u00f3, s\u00f3n els elements b\u00e0sics del sistema d&#8217;enjardinament modular Bur\u00e9s.<\/p>\n<p>Els conjunts Bur\u00e9s-15 amb substrat BVM-2, s\u00f3n espec\u00edfics per a cobertes verdes de <em>Sedum sp.<\/em>.<\/p>\n<p>Els conjunts Bur\u00e9s-20 amb substrat BVM-1 s\u00f3n ideals per realitzar cobertes enjardinades amb plantes ornamentals, arom\u00e0tiques, hort\u00edcoles, gram\u00ednies, viva\u00e7 i subarbustives.<\/p>\n<p>Els conjunts Bur\u00e9s-35 amb substrat BVM-1 s\u00f3n ideals per a plantes arbustives i arbres de port petit.<\/p>\n<p>A m\u00e9s de la seva utilitzaci\u00f3 per a la realitzaci\u00f3 de cobertes verdes, gracies al seu disseny en m\u00f2duls, el sistema d&#8217;enjardinament Bur\u00e9s, pot fer-se servir per crear zones enjardinades discontinues i parterres de flors sobre superf\u00edcies dures de forma senzilla, r\u00e0pida i sense necessitat d&#8217;obres.<\/p>\n<p>&nbsp;<\/p>\n<p>Presentaci\u00f3<\/p>\n<p><strong>Conjunt Bur\u00e9s-15<\/strong> te unes dimensions de 40x40x15 cm.<\/p>\n<p><strong>Conjunt Bur\u00e9s-20<\/strong> te unes dimensions de 40x40x20 cm.<\/p>\n<p><strong>Conjunt Bur\u00e9s-35<\/strong> te unes dimensions de 40x40x35 cm.","protected":false},"excerpt":{"rendered":"<p>Els\u00a0 conjunts de Sistema d&#8217;Enjardinament Modular Bur\u00e9s, formats per m\u00f2duls de plantaci\u00f3, m\u00f2duls aljub i\u00a0 elements de fixaci\u00f3, s\u00f3n els elements b\u00e0sics del sistema d&#8217;enjardinament modular Bur\u00e9s. Els conjunts Bur\u00e9s-15 amb substrat BVM-2, s\u00f3n espec\u00edfics per a cobertes verdes de Sedum sp.. Els conjunts Bur\u00e9s-20 amb substrat BVM-1 s\u00f3n ideals per realitzar cobertes enjardinades amb&#8230;<\/p>\n","protected":false},"featured_media":1956,"comment_status":"open","ping_status":"closed","template":"","meta":[],"yoast_head":"<!-- This site is optimized with the Yoast SEO plugin v19.10 - https:\/\/yoast.com\/wordpress\/plugins\/seo\/ -->\n<title>Sistema modular Bur\u00e9s para el ajardinamiento f\u00e1cil.<\/title>\n<meta name=\"description\" content=\"Sistema modular Bur\u00e9s para el ajardinamiento sobre superficies pavimentadas, basado en m\u00f3dulos aljibe que permiten su instalaci\u00f3n en cubiertas verdes.\" \/>\n<meta name=\"robots\" content=\"index, follow, max-snippet:-1, max-image-preview:large, max-video-preview:-1\" \/>\n<link rel=\"canonical\" href=\"https:\/\/buressa.com\/fr\/product\/es-sistema-modular-b15-b20-b35\/\" \/>\n<meta property=\"og:locale\" content=\"ca_ES\" \/>\n<meta property=\"og:type\" content=\"article\" \/>\n<meta property=\"og:title\" content=\"Sistema modular Bur\u00e9s para el ajardinamiento f\u00e1cil.\" \/>\n<meta property=\"og:description\" content=\"Sistema modular Bur\u00e9s para el ajardinamiento sobre superficies pavimentadas, basado en m\u00f3dulos aljibe que permiten su instalaci\u00f3n en cubiertas verdes.\" \/>\n<meta property=\"og:url\" content=\"https:\/\/buressa.com\/fr\/product\/es-sistema-modular-b15-b20-b35\/\" \/>\n<meta property=\"og:site_name\" content=\"Bur\u00e9s S.A.U.\" \/>\n<meta property=\"article:modified_time\" content=\"2021-06-29T09:23:45+00:00\" \/>\n<meta property=\"og:image\" content=\"https:\/\/buressa.com\/wp-content\/uploads\/2020\/09\/4902695657.jpg\" \/>\n\t<meta property=\"og:image:width\" content=\"900\" \/>\n\t<meta property=\"og:image:height\" content=\"600\" \/>\n\t<meta property=\"og:image:type\" content=\"image\/jpeg\" \/>\n<meta name=\"twitter:card\" content=\"summary_large_image\" \/>\n<meta name=\"twitter:label1\" content=\"Temps estimat de lectura\" \/>\n\t<meta name=\"twitter:data1\" content=\"2 minuts\" \/>\n<script type=\"application\/ld+json\" class=\"yoast-schema-graph\">{\"@context\":\"https:\/\/schema.org\",\"@graph\":[{\"@type\":\"WebPage\",\"@id\":\"https:\/\/buressa.com\/fr\/product\/es-sistema-modular-b15-b20-b35\/\",\"url\":\"https:\/\/buressa.com\/fr\/product\/es-sistema-modular-b15-b20-b35\/\",\"name\":\"Sistema modular Bur\u00e9s para el ajardinamiento f\u00e1cil.\",\"isPartOf\":{\"@id\":\"https:\/\/buressa.com\/en\/#website\"},\"datePublished\":\"2020-09-22T10:06:04+00:00\",\"dateModified\":\"2021-06-29T09:23:45+00:00\",\"description\":\"Sistema modular Bur\u00e9s para el ajardinamiento sobre superficies pavimentadas, basado en m\u00f3dulos aljibe que permiten su instalaci\u00f3n en cubiertas verdes.\",\"breadcrumb\":{\"@id\":\"https:\/\/buressa.com\/fr\/product\/es-sistema-modular-b15-b20-b35\/#breadcrumb\"},\"inLanguage\":\"ca\",\"potentialAction\":[{\"@type\":\"ReadAction\",\"target\":[\"https:\/\/buressa.com\/fr\/product\/es-sistema-modular-b15-b20-b35\/\"]}]},{\"@type\":\"BreadcrumbList\",\"@id\":\"https:\/\/buressa.com\/fr\/product\/es-sistema-modular-b15-b20-b35\/#breadcrumb\",\"itemListElement\":[{\"@type\":\"ListItem\",\"position\":1,\"name\":\"Portada\",\"item\":\"https:\/\/buressa.com\/en\/\"},{\"@type\":\"ListItem\",\"position\":2,\"name\":\"Productos\",\"item\":\"https:\/\/buressa.com\/es\/shop\/\"},{\"@type\":\"ListItem\",\"position\":3,\"name\":\"(ES) Sistema Modular Bur\u00e9s\"}]},{\"@type\":\"WebSite\",\"@id\":\"https:\/\/buressa.com\/en\/#website\",\"url\":\"https:\/\/buressa.com\/en\/\",\"name\":\"Bur\u00e9s S.A.U.\",\"description\":\"Bur\u00e9s, la buena tierra. Fabricantes de tierras y sustratos para jardiner\u00eda.\",\"publisher\":{\"@id\":\"https:\/\/buressa.com\/en\/#organization\"},\"potentialAction\":[{\"@type\":\"SearchAction\",\"target\":{\"@type\":\"EntryPoint\",\"urlTemplate\":\"https:\/\/buressa.com\/en\/?s={search_term_string}\"},\"query-input\":\"required name=search_term_string\"}],\"inLanguage\":\"ca\"},{\"@type\":\"Organization\",\"@id\":\"https:\/\/buressa.com\/en\/#organization\",\"name\":\"BUR\u00c9S, S.A.U.\",\"url\":\"https:\/\/buressa.com\/en\/\",\"logo\":{\"@type\":\"ImageObject\",\"inLanguage\":\"ca\",\"@id\":\"https:\/\/buressa.com\/en\/#\/schema\/logo\/image\/\",\"url\":\"https:\/\/buressa.com\/wp-content\/uploads\/2015\/06\/bures-sense-marge-marro_ok.png\",\"contentUrl\":\"https:\/\/buressa.com\/wp-content\/uploads\/2015\/06\/bures-sense-marge-marro_ok.png\",\"width\":141,\"height\":102,\"caption\":\"BUR\u00c9S, S.A.U.\"},\"image\":{\"@id\":\"https:\/\/buressa.com\/en\/#\/schema\/logo\/image\/\"}}]}<\/script>\n<!-- \/ Yoast SEO plugin. -->","yoast_head_json":{"title":"Sistema modular Bur\u00e9s para el ajardinamiento f\u00e1cil.","description":"Sistema modular Bur\u00e9s para el ajardinamiento sobre superficies pavimentadas, basado en m\u00f3dulos aljibe que permiten su instalaci\u00f3n en cubiertas verdes.","robots":{"index":"index","follow":"follow","max-snippet":"max-snippet:-1","max-image-preview":"max-image-preview:large","max-video-preview":"max-video-preview:-1"},"canonical":"https:\/\/buressa.com\/fr\/product\/es-sistema-modular-b15-b20-b35\/","og_locale":"ca_ES","og_type":"article","og_title":"Sistema modular Bur\u00e9s para el ajardinamiento f\u00e1cil.","og_description":"Sistema modular Bur\u00e9s para el ajardinamiento sobre superficies pavimentadas, basado en m\u00f3dulos aljibe que permiten su instalaci\u00f3n en cubiertas verdes.","og_url":"https:\/\/buressa.com\/fr\/product\/es-sistema-modular-b15-b20-b35\/","og_site_name":"Bur\u00e9s S.A.U.","article_modified_time":"2021-06-29T09:23:45+00:00","og_image":[{"width":900,"height":600,"url":"https:\/\/buressa.com\/wp-content\/uploads\/2020\/09\/4902695657.jpg","type":"image\/jpeg"}],"twitter_card":"summary_large_image","twitter_misc":{"Temps estimat de lectura":"2 minuts"},"schema":{"@context":"https:\/\/schema.org","@graph":[{"@type":"WebPage","@id":"https:\/\/buressa.com\/fr\/product\/es-sistema-modular-b15-b20-b35\/","url":"https:\/\/buressa.com\/fr\/product\/es-sistema-modular-b15-b20-b35\/","name":"Sistema modular Bur\u00e9s para el ajardinamiento f\u00e1cil.","isPartOf":{"@id":"https:\/\/buressa.com\/en\/#website"},"datePublished":"2020-09-22T10:06:04+00:00","dateModified":"2021-06-29T09:23:45+00:00","description":"Sistema modular Bur\u00e9s para el ajardinamiento sobre superficies pavimentadas, basado en m\u00f3dulos aljibe que permiten su instalaci\u00f3n en cubiertas verdes.","breadcrumb":{"@id":"https:\/\/buressa.com\/fr\/product\/es-sistema-modular-b15-b20-b35\/#breadcrumb"},"inLanguage":"ca","potentialAction":[{"@type":"ReadAction","target":["https:\/\/buressa.com\/fr\/product\/es-sistema-modular-b15-b20-b35\/"]}]},{"@type":"BreadcrumbList","@id":"https:\/\/buressa.com\/fr\/product\/es-sistema-modular-b15-b20-b35\/#breadcrumb","itemListElement":[{"@type":"ListItem","position":1,"name":"Portada","item":"https:\/\/buressa.com\/en\/"},{"@type":"ListItem","position":2,"name":"Productos","item":"https:\/\/buressa.com\/es\/shop\/"},{"@type":"ListItem","position":3,"name":"(ES) Sistema Modular Bur\u00e9s"}]},{"@type":"WebSite","@id":"https:\/\/buressa.com\/en\/#website","url":"https:\/\/buressa.com\/en\/","name":"Bur\u00e9s S.A.U.","description":"Bur\u00e9s, la buena tierra. Fabricantes de tierras y sustratos para jardiner\u00eda.","publisher":{"@id":"https:\/\/buressa.com\/en\/#organization"},"potentialAction":[{"@type":"SearchAction","target":{"@type":"EntryPoint","urlTemplate":"https:\/\/buressa.com\/en\/?s={search_term_string}"},"query-input":"required name=search_term_string"}],"inLanguage":"ca"},{"@type":"Organization","@id":"https:\/\/buressa.com\/en\/#organization","name":"BUR\u00c9S, S.A.U.","url":"https:\/\/buressa.com\/en\/","logo":{"@type":"ImageObject","inLanguage":"ca","@id":"https:\/\/buressa.com\/en\/#\/schema\/logo\/image\/","url":"https:\/\/buressa.com\/wp-content\/uploads\/2015\/06\/bures-sense-marge-marro_ok.png","contentUrl":"https:\/\/buressa.com\/wp-content\/uploads\/2015\/06\/bures-sense-marge-marro_ok.png","width":141,"height":102,"caption":"BUR\u00c9S, S.A.U."},"image":{"@id":"https:\/\/buressa.com\/en\/#\/schema\/logo\/image\/"}}]}},"_links":{"self":[{"href":"https:\/\/buressa.com\/ca\/wp-json\/wp\/v2\/product\/1738"}],"collection":[{"href":"https:\/\/buressa.com\/ca\/wp-json\/wp\/v2\/product"}],"about":[{"href":"https:\/\/buressa.com\/ca\/wp-json\/wp\/v2\/types\/product"}],"replies":[{"embeddable":true,"href":"https:\/\/buressa.com\/ca\/wp-json\/wp\/v2\/comments?post=1738"}],"wp:featuredmedia":[{"embeddable":true,"href":"https:\/\/buressa.com\/ca\/wp-json\/wp\/v2\/media\/1956"}],"wp:attachment":[{"href":"https:\/\/buressa.com\/ca\/wp-json\/wp\/v2\/media?parent=1738"}],"curies":[{"name":"wp","href":"https:\/\/api.w.org\/{rel}","templated":true}]}}