{"id":184,"date":"2015-07-13T14:51:53","date_gmt":"2015-07-13T14:51:53","guid":{"rendered":"http:\/\/buressa.com\/?post_type=product&#038;p=184"},"modified":"2020-07-23T14:40:31","modified_gmt":"2020-07-23T12:40:31","slug":"garbancillo","status":"publish","type":"product","link":"https:\/\/buressa.com\/ca\/producte\/cigronet\/","title":{"rendered":"Cigronet"},"content":{"rendered":"Grava de riu de canto arrodonit, color grisenc.<\/p>\n<ul>\n<li>Producte adequat per la decoraci\u00f3 en camins i parterres.<\/li>\n<li>Pot utilitzar-se en la creaci\u00f3 d&#8217;h\u00e0bitats en terraris i aquaris.<\/li>\n<\/ul>\n<p>Granulometria de 5 a 14 mm.","protected":false},"excerpt":{"rendered":"<p>Grava de riu de canto arrodonit, color grisenc. Producte adequat per la decoraci\u00f3 en camins i parterres. Pot utilitzar-se en la creaci\u00f3 d&#8217;h\u00e0bitats en terraris i aquaris. Granulometria de 5 a 14 mm.<\/p>\n","protected":false},"featured_media":1328,"comment_status":"open","ping_status":"closed","template":"","meta":[],"yoast_head":"<!-- This site is optimized with the Yoast SEO plugin v19.10 - https:\/\/yoast.com\/wordpress\/plugins\/seo\/ -->\n<title>Cigronet - Bur\u00e9s S.A.U.<\/title>\n<meta name=\"robots\" content=\"index, follow, max-snippet:-1, max-image-preview:large, max-video-preview:-1\" \/>\n<link rel=\"canonical\" href=\"https:\/\/buressa.com\/fr\/product\/es-garbancillo\/\" \/>\n<meta property=\"og:locale\" content=\"ca_ES\" \/>\n<meta property=\"og:type\" content=\"article\" \/>\n<meta property=\"og:title\" content=\"[:es]Garbancillo[:ca]Cigronet[:] - Bur\u00e9s S.A.U.\" \/>\n<meta property=\"og:description\" content=\"Grava de riu de canto arrodonit, color grisenc. Producte adequat per la decoraci\u00f3 en camins i parterres. Pot utilitzar-se en la creaci\u00f3 d&#8217;h\u00e0bitats en terraris i aquaris. Granulometria de 5 a 14 mm.\" \/>\n<meta property=\"og:url\" content=\"https:\/\/buressa.com\/fr\/product\/es-garbancillo\/\" \/>\n<meta property=\"og:site_name\" content=\"Bur\u00e9s S.A.U.\" \/>\n<meta property=\"article:modified_time\" content=\"2020-07-23T12:40:31+00:00\" \/>\n<meta property=\"og:image\" content=\"https:\/\/buressa.com\/wp-content\/uploads\/2015\/07\/garbancillo-1.jpg\" \/>\n\t<meta property=\"og:image:width\" content=\"600\" \/>\n\t<meta property=\"og:image:height\" content=\"600\" \/>\n\t<meta property=\"og:image:type\" content=\"image\/jpeg\" \/>\n<meta name=\"twitter:card\" content=\"summary_large_image\" \/>\n<script type=\"application\/ld+json\" class=\"yoast-schema-graph\">{\"@context\":\"https:\/\/schema.org\",\"@graph\":[{\"@type\":\"WebPage\",\"@id\":\"https:\/\/buressa.com\/fr\/product\/es-garbancillo\/\",\"url\":\"https:\/\/buressa.com\/fr\/product\/es-garbancillo\/\",\"name\":\"[:es]Garbancillo[:ca]Cigronet[:] - Bur\u00e9s S.A.U.\",\"isPartOf\":{\"@id\":\"https:\/\/buressa.com\/en\/#website\"},\"datePublished\":\"2015-07-13T14:51:53+00:00\",\"dateModified\":\"2020-07-23T12:40:31+00:00\",\"breadcrumb\":{\"@id\":\"https:\/\/buressa.com\/fr\/product\/es-garbancillo\/#breadcrumb\"},\"inLanguage\":\"ca\",\"potentialAction\":[{\"@type\":\"ReadAction\",\"target\":[\"https:\/\/buressa.com\/fr\/product\/es-garbancillo\/\"]}]},{\"@type\":\"BreadcrumbList\",\"@id\":\"https:\/\/buressa.com\/fr\/product\/es-garbancillo\/#breadcrumb\",\"itemListElement\":[{\"@type\":\"ListItem\",\"position\":1,\"name\":\"Portada\",\"item\":\"https:\/\/buressa.com\/en\/\"},{\"@type\":\"ListItem\",\"position\":2,\"name\":\"Productos\",\"item\":\"https:\/\/buressa.com\/es\/shop\/\"},{\"@type\":\"ListItem\",\"position\":3,\"name\":\"(ES) Garbancillo\"}]},{\"@type\":\"WebSite\",\"@id\":\"https:\/\/buressa.com\/en\/#website\",\"url\":\"https:\/\/buressa.com\/en\/\",\"name\":\"Bur\u00e9s S.A.U.\",\"description\":\"Bur\u00e9s, la buena tierra. Fabricantes de tierras y sustratos para jardiner\u00eda.\",\"publisher\":{\"@id\":\"https:\/\/buressa.com\/en\/#organization\"},\"potentialAction\":[{\"@type\":\"SearchAction\",\"target\":{\"@type\":\"EntryPoint\",\"urlTemplate\":\"https:\/\/buressa.com\/en\/?s={search_term_string}\"},\"query-input\":\"required name=search_term_string\"}],\"inLanguage\":\"ca\"},{\"@type\":\"Organization\",\"@id\":\"https:\/\/buressa.com\/en\/#organization\",\"name\":\"BUR\u00c9S, S.A.U.\",\"url\":\"https:\/\/buressa.com\/en\/\",\"logo\":{\"@type\":\"ImageObject\",\"inLanguage\":\"ca\",\"@id\":\"https:\/\/buressa.com\/en\/#\/schema\/logo\/image\/\",\"url\":\"https:\/\/buressa.com\/wp-content\/uploads\/2015\/06\/bures-sense-marge-marro_ok.png\",\"contentUrl\":\"https:\/\/buressa.com\/wp-content\/uploads\/2015\/06\/bures-sense-marge-marro_ok.png\",\"width\":141,\"height\":102,\"caption\":\"BUR\u00c9S, S.A.U.\"},\"image\":{\"@id\":\"https:\/\/buressa.com\/en\/#\/schema\/logo\/image\/\"}}]}<\/script>\n<!-- \/ Yoast SEO plugin. -->","yoast_head_json":{"title":"[:es]Garbancillo[:ca]Cigronet[:] - Bur\u00e9s S.A.U.","robots":{"index":"index","follow":"follow","max-snippet":"max-snippet:-1","max-image-preview":"max-image-preview:large","max-video-preview":"max-video-preview:-1"},"canonical":"https:\/\/buressa.com\/fr\/product\/es-garbancillo\/","og_locale":"ca_ES","og_type":"article","og_title":"[:es]Garbancillo[:ca]Cigronet[:] - Bur\u00e9s S.A.U.","og_description":"Grava de riu de canto arrodonit, color grisenc. Producte adequat per la decoraci\u00f3 en camins i parterres. Pot utilitzar-se en la creaci\u00f3 d&#8217;h\u00e0bitats en terraris i aquaris. Granulometria de 5 a 14 mm.","og_url":"https:\/\/buressa.com\/fr\/product\/es-garbancillo\/","og_site_name":"Bur\u00e9s S.A.U.","article_modified_time":"2020-07-23T12:40:31+00:00","og_image":[{"width":600,"height":600,"url":"https:\/\/buressa.com\/wp-content\/uploads\/2015\/07\/garbancillo-1.jpg","type":"image\/jpeg"}],"twitter_card":"summary_large_image","schema":{"@context":"https:\/\/schema.org","@graph":[{"@type":"WebPage","@id":"https:\/\/buressa.com\/fr\/product\/es-garbancillo\/","url":"https:\/\/buressa.com\/fr\/product\/es-garbancillo\/","name":"[:es]Garbancillo[:ca]Cigronet[:] - Bur\u00e9s S.A.U.","isPartOf":{"@id":"https:\/\/buressa.com\/en\/#website"},"datePublished":"2015-07-13T14:51:53+00:00","dateModified":"2020-07-23T12:40:31+00:00","breadcrumb":{"@id":"https:\/\/buressa.com\/fr\/product\/es-garbancillo\/#breadcrumb"},"inLanguage":"ca","potentialAction":[{"@type":"ReadAction","target":["https:\/\/buressa.com\/fr\/product\/es-garbancillo\/"]}]},{"@type":"BreadcrumbList","@id":"https:\/\/buressa.com\/fr\/product\/es-garbancillo\/#breadcrumb","itemListElement":[{"@type":"ListItem","position":1,"name":"Portada","item":"https:\/\/buressa.com\/en\/"},{"@type":"ListItem","position":2,"name":"Productos","item":"https:\/\/buressa.com\/es\/shop\/"},{"@type":"ListItem","position":3,"name":"(ES) Garbancillo"}]},{"@type":"WebSite","@id":"https:\/\/buressa.com\/en\/#website","url":"https:\/\/buressa.com\/en\/","name":"Bur\u00e9s S.A.U.","description":"Bur\u00e9s, la buena tierra. Fabricantes de tierras y sustratos para jardiner\u00eda.","publisher":{"@id":"https:\/\/buressa.com\/en\/#organization"},"potentialAction":[{"@type":"SearchAction","target":{"@type":"EntryPoint","urlTemplate":"https:\/\/buressa.com\/en\/?s={search_term_string}"},"query-input":"required name=search_term_string"}],"inLanguage":"ca"},{"@type":"Organization","@id":"https:\/\/buressa.com\/en\/#organization","name":"BUR\u00c9S, S.A.U.","url":"https:\/\/buressa.com\/en\/","logo":{"@type":"ImageObject","inLanguage":"ca","@id":"https:\/\/buressa.com\/en\/#\/schema\/logo\/image\/","url":"https:\/\/buressa.com\/wp-content\/uploads\/2015\/06\/bures-sense-marge-marro_ok.png","contentUrl":"https:\/\/buressa.com\/wp-content\/uploads\/2015\/06\/bures-sense-marge-marro_ok.png","width":141,"height":102,"caption":"BUR\u00c9S, S.A.U."},"image":{"@id":"https:\/\/buressa.com\/en\/#\/schema\/logo\/image\/"}}]}},"_links":{"self":[{"href":"https:\/\/buressa.com\/ca\/wp-json\/wp\/v2\/product\/184"}],"collection":[{"href":"https:\/\/buressa.com\/ca\/wp-json\/wp\/v2\/product"}],"about":[{"href":"https:\/\/buressa.com\/ca\/wp-json\/wp\/v2\/types\/product"}],"replies":[{"embeddable":true,"href":"https:\/\/buressa.com\/ca\/wp-json\/wp\/v2\/comments?post=184"}],"wp:featuredmedia":[{"embeddable":true,"href":"https:\/\/buressa.com\/ca\/wp-json\/wp\/v2\/media\/1328"}],"wp:attachment":[{"href":"https:\/\/buressa.com\/ca\/wp-json\/wp\/v2\/media?parent=184"}],"curies":[{"name":"wp","href":"https:\/\/api.w.org\/{rel}","templated":true}]}}