{"id":1846,"date":"2020-11-24T08:37:13","date_gmt":"2020-11-24T07:37:13","guid":{"rendered":"https:\/\/buressa.com\/es\/?post_type=product&#038;p=1846"},"modified":"2021-06-29T11:26:13","modified_gmt":"2021-06-29T09:26:13","slug":"sistema-cubierta-semi-intensiva","status":"publish","type":"product","link":"https:\/\/buressa.com\/ca\/producte\/es-sistema-cubierta-semi-intensiva\/","title":{"rendered":"Coberta verda semi-intensiva &#8220;natura&#8221;"},"content":{"rendered":"El sistema multicapa de coberta semi-intensiva permet una capa de substrat de gruix mig i la implantaci\u00f3 d&#8217;esp\u00e8cies vegetals de aspecte natural.<\/p>\n<p>La coberta verda semi-intensiva \u201cnatura\u201d cont\u00e9 m\u00e9s gruix de substrat i una major capacitat de reserva d&#8217;aigua que els sistemes de cobertes extensives.<\/p>\n<p>Aquest sistema es caracteritza per poder combinar zones lleugeres de vegetaci\u00f3n tipus <em>Sedum <\/em>amb zones amb m\u00e9s gruix de capa de cultiu (m\u00e9s substrat) que permeten una composici\u00f3 vegetal variada (gram\u00ednies, arom\u00e1tiques, planta viva\u00e7 i perenne) d&#8217;aspecte m\u00e9s natural. Per aquest tipus de cobertes s&#8217;utilitza un substrat amb menys fracci\u00f3 mineral i m\u00e9s enriquit en fracci\u00f3 org\u00e0nica.","protected":false},"excerpt":{"rendered":"<p>El sistema multicapa de coberta semi-intensiva permet una capa de substrat de gruix mig i la implantaci\u00f3 d&#8217;esp\u00e8cies vegetals de aspecte natural. La coberta verda semi-intensiva \u201cnatura\u201d cont\u00e9 m\u00e9s gruix de substrat i una major capacitat de reserva d&#8217;aigua que els sistemes de cobertes extensives. Aquest sistema es caracteritza per poder combinar zones lleugeres de&#8230;<\/p>\n","protected":false},"featured_media":1847,"comment_status":"open","ping_status":"closed","template":"","meta":[],"yoast_head":"<!-- This site is optimized with the Yoast SEO plugin v19.10 - https:\/\/yoast.com\/wordpress\/plugins\/seo\/ -->\n<title>Sistema de cubierta multicapa semi-intensiva &quot;natura&quot;<\/title>\n<meta name=\"description\" content=\"Sistema multicapa de cubierta ajardinada que pemite una capa de sustrato de grosor medio y la implantaci\u00f3n de especies vegetales de aspecto natural.\" \/>\n<meta name=\"robots\" content=\"index, follow, max-snippet:-1, max-image-preview:large, max-video-preview:-1\" \/>\n<link rel=\"canonical\" href=\"https:\/\/buressa.com\/en\/product\/es-sistema-cubierta-semi-intensiva\/\" \/>\n<meta property=\"og:locale\" content=\"ca_ES\" \/>\n<meta property=\"og:type\" content=\"article\" \/>\n<meta property=\"og:title\" content=\"Sistema de cubierta multicapa semi-intensiva &quot;natura&quot;\" \/>\n<meta property=\"og:description\" content=\"Sistema multicapa de cubierta ajardinada que pemite una capa de sustrato de grosor medio y la implantaci\u00f3n de especies vegetales de aspecto natural.\" \/>\n<meta property=\"og:url\" content=\"https:\/\/buressa.com\/en\/product\/es-sistema-cubierta-semi-intensiva\/\" \/>\n<meta property=\"og:site_name\" content=\"Bur\u00e9s S.A.U.\" \/>\n<meta property=\"article:modified_time\" content=\"2021-06-29T09:26:13+00:00\" \/>\n<meta property=\"og:image\" content=\"https:\/\/buressa.com\/wp-content\/uploads\/2020\/11\/natura.jpg\" \/>\n\t<meta property=\"og:image:width\" content=\"800\" \/>\n\t<meta property=\"og:image:height\" content=\"600\" \/>\n\t<meta property=\"og:image:type\" content=\"image\/jpeg\" \/>\n<meta name=\"twitter:card\" content=\"summary_large_image\" \/>\n<meta name=\"twitter:label1\" content=\"Temps estimat de lectura\" \/>\n\t<meta name=\"twitter:data1\" content=\"1 minut\" \/>\n<script type=\"application\/ld+json\" class=\"yoast-schema-graph\">{\"@context\":\"https:\/\/schema.org\",\"@graph\":[{\"@type\":\"WebPage\",\"@id\":\"https:\/\/buressa.com\/en\/product\/es-sistema-cubierta-semi-intensiva\/\",\"url\":\"https:\/\/buressa.com\/en\/product\/es-sistema-cubierta-semi-intensiva\/\",\"name\":\"Sistema de cubierta multicapa semi-intensiva \\\"natura\\\"\",\"isPartOf\":{\"@id\":\"https:\/\/buressa.com\/en\/#website\"},\"datePublished\":\"2020-11-24T07:37:13+00:00\",\"dateModified\":\"2021-06-29T09:26:13+00:00\",\"description\":\"Sistema multicapa de cubierta ajardinada que pemite una capa de sustrato de grosor medio y la implantaci\u00f3n de especies vegetales de aspecto natural.\",\"breadcrumb\":{\"@id\":\"https:\/\/buressa.com\/en\/product\/es-sistema-cubierta-semi-intensiva\/#breadcrumb\"},\"inLanguage\":\"ca\",\"potentialAction\":[{\"@type\":\"ReadAction\",\"target\":[\"https:\/\/buressa.com\/en\/product\/es-sistema-cubierta-semi-intensiva\/\"]}]},{\"@type\":\"BreadcrumbList\",\"@id\":\"https:\/\/buressa.com\/en\/product\/es-sistema-cubierta-semi-intensiva\/#breadcrumb\",\"itemListElement\":[{\"@type\":\"ListItem\",\"position\":1,\"name\":\"Portada\",\"item\":\"https:\/\/buressa.com\/en\/\"},{\"@type\":\"ListItem\",\"position\":2,\"name\":\"Productos\",\"item\":\"https:\/\/buressa.com\/es\/shop\/\"},{\"@type\":\"ListItem\",\"position\":3,\"name\":\"(ES) Cubierta verde semi-intensiva &#8220;natura&#8221;\"}]},{\"@type\":\"WebSite\",\"@id\":\"https:\/\/buressa.com\/en\/#website\",\"url\":\"https:\/\/buressa.com\/en\/\",\"name\":\"Bur\u00e9s S.A.U.\",\"description\":\"Bur\u00e9s, la buena tierra. Fabricantes de tierras y sustratos para jardiner\u00eda.\",\"publisher\":{\"@id\":\"https:\/\/buressa.com\/en\/#organization\"},\"potentialAction\":[{\"@type\":\"SearchAction\",\"target\":{\"@type\":\"EntryPoint\",\"urlTemplate\":\"https:\/\/buressa.com\/en\/?s={search_term_string}\"},\"query-input\":\"required name=search_term_string\"}],\"inLanguage\":\"ca\"},{\"@type\":\"Organization\",\"@id\":\"https:\/\/buressa.com\/en\/#organization\",\"name\":\"BUR\u00c9S, S.A.U.\",\"url\":\"https:\/\/buressa.com\/en\/\",\"logo\":{\"@type\":\"ImageObject\",\"inLanguage\":\"ca\",\"@id\":\"https:\/\/buressa.com\/en\/#\/schema\/logo\/image\/\",\"url\":\"https:\/\/buressa.com\/wp-content\/uploads\/2015\/06\/bures-sense-marge-marro_ok.png\",\"contentUrl\":\"https:\/\/buressa.com\/wp-content\/uploads\/2015\/06\/bures-sense-marge-marro_ok.png\",\"width\":141,\"height\":102,\"caption\":\"BUR\u00c9S, S.A.U.\"},\"image\":{\"@id\":\"https:\/\/buressa.com\/en\/#\/schema\/logo\/image\/\"}}]}<\/script>\n<!-- \/ Yoast SEO plugin. -->","yoast_head_json":{"title":"Sistema de cubierta multicapa semi-intensiva \"natura\"","description":"Sistema multicapa de cubierta ajardinada que pemite una capa de sustrato de grosor medio y la implantaci\u00f3n de especies vegetales de aspecto natural.","robots":{"index":"index","follow":"follow","max-snippet":"max-snippet:-1","max-image-preview":"max-image-preview:large","max-video-preview":"max-video-preview:-1"},"canonical":"https:\/\/buressa.com\/en\/product\/es-sistema-cubierta-semi-intensiva\/","og_locale":"ca_ES","og_type":"article","og_title":"Sistema de cubierta multicapa semi-intensiva \"natura\"","og_description":"Sistema multicapa de cubierta ajardinada que pemite una capa de sustrato de grosor medio y la implantaci\u00f3n de especies vegetales de aspecto natural.","og_url":"https:\/\/buressa.com\/en\/product\/es-sistema-cubierta-semi-intensiva\/","og_site_name":"Bur\u00e9s S.A.U.","article_modified_time":"2021-06-29T09:26:13+00:00","og_image":[{"width":800,"height":600,"url":"https:\/\/buressa.com\/wp-content\/uploads\/2020\/11\/natura.jpg","type":"image\/jpeg"}],"twitter_card":"summary_large_image","twitter_misc":{"Temps estimat de lectura":"1 minut"},"schema":{"@context":"https:\/\/schema.org","@graph":[{"@type":"WebPage","@id":"https:\/\/buressa.com\/en\/product\/es-sistema-cubierta-semi-intensiva\/","url":"https:\/\/buressa.com\/en\/product\/es-sistema-cubierta-semi-intensiva\/","name":"Sistema de cubierta multicapa semi-intensiva \"natura\"","isPartOf":{"@id":"https:\/\/buressa.com\/en\/#website"},"datePublished":"2020-11-24T07:37:13+00:00","dateModified":"2021-06-29T09:26:13+00:00","description":"Sistema multicapa de cubierta ajardinada que pemite una capa de sustrato de grosor medio y la implantaci\u00f3n de especies vegetales de aspecto natural.","breadcrumb":{"@id":"https:\/\/buressa.com\/en\/product\/es-sistema-cubierta-semi-intensiva\/#breadcrumb"},"inLanguage":"ca","potentialAction":[{"@type":"ReadAction","target":["https:\/\/buressa.com\/en\/product\/es-sistema-cubierta-semi-intensiva\/"]}]},{"@type":"BreadcrumbList","@id":"https:\/\/buressa.com\/en\/product\/es-sistema-cubierta-semi-intensiva\/#breadcrumb","itemListElement":[{"@type":"ListItem","position":1,"name":"Portada","item":"https:\/\/buressa.com\/en\/"},{"@type":"ListItem","position":2,"name":"Productos","item":"https:\/\/buressa.com\/es\/shop\/"},{"@type":"ListItem","position":3,"name":"(ES) Cubierta verde semi-intensiva &#8220;natura&#8221;"}]},{"@type":"WebSite","@id":"https:\/\/buressa.com\/en\/#website","url":"https:\/\/buressa.com\/en\/","name":"Bur\u00e9s S.A.U.","description":"Bur\u00e9s, la buena tierra. Fabricantes de tierras y sustratos para jardiner\u00eda.","publisher":{"@id":"https:\/\/buressa.com\/en\/#organization"},"potentialAction":[{"@type":"SearchAction","target":{"@type":"EntryPoint","urlTemplate":"https:\/\/buressa.com\/en\/?s={search_term_string}"},"query-input":"required name=search_term_string"}],"inLanguage":"ca"},{"@type":"Organization","@id":"https:\/\/buressa.com\/en\/#organization","name":"BUR\u00c9S, S.A.U.","url":"https:\/\/buressa.com\/en\/","logo":{"@type":"ImageObject","inLanguage":"ca","@id":"https:\/\/buressa.com\/en\/#\/schema\/logo\/image\/","url":"https:\/\/buressa.com\/wp-content\/uploads\/2015\/06\/bures-sense-marge-marro_ok.png","contentUrl":"https:\/\/buressa.com\/wp-content\/uploads\/2015\/06\/bures-sense-marge-marro_ok.png","width":141,"height":102,"caption":"BUR\u00c9S, S.A.U."},"image":{"@id":"https:\/\/buressa.com\/en\/#\/schema\/logo\/image\/"}}]}},"_links":{"self":[{"href":"https:\/\/buressa.com\/ca\/wp-json\/wp\/v2\/product\/1846"}],"collection":[{"href":"https:\/\/buressa.com\/ca\/wp-json\/wp\/v2\/product"}],"about":[{"href":"https:\/\/buressa.com\/ca\/wp-json\/wp\/v2\/types\/product"}],"replies":[{"embeddable":true,"href":"https:\/\/buressa.com\/ca\/wp-json\/wp\/v2\/comments?post=1846"}],"wp:featuredmedia":[{"embeddable":true,"href":"https:\/\/buressa.com\/ca\/wp-json\/wp\/v2\/media\/1847"}],"wp:attachment":[{"href":"https:\/\/buressa.com\/ca\/wp-json\/wp\/v2\/media?parent=1846"}],"curies":[{"name":"wp","href":"https:\/\/api.w.org\/{rel}","templated":true}]}}