{"id":189,"date":"2015-07-13T15:01:50","date_gmt":"2015-07-13T15:01:50","guid":{"rendered":"http:\/\/buressa.com\/?post_type=product&#038;p=189"},"modified":"2020-06-25T08:39:23","modified_gmt":"2020-06-25T06:39:23","slug":"piedra-lunar","status":"publish","type":"product","link":"https:\/\/buressa.com\/ca\/producte\/pedra-lunar\/","title":{"rendered":"Pedra Lunar"},"content":{"rendered":"Grava artificial de color negre brillant i aspecte por\u00f3s.<\/p>\n<ul>\n<li>Producte adequat per la decoraci\u00f3 en camins i parterres.<\/li>\n<\/ul>\n<p>Disponible en les granulometries de 6 a 12 mm i 12 a 25 mm.","protected":false},"excerpt":{"rendered":"<p>Grava artificial de color negre brillant i aspecte por\u00f3s. Producte adequat per la decoraci\u00f3 en camins i parterres. Disponible en les granulometries de 6 a 12 mm i 12 a 25 mm.<\/p>\n","protected":false},"featured_media":1332,"comment_status":"open","ping_status":"closed","template":"","meta":[],"yoast_head":"<!-- This site is optimized with the Yoast SEO plugin v19.10 - https:\/\/yoast.com\/wordpress\/plugins\/seo\/ -->\n<title>Pedra Lunar - Bur\u00e9s S.A.U.<\/title>\n<meta name=\"robots\" content=\"index, follow, max-snippet:-1, max-image-preview:large, max-video-preview:-1\" \/>\n<link rel=\"canonical\" href=\"https:\/\/buressa.com\/ca\/producte\/pedra-lunar\/\" \/>\n<meta property=\"og:locale\" content=\"ca_ES\" \/>\n<meta property=\"og:type\" content=\"article\" \/>\n<meta property=\"og:title\" content=\"[:es]Piedra Lunar[:ca]Pedra Lunar[:] - Bur\u00e9s S.A.U.\" \/>\n<meta property=\"og:description\" content=\"Grava artificial de color negre brillant i aspecte por\u00f3s. Producte adequat per la decoraci\u00f3 en camins i parterres. Disponible en les granulometries de 6 a 12 mm i 12 a 25 mm.\" \/>\n<meta property=\"og:url\" content=\"https:\/\/buressa.com\/ca\/producte\/pedra-lunar\/\" \/>\n<meta property=\"og:site_name\" content=\"Bur\u00e9s S.A.U.\" \/>\n<meta property=\"article:modified_time\" content=\"2020-06-25T06:39:23+00:00\" \/>\n<meta property=\"og:image\" content=\"https:\/\/buressa.com\/wp-content\/uploads\/2015\/07\/PIEDRA-LUNAR-.jpg\" \/>\n\t<meta property=\"og:image:width\" content=\"600\" \/>\n\t<meta property=\"og:image:height\" content=\"600\" \/>\n\t<meta property=\"og:image:type\" content=\"image\/jpeg\" \/>\n<meta name=\"twitter:card\" content=\"summary_large_image\" \/>\n<script type=\"application\/ld+json\" class=\"yoast-schema-graph\">{\"@context\":\"https:\/\/schema.org\",\"@graph\":[{\"@type\":\"WebPage\",\"@id\":\"https:\/\/buressa.com\/ca\/producte\/pedra-lunar\/\",\"url\":\"https:\/\/buressa.com\/ca\/producte\/pedra-lunar\/\",\"name\":\"[:es]Piedra Lunar[:ca]Pedra Lunar[:] - Bur\u00e9s S.A.U.\",\"isPartOf\":{\"@id\":\"https:\/\/buressa.com\/en\/#website\"},\"datePublished\":\"2015-07-13T15:01:50+00:00\",\"dateModified\":\"2020-06-25T06:39:23+00:00\",\"breadcrumb\":{\"@id\":\"https:\/\/buressa.com\/ca\/producte\/pedra-lunar\/#breadcrumb\"},\"inLanguage\":\"ca\",\"potentialAction\":[{\"@type\":\"ReadAction\",\"target\":[\"https:\/\/buressa.com\/ca\/producte\/pedra-lunar\/\"]}]},{\"@type\":\"BreadcrumbList\",\"@id\":\"https:\/\/buressa.com\/ca\/producte\/pedra-lunar\/#breadcrumb\",\"itemListElement\":[{\"@type\":\"ListItem\",\"position\":1,\"name\":\"Portada\",\"item\":\"https:\/\/buressa.com\/en\/\"},{\"@type\":\"ListItem\",\"position\":2,\"name\":\"Productos\",\"item\":\"https:\/\/buressa.com\/es\/shop\/\"},{\"@type\":\"ListItem\",\"position\":3,\"name\":\"Pedra Lunar\"}]},{\"@type\":\"WebSite\",\"@id\":\"https:\/\/buressa.com\/en\/#website\",\"url\":\"https:\/\/buressa.com\/en\/\",\"name\":\"Bur\u00e9s S.A.U.\",\"description\":\"Bur\u00e9s, la buena tierra. Fabricantes de tierras y sustratos para jardiner\u00eda.\",\"publisher\":{\"@id\":\"https:\/\/buressa.com\/en\/#organization\"},\"potentialAction\":[{\"@type\":\"SearchAction\",\"target\":{\"@type\":\"EntryPoint\",\"urlTemplate\":\"https:\/\/buressa.com\/en\/?s={search_term_string}\"},\"query-input\":\"required name=search_term_string\"}],\"inLanguage\":\"ca\"},{\"@type\":\"Organization\",\"@id\":\"https:\/\/buressa.com\/en\/#organization\",\"name\":\"BUR\u00c9S, S.A.U.\",\"url\":\"https:\/\/buressa.com\/en\/\",\"logo\":{\"@type\":\"ImageObject\",\"inLanguage\":\"ca\",\"@id\":\"https:\/\/buressa.com\/en\/#\/schema\/logo\/image\/\",\"url\":\"https:\/\/buressa.com\/wp-content\/uploads\/2015\/06\/bures-sense-marge-marro_ok.png\",\"contentUrl\":\"https:\/\/buressa.com\/wp-content\/uploads\/2015\/06\/bures-sense-marge-marro_ok.png\",\"width\":141,\"height\":102,\"caption\":\"BUR\u00c9S, S.A.U.\"},\"image\":{\"@id\":\"https:\/\/buressa.com\/en\/#\/schema\/logo\/image\/\"}}]}<\/script>\n<!-- \/ Yoast SEO plugin. -->","yoast_head_json":{"title":"[:es]Piedra Lunar[:ca]Pedra Lunar[:] - Bur\u00e9s S.A.U.","robots":{"index":"index","follow":"follow","max-snippet":"max-snippet:-1","max-image-preview":"max-image-preview:large","max-video-preview":"max-video-preview:-1"},"canonical":"https:\/\/buressa.com\/ca\/producte\/pedra-lunar\/","og_locale":"ca_ES","og_type":"article","og_title":"[:es]Piedra Lunar[:ca]Pedra Lunar[:] - Bur\u00e9s S.A.U.","og_description":"Grava artificial de color negre brillant i aspecte por\u00f3s. Producte adequat per la decoraci\u00f3 en camins i parterres. Disponible en les granulometries de 6 a 12 mm i 12 a 25 mm.","og_url":"https:\/\/buressa.com\/ca\/producte\/pedra-lunar\/","og_site_name":"Bur\u00e9s S.A.U.","article_modified_time":"2020-06-25T06:39:23+00:00","og_image":[{"width":600,"height":600,"url":"https:\/\/buressa.com\/wp-content\/uploads\/2015\/07\/PIEDRA-LUNAR-.jpg","type":"image\/jpeg"}],"twitter_card":"summary_large_image","schema":{"@context":"https:\/\/schema.org","@graph":[{"@type":"WebPage","@id":"https:\/\/buressa.com\/ca\/producte\/pedra-lunar\/","url":"https:\/\/buressa.com\/ca\/producte\/pedra-lunar\/","name":"[:es]Piedra Lunar[:ca]Pedra Lunar[:] - Bur\u00e9s S.A.U.","isPartOf":{"@id":"https:\/\/buressa.com\/en\/#website"},"datePublished":"2015-07-13T15:01:50+00:00","dateModified":"2020-06-25T06:39:23+00:00","breadcrumb":{"@id":"https:\/\/buressa.com\/ca\/producte\/pedra-lunar\/#breadcrumb"},"inLanguage":"ca","potentialAction":[{"@type":"ReadAction","target":["https:\/\/buressa.com\/ca\/producte\/pedra-lunar\/"]}]},{"@type":"BreadcrumbList","@id":"https:\/\/buressa.com\/ca\/producte\/pedra-lunar\/#breadcrumb","itemListElement":[{"@type":"ListItem","position":1,"name":"Portada","item":"https:\/\/buressa.com\/en\/"},{"@type":"ListItem","position":2,"name":"Productos","item":"https:\/\/buressa.com\/es\/shop\/"},{"@type":"ListItem","position":3,"name":"Pedra Lunar"}]},{"@type":"WebSite","@id":"https:\/\/buressa.com\/en\/#website","url":"https:\/\/buressa.com\/en\/","name":"Bur\u00e9s S.A.U.","description":"Bur\u00e9s, la buena tierra. Fabricantes de tierras y sustratos para jardiner\u00eda.","publisher":{"@id":"https:\/\/buressa.com\/en\/#organization"},"potentialAction":[{"@type":"SearchAction","target":{"@type":"EntryPoint","urlTemplate":"https:\/\/buressa.com\/en\/?s={search_term_string}"},"query-input":"required name=search_term_string"}],"inLanguage":"ca"},{"@type":"Organization","@id":"https:\/\/buressa.com\/en\/#organization","name":"BUR\u00c9S, S.A.U.","url":"https:\/\/buressa.com\/en\/","logo":{"@type":"ImageObject","inLanguage":"ca","@id":"https:\/\/buressa.com\/en\/#\/schema\/logo\/image\/","url":"https:\/\/buressa.com\/wp-content\/uploads\/2015\/06\/bures-sense-marge-marro_ok.png","contentUrl":"https:\/\/buressa.com\/wp-content\/uploads\/2015\/06\/bures-sense-marge-marro_ok.png","width":141,"height":102,"caption":"BUR\u00c9S, S.A.U."},"image":{"@id":"https:\/\/buressa.com\/en\/#\/schema\/logo\/image\/"}}]}},"_links":{"self":[{"href":"https:\/\/buressa.com\/ca\/wp-json\/wp\/v2\/product\/189"}],"collection":[{"href":"https:\/\/buressa.com\/ca\/wp-json\/wp\/v2\/product"}],"about":[{"href":"https:\/\/buressa.com\/ca\/wp-json\/wp\/v2\/types\/product"}],"replies":[{"embeddable":true,"href":"https:\/\/buressa.com\/ca\/wp-json\/wp\/v2\/comments?post=189"}],"wp:featuredmedia":[{"embeddable":true,"href":"https:\/\/buressa.com\/ca\/wp-json\/wp\/v2\/media\/1332"}],"wp:attachment":[{"href":"https:\/\/buressa.com\/ca\/wp-json\/wp\/v2\/media?parent=189"}],"curies":[{"name":"wp","href":"https:\/\/api.w.org\/{rel}","templated":true}]}}