{"id":192,"date":"2015-07-13T15:07:38","date_gmt":"2015-07-13T15:07:38","guid":{"rendered":"http:\/\/buressa.com\/?post_type=product&#038;p=192"},"modified":"2020-06-25T08:33:09","modified_gmt":"2020-06-25T06:33:09","slug":"bolo-de-marmol-rojo","status":"publish","type":"product","link":"https:\/\/buressa.com\/ca\/producte\/codol-de-marbre-vermell\/","title":{"rendered":"C\u00f2dol de marbre vermell"},"content":{"rendered":"Pedra de marbre natural, arrodonida, de color vermell, adequada per la decoraci\u00f3 interior i exterior.<\/p>\n<p>Disponible en diferents granulometries de 12 a 20 mm i de 20 a 40 mm.<\/p>\n<p>Aquest producte pot utilitzar-se per la creaci\u00f3 d&#8217;h\u00e0bitats naturals per a r\u00e8ptils.","protected":false},"excerpt":{"rendered":"<p>Pedra de marbre natural, arrodonida, de color vermell, adequada per la decoraci\u00f3 interior i exterior. Disponible en diferents granulometries de 12 a 20 mm i de 20 a 40 mm. Aquest producte pot utilitzar-se per la creaci\u00f3 d&#8217;h\u00e0bitats naturals per a r\u00e8ptils.<\/p>\n","protected":false},"featured_media":605,"comment_status":"open","ping_status":"closed","template":"","meta":[],"yoast_head":"<!-- This site is optimized with the Yoast SEO plugin v19.10 - https:\/\/yoast.com\/wordpress\/plugins\/seo\/ -->\n<title>C\u00f2dol de marbre vermell - Bur\u00e9s S.A.U.<\/title>\n<meta name=\"robots\" content=\"index, follow, max-snippet:-1, max-image-preview:large, max-video-preview:-1\" \/>\n<link rel=\"canonical\" href=\"https:\/\/buressa.com\/en\/product\/es-bolo-de-marmol-rojo\/\" \/>\n<meta property=\"og:locale\" content=\"ca_ES\" \/>\n<meta property=\"og:type\" content=\"article\" \/>\n<meta property=\"og:title\" content=\"[:es]Bolo de M\u00e1rmol Rojo[:ca]C\u00f2dol de marbre vermell[:] - Bur\u00e9s S.A.U.\" \/>\n<meta property=\"og:description\" content=\"Pedra de marbre natural, arrodonida, de color vermell, adequada per la decoraci\u00f3 interior i exterior. Disponible en diferents granulometries de 12 a 20 mm i de 20 a 40 mm. Aquest producte pot utilitzar-se per la creaci\u00f3 d&#8217;h\u00e0bitats naturals per a r\u00e8ptils.\" \/>\n<meta property=\"og:url\" content=\"https:\/\/buressa.com\/en\/product\/es-bolo-de-marmol-rojo\/\" \/>\n<meta property=\"og:site_name\" content=\"Bur\u00e9s S.A.U.\" \/>\n<meta property=\"article:modified_time\" content=\"2020-06-25T06:33:09+00:00\" \/>\n<meta name=\"twitter:card\" content=\"summary_large_image\" \/>\n<meta name=\"twitter:image\" content=\"https:\/\/buressa.com\/wp-content\/uploads\/2015\/07\/Bolo-de-m\u00e1rmol-rojo.jpg\" \/>\n<script type=\"application\/ld+json\" class=\"yoast-schema-graph\">{\"@context\":\"https:\/\/schema.org\",\"@graph\":[{\"@type\":\"WebPage\",\"@id\":\"https:\/\/buressa.com\/en\/product\/es-bolo-de-marmol-rojo\/\",\"url\":\"https:\/\/buressa.com\/en\/product\/es-bolo-de-marmol-rojo\/\",\"name\":\"[:es]Bolo de M\u00e1rmol Rojo[:ca]C\u00f2dol de marbre vermell[:] - Bur\u00e9s S.A.U.\",\"isPartOf\":{\"@id\":\"https:\/\/buressa.com\/en\/#website\"},\"datePublished\":\"2015-07-13T15:07:38+00:00\",\"dateModified\":\"2020-06-25T06:33:09+00:00\",\"breadcrumb\":{\"@id\":\"https:\/\/buressa.com\/en\/product\/es-bolo-de-marmol-rojo\/#breadcrumb\"},\"inLanguage\":\"ca\",\"potentialAction\":[{\"@type\":\"ReadAction\",\"target\":[\"https:\/\/buressa.com\/en\/product\/es-bolo-de-marmol-rojo\/\"]}]},{\"@type\":\"BreadcrumbList\",\"@id\":\"https:\/\/buressa.com\/en\/product\/es-bolo-de-marmol-rojo\/#breadcrumb\",\"itemListElement\":[{\"@type\":\"ListItem\",\"position\":1,\"name\":\"Portada\",\"item\":\"https:\/\/buressa.com\/en\/\"},{\"@type\":\"ListItem\",\"position\":2,\"name\":\"Productos\",\"item\":\"https:\/\/buressa.com\/es\/shop\/\"},{\"@type\":\"ListItem\",\"position\":3,\"name\":\"(ES) Bolo de M\u00e1rmol Rojo\"}]},{\"@type\":\"WebSite\",\"@id\":\"https:\/\/buressa.com\/en\/#website\",\"url\":\"https:\/\/buressa.com\/en\/\",\"name\":\"Bur\u00e9s S.A.U.\",\"description\":\"Bur\u00e9s, la buena tierra. Fabricantes de tierras y sustratos para jardiner\u00eda.\",\"publisher\":{\"@id\":\"https:\/\/buressa.com\/en\/#organization\"},\"potentialAction\":[{\"@type\":\"SearchAction\",\"target\":{\"@type\":\"EntryPoint\",\"urlTemplate\":\"https:\/\/buressa.com\/en\/?s={search_term_string}\"},\"query-input\":\"required name=search_term_string\"}],\"inLanguage\":\"ca\"},{\"@type\":\"Organization\",\"@id\":\"https:\/\/buressa.com\/en\/#organization\",\"name\":\"BUR\u00c9S, S.A.U.\",\"url\":\"https:\/\/buressa.com\/en\/\",\"logo\":{\"@type\":\"ImageObject\",\"inLanguage\":\"ca\",\"@id\":\"https:\/\/buressa.com\/en\/#\/schema\/logo\/image\/\",\"url\":\"https:\/\/buressa.com\/wp-content\/uploads\/2015\/06\/bures-sense-marge-marro_ok.png\",\"contentUrl\":\"https:\/\/buressa.com\/wp-content\/uploads\/2015\/06\/bures-sense-marge-marro_ok.png\",\"width\":141,\"height\":102,\"caption\":\"BUR\u00c9S, S.A.U.\"},\"image\":{\"@id\":\"https:\/\/buressa.com\/en\/#\/schema\/logo\/image\/\"}}]}<\/script>\n<!-- \/ Yoast SEO plugin. -->","yoast_head_json":{"title":"[:es]Bolo de M\u00e1rmol Rojo[:ca]C\u00f2dol de marbre vermell[:] - Bur\u00e9s S.A.U.","robots":{"index":"index","follow":"follow","max-snippet":"max-snippet:-1","max-image-preview":"max-image-preview:large","max-video-preview":"max-video-preview:-1"},"canonical":"https:\/\/buressa.com\/en\/product\/es-bolo-de-marmol-rojo\/","og_locale":"ca_ES","og_type":"article","og_title":"[:es]Bolo de M\u00e1rmol Rojo[:ca]C\u00f2dol de marbre vermell[:] - Bur\u00e9s S.A.U.","og_description":"Pedra de marbre natural, arrodonida, de color vermell, adequada per la decoraci\u00f3 interior i exterior. Disponible en diferents granulometries de 12 a 20 mm i de 20 a 40 mm. Aquest producte pot utilitzar-se per la creaci\u00f3 d&#8217;h\u00e0bitats naturals per a r\u00e8ptils.","og_url":"https:\/\/buressa.com\/en\/product\/es-bolo-de-marmol-rojo\/","og_site_name":"Bur\u00e9s S.A.U.","article_modified_time":"2020-06-25T06:33:09+00:00","twitter_card":"summary_large_image","twitter_image":"https:\/\/buressa.com\/wp-content\/uploads\/2015\/07\/Bolo-de-m\u00e1rmol-rojo.jpg","schema":{"@context":"https:\/\/schema.org","@graph":[{"@type":"WebPage","@id":"https:\/\/buressa.com\/en\/product\/es-bolo-de-marmol-rojo\/","url":"https:\/\/buressa.com\/en\/product\/es-bolo-de-marmol-rojo\/","name":"[:es]Bolo de M\u00e1rmol Rojo[:ca]C\u00f2dol de marbre vermell[:] - Bur\u00e9s S.A.U.","isPartOf":{"@id":"https:\/\/buressa.com\/en\/#website"},"datePublished":"2015-07-13T15:07:38+00:00","dateModified":"2020-06-25T06:33:09+00:00","breadcrumb":{"@id":"https:\/\/buressa.com\/en\/product\/es-bolo-de-marmol-rojo\/#breadcrumb"},"inLanguage":"ca","potentialAction":[{"@type":"ReadAction","target":["https:\/\/buressa.com\/en\/product\/es-bolo-de-marmol-rojo\/"]}]},{"@type":"BreadcrumbList","@id":"https:\/\/buressa.com\/en\/product\/es-bolo-de-marmol-rojo\/#breadcrumb","itemListElement":[{"@type":"ListItem","position":1,"name":"Portada","item":"https:\/\/buressa.com\/en\/"},{"@type":"ListItem","position":2,"name":"Productos","item":"https:\/\/buressa.com\/es\/shop\/"},{"@type":"ListItem","position":3,"name":"(ES) Bolo de M\u00e1rmol Rojo"}]},{"@type":"WebSite","@id":"https:\/\/buressa.com\/en\/#website","url":"https:\/\/buressa.com\/en\/","name":"Bur\u00e9s S.A.U.","description":"Bur\u00e9s, la buena tierra. Fabricantes de tierras y sustratos para jardiner\u00eda.","publisher":{"@id":"https:\/\/buressa.com\/en\/#organization"},"potentialAction":[{"@type":"SearchAction","target":{"@type":"EntryPoint","urlTemplate":"https:\/\/buressa.com\/en\/?s={search_term_string}"},"query-input":"required name=search_term_string"}],"inLanguage":"ca"},{"@type":"Organization","@id":"https:\/\/buressa.com\/en\/#organization","name":"BUR\u00c9S, S.A.U.","url":"https:\/\/buressa.com\/en\/","logo":{"@type":"ImageObject","inLanguage":"ca","@id":"https:\/\/buressa.com\/en\/#\/schema\/logo\/image\/","url":"https:\/\/buressa.com\/wp-content\/uploads\/2015\/06\/bures-sense-marge-marro_ok.png","contentUrl":"https:\/\/buressa.com\/wp-content\/uploads\/2015\/06\/bures-sense-marge-marro_ok.png","width":141,"height":102,"caption":"BUR\u00c9S, S.A.U."},"image":{"@id":"https:\/\/buressa.com\/en\/#\/schema\/logo\/image\/"}}]}},"_links":{"self":[{"href":"https:\/\/buressa.com\/ca\/wp-json\/wp\/v2\/product\/192"}],"collection":[{"href":"https:\/\/buressa.com\/ca\/wp-json\/wp\/v2\/product"}],"about":[{"href":"https:\/\/buressa.com\/ca\/wp-json\/wp\/v2\/types\/product"}],"replies":[{"embeddable":true,"href":"https:\/\/buressa.com\/ca\/wp-json\/wp\/v2\/comments?post=192"}],"wp:featuredmedia":[{"embeddable":true,"href":"https:\/\/buressa.com\/ca\/wp-json\/wp\/v2\/media\/605"}],"wp:attachment":[{"href":"https:\/\/buressa.com\/ca\/wp-json\/wp\/v2\/media?parent=192"}],"curies":[{"name":"wp","href":"https:\/\/api.w.org\/{rel}","templated":true}]}}