{"id":2092,"date":"2021-06-29T11:39:14","date_gmt":"2021-06-29T09:39:14","guid":{"rendered":"https:\/\/buressa.com\/es\/?post_type=product&#038;p=2092"},"modified":"2021-06-29T12:57:09","modified_gmt":"2021-06-29T10:57:09","slug":"gavion-jardinera","status":"publish","type":"product","link":"https:\/\/buressa.com\/ca\/producte\/es-gavion-jardinera\/","title":{"rendered":"Gabi\u00f3 jardinera"},"content":{"rendered":"Jardineres fabricades amb gabions de malla electrosoldada d&#8217;acer de 3,5 mm de di\u00e0metre i llum de malla 50 x 50 mm.<\/p>\n<p>Disponibles en diferents mides i possibilitats de farcir amb \u00e0rids decoratius.<\/p>\n<ul>\n<li>Gabi\u00f3 jardinera 50 x 50 x 50 cm<\/li>\n<li>Gabi\u00f3 jardinera 50 x 50 x 100 cm<\/li>\n<li>Gabi\u00f3 jardinera 100 x 50\u00a0 x 50 cm<\/li>\n<li>Gabi\u00f3 jardinera 100 x 50 x 100 cm<\/li>\n<li>Gabi\u00f3 jardinera 100 x 100 x 50 cm<\/li>\n<li>Gabio jardinera trapezoidal 60\/40 x 100 cm<\/li>\n<\/ul>","protected":false},"excerpt":{"rendered":"<p>Jardineres fabricades amb gabions de malla electrosoldada d&#8217;acer de 3,5 mm de di\u00e0metre i llum de malla 50 x 50 mm. Disponibles en diferents mides i possibilitats de farcir amb \u00e0rids decoratius. Gabi\u00f3 jardinera 50 x 50 x 50 cm Gabi\u00f3 jardinera 50 x 50 x 100 cm Gabi\u00f3 jardinera 100 x 50\u00a0 x 50&#8230;<\/p>\n","protected":false},"featured_media":2093,"comment_status":"open","ping_status":"closed","template":"","meta":[],"yoast_head":"<!-- This site is optimized with the Yoast SEO plugin v19.10 - https:\/\/yoast.com\/wordpress\/plugins\/seo\/ -->\n<title>Gavi\u00f3n jardinera decorativo que permite distintas opciones de relleno<\/title>\n<meta name=\"description\" content=\"Jardineras fabricadas con gaviones de malla electrosoldada de acero y relleno de \u00e1ridos decorativos disponibles en distintos tama\u00f1os.\" \/>\n<meta name=\"robots\" content=\"index, follow, max-snippet:-1, max-image-preview:large, max-video-preview:-1\" \/>\n<link rel=\"canonical\" href=\"https:\/\/buressa.com\/ca\/producte\/es-gavion-jardinera\/\" \/>\n<meta property=\"og:locale\" content=\"ca_ES\" \/>\n<meta property=\"og:type\" content=\"article\" \/>\n<meta property=\"og:title\" content=\"Gavi\u00f3n jardinera decorativo que permite distintas opciones de relleno\" \/>\n<meta property=\"og:description\" content=\"Jardineras fabricadas con gaviones de malla electrosoldada de acero y relleno de \u00e1ridos decorativos disponibles en distintos tama\u00f1os.\" \/>\n<meta property=\"og:url\" content=\"https:\/\/buressa.com\/ca\/producte\/es-gavion-jardinera\/\" \/>\n<meta property=\"og:site_name\" content=\"Bur\u00e9s S.A.U.\" \/>\n<meta property=\"article:modified_time\" content=\"2021-06-29T10:57:09+00:00\" \/>\n<meta property=\"og:image\" content=\"https:\/\/buressa.com\/wp-content\/uploads\/2021\/06\/JARDINERA.jpg\" \/>\n\t<meta property=\"og:image:width\" content=\"897\" \/>\n\t<meta property=\"og:image:height\" content=\"782\" \/>\n\t<meta property=\"og:image:type\" content=\"image\/jpeg\" \/>\n<meta name=\"twitter:card\" content=\"summary_large_image\" \/>\n<meta name=\"twitter:label1\" content=\"Temps estimat de lectura\" \/>\n\t<meta name=\"twitter:data1\" content=\"1 minut\" \/>\n<script type=\"application\/ld+json\" class=\"yoast-schema-graph\">{\"@context\":\"https:\/\/schema.org\",\"@graph\":[{\"@type\":\"WebPage\",\"@id\":\"https:\/\/buressa.com\/ca\/producte\/es-gavion-jardinera\/\",\"url\":\"https:\/\/buressa.com\/ca\/producte\/es-gavion-jardinera\/\",\"name\":\"Gavi\u00f3n jardinera decorativo que permite distintas opciones de relleno\",\"isPartOf\":{\"@id\":\"https:\/\/buressa.com\/en\/#website\"},\"datePublished\":\"2021-06-29T09:39:14+00:00\",\"dateModified\":\"2021-06-29T10:57:09+00:00\",\"description\":\"Jardineras fabricadas con gaviones de malla electrosoldada de acero y relleno de \u00e1ridos decorativos disponibles en distintos tama\u00f1os.\",\"breadcrumb\":{\"@id\":\"https:\/\/buressa.com\/ca\/producte\/es-gavion-jardinera\/#breadcrumb\"},\"inLanguage\":\"ca\",\"potentialAction\":[{\"@type\":\"ReadAction\",\"target\":[\"https:\/\/buressa.com\/ca\/producte\/es-gavion-jardinera\/\"]}]},{\"@type\":\"BreadcrumbList\",\"@id\":\"https:\/\/buressa.com\/ca\/producte\/es-gavion-jardinera\/#breadcrumb\",\"itemListElement\":[{\"@type\":\"ListItem\",\"position\":1,\"name\":\"Portada\",\"item\":\"https:\/\/buressa.com\/en\/\"},{\"@type\":\"ListItem\",\"position\":2,\"name\":\"Productos\",\"item\":\"https:\/\/buressa.com\/es\/shop\/\"},{\"@type\":\"ListItem\",\"position\":3,\"name\":\"Gabi\u00f3 jardinera\"}]},{\"@type\":\"WebSite\",\"@id\":\"https:\/\/buressa.com\/en\/#website\",\"url\":\"https:\/\/buressa.com\/en\/\",\"name\":\"Bur\u00e9s S.A.U.\",\"description\":\"Bur\u00e9s, la buena tierra. Fabricantes de tierras y sustratos para jardiner\u00eda.\",\"publisher\":{\"@id\":\"https:\/\/buressa.com\/en\/#organization\"},\"potentialAction\":[{\"@type\":\"SearchAction\",\"target\":{\"@type\":\"EntryPoint\",\"urlTemplate\":\"https:\/\/buressa.com\/en\/?s={search_term_string}\"},\"query-input\":\"required name=search_term_string\"}],\"inLanguage\":\"ca\"},{\"@type\":\"Organization\",\"@id\":\"https:\/\/buressa.com\/en\/#organization\",\"name\":\"BUR\u00c9S, S.A.U.\",\"url\":\"https:\/\/buressa.com\/en\/\",\"logo\":{\"@type\":\"ImageObject\",\"inLanguage\":\"ca\",\"@id\":\"https:\/\/buressa.com\/en\/#\/schema\/logo\/image\/\",\"url\":\"https:\/\/buressa.com\/wp-content\/uploads\/2015\/06\/bures-sense-marge-marro_ok.png\",\"contentUrl\":\"https:\/\/buressa.com\/wp-content\/uploads\/2015\/06\/bures-sense-marge-marro_ok.png\",\"width\":141,\"height\":102,\"caption\":\"BUR\u00c9S, S.A.U.\"},\"image\":{\"@id\":\"https:\/\/buressa.com\/en\/#\/schema\/logo\/image\/\"}}]}<\/script>\n<!-- \/ Yoast SEO plugin. -->","yoast_head_json":{"title":"Gavi\u00f3n jardinera decorativo que permite distintas opciones de relleno","description":"Jardineras fabricadas con gaviones de malla electrosoldada de acero y relleno de \u00e1ridos decorativos disponibles en distintos tama\u00f1os.","robots":{"index":"index","follow":"follow","max-snippet":"max-snippet:-1","max-image-preview":"max-image-preview:large","max-video-preview":"max-video-preview:-1"},"canonical":"https:\/\/buressa.com\/ca\/producte\/es-gavion-jardinera\/","og_locale":"ca_ES","og_type":"article","og_title":"Gavi\u00f3n jardinera decorativo que permite distintas opciones de relleno","og_description":"Jardineras fabricadas con gaviones de malla electrosoldada de acero y relleno de \u00e1ridos decorativos disponibles en distintos tama\u00f1os.","og_url":"https:\/\/buressa.com\/ca\/producte\/es-gavion-jardinera\/","og_site_name":"Bur\u00e9s S.A.U.","article_modified_time":"2021-06-29T10:57:09+00:00","og_image":[{"width":897,"height":782,"url":"https:\/\/buressa.com\/wp-content\/uploads\/2021\/06\/JARDINERA.jpg","type":"image\/jpeg"}],"twitter_card":"summary_large_image","twitter_misc":{"Temps estimat de lectura":"1 minut"},"schema":{"@context":"https:\/\/schema.org","@graph":[{"@type":"WebPage","@id":"https:\/\/buressa.com\/ca\/producte\/es-gavion-jardinera\/","url":"https:\/\/buressa.com\/ca\/producte\/es-gavion-jardinera\/","name":"Gavi\u00f3n jardinera decorativo que permite distintas opciones de relleno","isPartOf":{"@id":"https:\/\/buressa.com\/en\/#website"},"datePublished":"2021-06-29T09:39:14+00:00","dateModified":"2021-06-29T10:57:09+00:00","description":"Jardineras fabricadas con gaviones de malla electrosoldada de acero y relleno de \u00e1ridos decorativos disponibles en distintos tama\u00f1os.","breadcrumb":{"@id":"https:\/\/buressa.com\/ca\/producte\/es-gavion-jardinera\/#breadcrumb"},"inLanguage":"ca","potentialAction":[{"@type":"ReadAction","target":["https:\/\/buressa.com\/ca\/producte\/es-gavion-jardinera\/"]}]},{"@type":"BreadcrumbList","@id":"https:\/\/buressa.com\/ca\/producte\/es-gavion-jardinera\/#breadcrumb","itemListElement":[{"@type":"ListItem","position":1,"name":"Portada","item":"https:\/\/buressa.com\/en\/"},{"@type":"ListItem","position":2,"name":"Productos","item":"https:\/\/buressa.com\/es\/shop\/"},{"@type":"ListItem","position":3,"name":"Gabi\u00f3 jardinera"}]},{"@type":"WebSite","@id":"https:\/\/buressa.com\/en\/#website","url":"https:\/\/buressa.com\/en\/","name":"Bur\u00e9s S.A.U.","description":"Bur\u00e9s, la buena tierra. Fabricantes de tierras y sustratos para jardiner\u00eda.","publisher":{"@id":"https:\/\/buressa.com\/en\/#organization"},"potentialAction":[{"@type":"SearchAction","target":{"@type":"EntryPoint","urlTemplate":"https:\/\/buressa.com\/en\/?s={search_term_string}"},"query-input":"required name=search_term_string"}],"inLanguage":"ca"},{"@type":"Organization","@id":"https:\/\/buressa.com\/en\/#organization","name":"BUR\u00c9S, S.A.U.","url":"https:\/\/buressa.com\/en\/","logo":{"@type":"ImageObject","inLanguage":"ca","@id":"https:\/\/buressa.com\/en\/#\/schema\/logo\/image\/","url":"https:\/\/buressa.com\/wp-content\/uploads\/2015\/06\/bures-sense-marge-marro_ok.png","contentUrl":"https:\/\/buressa.com\/wp-content\/uploads\/2015\/06\/bures-sense-marge-marro_ok.png","width":141,"height":102,"caption":"BUR\u00c9S, S.A.U."},"image":{"@id":"https:\/\/buressa.com\/en\/#\/schema\/logo\/image\/"}}]}},"_links":{"self":[{"href":"https:\/\/buressa.com\/ca\/wp-json\/wp\/v2\/product\/2092"}],"collection":[{"href":"https:\/\/buressa.com\/ca\/wp-json\/wp\/v2\/product"}],"about":[{"href":"https:\/\/buressa.com\/ca\/wp-json\/wp\/v2\/types\/product"}],"replies":[{"embeddable":true,"href":"https:\/\/buressa.com\/ca\/wp-json\/wp\/v2\/comments?post=2092"}],"wp:featuredmedia":[{"embeddable":true,"href":"https:\/\/buressa.com\/ca\/wp-json\/wp\/v2\/media\/2093"}],"wp:attachment":[{"href":"https:\/\/buressa.com\/ca\/wp-json\/wp\/v2\/media?parent=2092"}],"curies":[{"name":"wp","href":"https:\/\/api.w.org\/{rel}","templated":true}]}}