{"id":217,"date":"2015-07-13T15:50:51","date_gmt":"2015-07-13T15:50:51","guid":{"rendered":"http:\/\/buressa.com\/?post_type=product&#038;p=217"},"modified":"2020-06-23T14:40:47","modified_gmt":"2020-06-23T12:40:47","slug":"bolo-extra-blanco","status":"publish","type":"product","link":"https:\/\/buressa.com\/ca\/producte\/codol-extra-blanc\/","title":{"rendered":"C\u00f2dol Extra Blanc"},"content":{"rendered":"Pedra de marbre natural rodada de color blanc, disponible en la mida de 100 a 150 mm i 150 a 300 mm.","protected":false},"excerpt":{"rendered":"<p>Pedra de marbre natural rodada de color blanc, disponible en la mida de 100 a 150 mm i 150 a 300 mm.<\/p>\n","protected":false},"featured_media":653,"comment_status":"open","ping_status":"closed","template":"","meta":[],"yoast_head":"<!-- This site is optimized with the Yoast SEO plugin v19.10 - https:\/\/yoast.com\/wordpress\/plugins\/seo\/ -->\n<title>C\u00f2dol Extra Blanc - Bur\u00e9s S.A.U.<\/title>\n<meta name=\"robots\" content=\"index, follow, max-snippet:-1, max-image-preview:large, max-video-preview:-1\" \/>\n<link rel=\"canonical\" href=\"https:\/\/buressa.com\/ca\/producte\/codol-extra-blanc\/\" \/>\n<meta property=\"og:locale\" content=\"ca_ES\" \/>\n<meta property=\"og:type\" content=\"article\" \/>\n<meta property=\"og:title\" content=\"[:es]Bolo Extra Blanco [:ca]C\u00f2dol Extra Blanc[:] - Bur\u00e9s S.A.U.\" \/>\n<meta property=\"og:description\" content=\"Pedra de marbre natural rodada de color blanc, disponible en la mida de 100 a 150 mm i 150 a 300 mm.\" \/>\n<meta property=\"og:url\" content=\"https:\/\/buressa.com\/ca\/producte\/codol-extra-blanc\/\" \/>\n<meta property=\"og:site_name\" content=\"Bur\u00e9s S.A.U.\" \/>\n<meta property=\"article:modified_time\" content=\"2020-06-23T12:40:47+00:00\" \/>\n<meta property=\"og:image\" content=\"https:\/\/buressa.com\/wp-content\/uploads\/2015\/07\/bolo-extra-blanco.jpg\" \/>\n\t<meta property=\"og:image:width\" content=\"1009\" \/>\n\t<meta property=\"og:image:height\" content=\"660\" \/>\n\t<meta property=\"og:image:type\" content=\"image\/jpeg\" \/>\n<meta name=\"twitter:card\" content=\"summary_large_image\" \/>\n<script type=\"application\/ld+json\" class=\"yoast-schema-graph\">{\"@context\":\"https:\/\/schema.org\",\"@graph\":[{\"@type\":\"WebPage\",\"@id\":\"https:\/\/buressa.com\/ca\/producte\/codol-extra-blanc\/\",\"url\":\"https:\/\/buressa.com\/ca\/producte\/codol-extra-blanc\/\",\"name\":\"[:es]Bolo Extra Blanco [:ca]C\u00f2dol Extra Blanc[:] - Bur\u00e9s S.A.U.\",\"isPartOf\":{\"@id\":\"https:\/\/buressa.com\/en\/#website\"},\"datePublished\":\"2015-07-13T15:50:51+00:00\",\"dateModified\":\"2020-06-23T12:40:47+00:00\",\"breadcrumb\":{\"@id\":\"https:\/\/buressa.com\/ca\/producte\/codol-extra-blanc\/#breadcrumb\"},\"inLanguage\":\"ca\",\"potentialAction\":[{\"@type\":\"ReadAction\",\"target\":[\"https:\/\/buressa.com\/ca\/producte\/codol-extra-blanc\/\"]}]},{\"@type\":\"BreadcrumbList\",\"@id\":\"https:\/\/buressa.com\/ca\/producte\/codol-extra-blanc\/#breadcrumb\",\"itemListElement\":[{\"@type\":\"ListItem\",\"position\":1,\"name\":\"Portada\",\"item\":\"https:\/\/buressa.com\/en\/\"},{\"@type\":\"ListItem\",\"position\":2,\"name\":\"Productos\",\"item\":\"https:\/\/buressa.com\/es\/shop\/\"},{\"@type\":\"ListItem\",\"position\":3,\"name\":\"C\u00f2dol Extra Blanc\"}]},{\"@type\":\"WebSite\",\"@id\":\"https:\/\/buressa.com\/en\/#website\",\"url\":\"https:\/\/buressa.com\/en\/\",\"name\":\"Bur\u00e9s S.A.U.\",\"description\":\"Bur\u00e9s, la buena tierra. Fabricantes de tierras y sustratos para jardiner\u00eda.\",\"publisher\":{\"@id\":\"https:\/\/buressa.com\/en\/#organization\"},\"potentialAction\":[{\"@type\":\"SearchAction\",\"target\":{\"@type\":\"EntryPoint\",\"urlTemplate\":\"https:\/\/buressa.com\/en\/?s={search_term_string}\"},\"query-input\":\"required name=search_term_string\"}],\"inLanguage\":\"ca\"},{\"@type\":\"Organization\",\"@id\":\"https:\/\/buressa.com\/en\/#organization\",\"name\":\"BUR\u00c9S, S.A.U.\",\"url\":\"https:\/\/buressa.com\/en\/\",\"logo\":{\"@type\":\"ImageObject\",\"inLanguage\":\"ca\",\"@id\":\"https:\/\/buressa.com\/en\/#\/schema\/logo\/image\/\",\"url\":\"https:\/\/buressa.com\/wp-content\/uploads\/2015\/06\/bures-sense-marge-marro_ok.png\",\"contentUrl\":\"https:\/\/buressa.com\/wp-content\/uploads\/2015\/06\/bures-sense-marge-marro_ok.png\",\"width\":141,\"height\":102,\"caption\":\"BUR\u00c9S, S.A.U.\"},\"image\":{\"@id\":\"https:\/\/buressa.com\/en\/#\/schema\/logo\/image\/\"}}]}<\/script>\n<!-- \/ Yoast SEO plugin. -->","yoast_head_json":{"title":"[:es]Bolo Extra Blanco [:ca]C\u00f2dol Extra Blanc[:] - Bur\u00e9s S.A.U.","robots":{"index":"index","follow":"follow","max-snippet":"max-snippet:-1","max-image-preview":"max-image-preview:large","max-video-preview":"max-video-preview:-1"},"canonical":"https:\/\/buressa.com\/ca\/producte\/codol-extra-blanc\/","og_locale":"ca_ES","og_type":"article","og_title":"[:es]Bolo Extra Blanco [:ca]C\u00f2dol Extra Blanc[:] - Bur\u00e9s S.A.U.","og_description":"Pedra de marbre natural rodada de color blanc, disponible en la mida de 100 a 150 mm i 150 a 300 mm.","og_url":"https:\/\/buressa.com\/ca\/producte\/codol-extra-blanc\/","og_site_name":"Bur\u00e9s S.A.U.","article_modified_time":"2020-06-23T12:40:47+00:00","og_image":[{"width":1009,"height":660,"url":"https:\/\/buressa.com\/wp-content\/uploads\/2015\/07\/bolo-extra-blanco.jpg","type":"image\/jpeg"}],"twitter_card":"summary_large_image","schema":{"@context":"https:\/\/schema.org","@graph":[{"@type":"WebPage","@id":"https:\/\/buressa.com\/ca\/producte\/codol-extra-blanc\/","url":"https:\/\/buressa.com\/ca\/producte\/codol-extra-blanc\/","name":"[:es]Bolo Extra Blanco [:ca]C\u00f2dol Extra Blanc[:] - Bur\u00e9s S.A.U.","isPartOf":{"@id":"https:\/\/buressa.com\/en\/#website"},"datePublished":"2015-07-13T15:50:51+00:00","dateModified":"2020-06-23T12:40:47+00:00","breadcrumb":{"@id":"https:\/\/buressa.com\/ca\/producte\/codol-extra-blanc\/#breadcrumb"},"inLanguage":"ca","potentialAction":[{"@type":"ReadAction","target":["https:\/\/buressa.com\/ca\/producte\/codol-extra-blanc\/"]}]},{"@type":"BreadcrumbList","@id":"https:\/\/buressa.com\/ca\/producte\/codol-extra-blanc\/#breadcrumb","itemListElement":[{"@type":"ListItem","position":1,"name":"Portada","item":"https:\/\/buressa.com\/en\/"},{"@type":"ListItem","position":2,"name":"Productos","item":"https:\/\/buressa.com\/es\/shop\/"},{"@type":"ListItem","position":3,"name":"C\u00f2dol Extra Blanc"}]},{"@type":"WebSite","@id":"https:\/\/buressa.com\/en\/#website","url":"https:\/\/buressa.com\/en\/","name":"Bur\u00e9s S.A.U.","description":"Bur\u00e9s, la buena tierra. Fabricantes de tierras y sustratos para jardiner\u00eda.","publisher":{"@id":"https:\/\/buressa.com\/en\/#organization"},"potentialAction":[{"@type":"SearchAction","target":{"@type":"EntryPoint","urlTemplate":"https:\/\/buressa.com\/en\/?s={search_term_string}"},"query-input":"required name=search_term_string"}],"inLanguage":"ca"},{"@type":"Organization","@id":"https:\/\/buressa.com\/en\/#organization","name":"BUR\u00c9S, S.A.U.","url":"https:\/\/buressa.com\/en\/","logo":{"@type":"ImageObject","inLanguage":"ca","@id":"https:\/\/buressa.com\/en\/#\/schema\/logo\/image\/","url":"https:\/\/buressa.com\/wp-content\/uploads\/2015\/06\/bures-sense-marge-marro_ok.png","contentUrl":"https:\/\/buressa.com\/wp-content\/uploads\/2015\/06\/bures-sense-marge-marro_ok.png","width":141,"height":102,"caption":"BUR\u00c9S, S.A.U."},"image":{"@id":"https:\/\/buressa.com\/en\/#\/schema\/logo\/image\/"}}]}},"_links":{"self":[{"href":"https:\/\/buressa.com\/ca\/wp-json\/wp\/v2\/product\/217"}],"collection":[{"href":"https:\/\/buressa.com\/ca\/wp-json\/wp\/v2\/product"}],"about":[{"href":"https:\/\/buressa.com\/ca\/wp-json\/wp\/v2\/types\/product"}],"replies":[{"embeddable":true,"href":"https:\/\/buressa.com\/ca\/wp-json\/wp\/v2\/comments?post=217"}],"wp:featuredmedia":[{"embeddable":true,"href":"https:\/\/buressa.com\/ca\/wp-json\/wp\/v2\/media\/653"}],"wp:attachment":[{"href":"https:\/\/buressa.com\/ca\/wp-json\/wp\/v2\/media?parent=217"}],"curies":[{"name":"wp","href":"https:\/\/api.w.org\/{rel}","templated":true}]}}