{"id":257,"date":"2015-07-14T13:50:26","date_gmt":"2015-07-14T13:50:26","guid":{"rendered":"http:\/\/buressa.com\/?post_type=product&#038;p=257"},"modified":"2020-06-25T15:09:19","modified_gmt":"2020-06-25T13:09:19","slug":"cesped-artificial-bures","status":"publish","type":"product","link":"https:\/\/buressa.com\/ca\/producte\/gespa-artificial-bures\/","title":{"rendered":"Gespa Artificial"},"content":{"rendered":"Gespa de 40 mm, \u00a0monofibra de Polietil\u00e8, farcit en Polipropil\u00e8, tricolor (tres tons de verd), 25.200 puntades\/m2. Gespa d&#8217;excel.lent mem\u00f2ria, tractament anti UVA, m\u00e0xima resist\u00e8ncia.<\/p>\n<p>Per aquest tipus de gespa no \u00e9s necessari un llast de sorra de s\u00edlice. Per una millor sensaci\u00f3 comfort, es recomana aportar sorra de s\u00edlice a ra\u00f3 de 5 Kg\/m2 per control de temperatura del tapis i manteniment de la sensaci\u00f3 de frescor i humitat despr\u00e9s del reg.","protected":false},"excerpt":{"rendered":"<p>Gespa de 40 mm, \u00a0monofibra de Polietil\u00e8, farcit en Polipropil\u00e8, tricolor (tres tons de verd), 25.200 puntades\/m2. Gespa d&#8217;excel.lent mem\u00f2ria, tractament anti UVA, m\u00e0xima resist\u00e8ncia. Per aquest tipus de gespa no \u00e9s necessari un llast de sorra de s\u00edlice. Per una millor sensaci\u00f3 comfort, es recomana aportar sorra de s\u00edlice a ra\u00f3 de 5 Kg\/m2&#8230;<\/p>\n","protected":false},"featured_media":744,"comment_status":"open","ping_status":"closed","template":"","meta":[],"yoast_head":"<!-- This site is optimized with the Yoast SEO plugin v19.10 - https:\/\/yoast.com\/wordpress\/plugins\/seo\/ -->\n<title>Gespa Artificial - Bur\u00e9s S.A.U.<\/title>\n<meta name=\"robots\" content=\"index, follow, max-snippet:-1, max-image-preview:large, max-video-preview:-1\" \/>\n<link rel=\"canonical\" href=\"https:\/\/buressa.com\/ca\/producte\/gespa-artificial-bures\/\" \/>\n<meta property=\"og:locale\" content=\"ca_ES\" \/>\n<meta property=\"og:type\" content=\"article\" \/>\n<meta property=\"og:title\" content=\"[:es]C\u00e9sped Artificial[:ca]Gespa Artificial[:] - Bur\u00e9s S.A.U.\" \/>\n<meta property=\"og:description\" content=\"Gespa de 40 mm, \u00a0monofibra de Polietil\u00e8, farcit en Polipropil\u00e8, tricolor (tres tons de verd), 25.200 puntades\/m2. Gespa d&#8217;excel.lent mem\u00f2ria, tractament anti UVA, m\u00e0xima resist\u00e8ncia. Per aquest tipus de gespa no \u00e9s necessari un llast de sorra de s\u00edlice. Per una millor sensaci\u00f3 comfort, es recomana aportar sorra de s\u00edlice a ra\u00f3 de 5 Kg\/m2...\" \/>\n<meta property=\"og:url\" content=\"https:\/\/buressa.com\/ca\/producte\/gespa-artificial-bures\/\" \/>\n<meta property=\"og:site_name\" content=\"Bur\u00e9s S.A.U.\" \/>\n<meta property=\"article:modified_time\" content=\"2020-06-25T13:09:19+00:00\" \/>\n<meta property=\"og:image\" content=\"https:\/\/buressa.com\/wp-content\/uploads\/2015\/10\/Imag-C\u00e9sped-artificial.jpg\" \/>\n\t<meta property=\"og:image:width\" content=\"1688\" \/>\n\t<meta property=\"og:image:height\" content=\"1461\" \/>\n\t<meta property=\"og:image:type\" content=\"image\/jpeg\" \/>\n<meta name=\"twitter:card\" content=\"summary_large_image\" \/>\n<meta name=\"twitter:label1\" content=\"Temps estimat de lectura\" \/>\n\t<meta name=\"twitter:data1\" content=\"1 minut\" \/>\n<script type=\"application\/ld+json\" class=\"yoast-schema-graph\">{\"@context\":\"https:\/\/schema.org\",\"@graph\":[{\"@type\":\"WebPage\",\"@id\":\"https:\/\/buressa.com\/ca\/producte\/gespa-artificial-bures\/\",\"url\":\"https:\/\/buressa.com\/ca\/producte\/gespa-artificial-bures\/\",\"name\":\"[:es]C\u00e9sped Artificial[:ca]Gespa Artificial[:] - Bur\u00e9s S.A.U.\",\"isPartOf\":{\"@id\":\"https:\/\/buressa.com\/en\/#website\"},\"datePublished\":\"2015-07-14T13:50:26+00:00\",\"dateModified\":\"2020-06-25T13:09:19+00:00\",\"breadcrumb\":{\"@id\":\"https:\/\/buressa.com\/ca\/producte\/gespa-artificial-bures\/#breadcrumb\"},\"inLanguage\":\"ca\",\"potentialAction\":[{\"@type\":\"ReadAction\",\"target\":[\"https:\/\/buressa.com\/ca\/producte\/gespa-artificial-bures\/\"]}]},{\"@type\":\"BreadcrumbList\",\"@id\":\"https:\/\/buressa.com\/ca\/producte\/gespa-artificial-bures\/#breadcrumb\",\"itemListElement\":[{\"@type\":\"ListItem\",\"position\":1,\"name\":\"Portada\",\"item\":\"https:\/\/buressa.com\/en\/\"},{\"@type\":\"ListItem\",\"position\":2,\"name\":\"Productos\",\"item\":\"https:\/\/buressa.com\/es\/shop\/\"},{\"@type\":\"ListItem\",\"position\":3,\"name\":\"Gespa Artificial\"}]},{\"@type\":\"WebSite\",\"@id\":\"https:\/\/buressa.com\/en\/#website\",\"url\":\"https:\/\/buressa.com\/en\/\",\"name\":\"Bur\u00e9s S.A.U.\",\"description\":\"Bur\u00e9s, la buena tierra. Fabricantes de tierras y sustratos para jardiner\u00eda.\",\"publisher\":{\"@id\":\"https:\/\/buressa.com\/en\/#organization\"},\"potentialAction\":[{\"@type\":\"SearchAction\",\"target\":{\"@type\":\"EntryPoint\",\"urlTemplate\":\"https:\/\/buressa.com\/en\/?s={search_term_string}\"},\"query-input\":\"required name=search_term_string\"}],\"inLanguage\":\"ca\"},{\"@type\":\"Organization\",\"@id\":\"https:\/\/buressa.com\/en\/#organization\",\"name\":\"BUR\u00c9S, S.A.U.\",\"url\":\"https:\/\/buressa.com\/en\/\",\"logo\":{\"@type\":\"ImageObject\",\"inLanguage\":\"ca\",\"@id\":\"https:\/\/buressa.com\/en\/#\/schema\/logo\/image\/\",\"url\":\"https:\/\/buressa.com\/wp-content\/uploads\/2015\/06\/bures-sense-marge-marro_ok.png\",\"contentUrl\":\"https:\/\/buressa.com\/wp-content\/uploads\/2015\/06\/bures-sense-marge-marro_ok.png\",\"width\":141,\"height\":102,\"caption\":\"BUR\u00c9S, S.A.U.\"},\"image\":{\"@id\":\"https:\/\/buressa.com\/en\/#\/schema\/logo\/image\/\"}}]}<\/script>\n<!-- \/ Yoast SEO plugin. -->","yoast_head_json":{"title":"[:es]C\u00e9sped Artificial[:ca]Gespa Artificial[:] - Bur\u00e9s S.A.U.","robots":{"index":"index","follow":"follow","max-snippet":"max-snippet:-1","max-image-preview":"max-image-preview:large","max-video-preview":"max-video-preview:-1"},"canonical":"https:\/\/buressa.com\/ca\/producte\/gespa-artificial-bures\/","og_locale":"ca_ES","og_type":"article","og_title":"[:es]C\u00e9sped Artificial[:ca]Gespa Artificial[:] - Bur\u00e9s S.A.U.","og_description":"Gespa de 40 mm, \u00a0monofibra de Polietil\u00e8, farcit en Polipropil\u00e8, tricolor (tres tons de verd), 25.200 puntades\/m2. Gespa d&#8217;excel.lent mem\u00f2ria, tractament anti UVA, m\u00e0xima resist\u00e8ncia. Per aquest tipus de gespa no \u00e9s necessari un llast de sorra de s\u00edlice. Per una millor sensaci\u00f3 comfort, es recomana aportar sorra de s\u00edlice a ra\u00f3 de 5 Kg\/m2...","og_url":"https:\/\/buressa.com\/ca\/producte\/gespa-artificial-bures\/","og_site_name":"Bur\u00e9s S.A.U.","article_modified_time":"2020-06-25T13:09:19+00:00","og_image":[{"width":1688,"height":1461,"url":"https:\/\/buressa.com\/wp-content\/uploads\/2015\/10\/Imag-C\u00e9sped-artificial.jpg","type":"image\/jpeg"}],"twitter_card":"summary_large_image","twitter_misc":{"Temps estimat de lectura":"1 minut"},"schema":{"@context":"https:\/\/schema.org","@graph":[{"@type":"WebPage","@id":"https:\/\/buressa.com\/ca\/producte\/gespa-artificial-bures\/","url":"https:\/\/buressa.com\/ca\/producte\/gespa-artificial-bures\/","name":"[:es]C\u00e9sped Artificial[:ca]Gespa Artificial[:] - Bur\u00e9s S.A.U.","isPartOf":{"@id":"https:\/\/buressa.com\/en\/#website"},"datePublished":"2015-07-14T13:50:26+00:00","dateModified":"2020-06-25T13:09:19+00:00","breadcrumb":{"@id":"https:\/\/buressa.com\/ca\/producte\/gespa-artificial-bures\/#breadcrumb"},"inLanguage":"ca","potentialAction":[{"@type":"ReadAction","target":["https:\/\/buressa.com\/ca\/producte\/gespa-artificial-bures\/"]}]},{"@type":"BreadcrumbList","@id":"https:\/\/buressa.com\/ca\/producte\/gespa-artificial-bures\/#breadcrumb","itemListElement":[{"@type":"ListItem","position":1,"name":"Portada","item":"https:\/\/buressa.com\/en\/"},{"@type":"ListItem","position":2,"name":"Productos","item":"https:\/\/buressa.com\/es\/shop\/"},{"@type":"ListItem","position":3,"name":"Gespa Artificial"}]},{"@type":"WebSite","@id":"https:\/\/buressa.com\/en\/#website","url":"https:\/\/buressa.com\/en\/","name":"Bur\u00e9s S.A.U.","description":"Bur\u00e9s, la buena tierra. Fabricantes de tierras y sustratos para jardiner\u00eda.","publisher":{"@id":"https:\/\/buressa.com\/en\/#organization"},"potentialAction":[{"@type":"SearchAction","target":{"@type":"EntryPoint","urlTemplate":"https:\/\/buressa.com\/en\/?s={search_term_string}"},"query-input":"required name=search_term_string"}],"inLanguage":"ca"},{"@type":"Organization","@id":"https:\/\/buressa.com\/en\/#organization","name":"BUR\u00c9S, S.A.U.","url":"https:\/\/buressa.com\/en\/","logo":{"@type":"ImageObject","inLanguage":"ca","@id":"https:\/\/buressa.com\/en\/#\/schema\/logo\/image\/","url":"https:\/\/buressa.com\/wp-content\/uploads\/2015\/06\/bures-sense-marge-marro_ok.png","contentUrl":"https:\/\/buressa.com\/wp-content\/uploads\/2015\/06\/bures-sense-marge-marro_ok.png","width":141,"height":102,"caption":"BUR\u00c9S, S.A.U."},"image":{"@id":"https:\/\/buressa.com\/en\/#\/schema\/logo\/image\/"}}]}},"_links":{"self":[{"href":"https:\/\/buressa.com\/ca\/wp-json\/wp\/v2\/product\/257"}],"collection":[{"href":"https:\/\/buressa.com\/ca\/wp-json\/wp\/v2\/product"}],"about":[{"href":"https:\/\/buressa.com\/ca\/wp-json\/wp\/v2\/types\/product"}],"replies":[{"embeddable":true,"href":"https:\/\/buressa.com\/ca\/wp-json\/wp\/v2\/comments?post=257"}],"wp:featuredmedia":[{"embeddable":true,"href":"https:\/\/buressa.com\/ca\/wp-json\/wp\/v2\/media\/744"}],"wp:attachment":[{"href":"https:\/\/buressa.com\/ca\/wp-json\/wp\/v2\/media?parent=257"}],"curies":[{"name":"wp","href":"https:\/\/api.w.org\/{rel}","templated":true}]}}