{"id":845,"date":"2016-02-25T14:45:41","date_gmt":"2016-02-25T13:45:41","guid":{"rendered":"http:\/\/buressa.com\/es\/?post_type=product&#038;p=845"},"modified":"2021-06-08T09:24:31","modified_gmt":"2021-06-08T07:24:31","slug":"tierra-para-huerto-y-jardin","status":"publish","type":"product","link":"https:\/\/buressa.com\/ca\/producte\/es-tierra-para-huerto-y-jardin\/","title":{"rendered":"Terra per a Hort i Jard\u00ed"},"content":{"rendered":"La Terra per a Hort i Jard\u00ed \u00e9s un producte semblant al s\u00f2l de l&#8217;hort de m\u00e0xima qualitat. \u00c9s un substrat de granulometria mitja i densitat lleugerament elevada degut a la incorporaci\u00f3 de sorres i argiles en la seva formulaci\u00f3. La seva composici\u00f3 millora l&#8217;assentament i arrelament de les esp\u00e8cies en cultiu.<\/p>\n<p>Es tracta d&#8217;una terra vegetal, preparada \u00a0a l&#8217;estil tradicional i que dona resposta a una demanda creixent d&#8217;aficionats i profesionals del sector per disposar d&#8217;un producte ensacat de m\u00e9s densitat i bon drenatge en comparativa amb els substrats d&#8217;aplicaci\u00f3 universal, preparats b\u00e0sicament a partir de torba.<\/p>\n<ul>\n<li>Ideal per a arbres fruiters, horts.<\/li>\n<li>Tamb\u00e9 per a jard\u00ed: parterres de flor i forats de plantaci\u00f3.<\/li>\n<li>Adequat per omplir i corregir desnivells en gespes.<\/li>\n<\/ul>\n<p>La Terra per a Hort i Jard\u00ed es comercialitza en sacs de 30 litres de capacitat, t\u00e9 un elevat percentatge en mat\u00e8ria org\u00e0nica i una reserva de nutrients rica.<\/p>\n<p>&nbsp;<\/p>\n<p>&nbsp;<\/p>\n<p>&nbsp;","protected":false},"excerpt":{"rendered":"<p>La Terra per a Hort i Jard\u00ed \u00e9s un producte semblant al s\u00f2l de l&#8217;hort de m\u00e0xima qualitat. \u00c9s un substrat de granulometria mitja i densitat lleugerament elevada degut a la incorporaci\u00f3 de sorres i argiles en la seva formulaci\u00f3. La seva composici\u00f3 millora l&#8217;assentament i arrelament de les esp\u00e8cies en cultiu. Es tracta d&#8217;una&#8230;<\/p>\n","protected":false},"featured_media":849,"comment_status":"open","ping_status":"closed","template":"","meta":[],"yoast_head":"<!-- This site is optimized with the Yoast SEO plugin v19.10 - https:\/\/yoast.com\/wordpress\/plugins\/seo\/ -->\n<title>Tierra para Huerto y Jard\u00edn, buen arraigue y asentamiento.<\/title>\n<meta name=\"description\" content=\"\u00bfBuscas una buena tierra para tus \u00e1rboles? La Tierra para Huerto y Jard\u00edn es ideal para pantas de porte medio - grande: arbustos y \u00e1rboles. \u00a1Pru\u00e9bala!\" \/>\n<meta name=\"robots\" content=\"index, follow, max-snippet:-1, max-image-preview:large, max-video-preview:-1\" \/>\n<link rel=\"canonical\" href=\"https:\/\/buressa.com\/es\/producto\/tierra-para-huerto-y-jardin\/\" \/>\n<meta property=\"og:locale\" content=\"ca_ES\" \/>\n<meta property=\"og:type\" content=\"article\" \/>\n<meta property=\"og:title\" content=\"Tierra para Huerto y Jard\u00edn, buen arraigue y asentamiento.\" \/>\n<meta property=\"og:description\" content=\"\u00bfBuscas una buena tierra para tus \u00e1rboles? La Tierra para Huerto y Jard\u00edn es ideal para pantas de porte medio - grande: arbustos y \u00e1rboles. \u00a1Pru\u00e9bala!\" \/>\n<meta property=\"og:url\" content=\"https:\/\/buressa.com\/es\/producto\/tierra-para-huerto-y-jardin\/\" \/>\n<meta property=\"og:site_name\" content=\"Bur\u00e9s S.A.U.\" \/>\n<meta property=\"article:modified_time\" content=\"2021-06-08T07:24:31+00:00\" \/>\n<meta property=\"og:image\" content=\"https:\/\/buressa.com\/wp-content\/uploads\/2016\/02\/tierra-huerto-jardin-lienzo-3.jpg\" \/>\n\t<meta property=\"og:image:width\" content=\"960\" \/>\n\t<meta property=\"og:image:height\" content=\"400\" \/>\n\t<meta property=\"og:image:type\" content=\"image\/jpeg\" \/>\n<meta name=\"twitter:card\" content=\"summary_large_image\" \/>\n<meta name=\"twitter:label1\" content=\"Temps estimat de lectura\" \/>\n\t<meta name=\"twitter:data1\" content=\"2 minuts\" \/>\n<script type=\"application\/ld+json\" class=\"yoast-schema-graph\">{\"@context\":\"https:\/\/schema.org\",\"@graph\":[{\"@type\":\"WebPage\",\"@id\":\"https:\/\/buressa.com\/es\/producto\/tierra-para-huerto-y-jardin\/\",\"url\":\"https:\/\/buressa.com\/es\/producto\/tierra-para-huerto-y-jardin\/\",\"name\":\"Tierra para Huerto y Jard\u00edn, buen arraigue y asentamiento.\",\"isPartOf\":{\"@id\":\"https:\/\/buressa.com\/en\/#website\"},\"datePublished\":\"2016-02-25T13:45:41+00:00\",\"dateModified\":\"2021-06-08T07:24:31+00:00\",\"description\":\"\u00bfBuscas una buena tierra para tus \u00e1rboles? La Tierra para Huerto y Jard\u00edn es ideal para pantas de porte medio - grande: arbustos y \u00e1rboles. \u00a1Pru\u00e9bala!\",\"breadcrumb\":{\"@id\":\"https:\/\/buressa.com\/es\/producto\/tierra-para-huerto-y-jardin\/#breadcrumb\"},\"inLanguage\":\"ca\",\"potentialAction\":[{\"@type\":\"ReadAction\",\"target\":[\"https:\/\/buressa.com\/es\/producto\/tierra-para-huerto-y-jardin\/\"]}]},{\"@type\":\"BreadcrumbList\",\"@id\":\"https:\/\/buressa.com\/es\/producto\/tierra-para-huerto-y-jardin\/#breadcrumb\",\"itemListElement\":[{\"@type\":\"ListItem\",\"position\":1,\"name\":\"Portada\",\"item\":\"https:\/\/buressa.com\/en\/\"},{\"@type\":\"ListItem\",\"position\":2,\"name\":\"Productos\",\"item\":\"https:\/\/buressa.com\/es\/shop\/\"},{\"@type\":\"ListItem\",\"position\":3,\"name\":\"Tierra para Huerto y Jard\u00edn\"}]},{\"@type\":\"WebSite\",\"@id\":\"https:\/\/buressa.com\/en\/#website\",\"url\":\"https:\/\/buressa.com\/en\/\",\"name\":\"Bur\u00e9s S.A.U.\",\"description\":\"Bur\u00e9s, la buena tierra. Fabricantes de tierras y sustratos para jardiner\u00eda.\",\"publisher\":{\"@id\":\"https:\/\/buressa.com\/en\/#organization\"},\"potentialAction\":[{\"@type\":\"SearchAction\",\"target\":{\"@type\":\"EntryPoint\",\"urlTemplate\":\"https:\/\/buressa.com\/en\/?s={search_term_string}\"},\"query-input\":\"required name=search_term_string\"}],\"inLanguage\":\"ca\"},{\"@type\":\"Organization\",\"@id\":\"https:\/\/buressa.com\/en\/#organization\",\"name\":\"BUR\u00c9S, S.A.U.\",\"url\":\"https:\/\/buressa.com\/en\/\",\"logo\":{\"@type\":\"ImageObject\",\"inLanguage\":\"ca\",\"@id\":\"https:\/\/buressa.com\/en\/#\/schema\/logo\/image\/\",\"url\":\"https:\/\/buressa.com\/wp-content\/uploads\/2015\/06\/bures-sense-marge-marro_ok.png\",\"contentUrl\":\"https:\/\/buressa.com\/wp-content\/uploads\/2015\/06\/bures-sense-marge-marro_ok.png\",\"width\":141,\"height\":102,\"caption\":\"BUR\u00c9S, S.A.U.\"},\"image\":{\"@id\":\"https:\/\/buressa.com\/en\/#\/schema\/logo\/image\/\"}}]}<\/script>\n<!-- \/ Yoast SEO plugin. -->","yoast_head_json":{"title":"Tierra para Huerto y Jard\u00edn, buen arraigue y asentamiento.","description":"\u00bfBuscas una buena tierra para tus \u00e1rboles? La Tierra para Huerto y Jard\u00edn es ideal para pantas de porte medio - grande: arbustos y \u00e1rboles. \u00a1Pru\u00e9bala!","robots":{"index":"index","follow":"follow","max-snippet":"max-snippet:-1","max-image-preview":"max-image-preview:large","max-video-preview":"max-video-preview:-1"},"canonical":"https:\/\/buressa.com\/es\/producto\/tierra-para-huerto-y-jardin\/","og_locale":"ca_ES","og_type":"article","og_title":"Tierra para Huerto y Jard\u00edn, buen arraigue y asentamiento.","og_description":"\u00bfBuscas una buena tierra para tus \u00e1rboles? La Tierra para Huerto y Jard\u00edn es ideal para pantas de porte medio - grande: arbustos y \u00e1rboles. \u00a1Pru\u00e9bala!","og_url":"https:\/\/buressa.com\/es\/producto\/tierra-para-huerto-y-jardin\/","og_site_name":"Bur\u00e9s S.A.U.","article_modified_time":"2021-06-08T07:24:31+00:00","og_image":[{"width":960,"height":400,"url":"https:\/\/buressa.com\/wp-content\/uploads\/2016\/02\/tierra-huerto-jardin-lienzo-3.jpg","type":"image\/jpeg"}],"twitter_card":"summary_large_image","twitter_misc":{"Temps estimat de lectura":"2 minuts"},"schema":{"@context":"https:\/\/schema.org","@graph":[{"@type":"WebPage","@id":"https:\/\/buressa.com\/es\/producto\/tierra-para-huerto-y-jardin\/","url":"https:\/\/buressa.com\/es\/producto\/tierra-para-huerto-y-jardin\/","name":"Tierra para Huerto y Jard\u00edn, buen arraigue y asentamiento.","isPartOf":{"@id":"https:\/\/buressa.com\/en\/#website"},"datePublished":"2016-02-25T13:45:41+00:00","dateModified":"2021-06-08T07:24:31+00:00","description":"\u00bfBuscas una buena tierra para tus \u00e1rboles? La Tierra para Huerto y Jard\u00edn es ideal para pantas de porte medio - grande: arbustos y \u00e1rboles. \u00a1Pru\u00e9bala!","breadcrumb":{"@id":"https:\/\/buressa.com\/es\/producto\/tierra-para-huerto-y-jardin\/#breadcrumb"},"inLanguage":"ca","potentialAction":[{"@type":"ReadAction","target":["https:\/\/buressa.com\/es\/producto\/tierra-para-huerto-y-jardin\/"]}]},{"@type":"BreadcrumbList","@id":"https:\/\/buressa.com\/es\/producto\/tierra-para-huerto-y-jardin\/#breadcrumb","itemListElement":[{"@type":"ListItem","position":1,"name":"Portada","item":"https:\/\/buressa.com\/en\/"},{"@type":"ListItem","position":2,"name":"Productos","item":"https:\/\/buressa.com\/es\/shop\/"},{"@type":"ListItem","position":3,"name":"Tierra para Huerto y Jard\u00edn"}]},{"@type":"WebSite","@id":"https:\/\/buressa.com\/en\/#website","url":"https:\/\/buressa.com\/en\/","name":"Bur\u00e9s S.A.U.","description":"Bur\u00e9s, la buena tierra. Fabricantes de tierras y sustratos para jardiner\u00eda.","publisher":{"@id":"https:\/\/buressa.com\/en\/#organization"},"potentialAction":[{"@type":"SearchAction","target":{"@type":"EntryPoint","urlTemplate":"https:\/\/buressa.com\/en\/?s={search_term_string}"},"query-input":"required name=search_term_string"}],"inLanguage":"ca"},{"@type":"Organization","@id":"https:\/\/buressa.com\/en\/#organization","name":"BUR\u00c9S, S.A.U.","url":"https:\/\/buressa.com\/en\/","logo":{"@type":"ImageObject","inLanguage":"ca","@id":"https:\/\/buressa.com\/en\/#\/schema\/logo\/image\/","url":"https:\/\/buressa.com\/wp-content\/uploads\/2015\/06\/bures-sense-marge-marro_ok.png","contentUrl":"https:\/\/buressa.com\/wp-content\/uploads\/2015\/06\/bures-sense-marge-marro_ok.png","width":141,"height":102,"caption":"BUR\u00c9S, S.A.U."},"image":{"@id":"https:\/\/buressa.com\/en\/#\/schema\/logo\/image\/"}}]}},"_links":{"self":[{"href":"https:\/\/buressa.com\/ca\/wp-json\/wp\/v2\/product\/845"}],"collection":[{"href":"https:\/\/buressa.com\/ca\/wp-json\/wp\/v2\/product"}],"about":[{"href":"https:\/\/buressa.com\/ca\/wp-json\/wp\/v2\/types\/product"}],"replies":[{"embeddable":true,"href":"https:\/\/buressa.com\/ca\/wp-json\/wp\/v2\/comments?post=845"}],"wp:featuredmedia":[{"embeddable":true,"href":"https:\/\/buressa.com\/ca\/wp-json\/wp\/v2\/media\/849"}],"wp:attachment":[{"href":"https:\/\/buressa.com\/ca\/wp-json\/wp\/v2\/media?parent=845"}],"curies":[{"name":"wp","href":"https:\/\/api.w.org\/{rel}","templated":true}]}}