{"id":1577,"date":"2020-07-15T11:17:51","date_gmt":"2020-07-15T09:17:51","guid":{"rendered":"https:\/\/buressa.com\/es\/?page_id=1577"},"modified":"2020-07-28T13:14:32","modified_gmt":"2020-07-28T11:14:32","slug":"proyectos","status":"publish","type":"page","link":"https:\/\/buressa.com\/en\/es-proyectos\/","title":{"rendered":"(ES) Proyectos"},"content":{"rendered":"[vc_row][vc_column][vc_column_text el_class=&#8221;projects_title&#8221;]Proyectos[\/vc_column_text][\/vc_column][\/vc_row][vc_row][vc_column][vc_basic_grid post_type=&#8221;proyectos&#8221; max_items=&#8221;-1&#8243; element_width=&#8221;6&#8243; item=&#8221;masonryGrid_Default&#8221; grid_id=&#8221;vc_gid:1595934532732-405c19300527b8e27f6deff80845fda2-2&#8243; el_class=&#8221;noticies_destacades&#8221;][\/vc_column][\/vc_row]","protected":false},"excerpt":{"rendered":"<p>[vc_row][vc_column][vc_column_text el_class=&#8221;projects_title&#8221;]Proyectos[\/vc_column_text][\/vc_column][\/vc_row][vc_row][vc_column][vc_basic_grid post_type=&#8221;proyectos&#8221; max_items=&#8221;-1&#8243; element_width=&#8221;6&#8243; item=&#8221;masonryGrid_Default&#8221; grid_id=&#8221;vc_gid:1595934532732-405c19300527b8e27f6deff80845fda2-2&#8243; el_class=&#8221;noticies_destacades&#8221;][\/vc_column][\/vc_row]<\/p>\n","protected":false},"author":1004,"featured_media":0,"parent":0,"menu_order":0,"comment_status":"closed","ping_status":"closed","template":"","meta":[],"yoast_head":"<!-- This site is optimized with the Yoast SEO plugin v19.10 - https:\/\/yoast.com\/wordpress\/plugins\/seo\/ -->\n<title><\/title>\n<meta name=\"robots\" content=\"index, follow, max-snippet:-1, max-image-preview:large, max-video-preview:-1\" \/>\n<link rel=\"canonical\" href=\"https:\/\/buressa.com\/fr\/es-proyectos\/\" \/>\n<meta property=\"og:locale\" content=\"en_US\" \/>\n<meta property=\"og:type\" content=\"article\" \/>\n<meta property=\"og:title\" content=\"[:es]Proyectos[:ca]Projectes[:] - Bur\u00e9s S.A.U.\" \/>\n<meta property=\"og:description\" content=\"[vc_row][vc_column][vc_column_text el_class=&#8221;projects_title&#8221;]Proyectos[\/vc_column_text][\/vc_column][\/vc_row][vc_row][vc_column][vc_basic_grid post_type=&#8221;proyectos&#8221; max_items=&#8221;-1&#8243; element_width=&#8221;6&#8243; item=&#8221;masonryGrid_Default&#8221; grid_id=&#8221;vc_gid:1595934532732-405c19300527b8e27f6deff80845fda2-2&#8243; el_class=&#8221;noticies_destacades&#8221;][\/vc_column][\/vc_row]\" \/>\n<meta property=\"og:url\" content=\"https:\/\/buressa.com\/fr\/es-proyectos\/\" \/>\n<meta property=\"og:site_name\" content=\"Bur\u00e9s S.A.U.\" \/>\n<meta property=\"article:modified_time\" content=\"2020-07-28T11:14:32+00:00\" \/>\n<meta name=\"twitter:card\" content=\"summary_large_image\" \/>\n<meta name=\"twitter:label1\" content=\"Est. reading time\" \/>\n\t<meta name=\"twitter:data1\" content=\"1 minute\" \/>\n<script type=\"application\/ld+json\" class=\"yoast-schema-graph\">{\"@context\":\"https:\/\/schema.org\",\"@graph\":[{\"@type\":\"WebPage\",\"@id\":\"https:\/\/buressa.com\/fr\/es-proyectos\/\",\"url\":\"https:\/\/buressa.com\/fr\/es-proyectos\/\",\"name\":\"[:es]Proyectos[:ca]Projectes[:] - Bur\u00e9s S.A.U.\",\"isPartOf\":{\"@id\":\"https:\/\/buressa.com\/en\/#website\"},\"datePublished\":\"2020-07-15T09:17:51+00:00\",\"dateModified\":\"2020-07-28T11:14:32+00:00\",\"breadcrumb\":{\"@id\":\"https:\/\/buressa.com\/fr\/es-proyectos\/#breadcrumb\"},\"inLanguage\":\"en-US\",\"potentialAction\":[{\"@type\":\"ReadAction\",\"target\":[\"https:\/\/buressa.com\/fr\/es-proyectos\/\"]}]},{\"@type\":\"BreadcrumbList\",\"@id\":\"https:\/\/buressa.com\/fr\/es-proyectos\/#breadcrumb\",\"itemListElement\":[{\"@type\":\"ListItem\",\"position\":1,\"name\":\"Portada\",\"item\":\"https:\/\/buressa.com\/en\/\"},{\"@type\":\"ListItem\",\"position\":2,\"name\":\"(ES) Proyectos\"}]},{\"@type\":\"WebSite\",\"@id\":\"https:\/\/buressa.com\/en\/#website\",\"url\":\"https:\/\/buressa.com\/en\/\",\"name\":\"Bur\u00e9s S.A.U.\",\"description\":\"Bur\u00e9s, la buena tierra. Fabricantes de tierras y sustratos para jardiner\u00eda.\",\"publisher\":{\"@id\":\"https:\/\/buressa.com\/en\/#organization\"},\"potentialAction\":[{\"@type\":\"SearchAction\",\"target\":{\"@type\":\"EntryPoint\",\"urlTemplate\":\"https:\/\/buressa.com\/en\/?s={search_term_string}\"},\"query-input\":\"required name=search_term_string\"}],\"inLanguage\":\"en-US\"},{\"@type\":\"Organization\",\"@id\":\"https:\/\/buressa.com\/en\/#organization\",\"name\":\"BUR\u00c9S, S.A.U.\",\"url\":\"https:\/\/buressa.com\/en\/\",\"logo\":{\"@type\":\"ImageObject\",\"inLanguage\":\"en-US\",\"@id\":\"https:\/\/buressa.com\/en\/#\/schema\/logo\/image\/\",\"url\":\"https:\/\/buressa.com\/wp-content\/uploads\/2015\/06\/bures-sense-marge-marro_ok.png\",\"contentUrl\":\"https:\/\/buressa.com\/wp-content\/uploads\/2015\/06\/bures-sense-marge-marro_ok.png\",\"width\":141,\"height\":102,\"caption\":\"BUR\u00c9S, S.A.U.\"},\"image\":{\"@id\":\"https:\/\/buressa.com\/en\/#\/schema\/logo\/image\/\"}}]}<\/script>\n<!-- \/ Yoast SEO plugin. -->","yoast_head_json":{"title":"[:es]Proyectos[:ca]Projectes[:] - Bur\u00e9s S.A.U.","robots":{"index":"index","follow":"follow","max-snippet":"max-snippet:-1","max-image-preview":"max-image-preview:large","max-video-preview":"max-video-preview:-1"},"canonical":"https:\/\/buressa.com\/fr\/es-proyectos\/","og_locale":"en_US","og_type":"article","og_title":"[:es]Proyectos[:ca]Projectes[:] - Bur\u00e9s S.A.U.","og_description":"[vc_row][vc_column][vc_column_text el_class=&#8221;projects_title&#8221;]Proyectos[\/vc_column_text][\/vc_column][\/vc_row][vc_row][vc_column][vc_basic_grid post_type=&#8221;proyectos&#8221; max_items=&#8221;-1&#8243; element_width=&#8221;6&#8243; item=&#8221;masonryGrid_Default&#8221; grid_id=&#8221;vc_gid:1595934532732-405c19300527b8e27f6deff80845fda2-2&#8243; el_class=&#8221;noticies_destacades&#8221;][\/vc_column][\/vc_row]","og_url":"https:\/\/buressa.com\/fr\/es-proyectos\/","og_site_name":"Bur\u00e9s S.A.U.","article_modified_time":"2020-07-28T11:14:32+00:00","twitter_card":"summary_large_image","twitter_misc":{"Est. reading time":"1 minute"},"schema":{"@context":"https:\/\/schema.org","@graph":[{"@type":"WebPage","@id":"https:\/\/buressa.com\/fr\/es-proyectos\/","url":"https:\/\/buressa.com\/fr\/es-proyectos\/","name":"[:es]Proyectos[:ca]Projectes[:] - Bur\u00e9s S.A.U.","isPartOf":{"@id":"https:\/\/buressa.com\/en\/#website"},"datePublished":"2020-07-15T09:17:51+00:00","dateModified":"2020-07-28T11:14:32+00:00","breadcrumb":{"@id":"https:\/\/buressa.com\/fr\/es-proyectos\/#breadcrumb"},"inLanguage":"en-US","potentialAction":[{"@type":"ReadAction","target":["https:\/\/buressa.com\/fr\/es-proyectos\/"]}]},{"@type":"BreadcrumbList","@id":"https:\/\/buressa.com\/fr\/es-proyectos\/#breadcrumb","itemListElement":[{"@type":"ListItem","position":1,"name":"Portada","item":"https:\/\/buressa.com\/en\/"},{"@type":"ListItem","position":2,"name":"(ES) Proyectos"}]},{"@type":"WebSite","@id":"https:\/\/buressa.com\/en\/#website","url":"https:\/\/buressa.com\/en\/","name":"Bur\u00e9s S.A.U.","description":"Bur\u00e9s, la buena tierra. Fabricantes de tierras y sustratos para jardiner\u00eda.","publisher":{"@id":"https:\/\/buressa.com\/en\/#organization"},"potentialAction":[{"@type":"SearchAction","target":{"@type":"EntryPoint","urlTemplate":"https:\/\/buressa.com\/en\/?s={search_term_string}"},"query-input":"required name=search_term_string"}],"inLanguage":"en-US"},{"@type":"Organization","@id":"https:\/\/buressa.com\/en\/#organization","name":"BUR\u00c9S, S.A.U.","url":"https:\/\/buressa.com\/en\/","logo":{"@type":"ImageObject","inLanguage":"en-US","@id":"https:\/\/buressa.com\/en\/#\/schema\/logo\/image\/","url":"https:\/\/buressa.com\/wp-content\/uploads\/2015\/06\/bures-sense-marge-marro_ok.png","contentUrl":"https:\/\/buressa.com\/wp-content\/uploads\/2015\/06\/bures-sense-marge-marro_ok.png","width":141,"height":102,"caption":"BUR\u00c9S, S.A.U."},"image":{"@id":"https:\/\/buressa.com\/en\/#\/schema\/logo\/image\/"}}]}},"_links":{"self":[{"href":"https:\/\/buressa.com\/en\/wp-json\/wp\/v2\/pages\/1577"}],"collection":[{"href":"https:\/\/buressa.com\/en\/wp-json\/wp\/v2\/pages"}],"about":[{"href":"https:\/\/buressa.com\/en\/wp-json\/wp\/v2\/types\/page"}],"author":[{"embeddable":true,"href":"https:\/\/buressa.com\/en\/wp-json\/wp\/v2\/users\/1004"}],"replies":[{"embeddable":true,"href":"https:\/\/buressa.com\/en\/wp-json\/wp\/v2\/comments?post=1577"}],"version-history":[{"count":0,"href":"https:\/\/buressa.com\/en\/wp-json\/wp\/v2\/pages\/1577\/revisions"}],"wp:attachment":[{"href":"https:\/\/buressa.com\/en\/wp-json\/wp\/v2\/media?parent=1577"}],"curies":[{"name":"wp","href":"https:\/\/api.w.org\/{rel}","templated":true}]}}