{"id":151,"date":"2015-07-10T13:28:13","date_gmt":"2015-07-10T13:28:13","guid":{"rendered":"http:\/\/buressa.com\/?post_type=product&#038;p=151"},"modified":"2021-06-08T08:36:41","modified_gmt":"2021-06-08T06:36:41","slug":"sustrato-para-bonsai","status":"publish","type":"product","link":"https:\/\/buressa.com\/en\/product\/bonsais-potting-soil\/","title":{"rendered":"Bonsais Potting Soil"},"content":{"rendered":"Specific substrate for transplanting and caring for bonsais; prepared from washed sand and natural clay, rich in organic matter.<br \/>\n\u00b7 Ensures good water diffusion and excellent drainage due to the sand used in the mixture.<br \/>\n\u00b7 The addition of clay improves water retention and nutrients.<br \/>\n\u00b7 Fine particle size and low salt content.","protected":false},"excerpt":{"rendered":"<p>Specific substrate for transplanting and caring for bonsais; prepared from washed sand and natural clay, rich in organic matter. \u00b7 Ensures good water diffusion and excellent drainage due to the sand used in the mixture. \u00b7 The addition of clay improves water retention and nutrients. \u00b7 Fine particle size and low salt content.<\/p>\n","protected":false},"featured_media":1027,"comment_status":"open","ping_status":"closed","template":"","meta":[],"yoast_head":"<!-- This site is optimized with the Yoast SEO plugin v19.10 - https:\/\/yoast.com\/wordpress\/plugins\/seo\/ -->\n<title>Sustrato para Bons\u00e1is, espec\u00edfico para el cuidado de los bons\u00e1is.<\/title>\n<meta name=\"description\" content=\"Sustrato de mezcla, drenante, que garantiza una buena difusi\u00f3n del agua y la fijaci\u00f3n de nutrientes en el medio de cultivo.\" \/>\n<meta name=\"robots\" content=\"index, follow, max-snippet:-1, max-image-preview:large, max-video-preview:-1\" \/>\n<link rel=\"canonical\" href=\"https:\/\/buressa.com\/en\/product\/bonsais-potting-soil\/\" \/>\n<meta property=\"og:locale\" content=\"en_US\" \/>\n<meta property=\"og:type\" content=\"article\" \/>\n<meta property=\"og:title\" content=\"Sustrato para Bons\u00e1is, espec\u00edfico para el cuidado de los bons\u00e1is.\" \/>\n<meta property=\"og:description\" content=\"Sustrato de mezcla, drenante, que garantiza una buena difusi\u00f3n del agua y la fijaci\u00f3n de nutrientes en el medio de cultivo.\" \/>\n<meta property=\"og:url\" content=\"https:\/\/buressa.com\/en\/product\/bonsais-potting-soil\/\" \/>\n<meta property=\"og:site_name\" content=\"Bur\u00e9s S.A.U.\" \/>\n<meta property=\"article:modified_time\" content=\"2021-06-08T06:36:41+00:00\" \/>\n<meta property=\"og:image\" content=\"https:\/\/buressa.com\/wp-content\/uploads\/2015\/07\/Sac-bonsai-5L.png\" \/>\n\t<meta property=\"og:image:width\" content=\"700\" \/>\n\t<meta property=\"og:image:height\" content=\"450\" \/>\n\t<meta property=\"og:image:type\" content=\"image\/png\" \/>\n<meta name=\"twitter:card\" content=\"summary_large_image\" \/>\n<meta name=\"twitter:label1\" content=\"Est. reading time\" \/>\n\t<meta name=\"twitter:data1\" content=\"1 minute\" \/>\n<script type=\"application\/ld+json\" class=\"yoast-schema-graph\">{\"@context\":\"https:\/\/schema.org\",\"@graph\":[{\"@type\":\"WebPage\",\"@id\":\"https:\/\/buressa.com\/en\/product\/bonsais-potting-soil\/\",\"url\":\"https:\/\/buressa.com\/en\/product\/bonsais-potting-soil\/\",\"name\":\"Sustrato para Bons\u00e1is, espec\u00edfico para el cuidado de los bons\u00e1is.\",\"isPartOf\":{\"@id\":\"https:\/\/buressa.com\/en\/#website\"},\"datePublished\":\"2015-07-10T13:28:13+00:00\",\"dateModified\":\"2021-06-08T06:36:41+00:00\",\"description\":\"Sustrato de mezcla, drenante, que garantiza una buena difusi\u00f3n del agua y la fijaci\u00f3n de nutrientes en el medio de cultivo.\",\"breadcrumb\":{\"@id\":\"https:\/\/buressa.com\/en\/product\/bonsais-potting-soil\/#breadcrumb\"},\"inLanguage\":\"en-US\",\"potentialAction\":[{\"@type\":\"ReadAction\",\"target\":[\"https:\/\/buressa.com\/en\/product\/bonsais-potting-soil\/\"]}]},{\"@type\":\"BreadcrumbList\",\"@id\":\"https:\/\/buressa.com\/en\/product\/bonsais-potting-soil\/#breadcrumb\",\"itemListElement\":[{\"@type\":\"ListItem\",\"position\":1,\"name\":\"Portada\",\"item\":\"https:\/\/buressa.com\/en\/\"},{\"@type\":\"ListItem\",\"position\":2,\"name\":\"Productos\",\"item\":\"https:\/\/buressa.com\/es\/shop\/\"},{\"@type\":\"ListItem\",\"position\":3,\"name\":\"Bonsais Potting Soil\"}]},{\"@type\":\"WebSite\",\"@id\":\"https:\/\/buressa.com\/en\/#website\",\"url\":\"https:\/\/buressa.com\/en\/\",\"name\":\"Bur\u00e9s S.A.U.\",\"description\":\"Bur\u00e9s, la buena tierra. Fabricantes de tierras y sustratos para jardiner\u00eda.\",\"publisher\":{\"@id\":\"https:\/\/buressa.com\/en\/#organization\"},\"potentialAction\":[{\"@type\":\"SearchAction\",\"target\":{\"@type\":\"EntryPoint\",\"urlTemplate\":\"https:\/\/buressa.com\/en\/?s={search_term_string}\"},\"query-input\":\"required name=search_term_string\"}],\"inLanguage\":\"en-US\"},{\"@type\":\"Organization\",\"@id\":\"https:\/\/buressa.com\/en\/#organization\",\"name\":\"BUR\u00c9S, S.A.U.\",\"url\":\"https:\/\/buressa.com\/en\/\",\"logo\":{\"@type\":\"ImageObject\",\"inLanguage\":\"en-US\",\"@id\":\"https:\/\/buressa.com\/en\/#\/schema\/logo\/image\/\",\"url\":\"https:\/\/buressa.com\/wp-content\/uploads\/2015\/06\/bures-sense-marge-marro_ok.png\",\"contentUrl\":\"https:\/\/buressa.com\/wp-content\/uploads\/2015\/06\/bures-sense-marge-marro_ok.png\",\"width\":141,\"height\":102,\"caption\":\"BUR\u00c9S, S.A.U.\"},\"image\":{\"@id\":\"https:\/\/buressa.com\/en\/#\/schema\/logo\/image\/\"}}]}<\/script>\n<!-- \/ Yoast SEO plugin. -->","yoast_head_json":{"title":"Sustrato para Bons\u00e1is, espec\u00edfico para el cuidado de los bons\u00e1is.","description":"Sustrato de mezcla, drenante, que garantiza una buena difusi\u00f3n del agua y la fijaci\u00f3n de nutrientes en el medio de cultivo.","robots":{"index":"index","follow":"follow","max-snippet":"max-snippet:-1","max-image-preview":"max-image-preview:large","max-video-preview":"max-video-preview:-1"},"canonical":"https:\/\/buressa.com\/en\/product\/bonsais-potting-soil\/","og_locale":"en_US","og_type":"article","og_title":"Sustrato para Bons\u00e1is, espec\u00edfico para el cuidado de los bons\u00e1is.","og_description":"Sustrato de mezcla, drenante, que garantiza una buena difusi\u00f3n del agua y la fijaci\u00f3n de nutrientes en el medio de cultivo.","og_url":"https:\/\/buressa.com\/en\/product\/bonsais-potting-soil\/","og_site_name":"Bur\u00e9s S.A.U.","article_modified_time":"2021-06-08T06:36:41+00:00","og_image":[{"width":700,"height":450,"url":"https:\/\/buressa.com\/wp-content\/uploads\/2015\/07\/Sac-bonsai-5L.png","type":"image\/png"}],"twitter_card":"summary_large_image","twitter_misc":{"Est. reading time":"1 minute"},"schema":{"@context":"https:\/\/schema.org","@graph":[{"@type":"WebPage","@id":"https:\/\/buressa.com\/en\/product\/bonsais-potting-soil\/","url":"https:\/\/buressa.com\/en\/product\/bonsais-potting-soil\/","name":"Sustrato para Bons\u00e1is, espec\u00edfico para el cuidado de los bons\u00e1is.","isPartOf":{"@id":"https:\/\/buressa.com\/en\/#website"},"datePublished":"2015-07-10T13:28:13+00:00","dateModified":"2021-06-08T06:36:41+00:00","description":"Sustrato de mezcla, drenante, que garantiza una buena difusi\u00f3n del agua y la fijaci\u00f3n de nutrientes en el medio de cultivo.","breadcrumb":{"@id":"https:\/\/buressa.com\/en\/product\/bonsais-potting-soil\/#breadcrumb"},"inLanguage":"en-US","potentialAction":[{"@type":"ReadAction","target":["https:\/\/buressa.com\/en\/product\/bonsais-potting-soil\/"]}]},{"@type":"BreadcrumbList","@id":"https:\/\/buressa.com\/en\/product\/bonsais-potting-soil\/#breadcrumb","itemListElement":[{"@type":"ListItem","position":1,"name":"Portada","item":"https:\/\/buressa.com\/en\/"},{"@type":"ListItem","position":2,"name":"Productos","item":"https:\/\/buressa.com\/es\/shop\/"},{"@type":"ListItem","position":3,"name":"Bonsais Potting Soil"}]},{"@type":"WebSite","@id":"https:\/\/buressa.com\/en\/#website","url":"https:\/\/buressa.com\/en\/","name":"Bur\u00e9s S.A.U.","description":"Bur\u00e9s, la buena tierra. Fabricantes de tierras y sustratos para jardiner\u00eda.","publisher":{"@id":"https:\/\/buressa.com\/en\/#organization"},"potentialAction":[{"@type":"SearchAction","target":{"@type":"EntryPoint","urlTemplate":"https:\/\/buressa.com\/en\/?s={search_term_string}"},"query-input":"required name=search_term_string"}],"inLanguage":"en-US"},{"@type":"Organization","@id":"https:\/\/buressa.com\/en\/#organization","name":"BUR\u00c9S, S.A.U.","url":"https:\/\/buressa.com\/en\/","logo":{"@type":"ImageObject","inLanguage":"en-US","@id":"https:\/\/buressa.com\/en\/#\/schema\/logo\/image\/","url":"https:\/\/buressa.com\/wp-content\/uploads\/2015\/06\/bures-sense-marge-marro_ok.png","contentUrl":"https:\/\/buressa.com\/wp-content\/uploads\/2015\/06\/bures-sense-marge-marro_ok.png","width":141,"height":102,"caption":"BUR\u00c9S, S.A.U."},"image":{"@id":"https:\/\/buressa.com\/en\/#\/schema\/logo\/image\/"}}]}},"_links":{"self":[{"href":"https:\/\/buressa.com\/en\/wp-json\/wp\/v2\/product\/151"}],"collection":[{"href":"https:\/\/buressa.com\/en\/wp-json\/wp\/v2\/product"}],"about":[{"href":"https:\/\/buressa.com\/en\/wp-json\/wp\/v2\/types\/product"}],"replies":[{"embeddable":true,"href":"https:\/\/buressa.com\/en\/wp-json\/wp\/v2\/comments?post=151"}],"wp:featuredmedia":[{"embeddable":true,"href":"https:\/\/buressa.com\/en\/wp-json\/wp\/v2\/media\/1027"}],"wp:attachment":[{"href":"https:\/\/buressa.com\/en\/wp-json\/wp\/v2\/media?parent=151"}],"curies":[{"name":"wp","href":"https:\/\/api.w.org\/{rel}","templated":true}]}}