{"id":182,"date":"2015-07-13T14:48:30","date_gmt":"2015-07-13T14:48:30","guid":{"rendered":"http:\/\/buressa.com\/?post_type=product&#038;p=182"},"modified":"2020-07-23T14:39:45","modified_gmt":"2020-07-23T12:39:45","slug":"granito-de-ortosa-gresa","status":"publish","type":"product","link":"https:\/\/buressa.com\/en\/product\/es-granito-de-ortosa-gresa\/","title":{"rendered":"(ES) Granito de Ortosa (Gresa)"},"content":{"rendered":"<p class=\"qtranxs-available-languages-message qtranxs-available-languages-message-en\">Sorry, this entry is only available in <a href=\"https:\/\/buressa.com\/es\/wp-json\/wp\/v2\/product\/182\" class=\"qtranxs-available-language-link qtranxs-available-language-link-es\" title=\"ES\">European Spanish<\/a> and <a href=\"https:\/\/buressa.com\/ca\/wp-json\/wp\/v2\/product\/182\" class=\"qtranxs-available-language-link qtranxs-available-language-link-ca\" title=\"CA\">Catalan<\/a>.<\/p>","protected":false},"excerpt":{"rendered":"<p>Sorry, this entry is only available in European Spanish and Catalan.<\/p>\n","protected":false},"featured_media":1319,"comment_status":"closed","ping_status":"closed","template":"","meta":[],"yoast_head":"<!-- This site is optimized with the Yoast SEO plugin v19.10 - https:\/\/yoast.com\/wordpress\/plugins\/seo\/ -->\n<title><\/title>\n<meta name=\"robots\" content=\"index, follow, max-snippet:-1, max-image-preview:large, max-video-preview:-1\" \/>\n<link rel=\"canonical\" href=\"https:\/\/buressa.com\/en\/product\/es-granito-de-ortosa-gresa\/\" \/>\n<meta property=\"og:locale\" content=\"en_US\" \/>\n<meta property=\"og:type\" content=\"article\" \/>\n<meta property=\"og:title\" content=\"[:es]Granito de Ortosa (Gresa)[:ca]Gresa[:] - Bur\u00e9s S.A.U.\" \/>\n<meta property=\"og:description\" content=\"Sorry, this entry is only available in European Spanish and Catalan.\" \/>\n<meta property=\"og:url\" content=\"https:\/\/buressa.com\/en\/product\/es-granito-de-ortosa-gresa\/\" \/>\n<meta property=\"og:site_name\" content=\"Bur\u00e9s S.A.U.\" \/>\n<meta property=\"article:modified_time\" content=\"2020-07-23T12:39:45+00:00\" \/>\n<meta property=\"og:image\" content=\"https:\/\/buressa.com\/wp-content\/uploads\/2015\/07\/gresa-1x1.jpg\" \/>\n\t<meta property=\"og:image:width\" content=\"600\" \/>\n\t<meta property=\"og:image:height\" content=\"600\" \/>\n\t<meta property=\"og:image:type\" content=\"image\/jpeg\" \/>\n<meta name=\"twitter:card\" content=\"summary_large_image\" \/>\n<script type=\"application\/ld+json\" class=\"yoast-schema-graph\">{\"@context\":\"https:\/\/schema.org\",\"@graph\":[{\"@type\":\"WebPage\",\"@id\":\"https:\/\/buressa.com\/en\/product\/es-granito-de-ortosa-gresa\/\",\"url\":\"https:\/\/buressa.com\/en\/product\/es-granito-de-ortosa-gresa\/\",\"name\":\"[:es]Granito de Ortosa (Gresa)[:ca]Gresa[:] - Bur\u00e9s S.A.U.\",\"isPartOf\":{\"@id\":\"https:\/\/buressa.com\/en\/#website\"},\"datePublished\":\"2015-07-13T14:48:30+00:00\",\"dateModified\":\"2020-07-23T12:39:45+00:00\",\"breadcrumb\":{\"@id\":\"https:\/\/buressa.com\/en\/product\/es-granito-de-ortosa-gresa\/#breadcrumb\"},\"inLanguage\":\"en-US\",\"potentialAction\":[{\"@type\":\"ReadAction\",\"target\":[\"https:\/\/buressa.com\/en\/product\/es-granito-de-ortosa-gresa\/\"]}]},{\"@type\":\"BreadcrumbList\",\"@id\":\"https:\/\/buressa.com\/en\/product\/es-granito-de-ortosa-gresa\/#breadcrumb\",\"itemListElement\":[{\"@type\":\"ListItem\",\"position\":1,\"name\":\"Portada\",\"item\":\"https:\/\/buressa.com\/en\/\"},{\"@type\":\"ListItem\",\"position\":2,\"name\":\"Productos\",\"item\":\"https:\/\/buressa.com\/es\/shop\/\"},{\"@type\":\"ListItem\",\"position\":3,\"name\":\"(ES) Granito de Ortosa (Gresa)\"}]},{\"@type\":\"WebSite\",\"@id\":\"https:\/\/buressa.com\/en\/#website\",\"url\":\"https:\/\/buressa.com\/en\/\",\"name\":\"Bur\u00e9s S.A.U.\",\"description\":\"Bur\u00e9s, la buena tierra. Fabricantes de tierras y sustratos para jardiner\u00eda.\",\"publisher\":{\"@id\":\"https:\/\/buressa.com\/en\/#organization\"},\"potentialAction\":[{\"@type\":\"SearchAction\",\"target\":{\"@type\":\"EntryPoint\",\"urlTemplate\":\"https:\/\/buressa.com\/en\/?s={search_term_string}\"},\"query-input\":\"required name=search_term_string\"}],\"inLanguage\":\"en-US\"},{\"@type\":\"Organization\",\"@id\":\"https:\/\/buressa.com\/en\/#organization\",\"name\":\"BUR\u00c9S, S.A.U.\",\"url\":\"https:\/\/buressa.com\/en\/\",\"logo\":{\"@type\":\"ImageObject\",\"inLanguage\":\"en-US\",\"@id\":\"https:\/\/buressa.com\/en\/#\/schema\/logo\/image\/\",\"url\":\"https:\/\/buressa.com\/wp-content\/uploads\/2015\/06\/bures-sense-marge-marro_ok.png\",\"contentUrl\":\"https:\/\/buressa.com\/wp-content\/uploads\/2015\/06\/bures-sense-marge-marro_ok.png\",\"width\":141,\"height\":102,\"caption\":\"BUR\u00c9S, S.A.U.\"},\"image\":{\"@id\":\"https:\/\/buressa.com\/en\/#\/schema\/logo\/image\/\"}}]}<\/script>\n<!-- \/ Yoast SEO plugin. -->","yoast_head_json":{"title":"[:es]Granito de Ortosa (Gresa)[:ca]Gresa[:] - Bur\u00e9s S.A.U.","robots":{"index":"index","follow":"follow","max-snippet":"max-snippet:-1","max-image-preview":"max-image-preview:large","max-video-preview":"max-video-preview:-1"},"canonical":"https:\/\/buressa.com\/en\/product\/es-granito-de-ortosa-gresa\/","og_locale":"en_US","og_type":"article","og_title":"[:es]Granito de Ortosa (Gresa)[:ca]Gresa[:] - Bur\u00e9s S.A.U.","og_description":"Sorry, this entry is only available in European Spanish and Catalan.","og_url":"https:\/\/buressa.com\/en\/product\/es-granito-de-ortosa-gresa\/","og_site_name":"Bur\u00e9s S.A.U.","article_modified_time":"2020-07-23T12:39:45+00:00","og_image":[{"width":600,"height":600,"url":"https:\/\/buressa.com\/wp-content\/uploads\/2015\/07\/gresa-1x1.jpg","type":"image\/jpeg"}],"twitter_card":"summary_large_image","schema":{"@context":"https:\/\/schema.org","@graph":[{"@type":"WebPage","@id":"https:\/\/buressa.com\/en\/product\/es-granito-de-ortosa-gresa\/","url":"https:\/\/buressa.com\/en\/product\/es-granito-de-ortosa-gresa\/","name":"[:es]Granito de Ortosa (Gresa)[:ca]Gresa[:] - Bur\u00e9s S.A.U.","isPartOf":{"@id":"https:\/\/buressa.com\/en\/#website"},"datePublished":"2015-07-13T14:48:30+00:00","dateModified":"2020-07-23T12:39:45+00:00","breadcrumb":{"@id":"https:\/\/buressa.com\/en\/product\/es-granito-de-ortosa-gresa\/#breadcrumb"},"inLanguage":"en-US","potentialAction":[{"@type":"ReadAction","target":["https:\/\/buressa.com\/en\/product\/es-granito-de-ortosa-gresa\/"]}]},{"@type":"BreadcrumbList","@id":"https:\/\/buressa.com\/en\/product\/es-granito-de-ortosa-gresa\/#breadcrumb","itemListElement":[{"@type":"ListItem","position":1,"name":"Portada","item":"https:\/\/buressa.com\/en\/"},{"@type":"ListItem","position":2,"name":"Productos","item":"https:\/\/buressa.com\/es\/shop\/"},{"@type":"ListItem","position":3,"name":"(ES) Granito de Ortosa (Gresa)"}]},{"@type":"WebSite","@id":"https:\/\/buressa.com\/en\/#website","url":"https:\/\/buressa.com\/en\/","name":"Bur\u00e9s S.A.U.","description":"Bur\u00e9s, la buena tierra. Fabricantes de tierras y sustratos para jardiner\u00eda.","publisher":{"@id":"https:\/\/buressa.com\/en\/#organization"},"potentialAction":[{"@type":"SearchAction","target":{"@type":"EntryPoint","urlTemplate":"https:\/\/buressa.com\/en\/?s={search_term_string}"},"query-input":"required name=search_term_string"}],"inLanguage":"en-US"},{"@type":"Organization","@id":"https:\/\/buressa.com\/en\/#organization","name":"BUR\u00c9S, S.A.U.","url":"https:\/\/buressa.com\/en\/","logo":{"@type":"ImageObject","inLanguage":"en-US","@id":"https:\/\/buressa.com\/en\/#\/schema\/logo\/image\/","url":"https:\/\/buressa.com\/wp-content\/uploads\/2015\/06\/bures-sense-marge-marro_ok.png","contentUrl":"https:\/\/buressa.com\/wp-content\/uploads\/2015\/06\/bures-sense-marge-marro_ok.png","width":141,"height":102,"caption":"BUR\u00c9S, S.A.U."},"image":{"@id":"https:\/\/buressa.com\/en\/#\/schema\/logo\/image\/"}}]}},"_links":{"self":[{"href":"https:\/\/buressa.com\/en\/wp-json\/wp\/v2\/product\/182"}],"collection":[{"href":"https:\/\/buressa.com\/en\/wp-json\/wp\/v2\/product"}],"about":[{"href":"https:\/\/buressa.com\/en\/wp-json\/wp\/v2\/types\/product"}],"replies":[{"embeddable":true,"href":"https:\/\/buressa.com\/en\/wp-json\/wp\/v2\/comments?post=182"}],"wp:featuredmedia":[{"embeddable":true,"href":"https:\/\/buressa.com\/en\/wp-json\/wp\/v2\/media\/1319"}],"wp:attachment":[{"href":"https:\/\/buressa.com\/en\/wp-json\/wp\/v2\/media?parent=182"}],"curies":[{"name":"wp","href":"https:\/\/api.w.org\/{rel}","templated":true}]}}