{"id":1066,"date":"2018-12-13T09:10:13","date_gmt":"2018-12-13T08:10:13","guid":{"rendered":"http:\/\/buressa.com\/es\/?page_id=1066"},"modified":"2018-12-13T09:28:57","modified_gmt":"2018-12-13T08:28:57","slug":"avis-legal-i-politica-privacitat","status":"publish","type":"page","link":"https:\/\/buressa.com\/es\/contacto\/aviso-legal-y-politica-de-privacidad\/","title":{"rendered":"Aviso Legal y Pol\u00edtica de Privacidad"},"content":{"rendered":"<h1 style=\"text-align: justify;\">Aviso Legal y Pol\u00edtica de Privacidad<\/h1>\n<h3 style=\"text-align: justify;\">BUR\u00c9S, S.A.U. desea informar en esta p\u00e1gina a todos los usuarios de este PORTAL de INTERNET (los &#8220;Usuarios&#8221; y el &#8220;Portal&#8221;) de su Pol\u00edtica en materia de Protecci\u00f3n de Datos.<\/h3>\n<p style=\"text-align: justify;\">BUR\u00c9S, S.A.U. se reserva el derecho a actualizar peri\u00f3dicamente la presente Pol\u00edtica de Protecci\u00f3n de Datos para adaptarla a las novedades legislativas, jurisprudenciales o decisiones de la Agencia espa\u00f1ola de Protecci\u00f3n de Datos que se vayan produciendo. Por ello, BUR\u00c9S, S.A.U. invita a los Usuarios a que consulten peri\u00f3dicamente tanto esa Pol\u00edtica de Protecci\u00f3n de Datos como el Condiciones Generales &#8211; Aviso Legal.<\/p>\n<p>&nbsp;<\/p>\n<ol style=\"text-align: justify;\">\n<li>\n<h4>Tratamiento de Datos Personales<\/h4>\n<\/li>\n<\/ol>\n<p style=\"text-align: justify;\">En algunas p\u00e1ginas del Portal, se solicitan datos personales a los Usuarios, tales como su nombre y apellidos, su direcci\u00f3n de correo electr\u00f3nico, su n\u00famero de tel\u00e9fono etc. (los &#8220;Datos Personales&#8221;) al objeto de poder prestar determinados servicios y para poder atender de la mejor forma posible las consultas y dudas etc. que se tramitan a trav\u00e9s del Portal.<\/p>\n<p style=\"text-align: justify;\">BUR\u00c9S, S.A.U., en cumplimiento de la vigente Ley de Protecci\u00f3n de Datos Personales y dem\u00e1s legislaci\u00f3n aplicable, desea manifestar a los Usuarios que, en lo que a BUR\u00c9S, S.A.U. concierne, no se proporciona ning\u00fan Dato Personal que haya sido facilitado a BUR\u00c9S, S.A.U. a trav\u00e9s del Portal a ning\u00fan tercero, salvo que exista autorizaci\u00f3n de los Usuarios o que en el formulario de recogida de los Datos Personales se advierta otra cosa.<\/p>\n<p style=\"text-align: justify;\">Los Datos Personales recogidos ser\u00e1n incorporados a los correspondientes ficheros titularidad de BUR\u00c9S, S.A.U., al objeto de tramitar las solicitudes, peticiones y consultas realizadas por los Usuarios, as\u00ed como para ampliar y mejorar los servicios y contenidos a los que los Usuarios acceden en el Portal.<\/p>\n<p style=\"text-align: justify;\">Los Datos Personales recogidos por BUR\u00c9S, S.A.U. podr\u00e1n servir, adicionalmente, para el env\u00edo por medios tradicionales o electr\u00f3nicos de actualizaciones y\/o informaciones de car\u00e1cter t\u00e9cnico o comercial sobre los servicios o contenidos ofrecidos por BUR\u00c9S, S.A.U. a trav\u00e9s del Portal o por otros medios, actualmente o en el futuro. Con este fin se incluye en los formularios de recogida de Datos Personales una casilla, claramente identificada, que permitir\u00e1 al Usuario optar por excluir la posibilidad de recibir futuros env\u00edos t\u00e9cnicos o comerciales de BUR\u00c9S, S.A.U. o cualquier sociedad del Grupo BUR\u00c9S, sin cuya cumplimentaci\u00f3n no ser\u00e1 posible recabar los datos de car\u00e1cter personal del Usuario.<\/p>\n<p style=\"text-align: justify;\">Los Usuarios podr\u00e1n, hasta que ejerzan su derecho a la cancelaci\u00f3n, ejercitar los derechos de acceso a sus datos personales, rectificar los datos inexactos o solicitar su supresi\u00f3n cuando los datos ya no sean necesario. Para ello, deber\u00e1n contactar con BUR\u00c9S, S.A.U. en el apartado de Informaci\u00f3n General incluido m\u00e1s abajo, en los plazos legalmente establecidos para ello.<\/p>\n<p>&nbsp;<\/p>\n<ol style=\"text-align: justify;\" start=\"2\">\n<li>\n<h4>Medidas de seguridad<\/h4>\n<\/li>\n<\/ol>\n<p style=\"text-align: justify;\">BUR\u00c9S, S.A.U. en el tratamiento de los Datos Personales procura los niveles de seguridad necesarios para asegurar la confidencialidad de dichos Datos Personales. No obstante, el Usuario debe ser consciente de que los niveles de seguridad en Internet, por las propias caracter\u00edsticas de la red, no son del todo fiables.<\/p>\n<p>&nbsp;<\/p>\n<ol style=\"text-align: justify;\" start=\"3\">\n<li>\n<h4>Utilizaci\u00f3n de Cookies<\/h4>\n<\/li>\n<\/ol>\n<p style=\"text-align: justify;\">BUR\u00c9S, S.A.U. puede eventualmente utilizar cookies cuando un Usuario navega por el Portal de BUR\u00c9S, S.A.U. A trav\u00e9s de las cookies, resulta posible que el Portal de BUR\u00c9S, S.A.U. reconozca a los Usuarios despu\u00e9s de que \u00e9stos hayan visitado por primera vez el Portal, sin necesidad de configurar determinadas opciones de visualizaci\u00f3n o t\u00e9cnicas del Portal cada vez que lo visiten. Las cookies se asocian \u00fanicamente con un Usuario an\u00f3nimo y su ordenador, y no proporcionan por s\u00ed el nombre y apellidos del Usuario.<\/p>\n<p style=\"text-align: justify;\">Las cookies utilizadas no pueden leer datos de su disco duro ni leer cookies creadas por otros proveedores o p\u00e1ginas de Internet.<\/p>\n<p style=\"text-align: justify;\">El Usuario tiene la posibilidad de configurar su navegador para ser avisado en pantalla de la recepci\u00f3n de cookies y para impedir la instalaci\u00f3n de cookies en su disco duro. Por favor, consulte las instrucciones y manuales de su navegador para ampliar esta informaci\u00f3n.<\/p>\n<p>&nbsp;<\/p>\n<ol style=\"text-align: justify;\" start=\"4\">\n<li>\n<h4>Direcciones IP<\/h4>\n<\/li>\n<\/ol>\n<p style=\"text-align: justify;\">El proceso de navegaci\u00f3n de los Usuarios en el Portal, al igual que en cualquier otro sitio web, portal o p\u00e1gina web, puede eventualmente proporcionar inform\u00e1ticamente al Portal de BUR\u00c9S, S.A.U. la direcci\u00f3n IP que en esa sesi\u00f3n le ha sido asignada por su proveedor de acceso a Internet. BUR\u00c9S, S.A.U. no conserva la direcci\u00f3n IP de una conexi\u00f3n a otra, ni asocia ni le es posible t\u00e9cnicamente asociar, dicha identidad electr\u00f3nica con ning\u00fan Usuario determinado.<\/p>\n<p>&nbsp;<\/p>\n<ol style=\"text-align: justify;\" start=\"5\">\n<li>\n<h4>Enlaces a otras p\u00e1ginas web o Portales<\/h4>\n<\/li>\n<\/ol>\n<p style=\"text-align: justify;\">Este Portal contiene enlaces con otras p\u00e1ginas o sites web. BUR\u00c9S, S.A.U. no se responsabiliza de las pr\u00e1cticas de privacidad\/protecci\u00f3n de Datos Personales o del contenido de dichas p\u00e1ginas web. Si tiene alguna pregunta sobre la privacidad de dichas p\u00e1ginas web, vis\u00edtelas directamente y compruebe sus avisos legales y pol\u00edticas de privacidad.<\/p>\n<p>&nbsp;<\/p>\n<ol style=\"text-align: justify;\" start=\"6\">\n<li>\n<h4>Informaci\u00f3n General<\/h4>\n<\/li>\n<\/ol>\n<p style=\"text-align: justify;\">El presente Portal, es propiedad y pertenece a BUR\u00c9S, S.A.U., con domicilio en SANT BOI DE LLOBREGAT. Apartado de Correos 174. Cam\u00ed de les R\u00e0foles, s\/n. 08830, Barcelona (Espa\u00f1a), debidamente inscrita en el Registro Mercantil de Barcelona al Tomo 4740, Libro 4.061, Secci\u00f3n 2\u00aa, Folio 152, Hoja 51843, y N.I.F. ES A08705568.<\/p>\n<p style=\"text-align: justify;\">Por favor, si tiene cualquier duda, pregunta o consulta, no dude en dirigirse por correo ordinario a la direcci\u00f3n expresada en el apartado anterior, Direcci\u00f3n de Asesor\u00eda Jur\u00eddica o mediante e-mail a la direcci\u00f3n de bures@buressa.es<\/p>\n<p>&nbsp;<\/p>\n<p>&nbsp;<\/p>\n<p style=\"text-align: justify;\">\u00daltima versi\u00f3n de la presente Pol\u00edtica de Protecci\u00f3n de Datos:<\/p>\n<p style=\"text-align: justify;\">\u00a9 Copyright 2018 BUR\u00c9S, S.A.U. Prohibida su reproducci\u00f3n total o parcial.<\/p>\n<p style=\"text-align: justify;\">Reservados todos los derechos.<\/p>","protected":false},"excerpt":{"rendered":"<p>Aviso Legal y Pol\u00edtica de Privacidad BUR\u00c9S, S.A.U. desea informar en esta p\u00e1gina a todos los usuarios de este PORTAL de INTERNET (los &#8220;Usuarios&#8221; y el &#8220;Portal&#8221;) de su Pol\u00edtica en materia de Protecci\u00f3n de Datos. BUR\u00c9S, S.A.U. se reserva el derecho a actualizar peri\u00f3dicamente la presente Pol\u00edtica de Protecci\u00f3n de Datos para adaptarla a&#8230;<\/p>\n","protected":false},"author":4,"featured_media":0,"parent":119,"menu_order":0,"comment_status":"closed","ping_status":"closed","template":"","meta":[],"yoast_head":"<!-- This site is optimized with the Yoast SEO plugin v19.10 - https:\/\/yoast.com\/wordpress\/plugins\/seo\/ -->\n<title>Aviso Legal y Pol\u00edtica de Privacidad - Bur\u00e9s S.A.U.<\/title>\n<meta name=\"robots\" content=\"index, follow, max-snippet:-1, max-image-preview:large, max-video-preview:-1\" \/>\n<link rel=\"canonical\" href=\"https:\/\/buressa.com\/es\/contacto\/aviso-legal-y-politica-de-privacidad\/\" \/>\n<meta property=\"og:locale\" content=\"es_ES\" \/>\n<meta property=\"og:type\" content=\"article\" \/>\n<meta property=\"og:title\" content=\"[:es]Aviso Legal y Pol\u00edtica de Privacidad[:ca]Av\u00eds Legal i Pol\u00edtica de Privacitat[:] - Bur\u00e9s S.A.U.\" \/>\n<meta property=\"og:description\" content=\"Aviso Legal y Pol\u00edtica de Privacidad BUR\u00c9S, S.A.U. desea informar en esta p\u00e1gina a todos los usuarios de este PORTAL de INTERNET (los &#8220;Usuarios&#8221; y el &#8220;Portal&#8221;) de su Pol\u00edtica en materia de Protecci\u00f3n de Datos. BUR\u00c9S, S.A.U. se reserva el derecho a actualizar peri\u00f3dicamente la presente Pol\u00edtica de Protecci\u00f3n de Datos para adaptarla a...\" \/>\n<meta property=\"og:url\" content=\"https:\/\/buressa.com\/es\/contacto\/aviso-legal-y-politica-de-privacidad\/\" \/>\n<meta property=\"og:site_name\" content=\"Bur\u00e9s S.A.U.\" \/>\n<meta property=\"article:modified_time\" content=\"2018-12-13T08:28:57+00:00\" \/>\n<meta name=\"twitter:card\" content=\"summary_large_image\" \/>\n<meta name=\"twitter:label1\" content=\"Tiempo de lectura\" \/>\n\t<meta name=\"twitter:data1\" content=\"10 minutos\" \/>\n<script type=\"application\/ld+json\" class=\"yoast-schema-graph\">{\"@context\":\"https:\/\/schema.org\",\"@graph\":[{\"@type\":\"WebPage\",\"@id\":\"https:\/\/buressa.com\/es\/contacto\/aviso-legal-y-politica-de-privacidad\/\",\"url\":\"https:\/\/buressa.com\/es\/contacto\/aviso-legal-y-politica-de-privacidad\/\",\"name\":\"[:es]Aviso Legal y Pol\u00edtica de Privacidad[:ca]Av\u00eds Legal i Pol\u00edtica de Privacitat[:] - Bur\u00e9s S.A.U.\",\"isPartOf\":{\"@id\":\"https:\/\/buressa.com\/en\/#website\"},\"datePublished\":\"2018-12-13T08:10:13+00:00\",\"dateModified\":\"2018-12-13T08:28:57+00:00\",\"breadcrumb\":{\"@id\":\"https:\/\/buressa.com\/es\/contacto\/aviso-legal-y-politica-de-privacidad\/#breadcrumb\"},\"inLanguage\":\"es\",\"potentialAction\":[{\"@type\":\"ReadAction\",\"target\":[\"https:\/\/buressa.com\/es\/contacto\/aviso-legal-y-politica-de-privacidad\/\"]}]},{\"@type\":\"BreadcrumbList\",\"@id\":\"https:\/\/buressa.com\/es\/contacto\/aviso-legal-y-politica-de-privacidad\/#breadcrumb\",\"itemListElement\":[{\"@type\":\"ListItem\",\"position\":1,\"name\":\"Portada\",\"item\":\"https:\/\/buressa.com\/en\/\"},{\"@type\":\"ListItem\",\"position\":2,\"name\":\"Contacto\",\"item\":\"https:\/\/buressa.com\/es\/contacto\/\"},{\"@type\":\"ListItem\",\"position\":3,\"name\":\"Aviso Legal y Pol\u00edtica de Privacidad\"}]},{\"@type\":\"WebSite\",\"@id\":\"https:\/\/buressa.com\/en\/#website\",\"url\":\"https:\/\/buressa.com\/en\/\",\"name\":\"Bur\u00e9s S.A.U.\",\"description\":\"Bur\u00e9s, la buena tierra. Fabricantes de tierras y sustratos para jardiner\u00eda.\",\"publisher\":{\"@id\":\"https:\/\/buressa.com\/en\/#organization\"},\"potentialAction\":[{\"@type\":\"SearchAction\",\"target\":{\"@type\":\"EntryPoint\",\"urlTemplate\":\"https:\/\/buressa.com\/en\/?s={search_term_string}\"},\"query-input\":\"required name=search_term_string\"}],\"inLanguage\":\"es\"},{\"@type\":\"Organization\",\"@id\":\"https:\/\/buressa.com\/en\/#organization\",\"name\":\"BUR\u00c9S, S.A.U.\",\"url\":\"https:\/\/buressa.com\/en\/\",\"logo\":{\"@type\":\"ImageObject\",\"inLanguage\":\"es\",\"@id\":\"https:\/\/buressa.com\/en\/#\/schema\/logo\/image\/\",\"url\":\"https:\/\/buressa.com\/wp-content\/uploads\/2015\/06\/bures-sense-marge-marro_ok.png\",\"contentUrl\":\"https:\/\/buressa.com\/wp-content\/uploads\/2015\/06\/bures-sense-marge-marro_ok.png\",\"width\":141,\"height\":102,\"caption\":\"BUR\u00c9S, S.A.U.\"},\"image\":{\"@id\":\"https:\/\/buressa.com\/en\/#\/schema\/logo\/image\/\"}}]}<\/script>\n<!-- \/ Yoast SEO plugin. -->","yoast_head_json":{"title":"[:es]Aviso Legal y Pol\u00edtica de Privacidad[:ca]Av\u00eds Legal i Pol\u00edtica de Privacitat[:] - Bur\u00e9s S.A.U.","robots":{"index":"index","follow":"follow","max-snippet":"max-snippet:-1","max-image-preview":"max-image-preview:large","max-video-preview":"max-video-preview:-1"},"canonical":"https:\/\/buressa.com\/es\/contacto\/aviso-legal-y-politica-de-privacidad\/","og_locale":"es_ES","og_type":"article","og_title":"[:es]Aviso Legal y Pol\u00edtica de Privacidad[:ca]Av\u00eds Legal i Pol\u00edtica de Privacitat[:] - Bur\u00e9s S.A.U.","og_description":"Aviso Legal y Pol\u00edtica de Privacidad BUR\u00c9S, S.A.U. desea informar en esta p\u00e1gina a todos los usuarios de este PORTAL de INTERNET (los &#8220;Usuarios&#8221; y el &#8220;Portal&#8221;) de su Pol\u00edtica en materia de Protecci\u00f3n de Datos. BUR\u00c9S, S.A.U. se reserva el derecho a actualizar peri\u00f3dicamente la presente Pol\u00edtica de Protecci\u00f3n de Datos para adaptarla a...","og_url":"https:\/\/buressa.com\/es\/contacto\/aviso-legal-y-politica-de-privacidad\/","og_site_name":"Bur\u00e9s S.A.U.","article_modified_time":"2018-12-13T08:28:57+00:00","twitter_card":"summary_large_image","twitter_misc":{"Tiempo de lectura":"10 minutos"},"schema":{"@context":"https:\/\/schema.org","@graph":[{"@type":"WebPage","@id":"https:\/\/buressa.com\/es\/contacto\/aviso-legal-y-politica-de-privacidad\/","url":"https:\/\/buressa.com\/es\/contacto\/aviso-legal-y-politica-de-privacidad\/","name":"[:es]Aviso Legal y Pol\u00edtica de Privacidad[:ca]Av\u00eds Legal i Pol\u00edtica de Privacitat[:] - Bur\u00e9s S.A.U.","isPartOf":{"@id":"https:\/\/buressa.com\/en\/#website"},"datePublished":"2018-12-13T08:10:13+00:00","dateModified":"2018-12-13T08:28:57+00:00","breadcrumb":{"@id":"https:\/\/buressa.com\/es\/contacto\/aviso-legal-y-politica-de-privacidad\/#breadcrumb"},"inLanguage":"es","potentialAction":[{"@type":"ReadAction","target":["https:\/\/buressa.com\/es\/contacto\/aviso-legal-y-politica-de-privacidad\/"]}]},{"@type":"BreadcrumbList","@id":"https:\/\/buressa.com\/es\/contacto\/aviso-legal-y-politica-de-privacidad\/#breadcrumb","itemListElement":[{"@type":"ListItem","position":1,"name":"Portada","item":"https:\/\/buressa.com\/en\/"},{"@type":"ListItem","position":2,"name":"Contacto","item":"https:\/\/buressa.com\/es\/contacto\/"},{"@type":"ListItem","position":3,"name":"Aviso Legal y Pol\u00edtica de Privacidad"}]},{"@type":"WebSite","@id":"https:\/\/buressa.com\/en\/#website","url":"https:\/\/buressa.com\/en\/","name":"Bur\u00e9s S.A.U.","description":"Bur\u00e9s, la buena tierra. Fabricantes de tierras y sustratos para jardiner\u00eda.","publisher":{"@id":"https:\/\/buressa.com\/en\/#organization"},"potentialAction":[{"@type":"SearchAction","target":{"@type":"EntryPoint","urlTemplate":"https:\/\/buressa.com\/en\/?s={search_term_string}"},"query-input":"required name=search_term_string"}],"inLanguage":"es"},{"@type":"Organization","@id":"https:\/\/buressa.com\/en\/#organization","name":"BUR\u00c9S, S.A.U.","url":"https:\/\/buressa.com\/en\/","logo":{"@type":"ImageObject","inLanguage":"es","@id":"https:\/\/buressa.com\/en\/#\/schema\/logo\/image\/","url":"https:\/\/buressa.com\/wp-content\/uploads\/2015\/06\/bures-sense-marge-marro_ok.png","contentUrl":"https:\/\/buressa.com\/wp-content\/uploads\/2015\/06\/bures-sense-marge-marro_ok.png","width":141,"height":102,"caption":"BUR\u00c9S, S.A.U."},"image":{"@id":"https:\/\/buressa.com\/en\/#\/schema\/logo\/image\/"}}]}},"_links":{"self":[{"href":"https:\/\/buressa.com\/es\/wp-json\/wp\/v2\/pages\/1066"}],"collection":[{"href":"https:\/\/buressa.com\/es\/wp-json\/wp\/v2\/pages"}],"about":[{"href":"https:\/\/buressa.com\/es\/wp-json\/wp\/v2\/types\/page"}],"author":[{"embeddable":true,"href":"https:\/\/buressa.com\/es\/wp-json\/wp\/v2\/users\/4"}],"replies":[{"embeddable":true,"href":"https:\/\/buressa.com\/es\/wp-json\/wp\/v2\/comments?post=1066"}],"version-history":[{"count":0,"href":"https:\/\/buressa.com\/es\/wp-json\/wp\/v2\/pages\/1066\/revisions"}],"up":[{"embeddable":true,"href":"https:\/\/buressa.com\/es\/wp-json\/wp\/v2\/pages\/119"}],"wp:attachment":[{"href":"https:\/\/buressa.com\/es\/wp-json\/wp\/v2\/media?parent=1066"}],"curies":[{"name":"wp","href":"https:\/\/api.w.org\/{rel}","templated":true}]}}