{"id":107,"date":"2015-07-09T10:42:06","date_gmt":"2015-07-09T10:42:06","guid":{"rendered":"http:\/\/buressa.com\/?page_id=107"},"modified":"2019-10-28T15:26:27","modified_gmt":"2019-10-28T14:26:27","slug":"responsabilidad-social","status":"publish","type":"page","link":"https:\/\/buressa.com\/es\/empresa\/responsabilidad-social\/","title":{"rendered":"Responsabilidad Social"},"content":{"rendered":"&nbsp;<\/p>\n<h1><strong>Responsabilidad Social <\/strong><\/h1>\n<p>En Bur\u00e9s creemos que el objetivo fundamental de nuestra actividad es obtener la m\u00e1xima satisfacci\u00f3n del cliente con productos y servicios que cumplan y excedan sus expectativas.<\/p>\n<p>Ello no ser\u00eda posible sin un equipo de profesionales altamente cualificados y motivados, es por eso que apostamos por las personas, por nuestro capital humano.<\/p>\n<p>El respeto al medio ambiente en todas nuestras actividades es una constante en nuestra empresa. Esto se traduce en la elaboraci\u00f3n de productos no agresivos con el entorno y en la minimizaci\u00f3n en el uso de recursos no renovables durante la producci\u00f3n, venta y servicio al cliente.<\/p>\n<p>En Bur\u00e9s somos conscientes del papel que deben jugar las empresas en la sociedad. Estamos firmemente convencidos de que los \u00fanicos negocios verdaderamente con \u00e9xito ser\u00e1n aquellos que consigan un balance duradero entre sus propios intereses y los de la sociedad y el entorno.<\/p>\n<p><img decoding=\"async\" loading=\"lazy\" class=\"size-large wp-image-273\" src=\"http:\/\/buressa.com\/wp-content\/uploads\/2015\/06\/foto_portada_071-960x439.jpg\" alt=\"En la naturaleza est\u00e1 el origen de nuestra vocaci\u00f3n y nuestro objetivo final: avanzar hacia una jardiner\u00eda m\u00e1s adaptada al entorno en el que vivimos, m\u00e1s respetuosa con el medio ambiente, con un enfoque claro hacia la calidad del producto y en el servicio al cliente.\" width=\"630\" height=\"288\" srcset=\"https:\/\/buressa.com\/wp-content\/uploads\/2015\/06\/foto_portada_071-960x439.jpg 960w, https:\/\/buressa.com\/wp-content\/uploads\/2015\/06\/foto_portada_071-700x320.jpg 700w, https:\/\/buressa.com\/wp-content\/uploads\/2015\/06\/foto_portada_071-300x137.jpg 300w, https:\/\/buressa.com\/wp-content\/uploads\/2015\/06\/foto_portada_071.jpg 1000w\" sizes=\"(max-width: 630px) 100vw, 630px\" \/>","protected":false},"excerpt":{"rendered":"<p>&nbsp; Responsabilidad Social En Bur\u00e9s creemos que el objetivo fundamental de nuestra actividad es obtener la m\u00e1xima satisfacci\u00f3n del cliente con productos y servicios que cumplan y excedan sus expectativas. Ello no ser\u00eda posible sin un equipo de profesionales altamente cualificados y motivados, es por eso que apostamos por las personas, por nuestro capital humano&#8230;.<\/p>\n","protected":false},"author":1,"featured_media":0,"parent":97,"menu_order":0,"comment_status":"closed","ping_status":"open","template":"","meta":[],"yoast_head":"<!-- This site is optimized with the Yoast SEO plugin v19.10 - https:\/\/yoast.com\/wordpress\/plugins\/seo\/ -->\n<title>(ES) Bur\u00e9s | Responsabilidad Social<\/title>\n<meta name=\"description\" content=\"(ES) En Bur\u00e9s buscamos la satisfacci\u00f3n de nuestros clientes, por lo que trabajamos d\u00eda a d\u00eda para cumplir sus expectativas. \u00a1Con\u00f3cenos!\" \/>\n<meta name=\"robots\" content=\"index, follow, max-snippet:-1, max-image-preview:large, max-video-preview:-1\" \/>\n<link rel=\"canonical\" href=\"https:\/\/buressa.com\/ca\/empresa\/responsabilitat-social\/\" \/>\n<meta property=\"og:locale\" content=\"es_ES\" \/>\n<meta property=\"og:type\" content=\"article\" \/>\n<meta property=\"og:title\" content=\"(ES) Bur\u00e9s | Responsabilidad Social\" \/>\n<meta property=\"og:description\" content=\"(ES) En Bur\u00e9s buscamos la satisfacci\u00f3n de nuestros clientes, por lo que trabajamos d\u00eda a d\u00eda para cumplir sus expectativas. \u00a1Con\u00f3cenos!\" \/>\n<meta property=\"og:url\" content=\"https:\/\/buressa.com\/ca\/empresa\/responsabilitat-social\/\" \/>\n<meta property=\"og:site_name\" content=\"Bur\u00e9s S.A.U.\" \/>\n<meta property=\"article:modified_time\" content=\"2019-10-28T14:26:27+00:00\" \/>\n<meta property=\"og:image\" content=\"http:\/\/buressa.com\/wp-content\/uploads\/2015\/06\/foto_portada_071-960x439.jpg\" \/>\n<meta name=\"twitter:card\" content=\"summary_large_image\" \/>\n<meta name=\"twitter:label1\" content=\"Tiempo de lectura\" \/>\n\t<meta name=\"twitter:data1\" content=\"2 minutos\" \/>\n<script type=\"application\/ld+json\" class=\"yoast-schema-graph\">{\"@context\":\"https:\/\/schema.org\",\"@graph\":[{\"@type\":\"WebPage\",\"@id\":\"https:\/\/buressa.com\/ca\/empresa\/responsabilitat-social\/\",\"url\":\"https:\/\/buressa.com\/ca\/empresa\/responsabilitat-social\/\",\"name\":\"(ES) Bur\u00e9s | Responsabilidad Social\",\"isPartOf\":{\"@id\":\"https:\/\/buressa.com\/en\/#website\"},\"datePublished\":\"2015-07-09T10:42:06+00:00\",\"dateModified\":\"2019-10-28T14:26:27+00:00\",\"description\":\"(ES) En Bur\u00e9s buscamos la satisfacci\u00f3n de nuestros clientes, por lo que trabajamos d\u00eda a d\u00eda para cumplir sus expectativas. \u00a1Con\u00f3cenos!\",\"breadcrumb\":{\"@id\":\"https:\/\/buressa.com\/ca\/empresa\/responsabilitat-social\/#breadcrumb\"},\"inLanguage\":\"es\",\"potentialAction\":[{\"@type\":\"ReadAction\",\"target\":[\"https:\/\/buressa.com\/ca\/empresa\/responsabilitat-social\/\"]}]},{\"@type\":\"BreadcrumbList\",\"@id\":\"https:\/\/buressa.com\/ca\/empresa\/responsabilitat-social\/#breadcrumb\",\"itemListElement\":[{\"@type\":\"ListItem\",\"position\":1,\"name\":\"Portada\",\"item\":\"https:\/\/buressa.com\/en\/\"},{\"@type\":\"ListItem\",\"position\":2,\"name\":\"Empresa\",\"item\":\"https:\/\/buressa.com\/es\/empresa\/\"},{\"@type\":\"ListItem\",\"position\":3,\"name\":\"Responsabilitat Social\"}]},{\"@type\":\"WebSite\",\"@id\":\"https:\/\/buressa.com\/en\/#website\",\"url\":\"https:\/\/buressa.com\/en\/\",\"name\":\"Bur\u00e9s S.A.U.\",\"description\":\"Bur\u00e9s, la buena tierra. Fabricantes de tierras y sustratos para jardiner\u00eda.\",\"publisher\":{\"@id\":\"https:\/\/buressa.com\/en\/#organization\"},\"potentialAction\":[{\"@type\":\"SearchAction\",\"target\":{\"@type\":\"EntryPoint\",\"urlTemplate\":\"https:\/\/buressa.com\/en\/?s={search_term_string}\"},\"query-input\":\"required name=search_term_string\"}],\"inLanguage\":\"es\"},{\"@type\":\"Organization\",\"@id\":\"https:\/\/buressa.com\/en\/#organization\",\"name\":\"BUR\u00c9S, S.A.U.\",\"url\":\"https:\/\/buressa.com\/en\/\",\"logo\":{\"@type\":\"ImageObject\",\"inLanguage\":\"es\",\"@id\":\"https:\/\/buressa.com\/en\/#\/schema\/logo\/image\/\",\"url\":\"https:\/\/buressa.com\/wp-content\/uploads\/2015\/06\/bures-sense-marge-marro_ok.png\",\"contentUrl\":\"https:\/\/buressa.com\/wp-content\/uploads\/2015\/06\/bures-sense-marge-marro_ok.png\",\"width\":141,\"height\":102,\"caption\":\"BUR\u00c9S, S.A.U.\"},\"image\":{\"@id\":\"https:\/\/buressa.com\/en\/#\/schema\/logo\/image\/\"}}]}<\/script>\n<!-- \/ Yoast SEO plugin. -->","yoast_head_json":{"title":"(ES) Bur\u00e9s | Responsabilidad Social","description":"(ES) En Bur\u00e9s buscamos la satisfacci\u00f3n de nuestros clientes, por lo que trabajamos d\u00eda a d\u00eda para cumplir sus expectativas. \u00a1Con\u00f3cenos!","robots":{"index":"index","follow":"follow","max-snippet":"max-snippet:-1","max-image-preview":"max-image-preview:large","max-video-preview":"max-video-preview:-1"},"canonical":"https:\/\/buressa.com\/ca\/empresa\/responsabilitat-social\/","og_locale":"es_ES","og_type":"article","og_title":"(ES) Bur\u00e9s | Responsabilidad Social","og_description":"(ES) En Bur\u00e9s buscamos la satisfacci\u00f3n de nuestros clientes, por lo que trabajamos d\u00eda a d\u00eda para cumplir sus expectativas. \u00a1Con\u00f3cenos!","og_url":"https:\/\/buressa.com\/ca\/empresa\/responsabilitat-social\/","og_site_name":"Bur\u00e9s S.A.U.","article_modified_time":"2019-10-28T14:26:27+00:00","og_image":[{"url":"http:\/\/buressa.com\/wp-content\/uploads\/2015\/06\/foto_portada_071-960x439.jpg"}],"twitter_card":"summary_large_image","twitter_misc":{"Tiempo de lectura":"2 minutos"},"schema":{"@context":"https:\/\/schema.org","@graph":[{"@type":"WebPage","@id":"https:\/\/buressa.com\/ca\/empresa\/responsabilitat-social\/","url":"https:\/\/buressa.com\/ca\/empresa\/responsabilitat-social\/","name":"(ES) Bur\u00e9s | Responsabilidad Social","isPartOf":{"@id":"https:\/\/buressa.com\/en\/#website"},"datePublished":"2015-07-09T10:42:06+00:00","dateModified":"2019-10-28T14:26:27+00:00","description":"(ES) En Bur\u00e9s buscamos la satisfacci\u00f3n de nuestros clientes, por lo que trabajamos d\u00eda a d\u00eda para cumplir sus expectativas. \u00a1Con\u00f3cenos!","breadcrumb":{"@id":"https:\/\/buressa.com\/ca\/empresa\/responsabilitat-social\/#breadcrumb"},"inLanguage":"es","potentialAction":[{"@type":"ReadAction","target":["https:\/\/buressa.com\/ca\/empresa\/responsabilitat-social\/"]}]},{"@type":"BreadcrumbList","@id":"https:\/\/buressa.com\/ca\/empresa\/responsabilitat-social\/#breadcrumb","itemListElement":[{"@type":"ListItem","position":1,"name":"Portada","item":"https:\/\/buressa.com\/en\/"},{"@type":"ListItem","position":2,"name":"Empresa","item":"https:\/\/buressa.com\/es\/empresa\/"},{"@type":"ListItem","position":3,"name":"Responsabilitat Social"}]},{"@type":"WebSite","@id":"https:\/\/buressa.com\/en\/#website","url":"https:\/\/buressa.com\/en\/","name":"Bur\u00e9s S.A.U.","description":"Bur\u00e9s, la buena tierra. Fabricantes de tierras y sustratos para jardiner\u00eda.","publisher":{"@id":"https:\/\/buressa.com\/en\/#organization"},"potentialAction":[{"@type":"SearchAction","target":{"@type":"EntryPoint","urlTemplate":"https:\/\/buressa.com\/en\/?s={search_term_string}"},"query-input":"required name=search_term_string"}],"inLanguage":"es"},{"@type":"Organization","@id":"https:\/\/buressa.com\/en\/#organization","name":"BUR\u00c9S, S.A.U.","url":"https:\/\/buressa.com\/en\/","logo":{"@type":"ImageObject","inLanguage":"es","@id":"https:\/\/buressa.com\/en\/#\/schema\/logo\/image\/","url":"https:\/\/buressa.com\/wp-content\/uploads\/2015\/06\/bures-sense-marge-marro_ok.png","contentUrl":"https:\/\/buressa.com\/wp-content\/uploads\/2015\/06\/bures-sense-marge-marro_ok.png","width":141,"height":102,"caption":"BUR\u00c9S, S.A.U."},"image":{"@id":"https:\/\/buressa.com\/en\/#\/schema\/logo\/image\/"}}]}},"_links":{"self":[{"href":"https:\/\/buressa.com\/es\/wp-json\/wp\/v2\/pages\/107"}],"collection":[{"href":"https:\/\/buressa.com\/es\/wp-json\/wp\/v2\/pages"}],"about":[{"href":"https:\/\/buressa.com\/es\/wp-json\/wp\/v2\/types\/page"}],"author":[{"embeddable":true,"href":"https:\/\/buressa.com\/es\/wp-json\/wp\/v2\/users\/1"}],"replies":[{"embeddable":true,"href":"https:\/\/buressa.com\/es\/wp-json\/wp\/v2\/comments?post=107"}],"version-history":[{"count":0,"href":"https:\/\/buressa.com\/es\/wp-json\/wp\/v2\/pages\/107\/revisions"}],"up":[{"embeddable":true,"href":"https:\/\/buressa.com\/es\/wp-json\/wp\/v2\/pages\/97"}],"wp:attachment":[{"href":"https:\/\/buressa.com\/es\/wp-json\/wp\/v2\/media?parent=107"}],"curies":[{"name":"wp","href":"https:\/\/api.w.org\/{rel}","templated":true}]}}