{"id":119,"date":"2015-07-09T10:57:22","date_gmt":"2015-07-09T10:57:22","guid":{"rendered":"http:\/\/buressa.com\/?page_id=119"},"modified":"2025-05-27T10:48:46","modified_gmt":"2025-05-27T08:48:46","slug":"contacto","status":"publish","type":"page","link":"https:\/\/buressa.com\/es\/contacto\/","title":{"rendered":"Contacto"},"content":{"rendered":"<h1>Contacto<\/h1>\n<div class=\"hr hr-wide gap-big\"><\/div>\n<div class=\"one-third\">\n<p>Bur\u00e9s S.A.U.<\/p>\n<p><strong>Tel:<\/strong> +34 93 640 16 08<\/p>\n<p><strong>E-mail:\u00a0<\/strong>bures@buressa.com<\/p>\n<p><strong>Direcci\u00f3n:<\/strong> Cam\u00ed de les R\u00e0foles, s\/n . 08830 Sant Boi de LLobregat. Barcelona<\/p>\n<\/div>\n<div class=\"two-thirds\" style=\"color: #0000ff; text-align: left;\"><div class=\"map\"><iframe loading=\"lazy\" style=\"border: 0;\" src=\"https:\/\/www.google.com\/maps\/embed?pb=!1m18!1m12!1m3!1d11904.20153581915!2d2.044971506467612!3d41.314292111749374!2m3!1f0!2f0!3f0!3m2!1i1024!2i768!4f13.1!3m3!1m2!1s0x0%3A0x0!2zNDHCsDE4JzUwLjciTiAywrAwMycxMi4wIkU!5e0!3m2!1ses!2ses!4v1437375815674\" width=\"425\" height=\"365\" frameborder=\"0\" allowfullscreen=\"allowfullscreen\"><\/iframe><\/div><\/div>\n<div class=\"hr hr-narrow gap-small\"><\/div>\n<div class=\"gap\"><\/div>\n<h2>Formulario de contacto<\/h2>\n<p>Si quiere realizar cualquier consulta o pedir m\u00e1s informaci\u00f3n, rellene el siguiente formulario, y le daremos respuesta lo antes\u00a0posible.<\/p>\n<div role=\"form\" class=\"wpcf7\" id=\"wpcf7-f126-o1\" lang=\"es-ES\" dir=\"ltr\">\n<div class=\"screen-reader-response\"><p role=\"status\" aria-live=\"polite\" aria-atomic=\"true\"><\/p> <ul><\/ul><\/div>\n<form action=\"\/es\/wp-json\/wp\/v2\/pages\/119#wpcf7-f126-o1\" method=\"post\" class=\"wpcf7-form init\" novalidate=\"novalidate\" data-status=\"init\">\n<div style=\"display: none;\">\n<input type=\"hidden\" name=\"_wpcf7\" value=\"126\" \/>\n<input type=\"hidden\" name=\"_wpcf7_version\" value=\"5.6.4\" \/>\n<input type=\"hidden\" name=\"_wpcf7_locale\" value=\"es_ES\" \/>\n<input type=\"hidden\" name=\"_wpcf7_unit_tag\" value=\"wpcf7-f126-o1\" \/>\n<input type=\"hidden\" name=\"_wpcf7_container_post\" value=\"0\" \/>\n<input type=\"hidden\" name=\"_wpcf7_posted_data_hash\" value=\"\" \/>\n<\/div>\n<p><label> Nom<br \/>\n<span class=\"wpcf7-form-control-wrap\" data-name=\"your-name\"><input type=\"text\" name=\"your-name\" value=\"\" size=\"40\" class=\"wpcf7-form-control wpcf7-text\" aria-invalid=\"false\" \/><\/span> <\/label><\/p>\n<p><label> Email<br \/>\n<span class=\"wpcf7-form-control-wrap\" data-name=\"your-email\"><input type=\"email\" name=\"your-email\" value=\"\" size=\"40\" class=\"wpcf7-form-control wpcf7-text wpcf7-email wpcf7-validates-as-email\" aria-invalid=\"false\" \/><\/span> <\/label><\/p>\n<p><label> Tel\u00e8fon<br \/>\n<span class=\"wpcf7-form-control-wrap\" data-name=\"your-phone\"><input type=\"text\" name=\"your-phone\" value=\"\" size=\"40\" class=\"wpcf7-form-control wpcf7-text\" aria-invalid=\"false\" \/><\/span> <\/label><\/p>\n<p><label> Empresa<br \/>\n<span class=\"wpcf7-form-control-wrap\" data-name=\"your-company\"><input type=\"text\" name=\"your-company\" value=\"\" size=\"40\" class=\"wpcf7-form-control wpcf7-text\" aria-invalid=\"false\" \/><\/span> <\/label><\/p>\n<p><label> C\u00e0rrec<br \/>\n<span class=\"wpcf7-form-control-wrap\" data-name=\"your-position\"><input type=\"text\" name=\"your-position\" value=\"\" size=\"40\" class=\"wpcf7-form-control wpcf7-text\" aria-invalid=\"false\" \/><\/span> <\/label><\/p>\n<p class=\"aiowps-captcha hide-when-displaying-tfa-input\"><label for=\"aiowps-captcha-answer-69d32285ee5c8\">Por favor, introduce una respuesta en d\u00edgitos:<\/label>\n<div class=\"aiowps-captcha-equation hide-when-displaying-tfa-input\"><strong>5 &#43; dos = <input type=\"hidden\" name=\"aiowps-captcha-string-info\" class=\"aiowps-captcha-string-info\" value=\"i6erw1zzuo\" \/><input type=\"hidden\" name=\"aiowps-captcha-temp-string\" class=\"aiowps-captcha-temp-string\" value=\"1775444613\" \/><input type=\"text\" size=\"2\" id=\"aiowps-captcha-answer-69d32285ee5c8\" class=\"aiowps-captcha-answer\" name=\"aiowps-captcha-answer\" value=\"\" autocomplete=\"off\" \/><\/strong><\/div>\n<p><span class='wpcf7-form-control-wrap' data-name='aiowps-captcha'><\/span><input type=\"submit\" value=\"Enviar\" class=\"wpcf7-form-control has-spinner wpcf7-submit\" \/><\/p>\n<p style=\"display: none !important;\"><label>&#916;<textarea name=\"_wpcf7_ak_hp_textarea\" cols=\"45\" rows=\"8\" maxlength=\"100\"><\/textarea><\/label><input type=\"hidden\" id=\"ak_js_1\" name=\"_wpcf7_ak_js\" value=\"37\"\/><script>document.getElementById( \"ak_js_1\" ).setAttribute( \"value\", ( new Date() ).getTime() );<\/script><\/p><input type='hidden' class='wpcf7-pum' value='{\"closepopup\":false,\"closedelay\":0,\"openpopup\":false,\"openpopup_id\":0}' \/><div class=\"wpcf7-response-output\" aria-hidden=\"true\"><\/div><\/form><\/div>\n<div class=\"contact_team\">\n<h2>Equipo comercial<\/h2>\n<p>El equipo comercial de Bur\u00e9s est\u00e1 compuesto por personal t\u00e9cnico altamente cualificado en el \u00e1mbito de la jardiner\u00eda, la horticultura, el viverismo y el medioambiente. Nuestros comerciales poseen un amplia y reconocida experiencia profesional y le dar\u00e1n todo tipo de asesoramiento y apoyo para que usted saque el m\u00e1ximo provecho de nuestros productos.<\/p>\n<\/div>\n<div>\n<h3><span style=\"font-size: 14px;\">JARDINER\u00cdA\u00a0<\/span><\/h3>\n<p>Josep Montagut &#8211; Tel. 629 306 775 &#8211; comercial3@buressa.com<\/p>\n<h3><\/h3>\n<h3><span style=\"font-size: 14px;\"><span style=\"font-size: 14px;\">PRODUCCI\u00d3N HORT\u00cdCOLA Y ORNAMENTAL &#8211;<\/span><\/span><\/h3>\n<h3><span style=\"font-size: 14px;\"><strong>ESTRUCTURAS VEGETALES\u00a0 (<\/strong><\/span><span style=\"font-size: 14px;\"><strong>Cubiertas Verdes &#8211; Jardines Verticales) &#8211;<\/strong><\/span><\/h3>\n<h3><strong><span style=\"font-size: 14px;\">GESTI\u00d3N AGR\u00cdCOLA<\/span><\/strong><span style=\"font-size: 14px;\"><span style=\"font-size: 14px;\">\u00a0 \u00a0 \u00a0 \u00a0 \u00a0 \u00a0 \u00a0 \u00a0 \u00a0 \u00a0 \u00a0 \u00a0 \u00a0 \u00a0 \u00a0 \u00a0 \u00a0 \u00a0\u00a0<\/span><\/span><\/h3>\n<p>Jordi Calaf &#8211; Tel. 639 366 892 &#8211; jordi@burespro.com<span style=\"color: #333333;\">\u00a0<\/span><\/p>\n<\/div>","protected":false},"excerpt":{"rendered":"<p>Contacto Bur\u00e9s S.A.U. Tel: +34 93 640 16 08 E-mail:\u00a0bures@buressa.com Direcci\u00f3n: Cam\u00ed de les R\u00e0foles, s\/n . 08830 Sant Boi de LLobregat. Barcelona Formulario de contacto Si quiere realizar cualquier consulta o pedir m\u00e1s informaci\u00f3n, rellene el siguiente formulario, y le daremos respuesta lo antes\u00a0posible. Equipo comercial El equipo comercial de Bur\u00e9s est\u00e1 compuesto por&#8230;<\/p>\n","protected":false},"author":1,"featured_media":0,"parent":0,"menu_order":0,"comment_status":"closed","ping_status":"open","template":"","meta":[],"yoast_head":"<!-- This site is optimized with the Yoast SEO plugin v19.10 - https:\/\/yoast.com\/wordpress\/plugins\/seo\/ -->\n<title>Contacto - Bur\u00e9s S.A.U.<\/title>\n<meta name=\"robots\" content=\"index, follow, max-snippet:-1, max-image-preview:large, max-video-preview:-1\" \/>\n<link rel=\"canonical\" href=\"https:\/\/buressa.com\/es\/contacto\/\" \/>\n<meta property=\"og:locale\" content=\"es_ES\" \/>\n<meta property=\"og:type\" content=\"article\" \/>\n<meta property=\"og:title\" content=\"[:es]Contacto[:ca]Contacte[:] - Bur\u00e9s S.A.U.\" \/>\n<meta property=\"og:description\" content=\"Contacto Bur\u00e9s S.A.U. Tel: +34 93 640 16 08 E-mail:\u00a0bures@buressa.com Direcci\u00f3n: Cam\u00ed de les R\u00e0foles, s\/n . 08830 Sant Boi de LLobregat. Barcelona Formulario de contacto Si quiere realizar cualquier consulta o pedir m\u00e1s informaci\u00f3n, rellene el siguiente formulario, y le daremos respuesta lo antes\u00a0posible. Equipo comercial El equipo comercial de Bur\u00e9s est\u00e1 compuesto por...\" \/>\n<meta property=\"og:url\" content=\"https:\/\/buressa.com\/es\/contacto\/\" \/>\n<meta property=\"og:site_name\" content=\"Bur\u00e9s S.A.U.\" \/>\n<meta property=\"article:modified_time\" content=\"2025-05-27T08:48:46+00:00\" \/>\n<meta name=\"twitter:card\" content=\"summary_large_image\" \/>\n<meta name=\"twitter:label1\" content=\"Tiempo de lectura\" \/>\n\t<meta name=\"twitter:data1\" content=\"1 minuto\" \/>\n<script type=\"application\/ld+json\" class=\"yoast-schema-graph\">{\"@context\":\"https:\/\/schema.org\",\"@graph\":[{\"@type\":\"WebPage\",\"@id\":\"https:\/\/buressa.com\/es\/contacto\/\",\"url\":\"https:\/\/buressa.com\/es\/contacto\/\",\"name\":\"[:es]Contacto[:ca]Contacte[:] - Bur\u00e9s S.A.U.\",\"isPartOf\":{\"@id\":\"https:\/\/buressa.com\/en\/#website\"},\"datePublished\":\"2015-07-09T10:57:22+00:00\",\"dateModified\":\"2025-05-27T08:48:46+00:00\",\"breadcrumb\":{\"@id\":\"https:\/\/buressa.com\/es\/contacto\/#breadcrumb\"},\"inLanguage\":\"es\",\"potentialAction\":[{\"@type\":\"ReadAction\",\"target\":[\"https:\/\/buressa.com\/es\/contacto\/\"]}]},{\"@type\":\"BreadcrumbList\",\"@id\":\"https:\/\/buressa.com\/es\/contacto\/#breadcrumb\",\"itemListElement\":[{\"@type\":\"ListItem\",\"position\":1,\"name\":\"Portada\",\"item\":\"https:\/\/buressa.com\/en\/\"},{\"@type\":\"ListItem\",\"position\":2,\"name\":\"Contacto\"}]},{\"@type\":\"WebSite\",\"@id\":\"https:\/\/buressa.com\/en\/#website\",\"url\":\"https:\/\/buressa.com\/en\/\",\"name\":\"Bur\u00e9s S.A.U.\",\"description\":\"Bur\u00e9s, la buena tierra. Fabricantes de tierras y sustratos para jardiner\u00eda.\",\"publisher\":{\"@id\":\"https:\/\/buressa.com\/en\/#organization\"},\"potentialAction\":[{\"@type\":\"SearchAction\",\"target\":{\"@type\":\"EntryPoint\",\"urlTemplate\":\"https:\/\/buressa.com\/en\/?s={search_term_string}\"},\"query-input\":\"required name=search_term_string\"}],\"inLanguage\":\"es\"},{\"@type\":\"Organization\",\"@id\":\"https:\/\/buressa.com\/en\/#organization\",\"name\":\"BUR\u00c9S, S.A.U.\",\"url\":\"https:\/\/buressa.com\/en\/\",\"logo\":{\"@type\":\"ImageObject\",\"inLanguage\":\"es\",\"@id\":\"https:\/\/buressa.com\/en\/#\/schema\/logo\/image\/\",\"url\":\"https:\/\/buressa.com\/wp-content\/uploads\/2015\/06\/bures-sense-marge-marro_ok.png\",\"contentUrl\":\"https:\/\/buressa.com\/wp-content\/uploads\/2015\/06\/bures-sense-marge-marro_ok.png\",\"width\":141,\"height\":102,\"caption\":\"BUR\u00c9S, S.A.U.\"},\"image\":{\"@id\":\"https:\/\/buressa.com\/en\/#\/schema\/logo\/image\/\"}}]}<\/script>\n<!-- \/ Yoast SEO plugin. -->","yoast_head_json":{"title":"[:es]Contacto[:ca]Contacte[:] - Bur\u00e9s S.A.U.","robots":{"index":"index","follow":"follow","max-snippet":"max-snippet:-1","max-image-preview":"max-image-preview:large","max-video-preview":"max-video-preview:-1"},"canonical":"https:\/\/buressa.com\/es\/contacto\/","og_locale":"es_ES","og_type":"article","og_title":"[:es]Contacto[:ca]Contacte[:] - Bur\u00e9s S.A.U.","og_description":"Contacto Bur\u00e9s S.A.U. Tel: +34 93 640 16 08 E-mail:\u00a0bures@buressa.com Direcci\u00f3n: Cam\u00ed de les R\u00e0foles, s\/n . 08830 Sant Boi de LLobregat. Barcelona Formulario de contacto Si quiere realizar cualquier consulta o pedir m\u00e1s informaci\u00f3n, rellene el siguiente formulario, y le daremos respuesta lo antes\u00a0posible. Equipo comercial El equipo comercial de Bur\u00e9s est\u00e1 compuesto por...","og_url":"https:\/\/buressa.com\/es\/contacto\/","og_site_name":"Bur\u00e9s S.A.U.","article_modified_time":"2025-05-27T08:48:46+00:00","twitter_card":"summary_large_image","twitter_misc":{"Tiempo de lectura":"1 minuto"},"schema":{"@context":"https:\/\/schema.org","@graph":[{"@type":"WebPage","@id":"https:\/\/buressa.com\/es\/contacto\/","url":"https:\/\/buressa.com\/es\/contacto\/","name":"[:es]Contacto[:ca]Contacte[:] - Bur\u00e9s S.A.U.","isPartOf":{"@id":"https:\/\/buressa.com\/en\/#website"},"datePublished":"2015-07-09T10:57:22+00:00","dateModified":"2025-05-27T08:48:46+00:00","breadcrumb":{"@id":"https:\/\/buressa.com\/es\/contacto\/#breadcrumb"},"inLanguage":"es","potentialAction":[{"@type":"ReadAction","target":["https:\/\/buressa.com\/es\/contacto\/"]}]},{"@type":"BreadcrumbList","@id":"https:\/\/buressa.com\/es\/contacto\/#breadcrumb","itemListElement":[{"@type":"ListItem","position":1,"name":"Portada","item":"https:\/\/buressa.com\/en\/"},{"@type":"ListItem","position":2,"name":"Contacto"}]},{"@type":"WebSite","@id":"https:\/\/buressa.com\/en\/#website","url":"https:\/\/buressa.com\/en\/","name":"Bur\u00e9s S.A.U.","description":"Bur\u00e9s, la buena tierra. Fabricantes de tierras y sustratos para jardiner\u00eda.","publisher":{"@id":"https:\/\/buressa.com\/en\/#organization"},"potentialAction":[{"@type":"SearchAction","target":{"@type":"EntryPoint","urlTemplate":"https:\/\/buressa.com\/en\/?s={search_term_string}"},"query-input":"required name=search_term_string"}],"inLanguage":"es"},{"@type":"Organization","@id":"https:\/\/buressa.com\/en\/#organization","name":"BUR\u00c9S, S.A.U.","url":"https:\/\/buressa.com\/en\/","logo":{"@type":"ImageObject","inLanguage":"es","@id":"https:\/\/buressa.com\/en\/#\/schema\/logo\/image\/","url":"https:\/\/buressa.com\/wp-content\/uploads\/2015\/06\/bures-sense-marge-marro_ok.png","contentUrl":"https:\/\/buressa.com\/wp-content\/uploads\/2015\/06\/bures-sense-marge-marro_ok.png","width":141,"height":102,"caption":"BUR\u00c9S, S.A.U."},"image":{"@id":"https:\/\/buressa.com\/en\/#\/schema\/logo\/image\/"}}]}},"_links":{"self":[{"href":"https:\/\/buressa.com\/es\/wp-json\/wp\/v2\/pages\/119"}],"collection":[{"href":"https:\/\/buressa.com\/es\/wp-json\/wp\/v2\/pages"}],"about":[{"href":"https:\/\/buressa.com\/es\/wp-json\/wp\/v2\/types\/page"}],"author":[{"embeddable":true,"href":"https:\/\/buressa.com\/es\/wp-json\/wp\/v2\/users\/1"}],"replies":[{"embeddable":true,"href":"https:\/\/buressa.com\/es\/wp-json\/wp\/v2\/comments?post=119"}],"version-history":[{"count":0,"href":"https:\/\/buressa.com\/es\/wp-json\/wp\/v2\/pages\/119\/revisions"}],"wp:attachment":[{"href":"https:\/\/buressa.com\/es\/wp-json\/wp\/v2\/media?parent=119"}],"curies":[{"name":"wp","href":"https:\/\/api.w.org\/{rel}","templated":true}]}}