{"id":38,"date":"2015-06-18T11:37:03","date_gmt":"2015-06-18T11:37:03","guid":{"rendered":"http:\/\/buressa.com\/?page_id=38"},"modified":"2022-11-28T16:29:17","modified_gmt":"2022-11-28T15:29:17","slug":"inicio","status":"publish","type":"page","link":"https:\/\/buressa.com\/es\/","title":{"rendered":"Inicio"},"content":{"rendered":"[vc_row][vc_column][vc_empty_space height=&#8221;20px&#8221;][vc_column_text css=&#8221;.vc_custom_1611917499257{margin-top: 0px !important;margin-bottom: 10px !important;}&#8221;]\n<p style=\"text-align: center;\"><strong><span style=\"font-size: 28px; font-family: arial, helvetica, sans-serif; color: #008a5f;\">NOTICIAS DESTACADAS<\/span><\/strong><\/p>\n[\/vc_column_text][vc_empty_space height=&#8221;20px&#8221;][vc_basic_grid post_type=&#8221;post&#8221; max_items=&#8221;3&#8243; style=&#8221;lazy&#8221; items_per_page=&#8221;3&#8243; grid_id=&#8221;vc_gid:1669649292833-01aaca3b-1a39-9&#8243; taxonomies=&#8221;198&#8243; el_class=&#8221;noticies_destacades&#8221;][vc_empty_space height=&#8221;20px&#8221;][\/vc_column][\/vc_row][vc_row][vc_column][vc_column_text css=&#8221;.vc_custom_1611926796071{margin-top: 10px !important;margin-bottom: 15px !important;}&#8221;]\n<p style=\"text-align: center;\"><span style=\"font-size: 20px;\">La trayectoria de Bur\u00e9s esta avalada con <span style=\"color: #339966;\">m\u00e1s de 50 a\u00f1os de actividad<span style=\"color: #000000;\">, des<\/span><\/span>de 1965 la empresa se dedica a la fabricaci\u00f3n de sustratos y tierras vegetales. En la actualidad Bur\u00e9s dispone de una amplia gama de productos para la jardiner\u00eda hobby y profesional.<\/span><\/p>\n[\/vc_column_text][vc_empty_space height=&#8221;15px&#8221;][\/vc_column][\/vc_row][vc_row][vc_column width=&#8221;1\/3&#8243;][vc_single_image image=&#8221;1561&#8243; img_size=&#8221;full&#8221; onclick=&#8221;custom_link&#8221; css=&#8221;.vc_custom_1594648272894{margin-top: 0px !important;margin-bottom: 0px !important;}&#8221; link=&#8221;http:\/\/buressa.com\/ca\/categoria-producte\/productes\/sustratos-envasados\/&#8221;][vc_column_text css=&#8221;.vc_custom_1611915485456{margin-top: 5px !important;margin-bottom: 0px !important;}&#8221;]\n<h3 style=\"text-align: center;\"><span style=\"font-size: 18px; font-family: arial, helvetica, sans-serif;\"><strong>SUSTRATOS ENVASADOS<\/strong><\/span><\/h3>\n[\/vc_column_text][vc_column_text]\n<p style=\"text-align: center;\"><span style=\"font-size: 14px;\">Sustratos de cultivo preparados a base de materiales org\u00e1nicos y minerales, seleccionados en base a criterios agron\u00f3micos y mediambientales. Productos especiales para a la jardiner\u00eda hobby y profesional.<\/span><\/p>\n[\/vc_column_text][\/vc_column][vc_column width=&#8221;1\/3&#8243;][vc_single_image image=&#8221;1562&#8243; img_size=&#8221;full&#8221; onclick=&#8221;custom_link&#8221; css=&#8221;.vc_custom_1594648302199{margin-bottom: 0px !important;}&#8221; link=&#8221;http:\/\/buressa.com\/ca\/categoria-producte\/productes\/decorativos-minerales\/&#8221;][vc_column_text css=&#8221;.vc_custom_1611915783782{margin-top: 5px !important;margin-bottom: 0px !important;}&#8221;]\n<h3 style=\"text-align: center;\"><span style=\"font-family: arial, helvetica, sans-serif;\"><span style=\"font-size: 18px;\"><b>DECORATIVOS MINERALES<\/b><\/span><\/span><\/h3>\n[\/vc_column_text][vc_column_text]\n<p style=\"text-align: center;\"><span style=\"font-size: 14px;\">\u00c1ridos naturales, bolos de m\u00e1rmol, marmolinas, piedras, monolitos y rocas de gran tama\u00f1o, para la creaci\u00f3n de jardines y decoraci\u00f3n de patios, jardines y terrazas, tambi\u00e9n para decoraci\u00f3n interior y h\u00e1bitats naturales.<\/span><\/p>\n[\/vc_column_text][\/vc_column][vc_column width=&#8221;1\/3&#8243;][vc_single_image image=&#8221;1563&#8243; img_size=&#8221;full&#8221; onclick=&#8221;custom_link&#8221; css=&#8221;.vc_custom_1594648322792{margin-bottom: 0px !important;}&#8221; link=&#8221;http:\/\/buressa.com\/ca\/categoria-producte\/productes\/construccion-de-jardines\/&#8221;][vc_column_text css=&#8221;.vc_custom_1611915805896{margin-top: 5px !important;margin-bottom: 0px !important;}&#8221;]\n<h3 style=\"text-align: center;\"><span style=\"font-size: 18px; font-family: arial, helvetica, sans-serif;\"><strong>CONSTRUCCI\u00d3N DE JARDINES<\/strong><\/span><\/h3>\n[\/vc_column_text][vc_column_text]\n<p style=\"text-align: center;\"><span style=\"font-size: 14px;\">Tierras vegetales, suelos estructurales, sistemas de cultivo para cubiertas verdes, jardines verticales, gaviones y cerramientos con piedra natural, mejoradores y abonos ecol\u00f3gicos. Productos adaptados a las necesidades de nuestros clientes.<\/span><\/p>\n[\/vc_column_text][\/vc_column][\/vc_row][vc_row el_class=&#8221;row_full&#8221;][vc_column][vc_column_text css=&#8221;.vc_custom_1436377029829{margin-top: 15px !important;margin-bottom: -15px !important;}&#8221;]<div class=\"hr hr-wide gap-big\"><\/div>[\/vc_column_text][\/vc_column][\/vc_row][vc_row el_class=&#8221;productes_recomanats&#8221;][vc_column][vc_empty_space][vc_column_text css=&#8221;.vc_custom_1611917515679{margin-top: 0px !important;margin-bottom: 10px !important;}&#8221;]\n<p style=\"text-align: center;\"><strong><span style=\"font-size: 28px; font-family: arial, helvetica, sans-serif; color: #008a5f;\">PRODUCTOS RECOMENDADOS<\/span><\/strong><\/p>\n[\/vc_column_text][vc_empty_space height=&#8221;15px&#8221;][vc_column_text]\t\t<div id=\"woorousell-1605\" class=\"woorousell_sc\">\n\t\t\t\t\t<div class=\"wrsl-carousel-container\" \n\t\t\tdata-mode=\"horizontal\"\n\t\t\tdata-speed=\"500\"\n\t\t\tdata-maxslides=\"3\"\n\t\t\tdata-moveslides=\"1\"\n\t\t\tdata-slidemargin=\"10\"\n\t\t\tdata-randomstart=false\n\t\t\tdata-adaptiveheight=false\n\t\t\tdata-adaptiveHeightspeed=\"0\"\n\t\t\tdata-touchenabled=true\n\t\t\tdata-auto=false\n\t\t\tdata-pause=\"0\"\n\t\t\tdata-autohover=false\n\t\t\tdata-autodelay=\"0\"\n\t\t\tdata-ticker=false\n\t\t\tdata-tickerhover=false\n\t\t>\n\t\t\t\t\t\t\t<div class=\"wrsl-carousel\">\n\t\t\t\t\t\t\t\t\t<div class=\"wrsl-carousel-item\">\n\t\t\t\t\t\t\t<div id=\"woorousell-1605-134\" class=\"wrsl-prosingle-wrapper wrsl-prosingle-style-1 wrsl-has-thumbnail wrsl-text-center wrsl-not-overlay \">\n\t\t\t\t\t<div class=\"wrsl-prosingle-thumbnail\">\n\t\t\t<img width=\"350\" height=\"225\" src=\"https:\/\/buressa.com\/wp-content\/uploads\/2015\/07\/substrat-universal_3D2-350x225.jpg\" class=\"attachment-woocommerce_thumbnail size-woocommerce_thumbnail\" alt=\"Sustrato universal para jardiner\u00eda\" decoding=\"async\" loading=\"lazy\" \/>\t\t\t\t\t<\/div>\n\t\t\t\t<div class=\"wrsl-prosingle-body\">\n\t\t\t<div class=\"wrsl-prosingle-overlay\">\n\n\t\t\t\t\t\t<h4 class=\"wrsl-prosingle-heading\"><a href=\"https:\/\/buressa.com\/es\/producto\/sustrato-universal-ecologico\/\">Sustrato Universal Ecol\u00f3gico<\/a><\/h4>\n\t\t\n\t\t\t\t\n\t\t\t\t\n\t\t\t\t\n\t\t\t\t\t\t\t<\/div>\n\t\t<\/div>\n\t\t\t\t<\/div><!-- .wrsl-prosingle -->\n\t\t\t\t\t\t\t<\/div><!-- .wrsl-carousel-item -->\n\t\t\t\t\t\t\t\t\t<div class=\"wrsl-carousel-item\">\n\t\t\t\t\t\t\t<div id=\"woorousell-1605-161\" class=\"wrsl-prosingle-wrapper wrsl-prosingle-style-1 wrsl-has-thumbnail wrsl-text-center wrsl-not-overlay \">\n\t\t\t\t\t<div class=\"wrsl-prosingle-thumbnail\">\n\t\t\t<img width=\"350\" height=\"225\" src=\"https:\/\/buressa.com\/wp-content\/uploads\/2015\/07\/Recebo-Green-2000-350x225.png\" class=\"attachment-woocommerce_thumbnail size-woocommerce_thumbnail\" alt=\"\" decoding=\"async\" loading=\"lazy\" srcset=\"https:\/\/buressa.com\/wp-content\/uploads\/2015\/07\/Recebo-Green-2000-350x225.png 350w, https:\/\/buressa.com\/wp-content\/uploads\/2015\/07\/Recebo-Green-2000-300x193.png 300w, https:\/\/buressa.com\/wp-content\/uploads\/2015\/07\/Recebo-Green-2000.png 700w\" sizes=\"(max-width: 350px) 100vw, 350px\" \/>\t\t\t\t\t<\/div>\n\t\t\t\t<div class=\"wrsl-prosingle-body\">\n\t\t\t<div class=\"wrsl-prosingle-overlay\">\n\n\t\t\t\t\t\t<h4 class=\"wrsl-prosingle-heading\"><a href=\"https:\/\/buressa.com\/es\/producto\/recebo-green-2000\/\">Recebo Green 2000<\/a><\/h4>\n\t\t\n\t\t\t\t\n\t\t\t\t\n\t\t\t\t\n\t\t\t\t\t\t\t<\/div>\n\t\t<\/div>\n\t\t\t\t<\/div><!-- .wrsl-prosingle -->\n\t\t\t\t\t\t\t<\/div><!-- .wrsl-carousel-item -->\n\t\t\t\t\t\t\t\t\t<div class=\"wrsl-carousel-item\">\n\t\t\t\t\t\t\t<div id=\"woorousell-1605-143\" class=\"wrsl-prosingle-wrapper wrsl-prosingle-style-1 wrsl-has-thumbnail wrsl-text-center wrsl-not-overlay \">\n\t\t\t\t\t<div class=\"wrsl-prosingle-thumbnail\">\n\t\t\t<img width=\"350\" height=\"225\" src=\"https:\/\/buressa.com\/wp-content\/uploads\/2015\/07\/Sac-Hort\u00edcolas-50L-350x225.png\" class=\"attachment-woocommerce_thumbnail size-woocommerce_thumbnail\" alt=\"\" decoding=\"async\" loading=\"lazy\" srcset=\"https:\/\/buressa.com\/wp-content\/uploads\/2015\/07\/Sac-Hort\u00edcolas-50L-350x225.png 350w, https:\/\/buressa.com\/wp-content\/uploads\/2015\/07\/Sac-Hort\u00edcolas-50L.png 700w, https:\/\/buressa.com\/wp-content\/uploads\/2015\/07\/Sac-Hort\u00edcolas-50L-300x193.png 300w\" sizes=\"(max-width: 350px) 100vw, 350px\" \/>\t\t\t\t\t<\/div>\n\t\t\t\t<div class=\"wrsl-prosingle-body\">\n\t\t\t<div class=\"wrsl-prosingle-overlay\">\n\n\t\t\t\t\t\t<h4 class=\"wrsl-prosingle-heading\"><a href=\"https:\/\/buressa.com\/es\/producto\/sustrato-para-horticolas\/\">Sustrato para Hort\u00edcolas Ecol\u00f3gico<\/a><\/h4>\n\t\t\n\t\t\t\t\n\t\t\t\t\n\t\t\t\t\n\t\t\t\t\t\t\t<\/div>\n\t\t<\/div>\n\t\t\t\t<\/div><!-- .wrsl-prosingle -->\n\t\t\t\t\t\t\t<\/div><!-- .wrsl-carousel-item -->\n\t\t\t\t\t\t\t\t<\/div>\n\t\t\t\t\t<div class=\"wrsl-carousel-controller-center\">\n\t\t\t<button id=\"#woorousell-1605-prev\" class=\"wrsl-carousel-to-prev\"><i class=\"fa fa-chevron-left\"><\/i><\/button>\n\t\t\t<button id=\"#woorousell-1605-next\" class=\"wrsl-carousel-to-next\"><i class=\"fa fa-chevron-right\"><\/i><\/button>\n\t\t<\/div>\n\t\t\t\t<\/div><!-- .wrsl-carousel-container -->\n\t\t\t\t<\/div>\n\t\t[\/vc_column_text][vc_empty_space][\/vc_column][\/vc_row][vc_row el_class=&#8221;row_full&#8221;][vc_column][vc_column_text css=&#8221;.vc_custom_1436377029829{margin-top: 15px !important;margin-bottom: -15px !important;}&#8221;]<div class=\"hr hr-wide gap-big\"><\/div>[\/vc_column_text][vc_empty_space][\/vc_column][\/vc_row][vc_row el_class=&#8221;projectes_cataleg&#8221;][vc_column width=&#8221;1\/2&#8243;][vc_single_image image=&#8221;1632&#8243; img_size=&#8221;full&#8221; alignment=&#8221;center&#8221; onclick=&#8221;custom_link&#8221; link=&#8221;https:\/\/buressa.com\/ca\/categoria-producto\/productos\/catalogos-bures\/&#8221;][vc_column_text el_class=&#8221;projectes_cataleg_title&#8221;]\n<h2 style=\"text-align: center;\"><span style=\"color: #339966;\">DESCARGA <\/span><span style=\"color: #339966;\">NUESTROS CAT\u00c1LOGOS<\/span><\/h2>\n[\/vc_column_text][\/vc_column][vc_column width=&#8221;1\/2&#8243;][vc_single_image image=&#8221;1633&#8243; img_size=&#8221;full&#8221; alignment=&#8221;center&#8221; onclick=&#8221;custom_link&#8221; link=&#8221;https:\/\/buressa.com\/ca\/projectes\/&#8221;][vc_column_text el_class=&#8221;projectes_cataleg_title&#8221;]\n<h2 style=\"text-align: center;\"><span style=\"color: #339966;\">CONSULTA <\/span><span style=\"color: #339966;\">NUESTROS PROYECTOS<\/span><\/h2>\n[\/vc_column_text][\/vc_column][\/vc_row]","protected":false},"excerpt":{"rendered":"<p>[vc_row][vc_column][vc_empty_space height=&#8221;20px&#8221;][vc_column_text css=&#8221;.vc_custom_1611917499257{margin-top: 0px !important;margin-bottom: 10px !important;}&#8221;] NOTICIAS DESTACADAS [\/vc_column_text][vc_empty_space height=&#8221;20px&#8221;][vc_basic_grid post_type=&#8221;post&#8221; max_items=&#8221;3&#8243; style=&#8221;lazy&#8221; items_per_page=&#8221;3&#8243; grid_id=&#8221;vc_gid:1669649292833-01aaca3b-1a39-9&#8243; taxonomies=&#8221;198&#8243; el_class=&#8221;noticies_destacades&#8221;][vc_empty_space height=&#8221;20px&#8221;][\/vc_column][\/vc_row][vc_row][vc_column][vc_column_text css=&#8221;.vc_custom_1611926796071{margin-top: 10px !important;margin-bottom: 15px !important;}&#8221;] La trayectoria de Bur\u00e9s esta avalada con m\u00e1s de 50 a\u00f1os de actividad, desde 1965 la empresa se dedica a la fabricaci\u00f3n de sustratos y tierras vegetales. En la actualidad Bur\u00e9s&#8230;<\/p>\n","protected":false},"author":1,"featured_media":0,"parent":0,"menu_order":0,"comment_status":"open","ping_status":"open","template":"dt-slideshow-fullwidth.php","meta":[],"yoast_head":"<!-- This site is optimized with the Yoast SEO plugin v19.10 - https:\/\/yoast.com\/wordpress\/plugins\/seo\/ -->\n<title>Bur\u00e9s S.A.U. - La Buena Tierra - Productos para la jardiner\u00eda.<\/title>\n<meta name=\"description\" content=\"Fabricantes de sustratos y tierras vegetales. \u00c1mplia gama de productos para la jardiner\u00eda: minerales decorativos, abonos ecol\u00f3gicos, sistemas de cultivo.\" \/>\n<meta name=\"robots\" content=\"index, follow, max-snippet:-1, max-image-preview:large, max-video-preview:-1\" \/>\n<link rel=\"canonical\" href=\"https:\/\/buressa.com\/en\/\" \/>\n<meta property=\"og:locale\" content=\"es_ES\" \/>\n<meta property=\"og:type\" content=\"article\" \/>\n<meta property=\"og:title\" content=\"Bur\u00e9s S.A.U. - La Buena Tierra - Productos para la jardiner\u00eda.\" \/>\n<meta property=\"og:description\" content=\"Fabricantes de sustratos y tierras vegetales. \u00c1mplia gama de productos para la jardiner\u00eda: minerales decorativos, abonos ecol\u00f3gicos, sistemas de cultivo.\" \/>\n<meta property=\"og:url\" content=\"https:\/\/buressa.com\/en\/\" \/>\n<meta property=\"og:site_name\" content=\"Bur\u00e9s S.A.U.\" \/>\n<meta property=\"article:modified_time\" content=\"2022-11-28T15:29:17+00:00\" \/>\n<meta name=\"twitter:card\" content=\"summary_large_image\" \/>\n<meta name=\"twitter:label1\" content=\"Tiempo de lectura\" \/>\n\t<meta name=\"twitter:data1\" content=\"12 minutos\" \/>\n<script type=\"application\/ld+json\" class=\"yoast-schema-graph\">{\"@context\":\"https:\/\/schema.org\",\"@graph\":[{\"@type\":\"WebPage\",\"@id\":\"https:\/\/buressa.com\/en\/\",\"url\":\"https:\/\/buressa.com\/en\/\",\"name\":\"Bur\u00e9s S.A.U. - La Buena Tierra - Productos para la jardiner\u00eda.\",\"isPartOf\":{\"@id\":\"https:\/\/buressa.com\/en\/#website\"},\"datePublished\":\"2015-06-18T11:37:03+00:00\",\"dateModified\":\"2022-11-28T15:29:17+00:00\",\"description\":\"Fabricantes de sustratos y tierras vegetales. \u00c1mplia gama de productos para la jardiner\u00eda: minerales decorativos, abonos ecol\u00f3gicos, sistemas de cultivo.\",\"breadcrumb\":{\"@id\":\"https:\/\/buressa.com\/en\/#breadcrumb\"},\"inLanguage\":\"es\",\"potentialAction\":[{\"@type\":\"ReadAction\",\"target\":[\"https:\/\/buressa.com\/en\/\"]}]},{\"@type\":\"BreadcrumbList\",\"@id\":\"https:\/\/buressa.com\/en\/#breadcrumb\",\"itemListElement\":[{\"@type\":\"ListItem\",\"position\":1,\"name\":\"Portada\",\"item\":\"https:\/\/buressa.com\/en\/\"},{\"@type\":\"ListItem\",\"position\":2,\"name\":\"Inicio\"}]},{\"@type\":\"WebSite\",\"@id\":\"https:\/\/buressa.com\/en\/#website\",\"url\":\"https:\/\/buressa.com\/en\/\",\"name\":\"Bur\u00e9s S.A.U.\",\"description\":\"Bur\u00e9s, la buena tierra. Fabricantes de tierras y sustratos para jardiner\u00eda.\",\"publisher\":{\"@id\":\"https:\/\/buressa.com\/en\/#organization\"},\"potentialAction\":[{\"@type\":\"SearchAction\",\"target\":{\"@type\":\"EntryPoint\",\"urlTemplate\":\"https:\/\/buressa.com\/en\/?s={search_term_string}\"},\"query-input\":\"required name=search_term_string\"}],\"inLanguage\":\"es\"},{\"@type\":\"Organization\",\"@id\":\"https:\/\/buressa.com\/en\/#organization\",\"name\":\"BUR\u00c9S, S.A.U.\",\"url\":\"https:\/\/buressa.com\/en\/\",\"logo\":{\"@type\":\"ImageObject\",\"inLanguage\":\"es\",\"@id\":\"https:\/\/buressa.com\/en\/#\/schema\/logo\/image\/\",\"url\":\"https:\/\/buressa.com\/wp-content\/uploads\/2015\/06\/bures-sense-marge-marro_ok.png\",\"contentUrl\":\"https:\/\/buressa.com\/wp-content\/uploads\/2015\/06\/bures-sense-marge-marro_ok.png\",\"width\":141,\"height\":102,\"caption\":\"BUR\u00c9S, S.A.U.\"},\"image\":{\"@id\":\"https:\/\/buressa.com\/en\/#\/schema\/logo\/image\/\"}}]}<\/script>\n<!-- \/ Yoast SEO plugin. -->","yoast_head_json":{"title":"Bur\u00e9s S.A.U. - La Buena Tierra - Productos para la jardiner\u00eda.","description":"Fabricantes de sustratos y tierras vegetales. \u00c1mplia gama de productos para la jardiner\u00eda: minerales decorativos, abonos ecol\u00f3gicos, sistemas de cultivo.","robots":{"index":"index","follow":"follow","max-snippet":"max-snippet:-1","max-image-preview":"max-image-preview:large","max-video-preview":"max-video-preview:-1"},"canonical":"https:\/\/buressa.com\/en\/","og_locale":"es_ES","og_type":"article","og_title":"Bur\u00e9s S.A.U. - La Buena Tierra - Productos para la jardiner\u00eda.","og_description":"Fabricantes de sustratos y tierras vegetales. \u00c1mplia gama de productos para la jardiner\u00eda: minerales decorativos, abonos ecol\u00f3gicos, sistemas de cultivo.","og_url":"https:\/\/buressa.com\/en\/","og_site_name":"Bur\u00e9s S.A.U.","article_modified_time":"2022-11-28T15:29:17+00:00","twitter_card":"summary_large_image","twitter_misc":{"Tiempo de lectura":"12 minutos"},"schema":{"@context":"https:\/\/schema.org","@graph":[{"@type":"WebPage","@id":"https:\/\/buressa.com\/en\/","url":"https:\/\/buressa.com\/en\/","name":"Bur\u00e9s S.A.U. - La Buena Tierra - Productos para la jardiner\u00eda.","isPartOf":{"@id":"https:\/\/buressa.com\/en\/#website"},"datePublished":"2015-06-18T11:37:03+00:00","dateModified":"2022-11-28T15:29:17+00:00","description":"Fabricantes de sustratos y tierras vegetales. \u00c1mplia gama de productos para la jardiner\u00eda: minerales decorativos, abonos ecol\u00f3gicos, sistemas de cultivo.","breadcrumb":{"@id":"https:\/\/buressa.com\/en\/#breadcrumb"},"inLanguage":"es","potentialAction":[{"@type":"ReadAction","target":["https:\/\/buressa.com\/en\/"]}]},{"@type":"BreadcrumbList","@id":"https:\/\/buressa.com\/en\/#breadcrumb","itemListElement":[{"@type":"ListItem","position":1,"name":"Portada","item":"https:\/\/buressa.com\/en\/"},{"@type":"ListItem","position":2,"name":"Inicio"}]},{"@type":"WebSite","@id":"https:\/\/buressa.com\/en\/#website","url":"https:\/\/buressa.com\/en\/","name":"Bur\u00e9s S.A.U.","description":"Bur\u00e9s, la buena tierra. Fabricantes de tierras y sustratos para jardiner\u00eda.","publisher":{"@id":"https:\/\/buressa.com\/en\/#organization"},"potentialAction":[{"@type":"SearchAction","target":{"@type":"EntryPoint","urlTemplate":"https:\/\/buressa.com\/en\/?s={search_term_string}"},"query-input":"required name=search_term_string"}],"inLanguage":"es"},{"@type":"Organization","@id":"https:\/\/buressa.com\/en\/#organization","name":"BUR\u00c9S, S.A.U.","url":"https:\/\/buressa.com\/en\/","logo":{"@type":"ImageObject","inLanguage":"es","@id":"https:\/\/buressa.com\/en\/#\/schema\/logo\/image\/","url":"https:\/\/buressa.com\/wp-content\/uploads\/2015\/06\/bures-sense-marge-marro_ok.png","contentUrl":"https:\/\/buressa.com\/wp-content\/uploads\/2015\/06\/bures-sense-marge-marro_ok.png","width":141,"height":102,"caption":"BUR\u00c9S, S.A.U."},"image":{"@id":"https:\/\/buressa.com\/en\/#\/schema\/logo\/image\/"}}]}},"_links":{"self":[{"href":"https:\/\/buressa.com\/es\/wp-json\/wp\/v2\/pages\/38"}],"collection":[{"href":"https:\/\/buressa.com\/es\/wp-json\/wp\/v2\/pages"}],"about":[{"href":"https:\/\/buressa.com\/es\/wp-json\/wp\/v2\/types\/page"}],"author":[{"embeddable":true,"href":"https:\/\/buressa.com\/es\/wp-json\/wp\/v2\/users\/1"}],"replies":[{"embeddable":true,"href":"https:\/\/buressa.com\/es\/wp-json\/wp\/v2\/comments?post=38"}],"version-history":[{"count":0,"href":"https:\/\/buressa.com\/es\/wp-json\/wp\/v2\/pages\/38\/revisions"}],"wp:attachment":[{"href":"https:\/\/buressa.com\/es\/wp-json\/wp\/v2\/media?parent=38"}],"curies":[{"name":"wp","href":"https:\/\/api.w.org\/{rel}","templated":true}]}}