{"id":855,"date":"2016-05-23T11:09:30","date_gmt":"2016-05-23T09:09:30","guid":{"rendered":"http:\/\/buressa.com\/es\/?page_id=855"},"modified":"2020-06-19T15:12:49","modified_gmt":"2020-06-19T13:12:49","slug":"concurso","status":"publish","type":"page","link":"https:\/\/buressa.com\/es\/concurso\/","title":{"rendered":"Concurso"},"content":{"rendered":"<h1>\u00a1Bur\u00e9s te invita a participar!<\/h1>\n<h2>CONCURSO DE PRODUCTO INNOVADOR PARA LA JARDINER\u00cdA<\/h2>\n<h2>PREPARA YA TU PROYECTO!!<\/h2>\n<p><img decoding=\"async\" loading=\"lazy\" class=\"aligncenter\" src=\"http:\/\/buressa.com\/wp-content\/uploads\/2016\/05\/gardening.jpg\" alt=\"Concurso\" width=\"560\" height=\"360\" \/><\/p>\n<p><b>Organiza: Bur\u00e9s S.A.U.<\/b><br \/>\nEl Concurso de Producto Innovador para la Jardiner\u00eda busca promover la actividad de la jardiner\u00eda y premiar las mejores ideas y proyectos propuestos por los concursantes, relacionados con el suelo o la tierra de jard\u00edn.<br \/>\nPodr\u00e1n participar personas, grupos de personas, colectivos, empresas, de todo el mundo, mayores de 16 a\u00f1os.<\/p>\n<h1>1. Desc\u00e1rgate <a href=\"http:\/\/buressa.com\/wp-content\/uploads\/2016\/10\/Bases-del-Concurso-Producto-Innovador-para-la-Jardiner\u00eda-CAST-1.pdf\" target=\"_blank\" rel=\"noopener noreferrer\">aqu\u00ed <\/a>las bases para poder participar<\/h1>\n<h1><\/h1>\n<h1>2. Inscripci\u00f3n de candidaturas<\/h1>\n<h1><\/h1>\n<h1>3. Presentaci\u00f3n de la memoria<\/h1>\n<h1><\/h1>\n<h1>4. Entrega del premio<\/h1>\n<h1><\/h1>","protected":false},"excerpt":{"rendered":"<p>\u00a1Bur\u00e9s te invita a participar! CONCURSO DE PRODUCTO INNOVADOR PARA LA JARDINER\u00cdA PREPARA YA TU PROYECTO!! Organiza: Bur\u00e9s S.A.U. El Concurso de Producto Innovador para la Jardiner\u00eda busca promover la actividad de la jardiner\u00eda y premiar las mejores ideas y proyectos propuestos por los concursantes, relacionados con el suelo o la tierra de jard\u00edn. Podr\u00e1n&#8230;<\/p>\n","protected":false},"author":3,"featured_media":0,"parent":0,"menu_order":0,"comment_status":"closed","ping_status":"closed","template":"","meta":[],"yoast_head":"<!-- This site is optimized with the Yoast SEO plugin v19.10 - https:\/\/yoast.com\/wordpress\/plugins\/seo\/ -->\n<title>Concurso - Bur\u00e9s S.A.U.<\/title>\n<meta name=\"robots\" content=\"index, follow, max-snippet:-1, max-image-preview:large, max-video-preview:-1\" \/>\n<link rel=\"canonical\" href=\"https:\/\/buressa.com\/ca\/concurs\/\" \/>\n<meta property=\"og:locale\" content=\"es_ES\" \/>\n<meta property=\"og:type\" content=\"article\" \/>\n<meta property=\"og:title\" content=\"[:es]Concurso[:ca]Concurs[:en]acO[:fr]acO[:] - Bur\u00e9s S.A.U.\" \/>\n<meta property=\"og:description\" content=\"\u00a1Bur\u00e9s te invita a participar! CONCURSO DE PRODUCTO INNOVADOR PARA LA JARDINER\u00cdA PREPARA YA TU PROYECTO!! Organiza: Bur\u00e9s S.A.U. El Concurso de Producto Innovador para la Jardiner\u00eda busca promover la actividad de la jardiner\u00eda y premiar las mejores ideas y proyectos propuestos por los concursantes, relacionados con el suelo o la tierra de jard\u00edn. Podr\u00e1n...\" \/>\n<meta property=\"og:url\" content=\"https:\/\/buressa.com\/ca\/concurs\/\" \/>\n<meta property=\"og:site_name\" content=\"Bur\u00e9s S.A.U.\" \/>\n<meta property=\"article:modified_time\" content=\"2020-06-19T13:12:49+00:00\" \/>\n<meta property=\"og:image\" content=\"http:\/\/buressa.com\/wp-content\/uploads\/2016\/05\/gardening.jpg\" \/>\n<meta name=\"twitter:card\" content=\"summary_large_image\" \/>\n<meta name=\"twitter:label1\" content=\"Tiempo de lectura\" \/>\n\t<meta name=\"twitter:data1\" content=\"1 minuto\" \/>\n<script type=\"application\/ld+json\" class=\"yoast-schema-graph\">{\"@context\":\"https:\/\/schema.org\",\"@graph\":[{\"@type\":\"WebPage\",\"@id\":\"https:\/\/buressa.com\/ca\/concurs\/\",\"url\":\"https:\/\/buressa.com\/ca\/concurs\/\",\"name\":\"[:es]Concurso[:ca]Concurs[:en]acO[:fr]acO[:] - Bur\u00e9s S.A.U.\",\"isPartOf\":{\"@id\":\"https:\/\/buressa.com\/en\/#website\"},\"datePublished\":\"2016-05-23T09:09:30+00:00\",\"dateModified\":\"2020-06-19T13:12:49+00:00\",\"breadcrumb\":{\"@id\":\"https:\/\/buressa.com\/ca\/concurs\/#breadcrumb\"},\"inLanguage\":\"es\",\"potentialAction\":[{\"@type\":\"ReadAction\",\"target\":[\"https:\/\/buressa.com\/ca\/concurs\/\"]}]},{\"@type\":\"BreadcrumbList\",\"@id\":\"https:\/\/buressa.com\/ca\/concurs\/#breadcrumb\",\"itemListElement\":[{\"@type\":\"ListItem\",\"position\":1,\"name\":\"Portada\",\"item\":\"https:\/\/buressa.com\/en\/\"},{\"@type\":\"ListItem\",\"position\":2,\"name\":\"Concurs\"}]},{\"@type\":\"WebSite\",\"@id\":\"https:\/\/buressa.com\/en\/#website\",\"url\":\"https:\/\/buressa.com\/en\/\",\"name\":\"Bur\u00e9s S.A.U.\",\"description\":\"Bur\u00e9s, la buena tierra. Fabricantes de tierras y sustratos para jardiner\u00eda.\",\"publisher\":{\"@id\":\"https:\/\/buressa.com\/en\/#organization\"},\"potentialAction\":[{\"@type\":\"SearchAction\",\"target\":{\"@type\":\"EntryPoint\",\"urlTemplate\":\"https:\/\/buressa.com\/en\/?s={search_term_string}\"},\"query-input\":\"required name=search_term_string\"}],\"inLanguage\":\"es\"},{\"@type\":\"Organization\",\"@id\":\"https:\/\/buressa.com\/en\/#organization\",\"name\":\"BUR\u00c9S, S.A.U.\",\"url\":\"https:\/\/buressa.com\/en\/\",\"logo\":{\"@type\":\"ImageObject\",\"inLanguage\":\"es\",\"@id\":\"https:\/\/buressa.com\/en\/#\/schema\/logo\/image\/\",\"url\":\"https:\/\/buressa.com\/wp-content\/uploads\/2015\/06\/bures-sense-marge-marro_ok.png\",\"contentUrl\":\"https:\/\/buressa.com\/wp-content\/uploads\/2015\/06\/bures-sense-marge-marro_ok.png\",\"width\":141,\"height\":102,\"caption\":\"BUR\u00c9S, S.A.U.\"},\"image\":{\"@id\":\"https:\/\/buressa.com\/en\/#\/schema\/logo\/image\/\"}}]}<\/script>\n<!-- \/ Yoast SEO plugin. -->","yoast_head_json":{"title":"[:es]Concurso[:ca]Concurs[:en]acO[:fr]acO[:] - Bur\u00e9s S.A.U.","robots":{"index":"index","follow":"follow","max-snippet":"max-snippet:-1","max-image-preview":"max-image-preview:large","max-video-preview":"max-video-preview:-1"},"canonical":"https:\/\/buressa.com\/ca\/concurs\/","og_locale":"es_ES","og_type":"article","og_title":"[:es]Concurso[:ca]Concurs[:en]acO[:fr]acO[:] - Bur\u00e9s S.A.U.","og_description":"\u00a1Bur\u00e9s te invita a participar! CONCURSO DE PRODUCTO INNOVADOR PARA LA JARDINER\u00cdA PREPARA YA TU PROYECTO!! Organiza: Bur\u00e9s S.A.U. El Concurso de Producto Innovador para la Jardiner\u00eda busca promover la actividad de la jardiner\u00eda y premiar las mejores ideas y proyectos propuestos por los concursantes, relacionados con el suelo o la tierra de jard\u00edn. Podr\u00e1n...","og_url":"https:\/\/buressa.com\/ca\/concurs\/","og_site_name":"Bur\u00e9s S.A.U.","article_modified_time":"2020-06-19T13:12:49+00:00","og_image":[{"url":"http:\/\/buressa.com\/wp-content\/uploads\/2016\/05\/gardening.jpg"}],"twitter_card":"summary_large_image","twitter_misc":{"Tiempo de lectura":"1 minuto"},"schema":{"@context":"https:\/\/schema.org","@graph":[{"@type":"WebPage","@id":"https:\/\/buressa.com\/ca\/concurs\/","url":"https:\/\/buressa.com\/ca\/concurs\/","name":"[:es]Concurso[:ca]Concurs[:en]acO[:fr]acO[:] - Bur\u00e9s S.A.U.","isPartOf":{"@id":"https:\/\/buressa.com\/en\/#website"},"datePublished":"2016-05-23T09:09:30+00:00","dateModified":"2020-06-19T13:12:49+00:00","breadcrumb":{"@id":"https:\/\/buressa.com\/ca\/concurs\/#breadcrumb"},"inLanguage":"es","potentialAction":[{"@type":"ReadAction","target":["https:\/\/buressa.com\/ca\/concurs\/"]}]},{"@type":"BreadcrumbList","@id":"https:\/\/buressa.com\/ca\/concurs\/#breadcrumb","itemListElement":[{"@type":"ListItem","position":1,"name":"Portada","item":"https:\/\/buressa.com\/en\/"},{"@type":"ListItem","position":2,"name":"Concurs"}]},{"@type":"WebSite","@id":"https:\/\/buressa.com\/en\/#website","url":"https:\/\/buressa.com\/en\/","name":"Bur\u00e9s S.A.U.","description":"Bur\u00e9s, la buena tierra. Fabricantes de tierras y sustratos para jardiner\u00eda.","publisher":{"@id":"https:\/\/buressa.com\/en\/#organization"},"potentialAction":[{"@type":"SearchAction","target":{"@type":"EntryPoint","urlTemplate":"https:\/\/buressa.com\/en\/?s={search_term_string}"},"query-input":"required name=search_term_string"}],"inLanguage":"es"},{"@type":"Organization","@id":"https:\/\/buressa.com\/en\/#organization","name":"BUR\u00c9S, S.A.U.","url":"https:\/\/buressa.com\/en\/","logo":{"@type":"ImageObject","inLanguage":"es","@id":"https:\/\/buressa.com\/en\/#\/schema\/logo\/image\/","url":"https:\/\/buressa.com\/wp-content\/uploads\/2015\/06\/bures-sense-marge-marro_ok.png","contentUrl":"https:\/\/buressa.com\/wp-content\/uploads\/2015\/06\/bures-sense-marge-marro_ok.png","width":141,"height":102,"caption":"BUR\u00c9S, S.A.U."},"image":{"@id":"https:\/\/buressa.com\/en\/#\/schema\/logo\/image\/"}}]}},"_links":{"self":[{"href":"https:\/\/buressa.com\/es\/wp-json\/wp\/v2\/pages\/855"}],"collection":[{"href":"https:\/\/buressa.com\/es\/wp-json\/wp\/v2\/pages"}],"about":[{"href":"https:\/\/buressa.com\/es\/wp-json\/wp\/v2\/types\/page"}],"author":[{"embeddable":true,"href":"https:\/\/buressa.com\/es\/wp-json\/wp\/v2\/users\/3"}],"replies":[{"embeddable":true,"href":"https:\/\/buressa.com\/es\/wp-json\/wp\/v2\/comments?post=855"}],"version-history":[{"count":0,"href":"https:\/\/buressa.com\/es\/wp-json\/wp\/v2\/pages\/855\/revisions"}],"wp:attachment":[{"href":"https:\/\/buressa.com\/es\/wp-json\/wp\/v2\/media?parent=855"}],"curies":[{"name":"wp","href":"https:\/\/api.w.org\/{rel}","templated":true}]}}