{"id":97,"date":"2015-07-09T10:24:32","date_gmt":"2015-07-09T10:24:32","guid":{"rendered":"http:\/\/buressa.com\/?page_id=97"},"modified":"2019-10-28T15:19:09","modified_gmt":"2019-10-28T14:19:09","slug":"empresa","status":"publish","type":"page","link":"https:\/\/buressa.com\/es\/empresa\/","title":{"rendered":"Empresa"},"content":{"rendered":"&nbsp;<\/p>\n<h1><strong>Empresa, m\u00e1s de 50 a\u00f1os de tradici\u00f3n<\/strong><\/h1>\n<p>En el a\u00f1o 1965, tras observar la necesidad de los profesionales y aficionados a la jardiner\u00eda de su entono de disponer sustratos y tierras de calidad, Oleguer Bur\u00e9s F\u00e1bregas funda en Barcelona la empresa Bur\u00e9s, S.A.<\/p>\n<p>En la actualidad Bur\u00e9s S.A.U. est\u00e1 dirigida por Oleguer Bur\u00e9s Pastor, que gestiona otras empresas que tambi\u00e9n son referente en los sectores relacionados con la jardiner\u00eda y el medio ambiente: Bur\u00e9s Profesional S.A., empresa matriz fruto de la uni\u00f3n de Prodeasa e Industrias Qu\u00edmicas Sicosa, el centro de jardiner\u00eda Centre Verd S.A., Edafo G.M.S.A., Plantia Garden y Abotrans S.A.<\/p>\n<p>Bur\u00e9s S.A.U. lleva m\u00e1s de 50 a\u00f1os dedicando recursos y esfuerzos en el d\u00eda a d\u00eda de nuestra actividad, para poder transmitir a todos nuestros clientes el optimismo e ilusi\u00f3n que nos llevan a avanzar hacia una nueva jardiner\u00eda m\u00e1s adaptada al entorno en el que vivimos.<\/p>\n<p><img decoding=\"async\" loading=\"lazy\" class=\"alignnone size-large wp-image-690\" src=\"http:\/\/buressa.com\/wp-content\/uploads\/2015\/07\/Empresa1-960x640.jpg\" alt=\"Empresa\" width=\"630\" height=\"420\" srcset=\"https:\/\/buressa.com\/wp-content\/uploads\/2015\/07\/Empresa1-960x640.jpg 960w, https:\/\/buressa.com\/wp-content\/uploads\/2015\/07\/Empresa1-700x466.jpg 700w, https:\/\/buressa.com\/wp-content\/uploads\/2015\/07\/Empresa1-300x200.jpg 300w, https:\/\/buressa.com\/wp-content\/uploads\/2015\/07\/Empresa1.jpg 1181w\" sizes=\"(max-width: 630px) 100vw, 630px\" \/>","protected":false},"excerpt":{"rendered":"<p>&nbsp; Empresa, m\u00e1s de 50 a\u00f1os de tradici\u00f3n En el a\u00f1o 1965, tras observar la necesidad de los profesionales y aficionados a la jardiner\u00eda de su entono de disponer sustratos y tierras de calidad, Oleguer Bur\u00e9s F\u00e1bregas funda en Barcelona la empresa Bur\u00e9s, S.A. En la actualidad Bur\u00e9s S.A.U. est\u00e1 dirigida por Oleguer Bur\u00e9s Pastor,&#8230;<\/p>\n","protected":false},"author":1,"featured_media":690,"parent":0,"menu_order":0,"comment_status":"closed","ping_status":"open","template":"","meta":[],"yoast_head":"<!-- This site is optimized with the Yoast SEO plugin v19.10 - https:\/\/yoast.com\/wordpress\/plugins\/seo\/ -->\n<title>Bures | Fabricantes de tierras y sustratos de calidad<\/title>\n<meta name=\"description\" content=\"Especialistas de sustratos y materias primas para la fabricaci\u00f3n de tierras de calidad para la jardiner\u00eda. \u00a1Cons\u00faltanos!\" \/>\n<meta name=\"robots\" content=\"index, follow, max-snippet:-1, max-image-preview:large, max-video-preview:-1\" \/>\n<link rel=\"canonical\" href=\"https:\/\/buressa.com\/es\/empresa\/\" \/>\n<meta property=\"og:locale\" content=\"es_ES\" \/>\n<meta property=\"og:type\" content=\"article\" \/>\n<meta property=\"og:title\" content=\"Bures | Fabricantes de tierras y sustratos de calidad\" \/>\n<meta property=\"og:description\" content=\"Especialistas de sustratos y materias primas para la fabricaci\u00f3n de tierras de calidad para la jardiner\u00eda. \u00a1Cons\u00faltanos!\" \/>\n<meta property=\"og:url\" content=\"https:\/\/buressa.com\/es\/empresa\/\" \/>\n<meta property=\"og:site_name\" content=\"Bur\u00e9s S.A.U.\" \/>\n<meta property=\"article:modified_time\" content=\"2019-10-28T14:19:09+00:00\" \/>\n<meta property=\"og:image\" content=\"https:\/\/buressa.com\/wp-content\/uploads\/2015\/07\/Empresa1.jpg\" \/>\n\t<meta property=\"og:image:width\" content=\"1181\" \/>\n\t<meta property=\"og:image:height\" content=\"787\" \/>\n\t<meta property=\"og:image:type\" content=\"image\/jpeg\" \/>\n<meta name=\"twitter:card\" content=\"summary_large_image\" \/>\n<meta name=\"twitter:label1\" content=\"Tiempo de lectura\" \/>\n\t<meta name=\"twitter:data1\" content=\"2 minutos\" \/>\n<script type=\"application\/ld+json\" class=\"yoast-schema-graph\">{\"@context\":\"https:\/\/schema.org\",\"@graph\":[{\"@type\":\"WebPage\",\"@id\":\"https:\/\/buressa.com\/es\/empresa\/\",\"url\":\"https:\/\/buressa.com\/es\/empresa\/\",\"name\":\"Bures | Fabricantes de tierras y sustratos de calidad\",\"isPartOf\":{\"@id\":\"https:\/\/buressa.com\/en\/#website\"},\"datePublished\":\"2015-07-09T10:24:32+00:00\",\"dateModified\":\"2019-10-28T14:19:09+00:00\",\"description\":\"Especialistas de sustratos y materias primas para la fabricaci\u00f3n de tierras de calidad para la jardiner\u00eda. \u00a1Cons\u00faltanos!\",\"breadcrumb\":{\"@id\":\"https:\/\/buressa.com\/es\/empresa\/#breadcrumb\"},\"inLanguage\":\"es\",\"potentialAction\":[{\"@type\":\"ReadAction\",\"target\":[\"https:\/\/buressa.com\/es\/empresa\/\"]}]},{\"@type\":\"BreadcrumbList\",\"@id\":\"https:\/\/buressa.com\/es\/empresa\/#breadcrumb\",\"itemListElement\":[{\"@type\":\"ListItem\",\"position\":1,\"name\":\"Portada\",\"item\":\"https:\/\/buressa.com\/en\/\"},{\"@type\":\"ListItem\",\"position\":2,\"name\":\"Empresa\"}]},{\"@type\":\"WebSite\",\"@id\":\"https:\/\/buressa.com\/en\/#website\",\"url\":\"https:\/\/buressa.com\/en\/\",\"name\":\"Bur\u00e9s S.A.U.\",\"description\":\"Bur\u00e9s, la buena tierra. Fabricantes de tierras y sustratos para jardiner\u00eda.\",\"publisher\":{\"@id\":\"https:\/\/buressa.com\/en\/#organization\"},\"potentialAction\":[{\"@type\":\"SearchAction\",\"target\":{\"@type\":\"EntryPoint\",\"urlTemplate\":\"https:\/\/buressa.com\/en\/?s={search_term_string}\"},\"query-input\":\"required name=search_term_string\"}],\"inLanguage\":\"es\"},{\"@type\":\"Organization\",\"@id\":\"https:\/\/buressa.com\/en\/#organization\",\"name\":\"BUR\u00c9S, S.A.U.\",\"url\":\"https:\/\/buressa.com\/en\/\",\"logo\":{\"@type\":\"ImageObject\",\"inLanguage\":\"es\",\"@id\":\"https:\/\/buressa.com\/en\/#\/schema\/logo\/image\/\",\"url\":\"https:\/\/buressa.com\/wp-content\/uploads\/2015\/06\/bures-sense-marge-marro_ok.png\",\"contentUrl\":\"https:\/\/buressa.com\/wp-content\/uploads\/2015\/06\/bures-sense-marge-marro_ok.png\",\"width\":141,\"height\":102,\"caption\":\"BUR\u00c9S, S.A.U.\"},\"image\":{\"@id\":\"https:\/\/buressa.com\/en\/#\/schema\/logo\/image\/\"}}]}<\/script>\n<!-- \/ Yoast SEO plugin. -->","yoast_head_json":{"title":"Bures | Fabricantes de tierras y sustratos de calidad","description":"Especialistas de sustratos y materias primas para la fabricaci\u00f3n de tierras de calidad para la jardiner\u00eda. \u00a1Cons\u00faltanos!","robots":{"index":"index","follow":"follow","max-snippet":"max-snippet:-1","max-image-preview":"max-image-preview:large","max-video-preview":"max-video-preview:-1"},"canonical":"https:\/\/buressa.com\/es\/empresa\/","og_locale":"es_ES","og_type":"article","og_title":"Bures | Fabricantes de tierras y sustratos de calidad","og_description":"Especialistas de sustratos y materias primas para la fabricaci\u00f3n de tierras de calidad para la jardiner\u00eda. \u00a1Cons\u00faltanos!","og_url":"https:\/\/buressa.com\/es\/empresa\/","og_site_name":"Bur\u00e9s S.A.U.","article_modified_time":"2019-10-28T14:19:09+00:00","og_image":[{"width":1181,"height":787,"url":"https:\/\/buressa.com\/wp-content\/uploads\/2015\/07\/Empresa1.jpg","type":"image\/jpeg"}],"twitter_card":"summary_large_image","twitter_misc":{"Tiempo de lectura":"2 minutos"},"schema":{"@context":"https:\/\/schema.org","@graph":[{"@type":"WebPage","@id":"https:\/\/buressa.com\/es\/empresa\/","url":"https:\/\/buressa.com\/es\/empresa\/","name":"Bures | Fabricantes de tierras y sustratos de calidad","isPartOf":{"@id":"https:\/\/buressa.com\/en\/#website"},"datePublished":"2015-07-09T10:24:32+00:00","dateModified":"2019-10-28T14:19:09+00:00","description":"Especialistas de sustratos y materias primas para la fabricaci\u00f3n de tierras de calidad para la jardiner\u00eda. \u00a1Cons\u00faltanos!","breadcrumb":{"@id":"https:\/\/buressa.com\/es\/empresa\/#breadcrumb"},"inLanguage":"es","potentialAction":[{"@type":"ReadAction","target":["https:\/\/buressa.com\/es\/empresa\/"]}]},{"@type":"BreadcrumbList","@id":"https:\/\/buressa.com\/es\/empresa\/#breadcrumb","itemListElement":[{"@type":"ListItem","position":1,"name":"Portada","item":"https:\/\/buressa.com\/en\/"},{"@type":"ListItem","position":2,"name":"Empresa"}]},{"@type":"WebSite","@id":"https:\/\/buressa.com\/en\/#website","url":"https:\/\/buressa.com\/en\/","name":"Bur\u00e9s S.A.U.","description":"Bur\u00e9s, la buena tierra. Fabricantes de tierras y sustratos para jardiner\u00eda.","publisher":{"@id":"https:\/\/buressa.com\/en\/#organization"},"potentialAction":[{"@type":"SearchAction","target":{"@type":"EntryPoint","urlTemplate":"https:\/\/buressa.com\/en\/?s={search_term_string}"},"query-input":"required name=search_term_string"}],"inLanguage":"es"},{"@type":"Organization","@id":"https:\/\/buressa.com\/en\/#organization","name":"BUR\u00c9S, S.A.U.","url":"https:\/\/buressa.com\/en\/","logo":{"@type":"ImageObject","inLanguage":"es","@id":"https:\/\/buressa.com\/en\/#\/schema\/logo\/image\/","url":"https:\/\/buressa.com\/wp-content\/uploads\/2015\/06\/bures-sense-marge-marro_ok.png","contentUrl":"https:\/\/buressa.com\/wp-content\/uploads\/2015\/06\/bures-sense-marge-marro_ok.png","width":141,"height":102,"caption":"BUR\u00c9S, S.A.U."},"image":{"@id":"https:\/\/buressa.com\/en\/#\/schema\/logo\/image\/"}}]}},"_links":{"self":[{"href":"https:\/\/buressa.com\/es\/wp-json\/wp\/v2\/pages\/97"}],"collection":[{"href":"https:\/\/buressa.com\/es\/wp-json\/wp\/v2\/pages"}],"about":[{"href":"https:\/\/buressa.com\/es\/wp-json\/wp\/v2\/types\/page"}],"author":[{"embeddable":true,"href":"https:\/\/buressa.com\/es\/wp-json\/wp\/v2\/users\/1"}],"replies":[{"embeddable":true,"href":"https:\/\/buressa.com\/es\/wp-json\/wp\/v2\/comments?post=97"}],"version-history":[{"count":0,"href":"https:\/\/buressa.com\/es\/wp-json\/wp\/v2\/pages\/97\/revisions"}],"wp:featuredmedia":[{"embeddable":true,"href":"https:\/\/buressa.com\/es\/wp-json\/wp\/v2\/media\/690"}],"wp:attachment":[{"href":"https:\/\/buressa.com\/es\/wp-json\/wp\/v2\/media?parent=97"}],"curies":[{"name":"wp","href":"https:\/\/api.w.org\/{rel}","templated":true}]}}