{"id":109692,"date":"2023-05-16T10:31:37","date_gmt":"2023-05-16T08:31:37","guid":{"rendered":"https:\/\/buressa.com\/es\/?post_type=product&#038;p=109692"},"modified":"2023-05-16T10:44:01","modified_gmt":"2023-05-16T08:44:01","slug":"sol-estructural-bss-20-40-granitica","status":"publish","type":"product","link":"https:\/\/buressa.com\/es\/producto\/sustrato-bss-20-40-granitica\/","title":{"rendered":"S\u00f2l Estructural BSS-20\/40 Gran\u00edtica"},"content":{"rendered":"Suelo estructural a base de gravas de granito de tama\u00f1o mediano a grande (20-40 mm), complementada con un sustrato enriquecido con materia org\u00e1nica.<\/p>\n<p>Mezcla preparada para la adici\u00f3n de hidro-retenedores y abonos de liberaci\u00f3n lenta seg\u00fan demanda de nuestros clientes.<\/p>\n<ul>\n<li>Producto de elevada micro-porosidad que garantiza la oxigenaci\u00f3n de las ra\u00edces.<\/li>\n<li>Mejora la fijaci\u00f3n (sujeci\u00f3n) al medio.<\/li>\n<\/ul>\n<p>&nbsp;","protected":false},"excerpt":{"rendered":"<p>Suelo estructural a base de gravas de granito de tama\u00f1o mediano a grande (20-40 mm), complementada con un sustrato enriquecido con materia org\u00e1nica. Mezcla preparada para la adici\u00f3n de hidro-retenedores y abonos de liberaci\u00f3n lenta seg\u00fan demanda de nuestros clientes. Producto de elevada micro-porosidad que garantiza la oxigenaci\u00f3n de las ra\u00edces. Mejora la fijaci\u00f3n (sujeci\u00f3n)&#8230;<\/p>\n","protected":false},"featured_media":1484,"comment_status":"open","ping_status":"closed","template":"","meta":[],"yoast_head":"<!-- This site is optimized with the Yoast SEO plugin v19.10 - https:\/\/yoast.com\/wordpress\/plugins\/seo\/ -->\n<title>S\u00f2l Estructural BSS-20\/40 Gran\u00edtica - Bur\u00e9s S.A.U.<\/title>\n<meta name=\"robots\" content=\"index, follow, max-snippet:-1, max-image-preview:large, max-video-preview:-1\" \/>\n<link rel=\"canonical\" href=\"https:\/\/buressa.com\/es\/producto\/sustrato-bss-20-40-granitica\/\" \/>\n<meta property=\"og:locale\" content=\"es_ES\" \/>\n<meta property=\"og:type\" content=\"article\" \/>\n<meta property=\"og:title\" content=\"[:es]S\u00f2l Estructural BSS-20\/40 Gran\u00edtica[:ca]S\u00f2l Estructural BSS-20\/40 Gran\u00edtica[:en] (copia)[:fr] (copia)[:] - Bur\u00e9s S.A.U.\" \/>\n<meta property=\"og:description\" content=\"Suelo estructural a base de gravas de granito de tama\u00f1o mediano a grande (20-40 mm), complementada con un sustrato enriquecido con materia org\u00e1nica. Mezcla preparada para la adici\u00f3n de hidro-retenedores y abonos de liberaci\u00f3n lenta seg\u00fan demanda de nuestros clientes. Producto de elevada micro-porosidad que garantiza la oxigenaci\u00f3n de las ra\u00edces. Mejora la fijaci\u00f3n (sujeci\u00f3n)...\" \/>\n<meta property=\"og:url\" content=\"https:\/\/buressa.com\/es\/producto\/sustrato-bss-20-40-granitica\/\" \/>\n<meta property=\"og:site_name\" content=\"Bur\u00e9s S.A.U.\" \/>\n<meta property=\"article:modified_time\" content=\"2023-05-16T08:44:01+00:00\" \/>\n<meta property=\"og:image\" content=\"https:\/\/buressa.com\/wp-content\/uploads\/2020\/06\/Mescla-BSS-20-40-BR.jpg\" \/>\n\t<meta property=\"og:image:width\" content=\"1024\" \/>\n\t<meta property=\"og:image:height\" content=\"576\" \/>\n\t<meta property=\"og:image:type\" content=\"image\/jpeg\" \/>\n<meta name=\"twitter:card\" content=\"summary_large_image\" \/>\n<meta name=\"twitter:label1\" content=\"Tiempo de lectura\" \/>\n\t<meta name=\"twitter:data1\" content=\"1 minuto\" \/>\n<script type=\"application\/ld+json\" class=\"yoast-schema-graph\">{\"@context\":\"https:\/\/schema.org\",\"@graph\":[{\"@type\":\"WebPage\",\"@id\":\"https:\/\/buressa.com\/es\/producto\/sustrato-bss-20-40-granitica\/\",\"url\":\"https:\/\/buressa.com\/es\/producto\/sustrato-bss-20-40-granitica\/\",\"name\":\"[:es]S\u00f2l Estructural BSS-20\/40 Gran\u00edtica[:ca]S\u00f2l Estructural BSS-20\/40 Gran\u00edtica[:en] (copia)[:fr] (copia)[:] - Bur\u00e9s S.A.U.\",\"isPartOf\":{\"@id\":\"https:\/\/buressa.com\/en\/#website\"},\"datePublished\":\"2023-05-16T08:31:37+00:00\",\"dateModified\":\"2023-05-16T08:44:01+00:00\",\"breadcrumb\":{\"@id\":\"https:\/\/buressa.com\/es\/producto\/sustrato-bss-20-40-granitica\/#breadcrumb\"},\"inLanguage\":\"es\",\"potentialAction\":[{\"@type\":\"ReadAction\",\"target\":[\"https:\/\/buressa.com\/es\/producto\/sustrato-bss-20-40-granitica\/\"]}]},{\"@type\":\"BreadcrumbList\",\"@id\":\"https:\/\/buressa.com\/es\/producto\/sustrato-bss-20-40-granitica\/#breadcrumb\",\"itemListElement\":[{\"@type\":\"ListItem\",\"position\":1,\"name\":\"Portada\",\"item\":\"https:\/\/buressa.com\/en\/\"},{\"@type\":\"ListItem\",\"position\":2,\"name\":\"Productos\",\"item\":\"https:\/\/buressa.com\/es\/shop\/\"},{\"@type\":\"ListItem\",\"position\":3,\"name\":\"S\u00f2l Estructural BSS-20\/40 Gran\u00edtica\"}]},{\"@type\":\"WebSite\",\"@id\":\"https:\/\/buressa.com\/en\/#website\",\"url\":\"https:\/\/buressa.com\/en\/\",\"name\":\"Bur\u00e9s S.A.U.\",\"description\":\"Bur\u00e9s, la buena tierra. Fabricantes de tierras y sustratos para jardiner\u00eda.\",\"publisher\":{\"@id\":\"https:\/\/buressa.com\/en\/#organization\"},\"potentialAction\":[{\"@type\":\"SearchAction\",\"target\":{\"@type\":\"EntryPoint\",\"urlTemplate\":\"https:\/\/buressa.com\/en\/?s={search_term_string}\"},\"query-input\":\"required name=search_term_string\"}],\"inLanguage\":\"es\"},{\"@type\":\"Organization\",\"@id\":\"https:\/\/buressa.com\/en\/#organization\",\"name\":\"BUR\u00c9S, S.A.U.\",\"url\":\"https:\/\/buressa.com\/en\/\",\"logo\":{\"@type\":\"ImageObject\",\"inLanguage\":\"es\",\"@id\":\"https:\/\/buressa.com\/en\/#\/schema\/logo\/image\/\",\"url\":\"https:\/\/buressa.com\/wp-content\/uploads\/2015\/06\/bures-sense-marge-marro_ok.png\",\"contentUrl\":\"https:\/\/buressa.com\/wp-content\/uploads\/2015\/06\/bures-sense-marge-marro_ok.png\",\"width\":141,\"height\":102,\"caption\":\"BUR\u00c9S, S.A.U.\"},\"image\":{\"@id\":\"https:\/\/buressa.com\/en\/#\/schema\/logo\/image\/\"}}]}<\/script>\n<!-- \/ Yoast SEO plugin. -->","yoast_head_json":{"title":"[:es]S\u00f2l Estructural BSS-20\/40 Gran\u00edtica[:ca]S\u00f2l Estructural BSS-20\/40 Gran\u00edtica[:en] (copia)[:fr] (copia)[:] - Bur\u00e9s S.A.U.","robots":{"index":"index","follow":"follow","max-snippet":"max-snippet:-1","max-image-preview":"max-image-preview:large","max-video-preview":"max-video-preview:-1"},"canonical":"https:\/\/buressa.com\/es\/producto\/sustrato-bss-20-40-granitica\/","og_locale":"es_ES","og_type":"article","og_title":"[:es]S\u00f2l Estructural BSS-20\/40 Gran\u00edtica[:ca]S\u00f2l Estructural BSS-20\/40 Gran\u00edtica[:en] (copia)[:fr] (copia)[:] - Bur\u00e9s S.A.U.","og_description":"Suelo estructural a base de gravas de granito de tama\u00f1o mediano a grande (20-40 mm), complementada con un sustrato enriquecido con materia org\u00e1nica. Mezcla preparada para la adici\u00f3n de hidro-retenedores y abonos de liberaci\u00f3n lenta seg\u00fan demanda de nuestros clientes. Producto de elevada micro-porosidad que garantiza la oxigenaci\u00f3n de las ra\u00edces. Mejora la fijaci\u00f3n (sujeci\u00f3n)...","og_url":"https:\/\/buressa.com\/es\/producto\/sustrato-bss-20-40-granitica\/","og_site_name":"Bur\u00e9s S.A.U.","article_modified_time":"2023-05-16T08:44:01+00:00","og_image":[{"width":1024,"height":576,"url":"https:\/\/buressa.com\/wp-content\/uploads\/2020\/06\/Mescla-BSS-20-40-BR.jpg","type":"image\/jpeg"}],"twitter_card":"summary_large_image","twitter_misc":{"Tiempo de lectura":"1 minuto"},"schema":{"@context":"https:\/\/schema.org","@graph":[{"@type":"WebPage","@id":"https:\/\/buressa.com\/es\/producto\/sustrato-bss-20-40-granitica\/","url":"https:\/\/buressa.com\/es\/producto\/sustrato-bss-20-40-granitica\/","name":"[:es]S\u00f2l Estructural BSS-20\/40 Gran\u00edtica[:ca]S\u00f2l Estructural BSS-20\/40 Gran\u00edtica[:en] (copia)[:fr] (copia)[:] - Bur\u00e9s S.A.U.","isPartOf":{"@id":"https:\/\/buressa.com\/en\/#website"},"datePublished":"2023-05-16T08:31:37+00:00","dateModified":"2023-05-16T08:44:01+00:00","breadcrumb":{"@id":"https:\/\/buressa.com\/es\/producto\/sustrato-bss-20-40-granitica\/#breadcrumb"},"inLanguage":"es","potentialAction":[{"@type":"ReadAction","target":["https:\/\/buressa.com\/es\/producto\/sustrato-bss-20-40-granitica\/"]}]},{"@type":"BreadcrumbList","@id":"https:\/\/buressa.com\/es\/producto\/sustrato-bss-20-40-granitica\/#breadcrumb","itemListElement":[{"@type":"ListItem","position":1,"name":"Portada","item":"https:\/\/buressa.com\/en\/"},{"@type":"ListItem","position":2,"name":"Productos","item":"https:\/\/buressa.com\/es\/shop\/"},{"@type":"ListItem","position":3,"name":"S\u00f2l Estructural BSS-20\/40 Gran\u00edtica"}]},{"@type":"WebSite","@id":"https:\/\/buressa.com\/en\/#website","url":"https:\/\/buressa.com\/en\/","name":"Bur\u00e9s S.A.U.","description":"Bur\u00e9s, la buena tierra. Fabricantes de tierras y sustratos para jardiner\u00eda.","publisher":{"@id":"https:\/\/buressa.com\/en\/#organization"},"potentialAction":[{"@type":"SearchAction","target":{"@type":"EntryPoint","urlTemplate":"https:\/\/buressa.com\/en\/?s={search_term_string}"},"query-input":"required name=search_term_string"}],"inLanguage":"es"},{"@type":"Organization","@id":"https:\/\/buressa.com\/en\/#organization","name":"BUR\u00c9S, S.A.U.","url":"https:\/\/buressa.com\/en\/","logo":{"@type":"ImageObject","inLanguage":"es","@id":"https:\/\/buressa.com\/en\/#\/schema\/logo\/image\/","url":"https:\/\/buressa.com\/wp-content\/uploads\/2015\/06\/bures-sense-marge-marro_ok.png","contentUrl":"https:\/\/buressa.com\/wp-content\/uploads\/2015\/06\/bures-sense-marge-marro_ok.png","width":141,"height":102,"caption":"BUR\u00c9S, S.A.U."},"image":{"@id":"https:\/\/buressa.com\/en\/#\/schema\/logo\/image\/"}}]}},"_links":{"self":[{"href":"https:\/\/buressa.com\/es\/wp-json\/wp\/v2\/product\/109692"}],"collection":[{"href":"https:\/\/buressa.com\/es\/wp-json\/wp\/v2\/product"}],"about":[{"href":"https:\/\/buressa.com\/es\/wp-json\/wp\/v2\/types\/product"}],"replies":[{"embeddable":true,"href":"https:\/\/buressa.com\/es\/wp-json\/wp\/v2\/comments?post=109692"}],"wp:featuredmedia":[{"embeddable":true,"href":"https:\/\/buressa.com\/es\/wp-json\/wp\/v2\/media\/1484"}],"wp:attachment":[{"href":"https:\/\/buressa.com\/es\/wp-json\/wp\/v2\/media?parent=109692"}],"curies":[{"name":"wp","href":"https:\/\/api.w.org\/{rel}","templated":true}]}}