{"id":128,"date":"2015-07-10T10:51:50","date_gmt":"2015-07-10T10:51:50","guid":{"rendered":"http:\/\/buressa.com\/?post_type=product&#038;p=128"},"modified":"2022-06-10T16:10:15","modified_gmt":"2022-06-10T14:10:15","slug":"tierra-abonada-base","status":"publish","type":"product","link":"https:\/\/buressa.com\/es\/producto\/tierra-abonada-base-2\/","title":{"rendered":"Tierra Abonada Base"},"content":{"rendered":"<span style=\"color: #333333; font-family: 'Helvetica','sans-serif'; font-size: 9pt;\">Tierra vegetal para uso en jardiner\u00eda urbana. Producto equilibrado con un buen drenaje que garantiza el arraigo y crecimiento de \u00e1rboles, arbustos y plantas de jard\u00edn.\u00a0 <\/span><\/p>\n<p><span style=\"color: #333333; font-family: 'Helvetica','sans-serif'; font-size: 9pt;\">Presenta una granulometr\u00eda ligeramente gruesa debido al aporte en mezcla de esti\u00e9rcol madurado.<\/span><\/p>\n<ul>\n<li><span style=\"font-family: Helvetica, sans-serif;\">Suelo base de relleno para su aplicaci\u00f3n en jardiner\u00eda urbana.<\/span><\/li>\n<li>Adecuado para la plantaci\u00f3n de \u00e1rboles y arbustivas.<\/li>\n<li>Producto de aspecto ligeramente grueso con presencia de gravillas y agregados de origen org\u00e1nico que enriquecen y equilibran la mezcla.<\/li>\n<\/ul>","protected":false},"excerpt":{"rendered":"<p>Tierra vegetal para uso en jardiner\u00eda urbana. Producto equilibrado con un buen drenaje que garantiza el arraigo y crecimiento de \u00e1rboles, arbustos y plantas de jard\u00edn.\u00a0 Presenta una granulometr\u00eda ligeramente gruesa debido al aporte en mezcla de esti\u00e9rcol madurado. Suelo base de relleno para su aplicaci\u00f3n en jardiner\u00eda urbana. Adecuado para la plantaci\u00f3n de \u00e1rboles&#8230;<\/p>\n","protected":false},"featured_media":2261,"comment_status":"open","ping_status":"closed","template":"","meta":[],"yoast_head":"<!-- This site is optimized with the Yoast SEO plugin v19.10 - https:\/\/yoast.com\/wordpress\/plugins\/seo\/ -->\n<title>Tierra Abonada Base, suelo base para jardiner\u00eda urbana.<\/title>\n<meta name=\"description\" content=\"La Tierra Abonada Base es una tierra vegetal equilibrada y drenante para plantaci\u00f3n de \u00e1rboles y arbustivas. Preparada con esti\u00e9rcol de caballo madurado.\" \/>\n<meta name=\"robots\" content=\"index, follow, max-snippet:-1, max-image-preview:large, max-video-preview:-1\" \/>\n<link rel=\"canonical\" href=\"https:\/\/buressa.com\/en\/product\/es-tierra-abonada-base\/\" \/>\n<meta property=\"og:locale\" content=\"es_ES\" \/>\n<meta property=\"og:type\" content=\"article\" \/>\n<meta property=\"og:title\" content=\"Tierra Abonada Base, suelo base para jardiner\u00eda urbana.\" \/>\n<meta property=\"og:description\" content=\"La Tierra Abonada Base es una tierra vegetal equilibrada y drenante para plantaci\u00f3n de \u00e1rboles y arbustivas. Preparada con esti\u00e9rcol de caballo madurado.\" \/>\n<meta property=\"og:url\" content=\"https:\/\/buressa.com\/en\/product\/es-tierra-abonada-base\/\" \/>\n<meta property=\"og:site_name\" content=\"Bur\u00e9s S.A.U.\" \/>\n<meta property=\"article:modified_time\" content=\"2022-06-10T14:10:15+00:00\" \/>\n<meta property=\"og:image\" content=\"https:\/\/buressa.com\/wp-content\/uploads\/2022\/06\/boligrafo-semilla.jpg\" \/>\n\t<meta property=\"og:image:width\" content=\"1500\" \/>\n\t<meta property=\"og:image:height\" content=\"996\" \/>\n\t<meta property=\"og:image:type\" content=\"image\/jpeg\" \/>\n<meta name=\"twitter:card\" content=\"summary_large_image\" \/>\n<meta name=\"twitter:label1\" content=\"Tiempo de lectura\" \/>\n\t<meta name=\"twitter:data1\" content=\"1 minuto\" \/>\n<script type=\"application\/ld+json\" class=\"yoast-schema-graph\">{\"@context\":\"https:\/\/schema.org\",\"@graph\":[{\"@type\":\"WebPage\",\"@id\":\"https:\/\/buressa.com\/en\/product\/es-tierra-abonada-base\/\",\"url\":\"https:\/\/buressa.com\/en\/product\/es-tierra-abonada-base\/\",\"name\":\"Tierra Abonada Base, suelo base para jardiner\u00eda urbana.\",\"isPartOf\":{\"@id\":\"https:\/\/buressa.com\/en\/#website\"},\"datePublished\":\"2015-07-10T10:51:50+00:00\",\"dateModified\":\"2022-06-10T14:10:15+00:00\",\"description\":\"La Tierra Abonada Base es una tierra vegetal equilibrada y drenante para plantaci\u00f3n de \u00e1rboles y arbustivas. Preparada con esti\u00e9rcol de caballo madurado.\",\"breadcrumb\":{\"@id\":\"https:\/\/buressa.com\/en\/product\/es-tierra-abonada-base\/#breadcrumb\"},\"inLanguage\":\"es\",\"potentialAction\":[{\"@type\":\"ReadAction\",\"target\":[\"https:\/\/buressa.com\/en\/product\/es-tierra-abonada-base\/\"]}]},{\"@type\":\"BreadcrumbList\",\"@id\":\"https:\/\/buressa.com\/en\/product\/es-tierra-abonada-base\/#breadcrumb\",\"itemListElement\":[{\"@type\":\"ListItem\",\"position\":1,\"name\":\"Portada\",\"item\":\"https:\/\/buressa.com\/en\/\"},{\"@type\":\"ListItem\",\"position\":2,\"name\":\"Productos\",\"item\":\"https:\/\/buressa.com\/es\/shop\/\"},{\"@type\":\"ListItem\",\"position\":3,\"name\":\"(ES) Tierra Abonada Base\"}]},{\"@type\":\"WebSite\",\"@id\":\"https:\/\/buressa.com\/en\/#website\",\"url\":\"https:\/\/buressa.com\/en\/\",\"name\":\"Bur\u00e9s S.A.U.\",\"description\":\"Bur\u00e9s, la buena tierra. Fabricantes de tierras y sustratos para jardiner\u00eda.\",\"publisher\":{\"@id\":\"https:\/\/buressa.com\/en\/#organization\"},\"potentialAction\":[{\"@type\":\"SearchAction\",\"target\":{\"@type\":\"EntryPoint\",\"urlTemplate\":\"https:\/\/buressa.com\/en\/?s={search_term_string}\"},\"query-input\":\"required name=search_term_string\"}],\"inLanguage\":\"es\"},{\"@type\":\"Organization\",\"@id\":\"https:\/\/buressa.com\/en\/#organization\",\"name\":\"BUR\u00c9S, S.A.U.\",\"url\":\"https:\/\/buressa.com\/en\/\",\"logo\":{\"@type\":\"ImageObject\",\"inLanguage\":\"es\",\"@id\":\"https:\/\/buressa.com\/en\/#\/schema\/logo\/image\/\",\"url\":\"https:\/\/buressa.com\/wp-content\/uploads\/2015\/06\/bures-sense-marge-marro_ok.png\",\"contentUrl\":\"https:\/\/buressa.com\/wp-content\/uploads\/2015\/06\/bures-sense-marge-marro_ok.png\",\"width\":141,\"height\":102,\"caption\":\"BUR\u00c9S, S.A.U.\"},\"image\":{\"@id\":\"https:\/\/buressa.com\/en\/#\/schema\/logo\/image\/\"}}]}<\/script>\n<!-- \/ Yoast SEO plugin. -->","yoast_head_json":{"title":"Tierra Abonada Base, suelo base para jardiner\u00eda urbana.","description":"La Tierra Abonada Base es una tierra vegetal equilibrada y drenante para plantaci\u00f3n de \u00e1rboles y arbustivas. Preparada con esti\u00e9rcol de caballo madurado.","robots":{"index":"index","follow":"follow","max-snippet":"max-snippet:-1","max-image-preview":"max-image-preview:large","max-video-preview":"max-video-preview:-1"},"canonical":"https:\/\/buressa.com\/en\/product\/es-tierra-abonada-base\/","og_locale":"es_ES","og_type":"article","og_title":"Tierra Abonada Base, suelo base para jardiner\u00eda urbana.","og_description":"La Tierra Abonada Base es una tierra vegetal equilibrada y drenante para plantaci\u00f3n de \u00e1rboles y arbustivas. Preparada con esti\u00e9rcol de caballo madurado.","og_url":"https:\/\/buressa.com\/en\/product\/es-tierra-abonada-base\/","og_site_name":"Bur\u00e9s S.A.U.","article_modified_time":"2022-06-10T14:10:15+00:00","og_image":[{"width":1500,"height":996,"url":"https:\/\/buressa.com\/wp-content\/uploads\/2022\/06\/boligrafo-semilla.jpg","type":"image\/jpeg"}],"twitter_card":"summary_large_image","twitter_misc":{"Tiempo de lectura":"1 minuto"},"schema":{"@context":"https:\/\/schema.org","@graph":[{"@type":"WebPage","@id":"https:\/\/buressa.com\/en\/product\/es-tierra-abonada-base\/","url":"https:\/\/buressa.com\/en\/product\/es-tierra-abonada-base\/","name":"Tierra Abonada Base, suelo base para jardiner\u00eda urbana.","isPartOf":{"@id":"https:\/\/buressa.com\/en\/#website"},"datePublished":"2015-07-10T10:51:50+00:00","dateModified":"2022-06-10T14:10:15+00:00","description":"La Tierra Abonada Base es una tierra vegetal equilibrada y drenante para plantaci\u00f3n de \u00e1rboles y arbustivas. Preparada con esti\u00e9rcol de caballo madurado.","breadcrumb":{"@id":"https:\/\/buressa.com\/en\/product\/es-tierra-abonada-base\/#breadcrumb"},"inLanguage":"es","potentialAction":[{"@type":"ReadAction","target":["https:\/\/buressa.com\/en\/product\/es-tierra-abonada-base\/"]}]},{"@type":"BreadcrumbList","@id":"https:\/\/buressa.com\/en\/product\/es-tierra-abonada-base\/#breadcrumb","itemListElement":[{"@type":"ListItem","position":1,"name":"Portada","item":"https:\/\/buressa.com\/en\/"},{"@type":"ListItem","position":2,"name":"Productos","item":"https:\/\/buressa.com\/es\/shop\/"},{"@type":"ListItem","position":3,"name":"(ES) Tierra Abonada Base"}]},{"@type":"WebSite","@id":"https:\/\/buressa.com\/en\/#website","url":"https:\/\/buressa.com\/en\/","name":"Bur\u00e9s S.A.U.","description":"Bur\u00e9s, la buena tierra. Fabricantes de tierras y sustratos para jardiner\u00eda.","publisher":{"@id":"https:\/\/buressa.com\/en\/#organization"},"potentialAction":[{"@type":"SearchAction","target":{"@type":"EntryPoint","urlTemplate":"https:\/\/buressa.com\/en\/?s={search_term_string}"},"query-input":"required name=search_term_string"}],"inLanguage":"es"},{"@type":"Organization","@id":"https:\/\/buressa.com\/en\/#organization","name":"BUR\u00c9S, S.A.U.","url":"https:\/\/buressa.com\/en\/","logo":{"@type":"ImageObject","inLanguage":"es","@id":"https:\/\/buressa.com\/en\/#\/schema\/logo\/image\/","url":"https:\/\/buressa.com\/wp-content\/uploads\/2015\/06\/bures-sense-marge-marro_ok.png","contentUrl":"https:\/\/buressa.com\/wp-content\/uploads\/2015\/06\/bures-sense-marge-marro_ok.png","width":141,"height":102,"caption":"BUR\u00c9S, S.A.U."},"image":{"@id":"https:\/\/buressa.com\/en\/#\/schema\/logo\/image\/"}}]}},"_links":{"self":[{"href":"https:\/\/buressa.com\/es\/wp-json\/wp\/v2\/product\/128"}],"collection":[{"href":"https:\/\/buressa.com\/es\/wp-json\/wp\/v2\/product"}],"about":[{"href":"https:\/\/buressa.com\/es\/wp-json\/wp\/v2\/types\/product"}],"replies":[{"embeddable":true,"href":"https:\/\/buressa.com\/es\/wp-json\/wp\/v2\/comments?post=128"}],"wp:featuredmedia":[{"embeddable":true,"href":"https:\/\/buressa.com\/es\/wp-json\/wp\/v2\/media\/2261"}],"wp:attachment":[{"href":"https:\/\/buressa.com\/es\/wp-json\/wp\/v2\/media?parent=128"}],"curies":[{"name":"wp","href":"https:\/\/api.w.org\/{rel}","templated":true}]}}