{"id":132,"date":"2015-07-10T11:25:54","date_gmt":"2015-07-10T11:25:54","guid":{"rendered":"http:\/\/buressa.com\/?post_type=product&#038;p=132"},"modified":"2022-12-07T13:24:55","modified_gmt":"2022-12-07T12:24:55","slug":"sustrato-cesped-deportivo","status":"publish","type":"product","link":"https:\/\/buressa.com\/es\/producto\/sustrato-cesped-deportivo\/","title":{"rendered":"Sustrato C\u00e9sped Deportivo"},"content":{"rendered":"Sustrato de mezcla <strong>especial para la plantaci\u00f3n de c\u00e9sped en campos deportivos<\/strong>. Producto con un alto contenido en arena de cuarzo, fibras vegetales y arcillas que mejoran la fijaci\u00f3n del c\u00e9sped en el terreno de juego. Producto con una elevada capacidad de drenaje que facilita el arraigue del c\u00e9sped, preparado para fertilizaci\u00f3n seg\u00fan demanda.<\/p>\n<ul>\n<li>Sustrato base especial para campos deportivos, arenoso y drenante.<\/li>\n<li>Contenido en materia org\u00e1nica vegetal adecuado para siembra o instalaci\u00f3n de tepes.<\/li>\n<\/ul>","protected":false},"excerpt":{"rendered":"<p>Sustrato de mezcla especial para la plantaci\u00f3n de c\u00e9sped en campos deportivos. Producto con un alto contenido en arena de cuarzo, fibras vegetales y arcillas que mejoran la fijaci\u00f3n del c\u00e9sped en el terreno de juego. Producto con una elevada capacidad de drenaje que facilita el arraigue del c\u00e9sped, preparado para fertilizaci\u00f3n seg\u00fan demanda. Sustrato&#8230;<\/p>\n","protected":false},"featured_media":539,"comment_status":"open","ping_status":"closed","template":"","meta":[],"yoast_head":"<!-- This site is optimized with the Yoast SEO plugin v19.10 - https:\/\/yoast.com\/wordpress\/plugins\/seo\/ -->\n<title>Sustrato c\u00e9sped deportivo, para instalaciones y campos de deporte.<\/title>\n<meta name=\"description\" content=\"El Sustrato para C\u00e9sped Deportivo es un producto con un alto contenido en arena de cuarzo y fibras vegetales que mejora la fijaci\u00f3n del c\u00e9sped al terreno.\" \/>\n<meta name=\"robots\" content=\"index, follow, max-snippet:-1, max-image-preview:large, max-video-preview:-1\" \/>\n<link rel=\"canonical\" href=\"https:\/\/buressa.com\/es\/producto\/sustrato-cesped-deportivo\/\" \/>\n<meta property=\"og:locale\" content=\"es_ES\" \/>\n<meta property=\"og:type\" content=\"article\" \/>\n<meta property=\"og:title\" content=\"Sustrato c\u00e9sped deportivo, para instalaciones y campos de deporte.\" \/>\n<meta property=\"og:description\" content=\"El Sustrato para C\u00e9sped Deportivo es un producto con un alto contenido en arena de cuarzo y fibras vegetales que mejora la fijaci\u00f3n del c\u00e9sped al terreno.\" \/>\n<meta property=\"og:url\" content=\"https:\/\/buressa.com\/es\/producto\/sustrato-cesped-deportivo\/\" \/>\n<meta property=\"og:site_name\" content=\"Bur\u00e9s S.A.U.\" \/>\n<meta property=\"article:modified_time\" content=\"2022-12-07T12:24:55+00:00\" \/>\n<meta property=\"og:image\" content=\"https:\/\/buressa.com\/wp-content\/uploads\/2015\/07\/Sustrato-C\u00e9sped-Deportivo.jpg\" \/>\n\t<meta property=\"og:image:width\" content=\"1785\" \/>\n\t<meta property=\"og:image:height\" content=\"1129\" \/>\n\t<meta property=\"og:image:type\" content=\"image\/jpeg\" \/>\n<meta name=\"twitter:card\" content=\"summary_large_image\" \/>\n<meta name=\"twitter:label1\" content=\"Tiempo de lectura\" \/>\n\t<meta name=\"twitter:data1\" content=\"1 minuto\" \/>\n<script type=\"application\/ld+json\" class=\"yoast-schema-graph\">{\"@context\":\"https:\/\/schema.org\",\"@graph\":[{\"@type\":\"WebPage\",\"@id\":\"https:\/\/buressa.com\/es\/producto\/sustrato-cesped-deportivo\/\",\"url\":\"https:\/\/buressa.com\/es\/producto\/sustrato-cesped-deportivo\/\",\"name\":\"Sustrato c\u00e9sped deportivo, para instalaciones y campos de deporte.\",\"isPartOf\":{\"@id\":\"https:\/\/buressa.com\/en\/#website\"},\"datePublished\":\"2015-07-10T11:25:54+00:00\",\"dateModified\":\"2022-12-07T12:24:55+00:00\",\"description\":\"El Sustrato para C\u00e9sped Deportivo es un producto con un alto contenido en arena de cuarzo y fibras vegetales que mejora la fijaci\u00f3n del c\u00e9sped al terreno.\",\"breadcrumb\":{\"@id\":\"https:\/\/buressa.com\/es\/producto\/sustrato-cesped-deportivo\/#breadcrumb\"},\"inLanguage\":\"es\",\"potentialAction\":[{\"@type\":\"ReadAction\",\"target\":[\"https:\/\/buressa.com\/es\/producto\/sustrato-cesped-deportivo\/\"]}]},{\"@type\":\"BreadcrumbList\",\"@id\":\"https:\/\/buressa.com\/es\/producto\/sustrato-cesped-deportivo\/#breadcrumb\",\"itemListElement\":[{\"@type\":\"ListItem\",\"position\":1,\"name\":\"Portada\",\"item\":\"https:\/\/buressa.com\/en\/\"},{\"@type\":\"ListItem\",\"position\":2,\"name\":\"Productos\",\"item\":\"https:\/\/buressa.com\/es\/shop\/\"},{\"@type\":\"ListItem\",\"position\":3,\"name\":\"Sustrato C\u00e9sped Deportivo\"}]},{\"@type\":\"WebSite\",\"@id\":\"https:\/\/buressa.com\/en\/#website\",\"url\":\"https:\/\/buressa.com\/en\/\",\"name\":\"Bur\u00e9s S.A.U.\",\"description\":\"Bur\u00e9s, la buena tierra. Fabricantes de tierras y sustratos para jardiner\u00eda.\",\"publisher\":{\"@id\":\"https:\/\/buressa.com\/en\/#organization\"},\"potentialAction\":[{\"@type\":\"SearchAction\",\"target\":{\"@type\":\"EntryPoint\",\"urlTemplate\":\"https:\/\/buressa.com\/en\/?s={search_term_string}\"},\"query-input\":\"required name=search_term_string\"}],\"inLanguage\":\"es\"},{\"@type\":\"Organization\",\"@id\":\"https:\/\/buressa.com\/en\/#organization\",\"name\":\"BUR\u00c9S, S.A.U.\",\"url\":\"https:\/\/buressa.com\/en\/\",\"logo\":{\"@type\":\"ImageObject\",\"inLanguage\":\"es\",\"@id\":\"https:\/\/buressa.com\/en\/#\/schema\/logo\/image\/\",\"url\":\"https:\/\/buressa.com\/wp-content\/uploads\/2015\/06\/bures-sense-marge-marro_ok.png\",\"contentUrl\":\"https:\/\/buressa.com\/wp-content\/uploads\/2015\/06\/bures-sense-marge-marro_ok.png\",\"width\":141,\"height\":102,\"caption\":\"BUR\u00c9S, S.A.U.\"},\"image\":{\"@id\":\"https:\/\/buressa.com\/en\/#\/schema\/logo\/image\/\"}}]}<\/script>\n<!-- \/ Yoast SEO plugin. -->","yoast_head_json":{"title":"Sustrato c\u00e9sped deportivo, para instalaciones y campos de deporte.","description":"El Sustrato para C\u00e9sped Deportivo es un producto con un alto contenido en arena de cuarzo y fibras vegetales que mejora la fijaci\u00f3n del c\u00e9sped al terreno.","robots":{"index":"index","follow":"follow","max-snippet":"max-snippet:-1","max-image-preview":"max-image-preview:large","max-video-preview":"max-video-preview:-1"},"canonical":"https:\/\/buressa.com\/es\/producto\/sustrato-cesped-deportivo\/","og_locale":"es_ES","og_type":"article","og_title":"Sustrato c\u00e9sped deportivo, para instalaciones y campos de deporte.","og_description":"El Sustrato para C\u00e9sped Deportivo es un producto con un alto contenido en arena de cuarzo y fibras vegetales que mejora la fijaci\u00f3n del c\u00e9sped al terreno.","og_url":"https:\/\/buressa.com\/es\/producto\/sustrato-cesped-deportivo\/","og_site_name":"Bur\u00e9s S.A.U.","article_modified_time":"2022-12-07T12:24:55+00:00","og_image":[{"width":1785,"height":1129,"url":"https:\/\/buressa.com\/wp-content\/uploads\/2015\/07\/Sustrato-C\u00e9sped-Deportivo.jpg","type":"image\/jpeg"}],"twitter_card":"summary_large_image","twitter_misc":{"Tiempo de lectura":"1 minuto"},"schema":{"@context":"https:\/\/schema.org","@graph":[{"@type":"WebPage","@id":"https:\/\/buressa.com\/es\/producto\/sustrato-cesped-deportivo\/","url":"https:\/\/buressa.com\/es\/producto\/sustrato-cesped-deportivo\/","name":"Sustrato c\u00e9sped deportivo, para instalaciones y campos de deporte.","isPartOf":{"@id":"https:\/\/buressa.com\/en\/#website"},"datePublished":"2015-07-10T11:25:54+00:00","dateModified":"2022-12-07T12:24:55+00:00","description":"El Sustrato para C\u00e9sped Deportivo es un producto con un alto contenido en arena de cuarzo y fibras vegetales que mejora la fijaci\u00f3n del c\u00e9sped al terreno.","breadcrumb":{"@id":"https:\/\/buressa.com\/es\/producto\/sustrato-cesped-deportivo\/#breadcrumb"},"inLanguage":"es","potentialAction":[{"@type":"ReadAction","target":["https:\/\/buressa.com\/es\/producto\/sustrato-cesped-deportivo\/"]}]},{"@type":"BreadcrumbList","@id":"https:\/\/buressa.com\/es\/producto\/sustrato-cesped-deportivo\/#breadcrumb","itemListElement":[{"@type":"ListItem","position":1,"name":"Portada","item":"https:\/\/buressa.com\/en\/"},{"@type":"ListItem","position":2,"name":"Productos","item":"https:\/\/buressa.com\/es\/shop\/"},{"@type":"ListItem","position":3,"name":"Sustrato C\u00e9sped Deportivo"}]},{"@type":"WebSite","@id":"https:\/\/buressa.com\/en\/#website","url":"https:\/\/buressa.com\/en\/","name":"Bur\u00e9s S.A.U.","description":"Bur\u00e9s, la buena tierra. Fabricantes de tierras y sustratos para jardiner\u00eda.","publisher":{"@id":"https:\/\/buressa.com\/en\/#organization"},"potentialAction":[{"@type":"SearchAction","target":{"@type":"EntryPoint","urlTemplate":"https:\/\/buressa.com\/en\/?s={search_term_string}"},"query-input":"required name=search_term_string"}],"inLanguage":"es"},{"@type":"Organization","@id":"https:\/\/buressa.com\/en\/#organization","name":"BUR\u00c9S, S.A.U.","url":"https:\/\/buressa.com\/en\/","logo":{"@type":"ImageObject","inLanguage":"es","@id":"https:\/\/buressa.com\/en\/#\/schema\/logo\/image\/","url":"https:\/\/buressa.com\/wp-content\/uploads\/2015\/06\/bures-sense-marge-marro_ok.png","contentUrl":"https:\/\/buressa.com\/wp-content\/uploads\/2015\/06\/bures-sense-marge-marro_ok.png","width":141,"height":102,"caption":"BUR\u00c9S, S.A.U."},"image":{"@id":"https:\/\/buressa.com\/en\/#\/schema\/logo\/image\/"}}]}},"_links":{"self":[{"href":"https:\/\/buressa.com\/es\/wp-json\/wp\/v2\/product\/132"}],"collection":[{"href":"https:\/\/buressa.com\/es\/wp-json\/wp\/v2\/product"}],"about":[{"href":"https:\/\/buressa.com\/es\/wp-json\/wp\/v2\/types\/product"}],"replies":[{"embeddable":true,"href":"https:\/\/buressa.com\/es\/wp-json\/wp\/v2\/comments?post=132"}],"wp:featuredmedia":[{"embeddable":true,"href":"https:\/\/buressa.com\/es\/wp-json\/wp\/v2\/media\/539"}],"wp:attachment":[{"href":"https:\/\/buressa.com\/es\/wp-json\/wp\/v2\/media?parent=132"}],"curies":[{"name":"wp","href":"https:\/\/api.w.org\/{rel}","templated":true}]}}