{"id":133,"date":"2015-07-10T11:30:56","date_gmt":"2015-07-10T09:30:56","guid":{"rendered":"http:\/\/buressa.com\/?post_type=product&#038;p=133"},"modified":"2025-02-04T15:21:40","modified_gmt":"2025-02-04T14:21:40","slug":"sustrato-universal-j-2-ecologico","status":"publish","type":"product","link":"https:\/\/buressa.com\/es\/producto\/sustrato-universal-ecologico-j-2\/","title":{"rendered":"Sustrato Universal J-2 Ecol\u00f3gico"},"content":{"rendered":"El Sustrato Universal J-2, ecol\u00f3gico, es un sustrato de mezcla preparado a base de turba rubia de Sphagnum y fibras y cortezas compostadas. Este sustrato se adapta bien al trasplante y cultivo de la mayor\u00eda de plantas de jard\u00edn. Se trata de un producto ligero y de f\u00e1cil manejo, que absorbe bien el agua entre riegos. Es ideal para el trasplante en jardines, terrazas y tambi\u00e9n huertos.<\/p>\n<p>El Sustrato Universal J-2 es un producto de larga tradici\u00f3n. Bur\u00e9s ha estudiado esta mezcla para adaptarla a las nuevas necesidades de la jardiner\u00eda actual. Como resultado de este estudio el Sustrato Universal J-2 es un producto fundamental para la jardiner\u00eda urbana.<\/p>\n<ul>\n<li>Producto certificado ecol\u00f3gico conforme al Reglamento (CE) N\u00ba834\/2007, para Jardiner\u00eda Ecol\u00f3gica.<\/li>\n<li>Es un sustrato de mezcla que garantiza una buena respuesta del cultivo a corto y largo plazo.<\/li>\n<li>Se trata de un producto con un elevada capacidad de retenci\u00f3n de agua, alta porosidad y buen drenaje.<\/li>\n<li>Esta fertilizado con abono organo-mineral ecol\u00f3gico.<\/li>\n<\/ul>\n<p>&nbsp;","protected":false},"excerpt":{"rendered":"<p>Sustrato universal ecol\u00f3gico J-2, ideal para plantas de jard\u00edn. A base de turba de Sphagnum, ligero y de f\u00e1cil manejo.<\/p>\n","protected":false},"featured_media":1139,"comment_status":"open","ping_status":"closed","template":"","meta":[],"yoast_head":"<!-- This site is optimized with the Yoast SEO plugin v19.10 - https:\/\/yoast.com\/wordpress\/plugins\/seo\/ -->\n<title>Sustrato Universal J-2 ecol\u00f3gico, ligero y de f\u00e1cil manejo.<\/title>\n<meta name=\"description\" content=\"El Sustrato universal J-2, ecol\u00f3gico, es ideal para el trasplante de todo tipos de plantas en jardines, terrazas y tambi\u00e9n huertos.\" \/>\n<meta name=\"robots\" content=\"index, follow, max-snippet:-1, max-image-preview:large, max-video-preview:-1\" \/>\n<link rel=\"canonical\" href=\"https:\/\/buressa.com\/es\/producto\/sustrato-universal-ecologico-j-2\/\" \/>\n<meta property=\"og:locale\" content=\"es_ES\" \/>\n<meta property=\"og:type\" content=\"article\" \/>\n<meta property=\"og:title\" content=\"Sustrato Universal J-2 ecol\u00f3gico, ligero y de f\u00e1cil manejo.\" \/>\n<meta property=\"og:description\" content=\"El Sustrato universal J-2, ecol\u00f3gico, es ideal para el trasplante de todo tipos de plantas en jardines, terrazas y tambi\u00e9n huertos.\" \/>\n<meta property=\"og:url\" content=\"https:\/\/buressa.com\/es\/producto\/sustrato-universal-ecologico-j-2\/\" \/>\n<meta property=\"og:site_name\" content=\"Bur\u00e9s S.A.U.\" \/>\n<meta property=\"article:modified_time\" content=\"2025-02-04T14:21:40+00:00\" \/>\n<meta property=\"og:image\" content=\"https:\/\/buressa.com\/wp-content\/uploads\/2015\/07\/J-2-80L.png\" \/>\n\t<meta property=\"og:image:width\" content=\"700\" \/>\n\t<meta property=\"og:image:height\" content=\"450\" \/>\n\t<meta property=\"og:image:type\" content=\"image\/png\" \/>\n<meta name=\"twitter:card\" content=\"summary_large_image\" \/>\n<meta name=\"twitter:label1\" content=\"Tiempo de lectura\" \/>\n\t<meta name=\"twitter:data1\" content=\"2 minutos\" \/>\n<script type=\"application\/ld+json\" class=\"yoast-schema-graph\">{\"@context\":\"https:\/\/schema.org\",\"@graph\":[{\"@type\":\"WebPage\",\"@id\":\"https:\/\/buressa.com\/es\/producto\/sustrato-universal-ecologico-j-2\/\",\"url\":\"https:\/\/buressa.com\/es\/producto\/sustrato-universal-ecologico-j-2\/\",\"name\":\"Sustrato Universal J-2 ecol\u00f3gico, ligero y de f\u00e1cil manejo.\",\"isPartOf\":{\"@id\":\"https:\/\/buressa.com\/en\/#website\"},\"datePublished\":\"2015-07-10T09:30:56+00:00\",\"dateModified\":\"2025-02-04T14:21:40+00:00\",\"description\":\"El Sustrato universal J-2, ecol\u00f3gico, es ideal para el trasplante de todo tipos de plantas en jardines, terrazas y tambi\u00e9n huertos.\",\"breadcrumb\":{\"@id\":\"https:\/\/buressa.com\/es\/producto\/sustrato-universal-ecologico-j-2\/#breadcrumb\"},\"inLanguage\":\"es\",\"potentialAction\":[{\"@type\":\"ReadAction\",\"target\":[\"https:\/\/buressa.com\/es\/producto\/sustrato-universal-ecologico-j-2\/\"]}]},{\"@type\":\"BreadcrumbList\",\"@id\":\"https:\/\/buressa.com\/es\/producto\/sustrato-universal-ecologico-j-2\/#breadcrumb\",\"itemListElement\":[{\"@type\":\"ListItem\",\"position\":1,\"name\":\"Portada\",\"item\":\"https:\/\/buressa.com\/en\/\"},{\"@type\":\"ListItem\",\"position\":2,\"name\":\"Productos\",\"item\":\"https:\/\/buressa.com\/es\/shop\/\"},{\"@type\":\"ListItem\",\"position\":3,\"name\":\"Sustrato Universal J-2 Ecol\u00f3gico\"}]},{\"@type\":\"WebSite\",\"@id\":\"https:\/\/buressa.com\/en\/#website\",\"url\":\"https:\/\/buressa.com\/en\/\",\"name\":\"Bur\u00e9s S.A.U.\",\"description\":\"Bur\u00e9s, la buena tierra. Fabricantes de tierras y sustratos para jardiner\u00eda.\",\"publisher\":{\"@id\":\"https:\/\/buressa.com\/en\/#organization\"},\"potentialAction\":[{\"@type\":\"SearchAction\",\"target\":{\"@type\":\"EntryPoint\",\"urlTemplate\":\"https:\/\/buressa.com\/en\/?s={search_term_string}\"},\"query-input\":\"required name=search_term_string\"}],\"inLanguage\":\"es\"},{\"@type\":\"Organization\",\"@id\":\"https:\/\/buressa.com\/en\/#organization\",\"name\":\"BUR\u00c9S, S.A.U.\",\"url\":\"https:\/\/buressa.com\/en\/\",\"logo\":{\"@type\":\"ImageObject\",\"inLanguage\":\"es\",\"@id\":\"https:\/\/buressa.com\/en\/#\/schema\/logo\/image\/\",\"url\":\"https:\/\/buressa.com\/wp-content\/uploads\/2015\/06\/bures-sense-marge-marro_ok.png\",\"contentUrl\":\"https:\/\/buressa.com\/wp-content\/uploads\/2015\/06\/bures-sense-marge-marro_ok.png\",\"width\":141,\"height\":102,\"caption\":\"BUR\u00c9S, S.A.U.\"},\"image\":{\"@id\":\"https:\/\/buressa.com\/en\/#\/schema\/logo\/image\/\"}}]}<\/script>\n<!-- \/ Yoast SEO plugin. -->","yoast_head_json":{"title":"Sustrato Universal J-2 ecol\u00f3gico, ligero y de f\u00e1cil manejo.","description":"El Sustrato universal J-2, ecol\u00f3gico, es ideal para el trasplante de todo tipos de plantas en jardines, terrazas y tambi\u00e9n huertos.","robots":{"index":"index","follow":"follow","max-snippet":"max-snippet:-1","max-image-preview":"max-image-preview:large","max-video-preview":"max-video-preview:-1"},"canonical":"https:\/\/buressa.com\/es\/producto\/sustrato-universal-ecologico-j-2\/","og_locale":"es_ES","og_type":"article","og_title":"Sustrato Universal J-2 ecol\u00f3gico, ligero y de f\u00e1cil manejo.","og_description":"El Sustrato universal J-2, ecol\u00f3gico, es ideal para el trasplante de todo tipos de plantas en jardines, terrazas y tambi\u00e9n huertos.","og_url":"https:\/\/buressa.com\/es\/producto\/sustrato-universal-ecologico-j-2\/","og_site_name":"Bur\u00e9s S.A.U.","article_modified_time":"2025-02-04T14:21:40+00:00","og_image":[{"width":700,"height":450,"url":"https:\/\/buressa.com\/wp-content\/uploads\/2015\/07\/J-2-80L.png","type":"image\/png"}],"twitter_card":"summary_large_image","twitter_misc":{"Tiempo de lectura":"2 minutos"},"schema":{"@context":"https:\/\/schema.org","@graph":[{"@type":"WebPage","@id":"https:\/\/buressa.com\/es\/producto\/sustrato-universal-ecologico-j-2\/","url":"https:\/\/buressa.com\/es\/producto\/sustrato-universal-ecologico-j-2\/","name":"Sustrato Universal J-2 ecol\u00f3gico, ligero y de f\u00e1cil manejo.","isPartOf":{"@id":"https:\/\/buressa.com\/en\/#website"},"datePublished":"2015-07-10T09:30:56+00:00","dateModified":"2025-02-04T14:21:40+00:00","description":"El Sustrato universal J-2, ecol\u00f3gico, es ideal para el trasplante de todo tipos de plantas en jardines, terrazas y tambi\u00e9n huertos.","breadcrumb":{"@id":"https:\/\/buressa.com\/es\/producto\/sustrato-universal-ecologico-j-2\/#breadcrumb"},"inLanguage":"es","potentialAction":[{"@type":"ReadAction","target":["https:\/\/buressa.com\/es\/producto\/sustrato-universal-ecologico-j-2\/"]}]},{"@type":"BreadcrumbList","@id":"https:\/\/buressa.com\/es\/producto\/sustrato-universal-ecologico-j-2\/#breadcrumb","itemListElement":[{"@type":"ListItem","position":1,"name":"Portada","item":"https:\/\/buressa.com\/en\/"},{"@type":"ListItem","position":2,"name":"Productos","item":"https:\/\/buressa.com\/es\/shop\/"},{"@type":"ListItem","position":3,"name":"Sustrato Universal J-2 Ecol\u00f3gico"}]},{"@type":"WebSite","@id":"https:\/\/buressa.com\/en\/#website","url":"https:\/\/buressa.com\/en\/","name":"Bur\u00e9s S.A.U.","description":"Bur\u00e9s, la buena tierra. Fabricantes de tierras y sustratos para jardiner\u00eda.","publisher":{"@id":"https:\/\/buressa.com\/en\/#organization"},"potentialAction":[{"@type":"SearchAction","target":{"@type":"EntryPoint","urlTemplate":"https:\/\/buressa.com\/en\/?s={search_term_string}"},"query-input":"required name=search_term_string"}],"inLanguage":"es"},{"@type":"Organization","@id":"https:\/\/buressa.com\/en\/#organization","name":"BUR\u00c9S, S.A.U.","url":"https:\/\/buressa.com\/en\/","logo":{"@type":"ImageObject","inLanguage":"es","@id":"https:\/\/buressa.com\/en\/#\/schema\/logo\/image\/","url":"https:\/\/buressa.com\/wp-content\/uploads\/2015\/06\/bures-sense-marge-marro_ok.png","contentUrl":"https:\/\/buressa.com\/wp-content\/uploads\/2015\/06\/bures-sense-marge-marro_ok.png","width":141,"height":102,"caption":"BUR\u00c9S, S.A.U."},"image":{"@id":"https:\/\/buressa.com\/en\/#\/schema\/logo\/image\/"}}]}},"_links":{"self":[{"href":"https:\/\/buressa.com\/es\/wp-json\/wp\/v2\/product\/133"}],"collection":[{"href":"https:\/\/buressa.com\/es\/wp-json\/wp\/v2\/product"}],"about":[{"href":"https:\/\/buressa.com\/es\/wp-json\/wp\/v2\/types\/product"}],"replies":[{"embeddable":true,"href":"https:\/\/buressa.com\/es\/wp-json\/wp\/v2\/comments?post=133"}],"wp:featuredmedia":[{"embeddable":true,"href":"https:\/\/buressa.com\/es\/wp-json\/wp\/v2\/media\/1139"}],"wp:attachment":[{"href":"https:\/\/buressa.com\/es\/wp-json\/wp\/v2\/media?parent=133"}],"curies":[{"name":"wp","href":"https:\/\/api.w.org\/{rel}","templated":true}]}}