{"id":138,"date":"2015-07-10T12:24:26","date_gmt":"2015-07-10T10:24:26","guid":{"rendered":"http:\/\/buressa.com\/?post_type=product&#038;p=138"},"modified":"2021-06-04T09:17:43","modified_gmt":"2021-06-04T07:17:43","slug":"plantaflor-blumenerde","status":"publish","type":"product","link":"https:\/\/buressa.com\/es\/producto\/plantaflor-blumenerde\/","title":{"rendered":"Plantaflor Blumenerde"},"content":{"rendered":"El Plantaflor Blumenerde es un sustrato de turba de aplicaci\u00f3n universal ideal para el cultivo en macetas y jardineras.<\/p>\n<p>Es un sustrato preparado a base de turba negra cribada, con fertilizante,\u00a0 adecuado para el cultivo de todo tipo de plantas. La turba negra aporta al sustrato esponjosidad, permitiendo un f\u00e1cil arraigo. El Plantaflor Blumenerde presenta una elevada capacidad de absorci\u00f3n de agua y rehumectaci\u00f3n, un pH neutro y un bajo contenido en sales. Incorpora un agente humectante natural que mejora la abosorci\u00f3n de agua entre-riegos. Adem\u00e1s el Plantaflor Bluemerde contiene guano natural como elemento nutricional y arcillas que favorecen la retenci\u00f3n de agua y nutrientes.<\/p>\n<p>Se puede utilizar para el trasplante en maceta o jardinera, en cualquier \u00e9poca del a\u00f1o. Est\u00e1 especialmente dise\u00f1ado para aguantar las condiciones de las plantas de interior y exterior.Es ideal para plantas delicadas y tambi\u00e9n para plantas de balc\u00f3n como crisantemos, ciclamen y bulbosas.<\/p>\n<ul>\n<li>Sustrato muy ligero con excelente respuesta en cultivo de plantas delicadas.<\/li>\n<li>Elevada porosidad y capacidad de retenci\u00f3n de agua debido a las propiedades de la turba.<\/li>\n<li>Granulometr\u00eda fina.<\/li>\n<\/ul>","protected":false},"excerpt":{"rendered":"<p>El Plantaflor Blumenerde es un sustrato de turba de aplicaci\u00f3n universal ideal para el cultivo en macetas y jardineras. Es un sustrato preparado a base de turba negra cribada, con fertilizante,\u00a0 adecuado para el cultivo de todo tipo de plantas. La turba negra aporta al sustrato esponjosidad, permitiendo un f\u00e1cil arraigo. El Plantaflor Blumenerde presenta&#8230;<\/p>\n","protected":false},"featured_media":1136,"comment_status":"open","ping_status":"closed","template":"","meta":[],"yoast_head":"<!-- This site is optimized with the Yoast SEO plugin v19.10 - https:\/\/yoast.com\/wordpress\/plugins\/seo\/ -->\n<title>(ES) Sustrato de turba para macetas | Plantaflor Blumenerde<\/title>\n<meta name=\"description\" content=\"(ES) \u00bfNecesitas sustrato de turba para macetas? Plantaflor Blumenerde es el sustrato perfecto para macetas y jardineras. Ideal para plantas delicadas.\" \/>\n<meta name=\"robots\" content=\"index, follow, max-snippet:-1, max-image-preview:large, max-video-preview:-1\" \/>\n<link rel=\"canonical\" href=\"https:\/\/buressa.com\/ca\/producte\/plantaflor-blumenerde\/\" \/>\n<meta property=\"og:locale\" content=\"es_ES\" \/>\n<meta property=\"og:type\" content=\"article\" \/>\n<meta property=\"og:title\" content=\"(ES) Sustrato de turba para macetas | Plantaflor Blumenerde\" \/>\n<meta property=\"og:description\" content=\"(ES) \u00bfNecesitas sustrato de turba para macetas? Plantaflor Blumenerde es el sustrato perfecto para macetas y jardineras. Ideal para plantas delicadas.\" \/>\n<meta property=\"og:url\" content=\"https:\/\/buressa.com\/ca\/producte\/plantaflor-blumenerde\/\" \/>\n<meta property=\"og:site_name\" content=\"Bur\u00e9s S.A.U.\" \/>\n<meta property=\"article:modified_time\" content=\"2021-06-04T07:17:43+00:00\" \/>\n<meta property=\"og:image\" content=\"https:\/\/buressa.com\/wp-content\/uploads\/2015\/07\/Plantaflor-Blumen-erde.png\" \/>\n\t<meta property=\"og:image:width\" content=\"700\" \/>\n\t<meta property=\"og:image:height\" content=\"450\" \/>\n\t<meta property=\"og:image:type\" content=\"image\/png\" \/>\n<meta name=\"twitter:card\" content=\"summary_large_image\" \/>\n<meta name=\"twitter:label1\" content=\"Tiempo de lectura\" \/>\n\t<meta name=\"twitter:data1\" content=\"2 minutos\" \/>\n<script type=\"application\/ld+json\" class=\"yoast-schema-graph\">{\"@context\":\"https:\/\/schema.org\",\"@graph\":[{\"@type\":\"WebPage\",\"@id\":\"https:\/\/buressa.com\/ca\/producte\/plantaflor-blumenerde\/\",\"url\":\"https:\/\/buressa.com\/ca\/producte\/plantaflor-blumenerde\/\",\"name\":\"(ES) Sustrato de turba para macetas | Plantaflor Blumenerde\",\"isPartOf\":{\"@id\":\"https:\/\/buressa.com\/en\/#website\"},\"datePublished\":\"2015-07-10T10:24:26+00:00\",\"dateModified\":\"2021-06-04T07:17:43+00:00\",\"description\":\"(ES) \u00bfNecesitas sustrato de turba para macetas? Plantaflor Blumenerde es el sustrato perfecto para macetas y jardineras. Ideal para plantas delicadas.\",\"breadcrumb\":{\"@id\":\"https:\/\/buressa.com\/ca\/producte\/plantaflor-blumenerde\/#breadcrumb\"},\"inLanguage\":\"es\",\"potentialAction\":[{\"@type\":\"ReadAction\",\"target\":[\"https:\/\/buressa.com\/ca\/producte\/plantaflor-blumenerde\/\"]}]},{\"@type\":\"BreadcrumbList\",\"@id\":\"https:\/\/buressa.com\/ca\/producte\/plantaflor-blumenerde\/#breadcrumb\",\"itemListElement\":[{\"@type\":\"ListItem\",\"position\":1,\"name\":\"Portada\",\"item\":\"https:\/\/buressa.com\/en\/\"},{\"@type\":\"ListItem\",\"position\":2,\"name\":\"Productos\",\"item\":\"https:\/\/buressa.com\/es\/shop\/\"},{\"@type\":\"ListItem\",\"position\":3,\"name\":\"Plantaflor Blumenerde\"}]},{\"@type\":\"WebSite\",\"@id\":\"https:\/\/buressa.com\/en\/#website\",\"url\":\"https:\/\/buressa.com\/en\/\",\"name\":\"Bur\u00e9s S.A.U.\",\"description\":\"Bur\u00e9s, la buena tierra. Fabricantes de tierras y sustratos para jardiner\u00eda.\",\"publisher\":{\"@id\":\"https:\/\/buressa.com\/en\/#organization\"},\"potentialAction\":[{\"@type\":\"SearchAction\",\"target\":{\"@type\":\"EntryPoint\",\"urlTemplate\":\"https:\/\/buressa.com\/en\/?s={search_term_string}\"},\"query-input\":\"required name=search_term_string\"}],\"inLanguage\":\"es\"},{\"@type\":\"Organization\",\"@id\":\"https:\/\/buressa.com\/en\/#organization\",\"name\":\"BUR\u00c9S, S.A.U.\",\"url\":\"https:\/\/buressa.com\/en\/\",\"logo\":{\"@type\":\"ImageObject\",\"inLanguage\":\"es\",\"@id\":\"https:\/\/buressa.com\/en\/#\/schema\/logo\/image\/\",\"url\":\"https:\/\/buressa.com\/wp-content\/uploads\/2015\/06\/bures-sense-marge-marro_ok.png\",\"contentUrl\":\"https:\/\/buressa.com\/wp-content\/uploads\/2015\/06\/bures-sense-marge-marro_ok.png\",\"width\":141,\"height\":102,\"caption\":\"BUR\u00c9S, S.A.U.\"},\"image\":{\"@id\":\"https:\/\/buressa.com\/en\/#\/schema\/logo\/image\/\"}}]}<\/script>\n<!-- \/ Yoast SEO plugin. -->","yoast_head_json":{"title":"(ES) Sustrato de turba para macetas | Plantaflor Blumenerde","description":"(ES) \u00bfNecesitas sustrato de turba para macetas? Plantaflor Blumenerde es el sustrato perfecto para macetas y jardineras. Ideal para plantas delicadas.","robots":{"index":"index","follow":"follow","max-snippet":"max-snippet:-1","max-image-preview":"max-image-preview:large","max-video-preview":"max-video-preview:-1"},"canonical":"https:\/\/buressa.com\/ca\/producte\/plantaflor-blumenerde\/","og_locale":"es_ES","og_type":"article","og_title":"(ES) Sustrato de turba para macetas | Plantaflor Blumenerde","og_description":"(ES) \u00bfNecesitas sustrato de turba para macetas? Plantaflor Blumenerde es el sustrato perfecto para macetas y jardineras. Ideal para plantas delicadas.","og_url":"https:\/\/buressa.com\/ca\/producte\/plantaflor-blumenerde\/","og_site_name":"Bur\u00e9s S.A.U.","article_modified_time":"2021-06-04T07:17:43+00:00","og_image":[{"width":700,"height":450,"url":"https:\/\/buressa.com\/wp-content\/uploads\/2015\/07\/Plantaflor-Blumen-erde.png","type":"image\/png"}],"twitter_card":"summary_large_image","twitter_misc":{"Tiempo de lectura":"2 minutos"},"schema":{"@context":"https:\/\/schema.org","@graph":[{"@type":"WebPage","@id":"https:\/\/buressa.com\/ca\/producte\/plantaflor-blumenerde\/","url":"https:\/\/buressa.com\/ca\/producte\/plantaflor-blumenerde\/","name":"(ES) Sustrato de turba para macetas | Plantaflor Blumenerde","isPartOf":{"@id":"https:\/\/buressa.com\/en\/#website"},"datePublished":"2015-07-10T10:24:26+00:00","dateModified":"2021-06-04T07:17:43+00:00","description":"(ES) \u00bfNecesitas sustrato de turba para macetas? Plantaflor Blumenerde es el sustrato perfecto para macetas y jardineras. Ideal para plantas delicadas.","breadcrumb":{"@id":"https:\/\/buressa.com\/ca\/producte\/plantaflor-blumenerde\/#breadcrumb"},"inLanguage":"es","potentialAction":[{"@type":"ReadAction","target":["https:\/\/buressa.com\/ca\/producte\/plantaflor-blumenerde\/"]}]},{"@type":"BreadcrumbList","@id":"https:\/\/buressa.com\/ca\/producte\/plantaflor-blumenerde\/#breadcrumb","itemListElement":[{"@type":"ListItem","position":1,"name":"Portada","item":"https:\/\/buressa.com\/en\/"},{"@type":"ListItem","position":2,"name":"Productos","item":"https:\/\/buressa.com\/es\/shop\/"},{"@type":"ListItem","position":3,"name":"Plantaflor Blumenerde"}]},{"@type":"WebSite","@id":"https:\/\/buressa.com\/en\/#website","url":"https:\/\/buressa.com\/en\/","name":"Bur\u00e9s S.A.U.","description":"Bur\u00e9s, la buena tierra. Fabricantes de tierras y sustratos para jardiner\u00eda.","publisher":{"@id":"https:\/\/buressa.com\/en\/#organization"},"potentialAction":[{"@type":"SearchAction","target":{"@type":"EntryPoint","urlTemplate":"https:\/\/buressa.com\/en\/?s={search_term_string}"},"query-input":"required name=search_term_string"}],"inLanguage":"es"},{"@type":"Organization","@id":"https:\/\/buressa.com\/en\/#organization","name":"BUR\u00c9S, S.A.U.","url":"https:\/\/buressa.com\/en\/","logo":{"@type":"ImageObject","inLanguage":"es","@id":"https:\/\/buressa.com\/en\/#\/schema\/logo\/image\/","url":"https:\/\/buressa.com\/wp-content\/uploads\/2015\/06\/bures-sense-marge-marro_ok.png","contentUrl":"https:\/\/buressa.com\/wp-content\/uploads\/2015\/06\/bures-sense-marge-marro_ok.png","width":141,"height":102,"caption":"BUR\u00c9S, S.A.U."},"image":{"@id":"https:\/\/buressa.com\/en\/#\/schema\/logo\/image\/"}}]}},"_links":{"self":[{"href":"https:\/\/buressa.com\/es\/wp-json\/wp\/v2\/product\/138"}],"collection":[{"href":"https:\/\/buressa.com\/es\/wp-json\/wp\/v2\/product"}],"about":[{"href":"https:\/\/buressa.com\/es\/wp-json\/wp\/v2\/types\/product"}],"replies":[{"embeddable":true,"href":"https:\/\/buressa.com\/es\/wp-json\/wp\/v2\/comments?post=138"}],"wp:featuredmedia":[{"embeddable":true,"href":"https:\/\/buressa.com\/es\/wp-json\/wp\/v2\/media\/1136"}],"wp:attachment":[{"href":"https:\/\/buressa.com\/es\/wp-json\/wp\/v2\/media?parent=138"}],"curies":[{"name":"wp","href":"https:\/\/api.w.org\/{rel}","templated":true}]}}