{"id":143,"date":"2015-07-10T13:10:50","date_gmt":"2015-07-10T13:10:50","guid":{"rendered":"http:\/\/buressa.com\/?post_type=product&#038;p=143"},"modified":"2023-02-10T13:31:48","modified_gmt":"2023-02-10T12:31:48","slug":"sustrato-para-horticolas","status":"publish","type":"product","link":"https:\/\/buressa.com\/es\/producto\/sustrato-para-horticolas\/","title":{"rendered":"Sustrato para Hort\u00edcolas Ecol\u00f3gico"},"content":{"rendered":"<p style=\"text-align: justify;\">El Sustrato para Hort\u00edcolas ecol\u00f3gico es un sustrato de mezcla especial para plantas de huerta, hierbas culinarias y arom\u00e1ticas. Esta preparado a base de fibra de coco y mantillo vegetal que incorpora fertilizante organo-mineral ecol\u00f3gico. Es un sustrato ideal para HUERTO URBANO.<\/p>\n<p style=\"text-align: justify;\">El Sustrato para Hort\u00edcolas es un producto de f\u00e1cil rehidrataci\u00f3n, que absorbe bien el agua entre riegos y que adem\u00e1s presenta una elevado contenido en materia org\u00e1nica, una elevada capacidad de retenci\u00f3n de agua y aireaci\u00f3n. Es un sustrato certificado ecol\u00f3gico conforme al Reglamento (CE) N\u00ba 834\/2007. Para Jardiner\u00eda Ecol\u00f3gica.<\/p>\n<p style=\"text-align: justify;\"><img decoding=\"async\" loading=\"lazy\" class=\"alignright\" src=\"http:\/\/www.sapecagro.es\/contenido_dinamico\/noticia\/20170103162438.jpg\" alt=\"Resultado de imagen de sohiscert\" width=\"62\" height=\"35\" \/><\/p>\n<p style=\"text-align: justify;\">","protected":false},"excerpt":{"rendered":"<p>El Sustrato para Hort\u00edcolas ecol\u00f3gico es un sustrato de mezcla especial para plantas de huerta, hierbas culinarias y arom\u00e1ticas. Esta preparado a base de fibra de coco y mantillo vegetal que incorpora fertilizante organo-mineral ecol\u00f3gico. Es un sustrato ideal para HUERTO URBANO. El Sustrato para Hort\u00edcolas es un producto de f\u00e1cil rehidrataci\u00f3n, que absorbe bien&#8230;<\/p>\n","protected":false},"featured_media":1032,"comment_status":"open","ping_status":"closed","template":"","meta":[],"yoast_head":"<!-- This site is optimized with the Yoast SEO plugin v19.10 - https:\/\/yoast.com\/wordpress\/plugins\/seo\/ -->\n<title>Sustrato para hort\u00edcolas ecol\u00f3gico. Ideal Huerto Urbano<\/title>\n<meta name=\"description\" content=\"El sustrato para hort\u00edcolas, es un producto especial para plantas de huerta y huertos urbanos. Dispone de Certificaci\u00f3n Ecol\u00f3gica.\" \/>\n<meta name=\"robots\" content=\"index, follow, max-snippet:-1, max-image-preview:large, max-video-preview:-1\" \/>\n<link rel=\"canonical\" href=\"https:\/\/buressa.com\/es\/producto\/sustrato-para-horticolas\/\" \/>\n<meta property=\"og:locale\" content=\"es_ES\" \/>\n<meta property=\"og:type\" content=\"article\" \/>\n<meta property=\"og:title\" content=\"Sustrato para hort\u00edcolas ecol\u00f3gico. Ideal Huerto Urbano\" \/>\n<meta property=\"og:description\" content=\"El sustrato para hort\u00edcolas, es un producto especial para plantas de huerta y huertos urbanos. Dispone de Certificaci\u00f3n Ecol\u00f3gica.\" \/>\n<meta property=\"og:url\" content=\"https:\/\/buressa.com\/es\/producto\/sustrato-para-horticolas\/\" \/>\n<meta property=\"og:site_name\" content=\"Bur\u00e9s S.A.U.\" \/>\n<meta property=\"article:modified_time\" content=\"2023-02-10T12:31:48+00:00\" \/>\n<meta property=\"og:image\" content=\"https:\/\/buressa.com\/wp-content\/uploads\/2015\/07\/Sac-Hort\u00edcolas-50L.png\" \/>\n\t<meta property=\"og:image:width\" content=\"700\" \/>\n\t<meta property=\"og:image:height\" content=\"450\" \/>\n\t<meta property=\"og:image:type\" content=\"image\/png\" \/>\n<meta name=\"twitter:card\" content=\"summary_large_image\" \/>\n<meta name=\"twitter:label1\" content=\"Tiempo de lectura\" \/>\n\t<meta name=\"twitter:data1\" content=\"1 minuto\" \/>\n<script type=\"application\/ld+json\" class=\"yoast-schema-graph\">{\"@context\":\"https:\/\/schema.org\",\"@graph\":[{\"@type\":\"WebPage\",\"@id\":\"https:\/\/buressa.com\/es\/producto\/sustrato-para-horticolas\/\",\"url\":\"https:\/\/buressa.com\/es\/producto\/sustrato-para-horticolas\/\",\"name\":\"Sustrato para hort\u00edcolas ecol\u00f3gico. Ideal Huerto Urbano\",\"isPartOf\":{\"@id\":\"https:\/\/buressa.com\/en\/#website\"},\"datePublished\":\"2015-07-10T13:10:50+00:00\",\"dateModified\":\"2023-02-10T12:31:48+00:00\",\"description\":\"El sustrato para hort\u00edcolas, es un producto especial para plantas de huerta y huertos urbanos. Dispone de Certificaci\u00f3n Ecol\u00f3gica.\",\"breadcrumb\":{\"@id\":\"https:\/\/buressa.com\/es\/producto\/sustrato-para-horticolas\/#breadcrumb\"},\"inLanguage\":\"es\",\"potentialAction\":[{\"@type\":\"ReadAction\",\"target\":[\"https:\/\/buressa.com\/es\/producto\/sustrato-para-horticolas\/\"]}]},{\"@type\":\"BreadcrumbList\",\"@id\":\"https:\/\/buressa.com\/es\/producto\/sustrato-para-horticolas\/#breadcrumb\",\"itemListElement\":[{\"@type\":\"ListItem\",\"position\":1,\"name\":\"Portada\",\"item\":\"https:\/\/buressa.com\/en\/\"},{\"@type\":\"ListItem\",\"position\":2,\"name\":\"Productos\",\"item\":\"https:\/\/buressa.com\/es\/shop\/\"},{\"@type\":\"ListItem\",\"position\":3,\"name\":\"Sustrato para Hort\u00edcolas Ecol\u00f3gico\"}]},{\"@type\":\"WebSite\",\"@id\":\"https:\/\/buressa.com\/en\/#website\",\"url\":\"https:\/\/buressa.com\/en\/\",\"name\":\"Bur\u00e9s S.A.U.\",\"description\":\"Bur\u00e9s, la buena tierra. Fabricantes de tierras y sustratos para jardiner\u00eda.\",\"publisher\":{\"@id\":\"https:\/\/buressa.com\/en\/#organization\"},\"potentialAction\":[{\"@type\":\"SearchAction\",\"target\":{\"@type\":\"EntryPoint\",\"urlTemplate\":\"https:\/\/buressa.com\/en\/?s={search_term_string}\"},\"query-input\":\"required name=search_term_string\"}],\"inLanguage\":\"es\"},{\"@type\":\"Organization\",\"@id\":\"https:\/\/buressa.com\/en\/#organization\",\"name\":\"BUR\u00c9S, S.A.U.\",\"url\":\"https:\/\/buressa.com\/en\/\",\"logo\":{\"@type\":\"ImageObject\",\"inLanguage\":\"es\",\"@id\":\"https:\/\/buressa.com\/en\/#\/schema\/logo\/image\/\",\"url\":\"https:\/\/buressa.com\/wp-content\/uploads\/2015\/06\/bures-sense-marge-marro_ok.png\",\"contentUrl\":\"https:\/\/buressa.com\/wp-content\/uploads\/2015\/06\/bures-sense-marge-marro_ok.png\",\"width\":141,\"height\":102,\"caption\":\"BUR\u00c9S, S.A.U.\"},\"image\":{\"@id\":\"https:\/\/buressa.com\/en\/#\/schema\/logo\/image\/\"}}]}<\/script>\n<!-- \/ Yoast SEO plugin. -->","yoast_head_json":{"title":"Sustrato para hort\u00edcolas ecol\u00f3gico. Ideal Huerto Urbano","description":"El sustrato para hort\u00edcolas, es un producto especial para plantas de huerta y huertos urbanos. Dispone de Certificaci\u00f3n Ecol\u00f3gica.","robots":{"index":"index","follow":"follow","max-snippet":"max-snippet:-1","max-image-preview":"max-image-preview:large","max-video-preview":"max-video-preview:-1"},"canonical":"https:\/\/buressa.com\/es\/producto\/sustrato-para-horticolas\/","og_locale":"es_ES","og_type":"article","og_title":"Sustrato para hort\u00edcolas ecol\u00f3gico. Ideal Huerto Urbano","og_description":"El sustrato para hort\u00edcolas, es un producto especial para plantas de huerta y huertos urbanos. Dispone de Certificaci\u00f3n Ecol\u00f3gica.","og_url":"https:\/\/buressa.com\/es\/producto\/sustrato-para-horticolas\/","og_site_name":"Bur\u00e9s S.A.U.","article_modified_time":"2023-02-10T12:31:48+00:00","og_image":[{"width":700,"height":450,"url":"https:\/\/buressa.com\/wp-content\/uploads\/2015\/07\/Sac-Hort\u00edcolas-50L.png","type":"image\/png"}],"twitter_card":"summary_large_image","twitter_misc":{"Tiempo de lectura":"1 minuto"},"schema":{"@context":"https:\/\/schema.org","@graph":[{"@type":"WebPage","@id":"https:\/\/buressa.com\/es\/producto\/sustrato-para-horticolas\/","url":"https:\/\/buressa.com\/es\/producto\/sustrato-para-horticolas\/","name":"Sustrato para hort\u00edcolas ecol\u00f3gico. Ideal Huerto Urbano","isPartOf":{"@id":"https:\/\/buressa.com\/en\/#website"},"datePublished":"2015-07-10T13:10:50+00:00","dateModified":"2023-02-10T12:31:48+00:00","description":"El sustrato para hort\u00edcolas, es un producto especial para plantas de huerta y huertos urbanos. Dispone de Certificaci\u00f3n Ecol\u00f3gica.","breadcrumb":{"@id":"https:\/\/buressa.com\/es\/producto\/sustrato-para-horticolas\/#breadcrumb"},"inLanguage":"es","potentialAction":[{"@type":"ReadAction","target":["https:\/\/buressa.com\/es\/producto\/sustrato-para-horticolas\/"]}]},{"@type":"BreadcrumbList","@id":"https:\/\/buressa.com\/es\/producto\/sustrato-para-horticolas\/#breadcrumb","itemListElement":[{"@type":"ListItem","position":1,"name":"Portada","item":"https:\/\/buressa.com\/en\/"},{"@type":"ListItem","position":2,"name":"Productos","item":"https:\/\/buressa.com\/es\/shop\/"},{"@type":"ListItem","position":3,"name":"Sustrato para Hort\u00edcolas Ecol\u00f3gico"}]},{"@type":"WebSite","@id":"https:\/\/buressa.com\/en\/#website","url":"https:\/\/buressa.com\/en\/","name":"Bur\u00e9s S.A.U.","description":"Bur\u00e9s, la buena tierra. Fabricantes de tierras y sustratos para jardiner\u00eda.","publisher":{"@id":"https:\/\/buressa.com\/en\/#organization"},"potentialAction":[{"@type":"SearchAction","target":{"@type":"EntryPoint","urlTemplate":"https:\/\/buressa.com\/en\/?s={search_term_string}"},"query-input":"required name=search_term_string"}],"inLanguage":"es"},{"@type":"Organization","@id":"https:\/\/buressa.com\/en\/#organization","name":"BUR\u00c9S, S.A.U.","url":"https:\/\/buressa.com\/en\/","logo":{"@type":"ImageObject","inLanguage":"es","@id":"https:\/\/buressa.com\/en\/#\/schema\/logo\/image\/","url":"https:\/\/buressa.com\/wp-content\/uploads\/2015\/06\/bures-sense-marge-marro_ok.png","contentUrl":"https:\/\/buressa.com\/wp-content\/uploads\/2015\/06\/bures-sense-marge-marro_ok.png","width":141,"height":102,"caption":"BUR\u00c9S, S.A.U."},"image":{"@id":"https:\/\/buressa.com\/en\/#\/schema\/logo\/image\/"}}]}},"_links":{"self":[{"href":"https:\/\/buressa.com\/es\/wp-json\/wp\/v2\/product\/143"}],"collection":[{"href":"https:\/\/buressa.com\/es\/wp-json\/wp\/v2\/product"}],"about":[{"href":"https:\/\/buressa.com\/es\/wp-json\/wp\/v2\/types\/product"}],"replies":[{"embeddable":true,"href":"https:\/\/buressa.com\/es\/wp-json\/wp\/v2\/comments?post=143"}],"wp:featuredmedia":[{"embeddable":true,"href":"https:\/\/buressa.com\/es\/wp-json\/wp\/v2\/media\/1032"}],"wp:attachment":[{"href":"https:\/\/buressa.com\/es\/wp-json\/wp\/v2\/media?parent=143"}],"curies":[{"name":"wp","href":"https:\/\/api.w.org\/{rel}","templated":true}]}}