{"id":146,"date":"2015-07-10T13:15:36","date_gmt":"2015-07-10T11:15:36","guid":{"rendered":"http:\/\/buressa.com\/?post_type=product&#038;p=146"},"modified":"2021-06-07T15:41:24","modified_gmt":"2021-06-07T13:41:24","slug":"sustrato-para-orquideas","status":"publish","type":"product","link":"https:\/\/buressa.com\/es\/producto\/tierra-para-orquideas\/","title":{"rendered":"Sustrato para Orqu\u00eddeas"},"content":{"rendered":"<span style=\"font-size: 12px;\">El Sustrato para Orqu\u00eddeas de Bur\u00e9s es un producto espec\u00edfico para las orqu\u00eddeas y tambi\u00e9n para otras plantas epifitas. Esta preparado a base de cortezas de pino de granulometr\u00eda gruesa. <\/span>Es un sustrato de mezcla muy aireado que garantiza el desarrollo de las orqu\u00eddeas corrigiendo excesos de humedad del medio de cultivo.<\/p>\n<p>El Sustrato para Orqu\u00eddeas\u00a0ofrece sobre todo un buen soporte a la planta y permite el desarrollo de ra\u00edces verdes y gruesas.<\/p>\n<ul>\n<li><span style=\"font-size: 12px;\">Producto de f\u00e1cil rehidrataci\u00f3n que permite una buena absorci\u00f3n del agua\u00a0 entre riegos.<\/span><\/li>\n<li><span style=\"font-size: 12px;\">Sustrato con una elevada estabilidad: lenta degradaci\u00f3n del sustrato.<\/span><\/li>\n<li>Mezcla muy aireada.<\/li>\n<\/ul>\n<p>&nbsp;","protected":false},"excerpt":{"rendered":"<p>El Sustrato para Orqu\u00eddeas de Bur\u00e9s es un producto espec\u00edfico para las orqu\u00eddeas y tambi\u00e9n para otras plantas epifitas. Esta preparado a base de cortezas de pino de granulometr\u00eda gruesa. Es un sustrato de mezcla muy aireado que garantiza el desarrollo de las orqu\u00eddeas corrigiendo excesos de humedad del medio de cultivo. El Sustrato para&#8230;<\/p>\n","protected":false},"featured_media":1026,"comment_status":"open","ping_status":"closed","template":"","meta":[],"yoast_head":"<!-- This site is optimized with the Yoast SEO plugin v19.10 - https:\/\/yoast.com\/wordpress\/plugins\/seo\/ -->\n<title>Sustrato para orqu\u00eddeas, medio aireado y de elevada estabilidad.<\/title>\n<meta name=\"description\" content=\"\u00bfTus orqu\u00eddeas no crecen? Utiliza Sustrato para Orqu\u00eddeas de Bur\u00e9s preparado a base de cortezas de pino, muy buen drenaje para evitar la humedad excesiva.\" \/>\n<meta name=\"robots\" content=\"index, follow, max-snippet:-1, max-image-preview:large, max-video-preview:-1\" \/>\n<link rel=\"canonical\" href=\"https:\/\/buressa.com\/en\/product\/es-tierra-para-orquideas\/\" \/>\n<meta property=\"og:locale\" content=\"es_ES\" \/>\n<meta property=\"og:type\" content=\"article\" \/>\n<meta property=\"og:title\" content=\"Sustrato para orqu\u00eddeas, medio aireado y de elevada estabilidad.\" \/>\n<meta property=\"og:description\" content=\"\u00bfTus orqu\u00eddeas no crecen? Utiliza Sustrato para Orqu\u00eddeas de Bur\u00e9s preparado a base de cortezas de pino, muy buen drenaje para evitar la humedad excesiva.\" \/>\n<meta property=\"og:url\" content=\"https:\/\/buressa.com\/en\/product\/es-tierra-para-orquideas\/\" \/>\n<meta property=\"og:site_name\" content=\"Bur\u00e9s S.A.U.\" \/>\n<meta property=\"article:modified_time\" content=\"2021-06-07T13:41:24+00:00\" \/>\n<meta property=\"og:image\" content=\"https:\/\/buressa.com\/wp-content\/uploads\/2015\/07\/sac-orquidieas-5L.png\" \/>\n\t<meta property=\"og:image:width\" content=\"700\" \/>\n\t<meta property=\"og:image:height\" content=\"450\" \/>\n\t<meta property=\"og:image:type\" content=\"image\/png\" \/>\n<meta name=\"twitter:card\" content=\"summary_large_image\" \/>\n<meta name=\"twitter:label1\" content=\"Tiempo de lectura\" \/>\n\t<meta name=\"twitter:data1\" content=\"2 minutos\" \/>\n<script type=\"application\/ld+json\" class=\"yoast-schema-graph\">{\"@context\":\"https:\/\/schema.org\",\"@graph\":[{\"@type\":\"WebPage\",\"@id\":\"https:\/\/buressa.com\/en\/product\/es-tierra-para-orquideas\/\",\"url\":\"https:\/\/buressa.com\/en\/product\/es-tierra-para-orquideas\/\",\"name\":\"Sustrato para orqu\u00eddeas, medio aireado y de elevada estabilidad.\",\"isPartOf\":{\"@id\":\"https:\/\/buressa.com\/en\/#website\"},\"datePublished\":\"2015-07-10T11:15:36+00:00\",\"dateModified\":\"2021-06-07T13:41:24+00:00\",\"description\":\"\u00bfTus orqu\u00eddeas no crecen? Utiliza Sustrato para Orqu\u00eddeas de Bur\u00e9s preparado a base de cortezas de pino, muy buen drenaje para evitar la humedad excesiva.\",\"breadcrumb\":{\"@id\":\"https:\/\/buressa.com\/en\/product\/es-tierra-para-orquideas\/#breadcrumb\"},\"inLanguage\":\"es\",\"potentialAction\":[{\"@type\":\"ReadAction\",\"target\":[\"https:\/\/buressa.com\/en\/product\/es-tierra-para-orquideas\/\"]}]},{\"@type\":\"BreadcrumbList\",\"@id\":\"https:\/\/buressa.com\/en\/product\/es-tierra-para-orquideas\/#breadcrumb\",\"itemListElement\":[{\"@type\":\"ListItem\",\"position\":1,\"name\":\"Portada\",\"item\":\"https:\/\/buressa.com\/en\/\"},{\"@type\":\"ListItem\",\"position\":2,\"name\":\"Productos\",\"item\":\"https:\/\/buressa.com\/es\/shop\/\"},{\"@type\":\"ListItem\",\"position\":3,\"name\":\"Orchids Potting Soil\"}]},{\"@type\":\"WebSite\",\"@id\":\"https:\/\/buressa.com\/en\/#website\",\"url\":\"https:\/\/buressa.com\/en\/\",\"name\":\"Bur\u00e9s S.A.U.\",\"description\":\"Bur\u00e9s, la buena tierra. Fabricantes de tierras y sustratos para jardiner\u00eda.\",\"publisher\":{\"@id\":\"https:\/\/buressa.com\/en\/#organization\"},\"potentialAction\":[{\"@type\":\"SearchAction\",\"target\":{\"@type\":\"EntryPoint\",\"urlTemplate\":\"https:\/\/buressa.com\/en\/?s={search_term_string}\"},\"query-input\":\"required name=search_term_string\"}],\"inLanguage\":\"es\"},{\"@type\":\"Organization\",\"@id\":\"https:\/\/buressa.com\/en\/#organization\",\"name\":\"BUR\u00c9S, S.A.U.\",\"url\":\"https:\/\/buressa.com\/en\/\",\"logo\":{\"@type\":\"ImageObject\",\"inLanguage\":\"es\",\"@id\":\"https:\/\/buressa.com\/en\/#\/schema\/logo\/image\/\",\"url\":\"https:\/\/buressa.com\/wp-content\/uploads\/2015\/06\/bures-sense-marge-marro_ok.png\",\"contentUrl\":\"https:\/\/buressa.com\/wp-content\/uploads\/2015\/06\/bures-sense-marge-marro_ok.png\",\"width\":141,\"height\":102,\"caption\":\"BUR\u00c9S, S.A.U.\"},\"image\":{\"@id\":\"https:\/\/buressa.com\/en\/#\/schema\/logo\/image\/\"}}]}<\/script>\n<!-- \/ Yoast SEO plugin. -->","yoast_head_json":{"title":"Sustrato para orqu\u00eddeas, medio aireado y de elevada estabilidad.","description":"\u00bfTus orqu\u00eddeas no crecen? Utiliza Sustrato para Orqu\u00eddeas de Bur\u00e9s preparado a base de cortezas de pino, muy buen drenaje para evitar la humedad excesiva.","robots":{"index":"index","follow":"follow","max-snippet":"max-snippet:-1","max-image-preview":"max-image-preview:large","max-video-preview":"max-video-preview:-1"},"canonical":"https:\/\/buressa.com\/en\/product\/es-tierra-para-orquideas\/","og_locale":"es_ES","og_type":"article","og_title":"Sustrato para orqu\u00eddeas, medio aireado y de elevada estabilidad.","og_description":"\u00bfTus orqu\u00eddeas no crecen? Utiliza Sustrato para Orqu\u00eddeas de Bur\u00e9s preparado a base de cortezas de pino, muy buen drenaje para evitar la humedad excesiva.","og_url":"https:\/\/buressa.com\/en\/product\/es-tierra-para-orquideas\/","og_site_name":"Bur\u00e9s S.A.U.","article_modified_time":"2021-06-07T13:41:24+00:00","og_image":[{"width":700,"height":450,"url":"https:\/\/buressa.com\/wp-content\/uploads\/2015\/07\/sac-orquidieas-5L.png","type":"image\/png"}],"twitter_card":"summary_large_image","twitter_misc":{"Tiempo de lectura":"2 minutos"},"schema":{"@context":"https:\/\/schema.org","@graph":[{"@type":"WebPage","@id":"https:\/\/buressa.com\/en\/product\/es-tierra-para-orquideas\/","url":"https:\/\/buressa.com\/en\/product\/es-tierra-para-orquideas\/","name":"Sustrato para orqu\u00eddeas, medio aireado y de elevada estabilidad.","isPartOf":{"@id":"https:\/\/buressa.com\/en\/#website"},"datePublished":"2015-07-10T11:15:36+00:00","dateModified":"2021-06-07T13:41:24+00:00","description":"\u00bfTus orqu\u00eddeas no crecen? Utiliza Sustrato para Orqu\u00eddeas de Bur\u00e9s preparado a base de cortezas de pino, muy buen drenaje para evitar la humedad excesiva.","breadcrumb":{"@id":"https:\/\/buressa.com\/en\/product\/es-tierra-para-orquideas\/#breadcrumb"},"inLanguage":"es","potentialAction":[{"@type":"ReadAction","target":["https:\/\/buressa.com\/en\/product\/es-tierra-para-orquideas\/"]}]},{"@type":"BreadcrumbList","@id":"https:\/\/buressa.com\/en\/product\/es-tierra-para-orquideas\/#breadcrumb","itemListElement":[{"@type":"ListItem","position":1,"name":"Portada","item":"https:\/\/buressa.com\/en\/"},{"@type":"ListItem","position":2,"name":"Productos","item":"https:\/\/buressa.com\/es\/shop\/"},{"@type":"ListItem","position":3,"name":"Orchids Potting Soil"}]},{"@type":"WebSite","@id":"https:\/\/buressa.com\/en\/#website","url":"https:\/\/buressa.com\/en\/","name":"Bur\u00e9s S.A.U.","description":"Bur\u00e9s, la buena tierra. Fabricantes de tierras y sustratos para jardiner\u00eda.","publisher":{"@id":"https:\/\/buressa.com\/en\/#organization"},"potentialAction":[{"@type":"SearchAction","target":{"@type":"EntryPoint","urlTemplate":"https:\/\/buressa.com\/en\/?s={search_term_string}"},"query-input":"required name=search_term_string"}],"inLanguage":"es"},{"@type":"Organization","@id":"https:\/\/buressa.com\/en\/#organization","name":"BUR\u00c9S, S.A.U.","url":"https:\/\/buressa.com\/en\/","logo":{"@type":"ImageObject","inLanguage":"es","@id":"https:\/\/buressa.com\/en\/#\/schema\/logo\/image\/","url":"https:\/\/buressa.com\/wp-content\/uploads\/2015\/06\/bures-sense-marge-marro_ok.png","contentUrl":"https:\/\/buressa.com\/wp-content\/uploads\/2015\/06\/bures-sense-marge-marro_ok.png","width":141,"height":102,"caption":"BUR\u00c9S, S.A.U."},"image":{"@id":"https:\/\/buressa.com\/en\/#\/schema\/logo\/image\/"}}]}},"_links":{"self":[{"href":"https:\/\/buressa.com\/es\/wp-json\/wp\/v2\/product\/146"}],"collection":[{"href":"https:\/\/buressa.com\/es\/wp-json\/wp\/v2\/product"}],"about":[{"href":"https:\/\/buressa.com\/es\/wp-json\/wp\/v2\/types\/product"}],"replies":[{"embeddable":true,"href":"https:\/\/buressa.com\/es\/wp-json\/wp\/v2\/comments?post=146"}],"wp:featuredmedia":[{"embeddable":true,"href":"https:\/\/buressa.com\/es\/wp-json\/wp\/v2\/media\/1026"}],"wp:attachment":[{"href":"https:\/\/buressa.com\/es\/wp-json\/wp\/v2\/media?parent=146"}],"curies":[{"name":"wp","href":"https:\/\/api.w.org\/{rel}","templated":true}]}}