{"id":154,"date":"2015-07-10T13:33:09","date_gmt":"2015-07-10T11:33:09","guid":{"rendered":"http:\/\/buressa.com\/?post_type=product&#038;p=154"},"modified":"2021-06-07T14:38:21","modified_gmt":"2021-06-07T12:38:21","slug":"tierra-cactus","status":"publish","type":"product","link":"https:\/\/buressa.com\/es\/producto\/sustrato-para-cactus\/","title":{"rendered":"Sustrato para Cactus"},"content":{"rendered":"<span style=\"font-size: 12px;\">El Sustrato para Cactus es un producto espec\u00edfico para el cultivo de cact\u00e1ceas y todo tipo de plantas crasas. Es un sustrato de mezcla preparado a base de arenas y puzolanas volc\u00e1nicas, tambi\u00e9n esta enriquecido en materia org\u00e1nica y fertilizante.\u00a0<\/span><\/p>\n<p><span style=\"font-size: 12px;\">El Sustrato para Cactus es un medio de cultivo muy poroso ideal para el desarrollo de los cactus corrigiendo los excesos de humedad.<\/span><\/p>\n<ul>\n<li><span style=\"font-size: 12px;\">Sustrato de f\u00e1cil rehidrataci\u00f3n, retiene la cantidad de agua justa despu\u00e9s del riego.<\/span><\/li>\n<li><span style=\"font-size: 12px;\">Medio muy aireado que minimiza las enfermedades de cuello y ra\u00edz.<\/span><\/li>\n<li><span style=\"font-size: 12px;\">Elevada porosidad.<\/span><\/li>\n<\/ul>\n<p>&nbsp;","protected":false},"excerpt":{"rendered":"<p>El Sustrato para Cactus es un producto espec\u00edfico para el cultivo de cact\u00e1ceas y todo tipo de plantas crasas. Es un sustrato de mezcla preparado a base de arenas y puzolanas volc\u00e1nicas, tambi\u00e9n esta enriquecido en materia org\u00e1nica y fertilizante.\u00a0 El Sustrato para Cactus es un medio de cultivo muy poroso ideal para el desarrollo&#8230;<\/p>\n","protected":false},"featured_media":453,"comment_status":"open","ping_status":"closed","template":"","meta":[],"yoast_head":"<!-- This site is optimized with the Yoast SEO plugin v19.10 - https:\/\/yoast.com\/wordpress\/plugins\/seo\/ -->\n<title>Sustrato para Cactus, ideal para cact\u00e1ceas y planta crasa.<\/title>\n<meta name=\"description\" content=\"\u00bfQuieres que tus cactus crezcan sanos? El Sustrato para cactus de Bur\u00e9s garantiza una buena aireaci\u00f3n del medio y retiene el agua justa.\" \/>\n<meta name=\"robots\" content=\"index, follow, max-snippet:-1, max-image-preview:large, max-video-preview:-1\" \/>\n<link rel=\"canonical\" href=\"https:\/\/buressa.com\/ca\/producte\/substrat-per-cactus\/\" \/>\n<meta property=\"og:locale\" content=\"es_ES\" \/>\n<meta property=\"og:type\" content=\"article\" \/>\n<meta property=\"og:title\" content=\"Sustrato para Cactus, ideal para cact\u00e1ceas y planta crasa.\" \/>\n<meta property=\"og:description\" content=\"\u00bfQuieres que tus cactus crezcan sanos? El Sustrato para cactus de Bur\u00e9s garantiza una buena aireaci\u00f3n del medio y retiene el agua justa.\" \/>\n<meta property=\"og:url\" content=\"https:\/\/buressa.com\/ca\/producte\/substrat-per-cactus\/\" \/>\n<meta property=\"og:site_name\" content=\"Bur\u00e9s S.A.U.\" \/>\n<meta property=\"article:modified_time\" content=\"2021-06-07T12:38:21+00:00\" \/>\n<meta property=\"og:image\" content=\"https:\/\/buressa.com\/wp-content\/uploads\/2015\/07\/sac_3D_cactus-10L.png\" \/>\n\t<meta property=\"og:image:width\" content=\"700\" \/>\n\t<meta property=\"og:image:height\" content=\"450\" \/>\n\t<meta property=\"og:image:type\" content=\"image\/png\" \/>\n<meta name=\"twitter:card\" content=\"summary_large_image\" \/>\n<meta name=\"twitter:label1\" content=\"Tiempo de lectura\" \/>\n\t<meta name=\"twitter:data1\" content=\"2 minutos\" \/>\n<script type=\"application\/ld+json\" class=\"yoast-schema-graph\">{\"@context\":\"https:\/\/schema.org\",\"@graph\":[{\"@type\":\"WebPage\",\"@id\":\"https:\/\/buressa.com\/ca\/producte\/substrat-per-cactus\/\",\"url\":\"https:\/\/buressa.com\/ca\/producte\/substrat-per-cactus\/\",\"name\":\"Sustrato para Cactus, ideal para cact\u00e1ceas y planta crasa.\",\"isPartOf\":{\"@id\":\"https:\/\/buressa.com\/en\/#website\"},\"datePublished\":\"2015-07-10T11:33:09+00:00\",\"dateModified\":\"2021-06-07T12:38:21+00:00\",\"description\":\"\u00bfQuieres que tus cactus crezcan sanos? El Sustrato para cactus de Bur\u00e9s garantiza una buena aireaci\u00f3n del medio y retiene el agua justa.\",\"breadcrumb\":{\"@id\":\"https:\/\/buressa.com\/ca\/producte\/substrat-per-cactus\/#breadcrumb\"},\"inLanguage\":\"es\",\"potentialAction\":[{\"@type\":\"ReadAction\",\"target\":[\"https:\/\/buressa.com\/ca\/producte\/substrat-per-cactus\/\"]}]},{\"@type\":\"BreadcrumbList\",\"@id\":\"https:\/\/buressa.com\/ca\/producte\/substrat-per-cactus\/#breadcrumb\",\"itemListElement\":[{\"@type\":\"ListItem\",\"position\":1,\"name\":\"Portada\",\"item\":\"https:\/\/buressa.com\/en\/\"},{\"@type\":\"ListItem\",\"position\":2,\"name\":\"Productos\",\"item\":\"https:\/\/buressa.com\/es\/shop\/\"},{\"@type\":\"ListItem\",\"position\":3,\"name\":\"Substrat per a Cactus\"}]},{\"@type\":\"WebSite\",\"@id\":\"https:\/\/buressa.com\/en\/#website\",\"url\":\"https:\/\/buressa.com\/en\/\",\"name\":\"Bur\u00e9s S.A.U.\",\"description\":\"Bur\u00e9s, la buena tierra. Fabricantes de tierras y sustratos para jardiner\u00eda.\",\"publisher\":{\"@id\":\"https:\/\/buressa.com\/en\/#organization\"},\"potentialAction\":[{\"@type\":\"SearchAction\",\"target\":{\"@type\":\"EntryPoint\",\"urlTemplate\":\"https:\/\/buressa.com\/en\/?s={search_term_string}\"},\"query-input\":\"required name=search_term_string\"}],\"inLanguage\":\"es\"},{\"@type\":\"Organization\",\"@id\":\"https:\/\/buressa.com\/en\/#organization\",\"name\":\"BUR\u00c9S, S.A.U.\",\"url\":\"https:\/\/buressa.com\/en\/\",\"logo\":{\"@type\":\"ImageObject\",\"inLanguage\":\"es\",\"@id\":\"https:\/\/buressa.com\/en\/#\/schema\/logo\/image\/\",\"url\":\"https:\/\/buressa.com\/wp-content\/uploads\/2015\/06\/bures-sense-marge-marro_ok.png\",\"contentUrl\":\"https:\/\/buressa.com\/wp-content\/uploads\/2015\/06\/bures-sense-marge-marro_ok.png\",\"width\":141,\"height\":102,\"caption\":\"BUR\u00c9S, S.A.U.\"},\"image\":{\"@id\":\"https:\/\/buressa.com\/en\/#\/schema\/logo\/image\/\"}}]}<\/script>\n<!-- \/ Yoast SEO plugin. -->","yoast_head_json":{"title":"Sustrato para Cactus, ideal para cact\u00e1ceas y planta crasa.","description":"\u00bfQuieres que tus cactus crezcan sanos? El Sustrato para cactus de Bur\u00e9s garantiza una buena aireaci\u00f3n del medio y retiene el agua justa.","robots":{"index":"index","follow":"follow","max-snippet":"max-snippet:-1","max-image-preview":"max-image-preview:large","max-video-preview":"max-video-preview:-1"},"canonical":"https:\/\/buressa.com\/ca\/producte\/substrat-per-cactus\/","og_locale":"es_ES","og_type":"article","og_title":"Sustrato para Cactus, ideal para cact\u00e1ceas y planta crasa.","og_description":"\u00bfQuieres que tus cactus crezcan sanos? El Sustrato para cactus de Bur\u00e9s garantiza una buena aireaci\u00f3n del medio y retiene el agua justa.","og_url":"https:\/\/buressa.com\/ca\/producte\/substrat-per-cactus\/","og_site_name":"Bur\u00e9s S.A.U.","article_modified_time":"2021-06-07T12:38:21+00:00","og_image":[{"width":700,"height":450,"url":"https:\/\/buressa.com\/wp-content\/uploads\/2015\/07\/sac_3D_cactus-10L.png","type":"image\/png"}],"twitter_card":"summary_large_image","twitter_misc":{"Tiempo de lectura":"2 minutos"},"schema":{"@context":"https:\/\/schema.org","@graph":[{"@type":"WebPage","@id":"https:\/\/buressa.com\/ca\/producte\/substrat-per-cactus\/","url":"https:\/\/buressa.com\/ca\/producte\/substrat-per-cactus\/","name":"Sustrato para Cactus, ideal para cact\u00e1ceas y planta crasa.","isPartOf":{"@id":"https:\/\/buressa.com\/en\/#website"},"datePublished":"2015-07-10T11:33:09+00:00","dateModified":"2021-06-07T12:38:21+00:00","description":"\u00bfQuieres que tus cactus crezcan sanos? El Sustrato para cactus de Bur\u00e9s garantiza una buena aireaci\u00f3n del medio y retiene el agua justa.","breadcrumb":{"@id":"https:\/\/buressa.com\/ca\/producte\/substrat-per-cactus\/#breadcrumb"},"inLanguage":"es","potentialAction":[{"@type":"ReadAction","target":["https:\/\/buressa.com\/ca\/producte\/substrat-per-cactus\/"]}]},{"@type":"BreadcrumbList","@id":"https:\/\/buressa.com\/ca\/producte\/substrat-per-cactus\/#breadcrumb","itemListElement":[{"@type":"ListItem","position":1,"name":"Portada","item":"https:\/\/buressa.com\/en\/"},{"@type":"ListItem","position":2,"name":"Productos","item":"https:\/\/buressa.com\/es\/shop\/"},{"@type":"ListItem","position":3,"name":"Substrat per a Cactus"}]},{"@type":"WebSite","@id":"https:\/\/buressa.com\/en\/#website","url":"https:\/\/buressa.com\/en\/","name":"Bur\u00e9s S.A.U.","description":"Bur\u00e9s, la buena tierra. Fabricantes de tierras y sustratos para jardiner\u00eda.","publisher":{"@id":"https:\/\/buressa.com\/en\/#organization"},"potentialAction":[{"@type":"SearchAction","target":{"@type":"EntryPoint","urlTemplate":"https:\/\/buressa.com\/en\/?s={search_term_string}"},"query-input":"required name=search_term_string"}],"inLanguage":"es"},{"@type":"Organization","@id":"https:\/\/buressa.com\/en\/#organization","name":"BUR\u00c9S, S.A.U.","url":"https:\/\/buressa.com\/en\/","logo":{"@type":"ImageObject","inLanguage":"es","@id":"https:\/\/buressa.com\/en\/#\/schema\/logo\/image\/","url":"https:\/\/buressa.com\/wp-content\/uploads\/2015\/06\/bures-sense-marge-marro_ok.png","contentUrl":"https:\/\/buressa.com\/wp-content\/uploads\/2015\/06\/bures-sense-marge-marro_ok.png","width":141,"height":102,"caption":"BUR\u00c9S, S.A.U."},"image":{"@id":"https:\/\/buressa.com\/en\/#\/schema\/logo\/image\/"}}]}},"_links":{"self":[{"href":"https:\/\/buressa.com\/es\/wp-json\/wp\/v2\/product\/154"}],"collection":[{"href":"https:\/\/buressa.com\/es\/wp-json\/wp\/v2\/product"}],"about":[{"href":"https:\/\/buressa.com\/es\/wp-json\/wp\/v2\/types\/product"}],"replies":[{"embeddable":true,"href":"https:\/\/buressa.com\/es\/wp-json\/wp\/v2\/comments?post=154"}],"wp:featuredmedia":[{"embeddable":true,"href":"https:\/\/buressa.com\/es\/wp-json\/wp\/v2\/media\/453"}],"wp:attachment":[{"href":"https:\/\/buressa.com\/es\/wp-json\/wp\/v2\/media?parent=154"}],"curies":[{"name":"wp","href":"https:\/\/api.w.org\/{rel}","templated":true}]}}