{"id":155787,"date":"2023-07-28T10:09:32","date_gmt":"2023-07-28T08:09:32","guid":{"rendered":"https:\/\/buressa.com\/es\/?post_type=product&#038;p=155787"},"modified":"2023-07-28T11:03:16","modified_gmt":"2023-07-28T09:03:16","slug":"tierra-barcelona","status":"publish","type":"product","link":"https:\/\/buressa.com\/es\/producto\/tierra-barcelona-2\/","title":{"rendered":"Tierra Barcelona"},"content":{"rendered":"<p style=\"text-align: justify;\">La\u00a0<strong>TIERRA BARCELONA<\/strong>\u00a0es una tierra vegetal con caracter\u00edsticas adecuadas para el crecimiento y desarrollo de la mayor\u00eda de plantas de zonas verdes en entornos urbanos. Su textura es franco-arenosa, que asegura un buen drenaje y una elevada capacidad de retenci\u00f3n de agua. Esta tierra cumple con las normas t\u00e9cnicas de jardiner\u00eda NTJ 07A y NTJ 08G.<\/p>\n<p style=\"text-align: justify;\">Contiene una composici\u00f3n equilibrada de materiales org\u00e1nicos y minerales que proporcionan un alto rendimiento en el establecimiento de \u00e1rboles, arbustos y plantas de jard\u00edn. En definitiva, la\u00a0<strong>TIERRA BARCELONA<\/strong>\u00a0es el producto homog\u00e9neo apto para jardiner\u00eda urbana.<\/p>","protected":false},"excerpt":{"rendered":"<p>La\u00a0TIERRA BARCELONA\u00a0es una tierra vegetal con caracter\u00edsticas adecuadas para el crecimiento y desarrollo de la mayor\u00eda de plantas de zonas verdes en entornos urbanos. Su textura es franco-arenosa, que asegura un buen drenaje y una elevada capacidad de retenci\u00f3n de agua. Esta tierra cumple con las normas t\u00e9cnicas de jardiner\u00eda NTJ 07A y NTJ 08G&#8230;.<\/p>\n","protected":false},"featured_media":155830,"comment_status":"open","ping_status":"closed","template":"","meta":[],"yoast_head":"<!-- This site is optimized with the Yoast SEO plugin v19.10 - https:\/\/yoast.com\/wordpress\/plugins\/seo\/ -->\n<title>Tierra Barcelona, para plantas en entornos urbanos<\/title>\n<meta name=\"description\" content=\"Tierra vegetal que se caracteriza por su estructura esponjosa, rica en materia org\u00e1nica vegetal y de textura franco-arenosa.\" \/>\n<meta name=\"robots\" content=\"index, follow, max-snippet:-1, max-image-preview:large, max-video-preview:-1\" \/>\n<link rel=\"canonical\" href=\"https:\/\/buressa.com\/es\/producto\/tierra-barcelona-2\/\" \/>\n<meta property=\"og:locale\" content=\"es_ES\" \/>\n<meta property=\"og:type\" content=\"article\" \/>\n<meta property=\"og:title\" content=\"Tierra Barcelona, para plantas en entornos urbanos\" \/>\n<meta property=\"og:description\" content=\"Tierra vegetal que se caracteriza por su estructura esponjosa, rica en materia org\u00e1nica vegetal y de textura franco-arenosa.\" \/>\n<meta property=\"og:url\" content=\"https:\/\/buressa.com\/es\/producto\/tierra-barcelona-2\/\" \/>\n<meta property=\"og:site_name\" content=\"Bur\u00e9s S.A.U.\" \/>\n<meta property=\"article:modified_time\" content=\"2023-07-28T09:03:16+00:00\" \/>\n<meta property=\"og:image\" content=\"https:\/\/buressa.com\/wp-content\/uploads\/2023\/07\/AdobeStock_357981829.jpg\" \/>\n\t<meta property=\"og:image:width\" content=\"780\" \/>\n\t<meta property=\"og:image:height\" content=\"520\" \/>\n\t<meta property=\"og:image:type\" content=\"image\/jpeg\" \/>\n<meta name=\"twitter:card\" content=\"summary_large_image\" \/>\n<meta name=\"twitter:label1\" content=\"Tiempo de lectura\" \/>\n\t<meta name=\"twitter:data1\" content=\"1 minuto\" \/>\n<script type=\"application\/ld+json\" class=\"yoast-schema-graph\">{\"@context\":\"https:\/\/schema.org\",\"@graph\":[{\"@type\":\"WebPage\",\"@id\":\"https:\/\/buressa.com\/es\/producto\/tierra-barcelona-2\/\",\"url\":\"https:\/\/buressa.com\/es\/producto\/tierra-barcelona-2\/\",\"name\":\"Tierra Barcelona, para plantas en entornos urbanos\",\"isPartOf\":{\"@id\":\"https:\/\/buressa.com\/en\/#website\"},\"datePublished\":\"2023-07-28T08:09:32+00:00\",\"dateModified\":\"2023-07-28T09:03:16+00:00\",\"description\":\"Tierra vegetal que se caracteriza por su estructura esponjosa, rica en materia org\u00e1nica vegetal y de textura franco-arenosa.\",\"breadcrumb\":{\"@id\":\"https:\/\/buressa.com\/es\/producto\/tierra-barcelona-2\/#breadcrumb\"},\"inLanguage\":\"es\",\"potentialAction\":[{\"@type\":\"ReadAction\",\"target\":[\"https:\/\/buressa.com\/es\/producto\/tierra-barcelona-2\/\"]}]},{\"@type\":\"BreadcrumbList\",\"@id\":\"https:\/\/buressa.com\/es\/producto\/tierra-barcelona-2\/#breadcrumb\",\"itemListElement\":[{\"@type\":\"ListItem\",\"position\":1,\"name\":\"Portada\",\"item\":\"https:\/\/buressa.com\/en\/\"},{\"@type\":\"ListItem\",\"position\":2,\"name\":\"Productos\",\"item\":\"https:\/\/buressa.com\/es\/shop\/\"},{\"@type\":\"ListItem\",\"position\":3,\"name\":\"Tierra Barcelona\"}]},{\"@type\":\"WebSite\",\"@id\":\"https:\/\/buressa.com\/en\/#website\",\"url\":\"https:\/\/buressa.com\/en\/\",\"name\":\"Bur\u00e9s S.A.U.\",\"description\":\"Bur\u00e9s, la buena tierra. Fabricantes de tierras y sustratos para jardiner\u00eda.\",\"publisher\":{\"@id\":\"https:\/\/buressa.com\/en\/#organization\"},\"potentialAction\":[{\"@type\":\"SearchAction\",\"target\":{\"@type\":\"EntryPoint\",\"urlTemplate\":\"https:\/\/buressa.com\/en\/?s={search_term_string}\"},\"query-input\":\"required name=search_term_string\"}],\"inLanguage\":\"es\"},{\"@type\":\"Organization\",\"@id\":\"https:\/\/buressa.com\/en\/#organization\",\"name\":\"BUR\u00c9S, S.A.U.\",\"url\":\"https:\/\/buressa.com\/en\/\",\"logo\":{\"@type\":\"ImageObject\",\"inLanguage\":\"es\",\"@id\":\"https:\/\/buressa.com\/en\/#\/schema\/logo\/image\/\",\"url\":\"https:\/\/buressa.com\/wp-content\/uploads\/2015\/06\/bures-sense-marge-marro_ok.png\",\"contentUrl\":\"https:\/\/buressa.com\/wp-content\/uploads\/2015\/06\/bures-sense-marge-marro_ok.png\",\"width\":141,\"height\":102,\"caption\":\"BUR\u00c9S, S.A.U.\"},\"image\":{\"@id\":\"https:\/\/buressa.com\/en\/#\/schema\/logo\/image\/\"}}]}<\/script>\n<!-- \/ Yoast SEO plugin. -->","yoast_head_json":{"title":"Tierra Barcelona, para plantas en entornos urbanos","description":"Tierra vegetal que se caracteriza por su estructura esponjosa, rica en materia org\u00e1nica vegetal y de textura franco-arenosa.","robots":{"index":"index","follow":"follow","max-snippet":"max-snippet:-1","max-image-preview":"max-image-preview:large","max-video-preview":"max-video-preview:-1"},"canonical":"https:\/\/buressa.com\/es\/producto\/tierra-barcelona-2\/","og_locale":"es_ES","og_type":"article","og_title":"Tierra Barcelona, para plantas en entornos urbanos","og_description":"Tierra vegetal que se caracteriza por su estructura esponjosa, rica en materia org\u00e1nica vegetal y de textura franco-arenosa.","og_url":"https:\/\/buressa.com\/es\/producto\/tierra-barcelona-2\/","og_site_name":"Bur\u00e9s S.A.U.","article_modified_time":"2023-07-28T09:03:16+00:00","og_image":[{"width":780,"height":520,"url":"https:\/\/buressa.com\/wp-content\/uploads\/2023\/07\/AdobeStock_357981829.jpg","type":"image\/jpeg"}],"twitter_card":"summary_large_image","twitter_misc":{"Tiempo de lectura":"1 minuto"},"schema":{"@context":"https:\/\/schema.org","@graph":[{"@type":"WebPage","@id":"https:\/\/buressa.com\/es\/producto\/tierra-barcelona-2\/","url":"https:\/\/buressa.com\/es\/producto\/tierra-barcelona-2\/","name":"Tierra Barcelona, para plantas en entornos urbanos","isPartOf":{"@id":"https:\/\/buressa.com\/en\/#website"},"datePublished":"2023-07-28T08:09:32+00:00","dateModified":"2023-07-28T09:03:16+00:00","description":"Tierra vegetal que se caracteriza por su estructura esponjosa, rica en materia org\u00e1nica vegetal y de textura franco-arenosa.","breadcrumb":{"@id":"https:\/\/buressa.com\/es\/producto\/tierra-barcelona-2\/#breadcrumb"},"inLanguage":"es","potentialAction":[{"@type":"ReadAction","target":["https:\/\/buressa.com\/es\/producto\/tierra-barcelona-2\/"]}]},{"@type":"BreadcrumbList","@id":"https:\/\/buressa.com\/es\/producto\/tierra-barcelona-2\/#breadcrumb","itemListElement":[{"@type":"ListItem","position":1,"name":"Portada","item":"https:\/\/buressa.com\/en\/"},{"@type":"ListItem","position":2,"name":"Productos","item":"https:\/\/buressa.com\/es\/shop\/"},{"@type":"ListItem","position":3,"name":"Tierra Barcelona"}]},{"@type":"WebSite","@id":"https:\/\/buressa.com\/en\/#website","url":"https:\/\/buressa.com\/en\/","name":"Bur\u00e9s S.A.U.","description":"Bur\u00e9s, la buena tierra. Fabricantes de tierras y sustratos para jardiner\u00eda.","publisher":{"@id":"https:\/\/buressa.com\/en\/#organization"},"potentialAction":[{"@type":"SearchAction","target":{"@type":"EntryPoint","urlTemplate":"https:\/\/buressa.com\/en\/?s={search_term_string}"},"query-input":"required name=search_term_string"}],"inLanguage":"es"},{"@type":"Organization","@id":"https:\/\/buressa.com\/en\/#organization","name":"BUR\u00c9S, S.A.U.","url":"https:\/\/buressa.com\/en\/","logo":{"@type":"ImageObject","inLanguage":"es","@id":"https:\/\/buressa.com\/en\/#\/schema\/logo\/image\/","url":"https:\/\/buressa.com\/wp-content\/uploads\/2015\/06\/bures-sense-marge-marro_ok.png","contentUrl":"https:\/\/buressa.com\/wp-content\/uploads\/2015\/06\/bures-sense-marge-marro_ok.png","width":141,"height":102,"caption":"BUR\u00c9S, S.A.U."},"image":{"@id":"https:\/\/buressa.com\/en\/#\/schema\/logo\/image\/"}}]}},"_links":{"self":[{"href":"https:\/\/buressa.com\/es\/wp-json\/wp\/v2\/product\/155787"}],"collection":[{"href":"https:\/\/buressa.com\/es\/wp-json\/wp\/v2\/product"}],"about":[{"href":"https:\/\/buressa.com\/es\/wp-json\/wp\/v2\/types\/product"}],"replies":[{"embeddable":true,"href":"https:\/\/buressa.com\/es\/wp-json\/wp\/v2\/comments?post=155787"}],"wp:featuredmedia":[{"embeddable":true,"href":"https:\/\/buressa.com\/es\/wp-json\/wp\/v2\/media\/155830"}],"wp:attachment":[{"href":"https:\/\/buressa.com\/es\/wp-json\/wp\/v2\/media?parent=155787"}],"curies":[{"name":"wp","href":"https:\/\/api.w.org\/{rel}","templated":true}]}}