{"id":159,"date":"2015-07-10T13:42:17","date_gmt":"2015-07-10T13:42:17","guid":{"rendered":"http:\/\/buressa.com\/?post_type=product&#038;p=159"},"modified":"2021-06-21T15:42:28","modified_gmt":"2021-06-21T13:42:28","slug":"recebo-basico","status":"publish","type":"product","link":"https:\/\/buressa.com\/es\/producto\/recebo-basico\/","title":{"rendered":"Recebo B\u00e1sico"},"content":{"rendered":"El Recebo B\u00e1sico es un producto para la mejora del c\u00e9sped. Es un sustrato preparado a base de saul\u00f3 (arena), homog\u00e9neo, que garantiza la renovaci\u00f3n del c\u00e9sped.<\/p>\n<p>Su aporte en el c\u00e9sped favorece el sano desarrollo de las plantas de c\u00e9sped obteni\u00e9ndose un c\u00e9sped de cobertura m\u00e1s densa y un tapiz verde de aspecto renovado. Es un producto ideal para c\u00e9sped tipo grama.<\/p>\n<ul>\n<li>Recebo ideal para la mejora del c\u00e9sped grueso.<\/li>\n<li>Adecuado para utilizar en resiembras de c\u00e9sped, ofreciendo protecci\u00f3n a la semilla y facilitando las condiciones para su nascencia y tambi\u00e9n su arraigue.<\/li>\n<li>Tambi\u00e9n puede utilizarse para el relleno y correcci\u00f3n de desniveles y hoyos propios del terreno de c\u00e9sped.<\/li>\n<\/ul>\n<p>&nbsp;","protected":false},"excerpt":{"rendered":"<p>El Recebo B\u00e1sico es un producto para la mejora del c\u00e9sped. Es un sustrato preparado a base de saul\u00f3 (arena), homog\u00e9neo, que garantiza la renovaci\u00f3n del c\u00e9sped. Su aporte en el c\u00e9sped favorece el sano desarrollo de las plantas de c\u00e9sped obteni\u00e9ndose un c\u00e9sped de cobertura m\u00e1s densa y un tapiz verde de aspecto renovado&#8230;.<\/p>\n","protected":false},"featured_media":278,"comment_status":"open","ping_status":"closed","template":"","meta":[],"yoast_head":"<!-- This site is optimized with the Yoast SEO plugin v19.10 - https:\/\/yoast.com\/wordpress\/plugins\/seo\/ -->\n<title>Recebo B\u00e1sico, ideal para la mejora de c\u00e9sped grueso.<\/title>\n<meta name=\"description\" content=\"Sustrato a base de arena que garantiza la renovaci\u00f3n del c\u00e9sped obtenidose un tapiz verde de aspecto mejorado. Adecuado para resiembras.\" \/>\n<meta name=\"robots\" content=\"index, follow, max-snippet:-1, max-image-preview:large, max-video-preview:-1\" \/>\n<link rel=\"canonical\" href=\"https:\/\/buressa.com\/en\/product\/es-recebo-basico\/\" \/>\n<meta property=\"og:locale\" content=\"es_ES\" \/>\n<meta property=\"og:type\" content=\"article\" \/>\n<meta property=\"og:title\" content=\"Recebo B\u00e1sico, ideal para la mejora de c\u00e9sped grueso.\" \/>\n<meta property=\"og:description\" content=\"Sustrato a base de arena que garantiza la renovaci\u00f3n del c\u00e9sped obtenidose un tapiz verde de aspecto mejorado. Adecuado para resiembras.\" \/>\n<meta property=\"og:url\" content=\"https:\/\/buressa.com\/en\/product\/es-recebo-basico\/\" \/>\n<meta property=\"og:site_name\" content=\"Bur\u00e9s S.A.U.\" \/>\n<meta property=\"article:modified_time\" content=\"2021-06-21T13:42:28+00:00\" \/>\n<meta property=\"og:image\" content=\"https:\/\/buressa.com\/wp-content\/uploads\/2015\/07\/Recebo-B\u00e1sico-e1436889493860.jpg\" \/>\n\t<meta property=\"og:image:width\" content=\"700\" \/>\n\t<meta property=\"og:image:height\" content=\"560\" \/>\n\t<meta property=\"og:image:type\" content=\"image\/jpeg\" \/>\n<meta name=\"twitter:card\" content=\"summary_large_image\" \/>\n<meta name=\"twitter:label1\" content=\"Tiempo de lectura\" \/>\n\t<meta name=\"twitter:data1\" content=\"1 minuto\" \/>\n<script type=\"application\/ld+json\" class=\"yoast-schema-graph\">{\"@context\":\"https:\/\/schema.org\",\"@graph\":[{\"@type\":\"WebPage\",\"@id\":\"https:\/\/buressa.com\/en\/product\/es-recebo-basico\/\",\"url\":\"https:\/\/buressa.com\/en\/product\/es-recebo-basico\/\",\"name\":\"Recebo B\u00e1sico, ideal para la mejora de c\u00e9sped grueso.\",\"isPartOf\":{\"@id\":\"https:\/\/buressa.com\/en\/#website\"},\"datePublished\":\"2015-07-10T13:42:17+00:00\",\"dateModified\":\"2021-06-21T13:42:28+00:00\",\"description\":\"Sustrato a base de arena que garantiza la renovaci\u00f3n del c\u00e9sped obtenidose un tapiz verde de aspecto mejorado. Adecuado para resiembras.\",\"breadcrumb\":{\"@id\":\"https:\/\/buressa.com\/en\/product\/es-recebo-basico\/#breadcrumb\"},\"inLanguage\":\"es\",\"potentialAction\":[{\"@type\":\"ReadAction\",\"target\":[\"https:\/\/buressa.com\/en\/product\/es-recebo-basico\/\"]}]},{\"@type\":\"BreadcrumbList\",\"@id\":\"https:\/\/buressa.com\/en\/product\/es-recebo-basico\/#breadcrumb\",\"itemListElement\":[{\"@type\":\"ListItem\",\"position\":1,\"name\":\"Portada\",\"item\":\"https:\/\/buressa.com\/en\/\"},{\"@type\":\"ListItem\",\"position\":2,\"name\":\"Productos\",\"item\":\"https:\/\/buressa.com\/es\/shop\/\"},{\"@type\":\"ListItem\",\"position\":3,\"name\":\"(ES) Recebo B\u00e1sico\"}]},{\"@type\":\"WebSite\",\"@id\":\"https:\/\/buressa.com\/en\/#website\",\"url\":\"https:\/\/buressa.com\/en\/\",\"name\":\"Bur\u00e9s S.A.U.\",\"description\":\"Bur\u00e9s, la buena tierra. Fabricantes de tierras y sustratos para jardiner\u00eda.\",\"publisher\":{\"@id\":\"https:\/\/buressa.com\/en\/#organization\"},\"potentialAction\":[{\"@type\":\"SearchAction\",\"target\":{\"@type\":\"EntryPoint\",\"urlTemplate\":\"https:\/\/buressa.com\/en\/?s={search_term_string}\"},\"query-input\":\"required name=search_term_string\"}],\"inLanguage\":\"es\"},{\"@type\":\"Organization\",\"@id\":\"https:\/\/buressa.com\/en\/#organization\",\"name\":\"BUR\u00c9S, S.A.U.\",\"url\":\"https:\/\/buressa.com\/en\/\",\"logo\":{\"@type\":\"ImageObject\",\"inLanguage\":\"es\",\"@id\":\"https:\/\/buressa.com\/en\/#\/schema\/logo\/image\/\",\"url\":\"https:\/\/buressa.com\/wp-content\/uploads\/2015\/06\/bures-sense-marge-marro_ok.png\",\"contentUrl\":\"https:\/\/buressa.com\/wp-content\/uploads\/2015\/06\/bures-sense-marge-marro_ok.png\",\"width\":141,\"height\":102,\"caption\":\"BUR\u00c9S, S.A.U.\"},\"image\":{\"@id\":\"https:\/\/buressa.com\/en\/#\/schema\/logo\/image\/\"}}]}<\/script>\n<!-- \/ Yoast SEO plugin. -->","yoast_head_json":{"title":"Recebo B\u00e1sico, ideal para la mejora de c\u00e9sped grueso.","description":"Sustrato a base de arena que garantiza la renovaci\u00f3n del c\u00e9sped obtenidose un tapiz verde de aspecto mejorado. Adecuado para resiembras.","robots":{"index":"index","follow":"follow","max-snippet":"max-snippet:-1","max-image-preview":"max-image-preview:large","max-video-preview":"max-video-preview:-1"},"canonical":"https:\/\/buressa.com\/en\/product\/es-recebo-basico\/","og_locale":"es_ES","og_type":"article","og_title":"Recebo B\u00e1sico, ideal para la mejora de c\u00e9sped grueso.","og_description":"Sustrato a base de arena que garantiza la renovaci\u00f3n del c\u00e9sped obtenidose un tapiz verde de aspecto mejorado. Adecuado para resiembras.","og_url":"https:\/\/buressa.com\/en\/product\/es-recebo-basico\/","og_site_name":"Bur\u00e9s S.A.U.","article_modified_time":"2021-06-21T13:42:28+00:00","og_image":[{"width":700,"height":560,"url":"https:\/\/buressa.com\/wp-content\/uploads\/2015\/07\/Recebo-B\u00e1sico-e1436889493860.jpg","type":"image\/jpeg"}],"twitter_card":"summary_large_image","twitter_misc":{"Tiempo de lectura":"1 minuto"},"schema":{"@context":"https:\/\/schema.org","@graph":[{"@type":"WebPage","@id":"https:\/\/buressa.com\/en\/product\/es-recebo-basico\/","url":"https:\/\/buressa.com\/en\/product\/es-recebo-basico\/","name":"Recebo B\u00e1sico, ideal para la mejora de c\u00e9sped grueso.","isPartOf":{"@id":"https:\/\/buressa.com\/en\/#website"},"datePublished":"2015-07-10T13:42:17+00:00","dateModified":"2021-06-21T13:42:28+00:00","description":"Sustrato a base de arena que garantiza la renovaci\u00f3n del c\u00e9sped obtenidose un tapiz verde de aspecto mejorado. Adecuado para resiembras.","breadcrumb":{"@id":"https:\/\/buressa.com\/en\/product\/es-recebo-basico\/#breadcrumb"},"inLanguage":"es","potentialAction":[{"@type":"ReadAction","target":["https:\/\/buressa.com\/en\/product\/es-recebo-basico\/"]}]},{"@type":"BreadcrumbList","@id":"https:\/\/buressa.com\/en\/product\/es-recebo-basico\/#breadcrumb","itemListElement":[{"@type":"ListItem","position":1,"name":"Portada","item":"https:\/\/buressa.com\/en\/"},{"@type":"ListItem","position":2,"name":"Productos","item":"https:\/\/buressa.com\/es\/shop\/"},{"@type":"ListItem","position":3,"name":"(ES) Recebo B\u00e1sico"}]},{"@type":"WebSite","@id":"https:\/\/buressa.com\/en\/#website","url":"https:\/\/buressa.com\/en\/","name":"Bur\u00e9s S.A.U.","description":"Bur\u00e9s, la buena tierra. Fabricantes de tierras y sustratos para jardiner\u00eda.","publisher":{"@id":"https:\/\/buressa.com\/en\/#organization"},"potentialAction":[{"@type":"SearchAction","target":{"@type":"EntryPoint","urlTemplate":"https:\/\/buressa.com\/en\/?s={search_term_string}"},"query-input":"required name=search_term_string"}],"inLanguage":"es"},{"@type":"Organization","@id":"https:\/\/buressa.com\/en\/#organization","name":"BUR\u00c9S, S.A.U.","url":"https:\/\/buressa.com\/en\/","logo":{"@type":"ImageObject","inLanguage":"es","@id":"https:\/\/buressa.com\/en\/#\/schema\/logo\/image\/","url":"https:\/\/buressa.com\/wp-content\/uploads\/2015\/06\/bures-sense-marge-marro_ok.png","contentUrl":"https:\/\/buressa.com\/wp-content\/uploads\/2015\/06\/bures-sense-marge-marro_ok.png","width":141,"height":102,"caption":"BUR\u00c9S, S.A.U."},"image":{"@id":"https:\/\/buressa.com\/en\/#\/schema\/logo\/image\/"}}]}},"_links":{"self":[{"href":"https:\/\/buressa.com\/es\/wp-json\/wp\/v2\/product\/159"}],"collection":[{"href":"https:\/\/buressa.com\/es\/wp-json\/wp\/v2\/product"}],"about":[{"href":"https:\/\/buressa.com\/es\/wp-json\/wp\/v2\/types\/product"}],"replies":[{"embeddable":true,"href":"https:\/\/buressa.com\/es\/wp-json\/wp\/v2\/comments?post=159"}],"wp:featuredmedia":[{"embeddable":true,"href":"https:\/\/buressa.com\/es\/wp-json\/wp\/v2\/media\/278"}],"wp:attachment":[{"href":"https:\/\/buressa.com\/es\/wp-json\/wp\/v2\/media?parent=159"}],"curies":[{"name":"wp","href":"https:\/\/api.w.org\/{rel}","templated":true}]}}