{"id":160,"date":"2015-07-10T13:44:15","date_gmt":"2015-07-10T13:44:15","guid":{"rendered":"http:\/\/buressa.com\/?post_type=product&#038;p=160"},"modified":"2021-06-22T09:00:58","modified_gmt":"2021-06-22T07:00:58","slug":"recebo-premium","status":"publish","type":"product","link":"https:\/\/buressa.com\/es\/producto\/recebo-premium\/","title":{"rendered":"Recebo Premium"},"content":{"rendered":"El Recebo Premium es un producto de alta calidad especialmente preparado para el recebado del c\u00e9sped fino.<\/p>\n<p>Es un sustrato con un alto contenido en arena de cuarzo fina que facilita la distribuci\u00f3n y penetraci\u00f3n del producto sobre el c\u00e9sped obteniendose\u00a0 un c\u00e9sped sano de cobertura densa.<\/p>\n<p>El aporte de Recebo Premium de forma regular en \u00e9poca de primavera temprana y\/o oto\u00f1\u00f3 mejora las condiciones de cultivo del suelo y estimula la aparici\u00f3n de brotes y ra\u00edces nuevas.<\/p>\n<ul>\n<li>Recebo ideal para el cuidado de c\u00e9sped fino.<\/li>\n<li>Con arena lavado de cuarzo de pH neutro.<\/li>\n<li>Adecuado para utilizar tambi\u00e9n resiembras de c\u00e9sped.<\/li>\n<\/ul>","protected":false},"excerpt":{"rendered":"<p>El Recebo Premium es un producto de alta calidad especialmente preparado para el recebado del c\u00e9sped fino. Es un sustrato con un alto contenido en arena de cuarzo fina que facilita la distribuci\u00f3n y penetraci\u00f3n del producto sobre el c\u00e9sped obteniendose\u00a0 un c\u00e9sped sano de cobertura densa. El aporte de Recebo Premium de forma regular&#8230;<\/p>\n","protected":false},"featured_media":280,"comment_status":"open","ping_status":"closed","template":"","meta":[],"yoast_head":"<!-- This site is optimized with the Yoast SEO plugin v19.10 - https:\/\/yoast.com\/wordpress\/plugins\/seo\/ -->\n<title>Recebo Premium, sustrato para el recebado del c\u00e9sped fino.<\/title>\n<meta name=\"description\" content=\"El Recebo Premium, con arena lavada de cuarzo, permite una buena incorporaci\u00f3n en el suelo mejorando la retenci\u00f3n de agua y el drenaje.\" \/>\n<meta name=\"robots\" content=\"index, follow, max-snippet:-1, max-image-preview:large, max-video-preview:-1\" \/>\n<link rel=\"canonical\" href=\"https:\/\/buressa.com\/en\/product\/es-recebo-premium\/\" \/>\n<meta property=\"og:locale\" content=\"es_ES\" \/>\n<meta property=\"og:type\" content=\"article\" \/>\n<meta property=\"og:title\" content=\"Recebo Premium, sustrato para el recebado del c\u00e9sped fino.\" \/>\n<meta property=\"og:description\" content=\"El Recebo Premium, con arena lavada de cuarzo, permite una buena incorporaci\u00f3n en el suelo mejorando la retenci\u00f3n de agua y el drenaje.\" \/>\n<meta property=\"og:url\" content=\"https:\/\/buressa.com\/en\/product\/es-recebo-premium\/\" \/>\n<meta property=\"og:site_name\" content=\"Bur\u00e9s S.A.U.\" \/>\n<meta property=\"article:modified_time\" content=\"2021-06-22T07:00:58+00:00\" \/>\n<meta property=\"og:image\" content=\"https:\/\/buressa.com\/wp-content\/uploads\/2015\/07\/Recebo-premium.jpg\" \/>\n\t<meta property=\"og:image:width\" content=\"700\" \/>\n\t<meta property=\"og:image:height\" content=\"525\" \/>\n\t<meta property=\"og:image:type\" content=\"image\/jpeg\" \/>\n<meta name=\"twitter:card\" content=\"summary_large_image\" \/>\n<meta name=\"twitter:label1\" content=\"Tiempo de lectura\" \/>\n\t<meta name=\"twitter:data1\" content=\"1 minuto\" \/>\n<script type=\"application\/ld+json\" class=\"yoast-schema-graph\">{\"@context\":\"https:\/\/schema.org\",\"@graph\":[{\"@type\":\"WebPage\",\"@id\":\"https:\/\/buressa.com\/en\/product\/es-recebo-premium\/\",\"url\":\"https:\/\/buressa.com\/en\/product\/es-recebo-premium\/\",\"name\":\"Recebo Premium, sustrato para el recebado del c\u00e9sped fino.\",\"isPartOf\":{\"@id\":\"https:\/\/buressa.com\/en\/#website\"},\"datePublished\":\"2015-07-10T13:44:15+00:00\",\"dateModified\":\"2021-06-22T07:00:58+00:00\",\"description\":\"El Recebo Premium, con arena lavada de cuarzo, permite una buena incorporaci\u00f3n en el suelo mejorando la retenci\u00f3n de agua y el drenaje.\",\"breadcrumb\":{\"@id\":\"https:\/\/buressa.com\/en\/product\/es-recebo-premium\/#breadcrumb\"},\"inLanguage\":\"es\",\"potentialAction\":[{\"@type\":\"ReadAction\",\"target\":[\"https:\/\/buressa.com\/en\/product\/es-recebo-premium\/\"]}]},{\"@type\":\"BreadcrumbList\",\"@id\":\"https:\/\/buressa.com\/en\/product\/es-recebo-premium\/#breadcrumb\",\"itemListElement\":[{\"@type\":\"ListItem\",\"position\":1,\"name\":\"Portada\",\"item\":\"https:\/\/buressa.com\/en\/\"},{\"@type\":\"ListItem\",\"position\":2,\"name\":\"Productos\",\"item\":\"https:\/\/buressa.com\/es\/shop\/\"},{\"@type\":\"ListItem\",\"position\":3,\"name\":\"(ES) Recebo Premium\"}]},{\"@type\":\"WebSite\",\"@id\":\"https:\/\/buressa.com\/en\/#website\",\"url\":\"https:\/\/buressa.com\/en\/\",\"name\":\"Bur\u00e9s S.A.U.\",\"description\":\"Bur\u00e9s, la buena tierra. Fabricantes de tierras y sustratos para jardiner\u00eda.\",\"publisher\":{\"@id\":\"https:\/\/buressa.com\/en\/#organization\"},\"potentialAction\":[{\"@type\":\"SearchAction\",\"target\":{\"@type\":\"EntryPoint\",\"urlTemplate\":\"https:\/\/buressa.com\/en\/?s={search_term_string}\"},\"query-input\":\"required name=search_term_string\"}],\"inLanguage\":\"es\"},{\"@type\":\"Organization\",\"@id\":\"https:\/\/buressa.com\/en\/#organization\",\"name\":\"BUR\u00c9S, S.A.U.\",\"url\":\"https:\/\/buressa.com\/en\/\",\"logo\":{\"@type\":\"ImageObject\",\"inLanguage\":\"es\",\"@id\":\"https:\/\/buressa.com\/en\/#\/schema\/logo\/image\/\",\"url\":\"https:\/\/buressa.com\/wp-content\/uploads\/2015\/06\/bures-sense-marge-marro_ok.png\",\"contentUrl\":\"https:\/\/buressa.com\/wp-content\/uploads\/2015\/06\/bures-sense-marge-marro_ok.png\",\"width\":141,\"height\":102,\"caption\":\"BUR\u00c9S, S.A.U.\"},\"image\":{\"@id\":\"https:\/\/buressa.com\/en\/#\/schema\/logo\/image\/\"}}]}<\/script>\n<!-- \/ Yoast SEO plugin. -->","yoast_head_json":{"title":"Recebo Premium, sustrato para el recebado del c\u00e9sped fino.","description":"El Recebo Premium, con arena lavada de cuarzo, permite una buena incorporaci\u00f3n en el suelo mejorando la retenci\u00f3n de agua y el drenaje.","robots":{"index":"index","follow":"follow","max-snippet":"max-snippet:-1","max-image-preview":"max-image-preview:large","max-video-preview":"max-video-preview:-1"},"canonical":"https:\/\/buressa.com\/en\/product\/es-recebo-premium\/","og_locale":"es_ES","og_type":"article","og_title":"Recebo Premium, sustrato para el recebado del c\u00e9sped fino.","og_description":"El Recebo Premium, con arena lavada de cuarzo, permite una buena incorporaci\u00f3n en el suelo mejorando la retenci\u00f3n de agua y el drenaje.","og_url":"https:\/\/buressa.com\/en\/product\/es-recebo-premium\/","og_site_name":"Bur\u00e9s S.A.U.","article_modified_time":"2021-06-22T07:00:58+00:00","og_image":[{"width":700,"height":525,"url":"https:\/\/buressa.com\/wp-content\/uploads\/2015\/07\/Recebo-premium.jpg","type":"image\/jpeg"}],"twitter_card":"summary_large_image","twitter_misc":{"Tiempo de lectura":"1 minuto"},"schema":{"@context":"https:\/\/schema.org","@graph":[{"@type":"WebPage","@id":"https:\/\/buressa.com\/en\/product\/es-recebo-premium\/","url":"https:\/\/buressa.com\/en\/product\/es-recebo-premium\/","name":"Recebo Premium, sustrato para el recebado del c\u00e9sped fino.","isPartOf":{"@id":"https:\/\/buressa.com\/en\/#website"},"datePublished":"2015-07-10T13:44:15+00:00","dateModified":"2021-06-22T07:00:58+00:00","description":"El Recebo Premium, con arena lavada de cuarzo, permite una buena incorporaci\u00f3n en el suelo mejorando la retenci\u00f3n de agua y el drenaje.","breadcrumb":{"@id":"https:\/\/buressa.com\/en\/product\/es-recebo-premium\/#breadcrumb"},"inLanguage":"es","potentialAction":[{"@type":"ReadAction","target":["https:\/\/buressa.com\/en\/product\/es-recebo-premium\/"]}]},{"@type":"BreadcrumbList","@id":"https:\/\/buressa.com\/en\/product\/es-recebo-premium\/#breadcrumb","itemListElement":[{"@type":"ListItem","position":1,"name":"Portada","item":"https:\/\/buressa.com\/en\/"},{"@type":"ListItem","position":2,"name":"Productos","item":"https:\/\/buressa.com\/es\/shop\/"},{"@type":"ListItem","position":3,"name":"(ES) Recebo Premium"}]},{"@type":"WebSite","@id":"https:\/\/buressa.com\/en\/#website","url":"https:\/\/buressa.com\/en\/","name":"Bur\u00e9s S.A.U.","description":"Bur\u00e9s, la buena tierra. Fabricantes de tierras y sustratos para jardiner\u00eda.","publisher":{"@id":"https:\/\/buressa.com\/en\/#organization"},"potentialAction":[{"@type":"SearchAction","target":{"@type":"EntryPoint","urlTemplate":"https:\/\/buressa.com\/en\/?s={search_term_string}"},"query-input":"required name=search_term_string"}],"inLanguage":"es"},{"@type":"Organization","@id":"https:\/\/buressa.com\/en\/#organization","name":"BUR\u00c9S, S.A.U.","url":"https:\/\/buressa.com\/en\/","logo":{"@type":"ImageObject","inLanguage":"es","@id":"https:\/\/buressa.com\/en\/#\/schema\/logo\/image\/","url":"https:\/\/buressa.com\/wp-content\/uploads\/2015\/06\/bures-sense-marge-marro_ok.png","contentUrl":"https:\/\/buressa.com\/wp-content\/uploads\/2015\/06\/bures-sense-marge-marro_ok.png","width":141,"height":102,"caption":"BUR\u00c9S, S.A.U."},"image":{"@id":"https:\/\/buressa.com\/en\/#\/schema\/logo\/image\/"}}]}},"_links":{"self":[{"href":"https:\/\/buressa.com\/es\/wp-json\/wp\/v2\/product\/160"}],"collection":[{"href":"https:\/\/buressa.com\/es\/wp-json\/wp\/v2\/product"}],"about":[{"href":"https:\/\/buressa.com\/es\/wp-json\/wp\/v2\/types\/product"}],"replies":[{"embeddable":true,"href":"https:\/\/buressa.com\/es\/wp-json\/wp\/v2\/comments?post=160"}],"wp:featuredmedia":[{"embeddable":true,"href":"https:\/\/buressa.com\/es\/wp-json\/wp\/v2\/media\/280"}],"wp:attachment":[{"href":"https:\/\/buressa.com\/es\/wp-json\/wp\/v2\/media?parent=160"}],"curies":[{"name":"wp","href":"https:\/\/api.w.org\/{rel}","templated":true}]}}