{"id":1617,"date":"2020-07-20T12:49:21","date_gmt":"2020-07-20T10:49:21","guid":{"rendered":"https:\/\/buressa.com\/es\/?post_type=product&#038;p=1617"},"modified":"2021-06-29T11:27:20","modified_gmt":"2021-06-29T09:27:20","slug":"jardin-vertical-biofiver","status":"publish","type":"product","link":"https:\/\/buressa.com\/es\/producto\/jardines-verticales\/","title":{"rendered":"Jard\u00edn Vertical Biofiver\u00ae"},"content":{"rendered":"BIOFIVER\u00ae es un sistema patentado y dise\u00f1ado para la creaci\u00f3n de jardines verticales, tanto en instalaciones exteriores como interiores.<\/p>\n<p>BIOFIVER\u00ae est\u00e1 formado por una estructura modular reticulada, con la particularidad de que la parte frontal est\u00e1 completamente rellena de sustrato org\u00e1nico enriquecido, permitiendo un desarrollo completo de las ra\u00edces de las plantas y favoreciendo as\u00ed un crecimiento m\u00e1s natural, la parte posterior se encuentra vac\u00eda para permitir la circulaci\u00f3n del aire y su biofiltraci\u00f3n por parte de los microorganismos.<\/p>\n<p>&nbsp;<\/p>\n<p><strong>M\u00d3DULO VEGETAL DEPURADOR BIOFIVER\u00ae<\/strong><\/p>\n<p>M\u00f3dulo de dos estructuras tridimensionales reticuladas de celdillas de polipropileno reciclado. Una de las estructuras est\u00e1 rellena de sustrato para el cultivo y la otra permanece vac\u00eda generando un espacio hueco para la circulaci\u00f3n del aire. Entremedio de las dos capas se coloca una tela hidr\u00f3fila para la distribuci\u00f3n trasera del riego.<\/p>\n<p>La capa exterior contiene sustrato org\u00e1nico enriquecido, permitiendo un desarrollo completo de las ra\u00edces para favorecer la biofiltraci\u00f3n por microorganismos.<\/p>\n<p>El sistema BIOFIVER\u00ae dispone de un sistema de riego por exudaci\u00f3n que permite que toda la superficie ajardinada creada con estos m\u00f3dulos tenga la misma cantidad de riego en cualquier punto. Esto favorece que se pueda calcular perfectamente el riego necesario para los jardines con el consiguiente ahorro de agua.<\/p>\n<p>El sistema modular permite la adaptaci\u00f3n de los jardines verticales a cualquier superficie y sin l\u00edmite en cuanto a tama\u00f1o y altura. Permite igualmente modificaciones posteriores en los jardines sin que afecte al resto de la estructura.<\/p>\n<p><strong>BENEFICIOS DEL SISTEMA BIOFIVER\u00ae<\/strong><\/p>\n<p>La creaci\u00f3n de un jard\u00edn vertical con el m\u00f3dulo BIOFIVER\u00ae tiene los siguientes beneficios:<\/p>\n<ul>\n<li>F\u00e1cil y r\u00e1pida instalaci\u00f3n gracias a sus rastreles y ganchos de fijaci\u00f3n.<\/li>\n<li>Plantaci\u00f3n en sustrato org\u00e1nico enriquecido, generando un crecimiento homog\u00e9neo, estable y m\u00e1s natural.<\/li>\n<li>Menor mantenimiento que otros sistemas gracias a este crecimiento lento.<\/li>\n<li>Menor dependencia del agua que los sistemas hidrop\u00f3nicos.<\/li>\n<li>Biofiltraci\u00f3n natural de elementos vol\u00e1tiles contaminantes gracias a la circulaci\u00f3n de aire detr\u00e1s de la vegetaci\u00f3n.<\/li>\n<li>Posibilidad de acabados personalizados.<\/li>\n<li>Gran capacidad de adaptaci\u00f3n a diferentes dise\u00f1os e instalaciones.<\/li>\n<li>Distribuci\u00f3n homog\u00e9nea del riego a trav\u00e9s del geotextil posterior.<\/li>\n<\/ul>","protected":false},"excerpt":{"rendered":"<p>BIOFIVER\u00ae es un sistema patentado y dise\u00f1ado para la creaci\u00f3n de jardines verticales, tanto en instalaciones exteriores como interiores. BIOFIVER\u00ae est\u00e1 formado por una estructura modular reticulada, con la particularidad de que la parte frontal est\u00e1 completamente rellena de sustrato org\u00e1nico enriquecido, permitiendo un desarrollo completo de las ra\u00edces de las plantas y favoreciendo as\u00ed&#8230;<\/p>\n","protected":false},"featured_media":1782,"comment_status":"open","ping_status":"closed","template":"","meta":[],"yoast_head":"<!-- This site is optimized with the Yoast SEO plugin v19.10 - https:\/\/yoast.com\/wordpress\/plugins\/seo\/ -->\n<title>Jard\u00edn Vertical Biofiver\u00ae - Bur\u00e9s S.A.U.<\/title>\n<meta name=\"robots\" content=\"index, follow, max-snippet:-1, max-image-preview:large, max-video-preview:-1\" \/>\n<link rel=\"canonical\" href=\"https:\/\/buressa.com\/es\/producto\/jardines-verticales\/\" \/>\n<meta property=\"og:locale\" content=\"es_ES\" \/>\n<meta property=\"og:type\" content=\"article\" \/>\n<meta property=\"og:title\" content=\"[:es]Jard\u00edn Vertical Biofiver\u00ae[:ca]Jard\u00ed Vertical Biofiver\u00ae[:] - Bur\u00e9s S.A.U.\" \/>\n<meta property=\"og:description\" content=\"BIOFIVER\u00ae es un sistema patentado y dise\u00f1ado para la creaci\u00f3n de jardines verticales, tanto en instalaciones exteriores como interiores. BIOFIVER\u00ae est\u00e1 formado por una estructura modular reticulada, con la particularidad de que la parte frontal est\u00e1 completamente rellena de sustrato org\u00e1nico enriquecido, permitiendo un desarrollo completo de las ra\u00edces de las plantas y favoreciendo as\u00ed...\" \/>\n<meta property=\"og:url\" content=\"https:\/\/buressa.com\/es\/producto\/jardines-verticales\/\" \/>\n<meta property=\"og:site_name\" content=\"Bur\u00e9s S.A.U.\" \/>\n<meta property=\"article:modified_time\" content=\"2021-06-29T09:27:20+00:00\" \/>\n<meta property=\"og:image\" content=\"https:\/\/buressa.com\/wp-content\/uploads\/2020\/07\/Biofiver-Crisalia-2.jpg\" \/>\n\t<meta property=\"og:image:width\" content=\"1600\" \/>\n\t<meta property=\"og:image:height\" content=\"1200\" \/>\n\t<meta property=\"og:image:type\" content=\"image\/jpeg\" \/>\n<meta name=\"twitter:card\" content=\"summary_large_image\" \/>\n<meta name=\"twitter:label1\" content=\"Tiempo de lectura\" \/>\n\t<meta name=\"twitter:data1\" content=\"4 minutos\" \/>\n<script type=\"application\/ld+json\" class=\"yoast-schema-graph\">{\"@context\":\"https:\/\/schema.org\",\"@graph\":[{\"@type\":\"WebPage\",\"@id\":\"https:\/\/buressa.com\/es\/producto\/jardines-verticales\/\",\"url\":\"https:\/\/buressa.com\/es\/producto\/jardines-verticales\/\",\"name\":\"[:es]Jard\u00edn Vertical Biofiver\u00ae[:ca]Jard\u00ed Vertical Biofiver\u00ae[:] - Bur\u00e9s S.A.U.\",\"isPartOf\":{\"@id\":\"https:\/\/buressa.com\/en\/#website\"},\"datePublished\":\"2020-07-20T10:49:21+00:00\",\"dateModified\":\"2021-06-29T09:27:20+00:00\",\"breadcrumb\":{\"@id\":\"https:\/\/buressa.com\/es\/producto\/jardines-verticales\/#breadcrumb\"},\"inLanguage\":\"es\",\"potentialAction\":[{\"@type\":\"ReadAction\",\"target\":[\"https:\/\/buressa.com\/es\/producto\/jardines-verticales\/\"]}]},{\"@type\":\"BreadcrumbList\",\"@id\":\"https:\/\/buressa.com\/es\/producto\/jardines-verticales\/#breadcrumb\",\"itemListElement\":[{\"@type\":\"ListItem\",\"position\":1,\"name\":\"Portada\",\"item\":\"https:\/\/buressa.com\/en\/\"},{\"@type\":\"ListItem\",\"position\":2,\"name\":\"Productos\",\"item\":\"https:\/\/buressa.com\/es\/shop\/\"},{\"@type\":\"ListItem\",\"position\":3,\"name\":\"Jard\u00edn Vertical Biofiver\u00ae\"}]},{\"@type\":\"WebSite\",\"@id\":\"https:\/\/buressa.com\/en\/#website\",\"url\":\"https:\/\/buressa.com\/en\/\",\"name\":\"Bur\u00e9s S.A.U.\",\"description\":\"Bur\u00e9s, la buena tierra. Fabricantes de tierras y sustratos para jardiner\u00eda.\",\"publisher\":{\"@id\":\"https:\/\/buressa.com\/en\/#organization\"},\"potentialAction\":[{\"@type\":\"SearchAction\",\"target\":{\"@type\":\"EntryPoint\",\"urlTemplate\":\"https:\/\/buressa.com\/en\/?s={search_term_string}\"},\"query-input\":\"required name=search_term_string\"}],\"inLanguage\":\"es\"},{\"@type\":\"Organization\",\"@id\":\"https:\/\/buressa.com\/en\/#organization\",\"name\":\"BUR\u00c9S, S.A.U.\",\"url\":\"https:\/\/buressa.com\/en\/\",\"logo\":{\"@type\":\"ImageObject\",\"inLanguage\":\"es\",\"@id\":\"https:\/\/buressa.com\/en\/#\/schema\/logo\/image\/\",\"url\":\"https:\/\/buressa.com\/wp-content\/uploads\/2015\/06\/bures-sense-marge-marro_ok.png\",\"contentUrl\":\"https:\/\/buressa.com\/wp-content\/uploads\/2015\/06\/bures-sense-marge-marro_ok.png\",\"width\":141,\"height\":102,\"caption\":\"BUR\u00c9S, S.A.U.\"},\"image\":{\"@id\":\"https:\/\/buressa.com\/en\/#\/schema\/logo\/image\/\"}}]}<\/script>\n<!-- \/ Yoast SEO plugin. -->","yoast_head_json":{"title":"[:es]Jard\u00edn Vertical Biofiver\u00ae[:ca]Jard\u00ed Vertical Biofiver\u00ae[:] - Bur\u00e9s S.A.U.","robots":{"index":"index","follow":"follow","max-snippet":"max-snippet:-1","max-image-preview":"max-image-preview:large","max-video-preview":"max-video-preview:-1"},"canonical":"https:\/\/buressa.com\/es\/producto\/jardines-verticales\/","og_locale":"es_ES","og_type":"article","og_title":"[:es]Jard\u00edn Vertical Biofiver\u00ae[:ca]Jard\u00ed Vertical Biofiver\u00ae[:] - Bur\u00e9s S.A.U.","og_description":"BIOFIVER\u00ae es un sistema patentado y dise\u00f1ado para la creaci\u00f3n de jardines verticales, tanto en instalaciones exteriores como interiores. BIOFIVER\u00ae est\u00e1 formado por una estructura modular reticulada, con la particularidad de que la parte frontal est\u00e1 completamente rellena de sustrato org\u00e1nico enriquecido, permitiendo un desarrollo completo de las ra\u00edces de las plantas y favoreciendo as\u00ed...","og_url":"https:\/\/buressa.com\/es\/producto\/jardines-verticales\/","og_site_name":"Bur\u00e9s S.A.U.","article_modified_time":"2021-06-29T09:27:20+00:00","og_image":[{"width":1600,"height":1200,"url":"https:\/\/buressa.com\/wp-content\/uploads\/2020\/07\/Biofiver-Crisalia-2.jpg","type":"image\/jpeg"}],"twitter_card":"summary_large_image","twitter_misc":{"Tiempo de lectura":"4 minutos"},"schema":{"@context":"https:\/\/schema.org","@graph":[{"@type":"WebPage","@id":"https:\/\/buressa.com\/es\/producto\/jardines-verticales\/","url":"https:\/\/buressa.com\/es\/producto\/jardines-verticales\/","name":"[:es]Jard\u00edn Vertical Biofiver\u00ae[:ca]Jard\u00ed Vertical Biofiver\u00ae[:] - Bur\u00e9s S.A.U.","isPartOf":{"@id":"https:\/\/buressa.com\/en\/#website"},"datePublished":"2020-07-20T10:49:21+00:00","dateModified":"2021-06-29T09:27:20+00:00","breadcrumb":{"@id":"https:\/\/buressa.com\/es\/producto\/jardines-verticales\/#breadcrumb"},"inLanguage":"es","potentialAction":[{"@type":"ReadAction","target":["https:\/\/buressa.com\/es\/producto\/jardines-verticales\/"]}]},{"@type":"BreadcrumbList","@id":"https:\/\/buressa.com\/es\/producto\/jardines-verticales\/#breadcrumb","itemListElement":[{"@type":"ListItem","position":1,"name":"Portada","item":"https:\/\/buressa.com\/en\/"},{"@type":"ListItem","position":2,"name":"Productos","item":"https:\/\/buressa.com\/es\/shop\/"},{"@type":"ListItem","position":3,"name":"Jard\u00edn Vertical Biofiver\u00ae"}]},{"@type":"WebSite","@id":"https:\/\/buressa.com\/en\/#website","url":"https:\/\/buressa.com\/en\/","name":"Bur\u00e9s S.A.U.","description":"Bur\u00e9s, la buena tierra. Fabricantes de tierras y sustratos para jardiner\u00eda.","publisher":{"@id":"https:\/\/buressa.com\/en\/#organization"},"potentialAction":[{"@type":"SearchAction","target":{"@type":"EntryPoint","urlTemplate":"https:\/\/buressa.com\/en\/?s={search_term_string}"},"query-input":"required name=search_term_string"}],"inLanguage":"es"},{"@type":"Organization","@id":"https:\/\/buressa.com\/en\/#organization","name":"BUR\u00c9S, S.A.U.","url":"https:\/\/buressa.com\/en\/","logo":{"@type":"ImageObject","inLanguage":"es","@id":"https:\/\/buressa.com\/en\/#\/schema\/logo\/image\/","url":"https:\/\/buressa.com\/wp-content\/uploads\/2015\/06\/bures-sense-marge-marro_ok.png","contentUrl":"https:\/\/buressa.com\/wp-content\/uploads\/2015\/06\/bures-sense-marge-marro_ok.png","width":141,"height":102,"caption":"BUR\u00c9S, S.A.U."},"image":{"@id":"https:\/\/buressa.com\/en\/#\/schema\/logo\/image\/"}}]}},"_links":{"self":[{"href":"https:\/\/buressa.com\/es\/wp-json\/wp\/v2\/product\/1617"}],"collection":[{"href":"https:\/\/buressa.com\/es\/wp-json\/wp\/v2\/product"}],"about":[{"href":"https:\/\/buressa.com\/es\/wp-json\/wp\/v2\/types\/product"}],"replies":[{"embeddable":true,"href":"https:\/\/buressa.com\/es\/wp-json\/wp\/v2\/comments?post=1617"}],"wp:featuredmedia":[{"embeddable":true,"href":"https:\/\/buressa.com\/es\/wp-json\/wp\/v2\/media\/1782"}],"wp:attachment":[{"href":"https:\/\/buressa.com\/es\/wp-json\/wp\/v2\/media?parent=1617"}],"curies":[{"name":"wp","href":"https:\/\/api.w.org\/{rel}","templated":true}]}}