{"id":1642,"date":"2020-07-23T15:18:02","date_gmt":"2020-07-23T13:18:02","guid":{"rendered":"https:\/\/buressa.com\/es\/?post_type=product&#038;p=1642"},"modified":"2021-06-15T09:29:48","modified_gmt":"2021-06-15T07:29:48","slug":"cubresuelos-pino-2","status":"publish","type":"product","link":"https:\/\/buressa.com\/es\/producto\/cubresuelos-pino-2\/","title":{"rendered":"Cubresuelos Pino"},"content":{"rendered":"El Cubresuelos Pino es un producto 100% natural obtenido a partir de br\u00e1cteas de pi\u00f1a. Es un material de agradable olor a pino (en el producto en fresco), tama\u00f1o de part\u00edcula de 10 a 40 mm.<\/p>\n<p>Ideal para mulch de jard\u00edn, decoraci\u00f3n interior.<\/p>\n<ul>\n<li>Aportado a la dosis recomendada garantiza los beneficios de los cubresuelos.<\/li>\n<li>Debido a su naturaleza tiene un efecto confort en el jard\u00edn.<\/li>\n<li>Muy estable, lenta degradaci\u00f3n.<\/li>\n<\/ul>\n<p>Dosis recomendada: Aplicar de forma uniforme sobre la tierra o el sustrato en un grosor de 5 cm. Un saco de 50 litros para 1 m2.<\/p>\n<p>&nbsp;","protected":false},"excerpt":{"rendered":"<p>El Cubresuelos Pino es un producto 100% natural obtenido a partir de br\u00e1cteas de pi\u00f1a. Es un material de agradable olor a pino (en el producto en fresco), tama\u00f1o de part\u00edcula de 10 a 40 mm. Ideal para mulch de jard\u00edn, decoraci\u00f3n interior. Aportado a la dosis recomendada garantiza los beneficios de los cubresuelos. Debido&#8230;<\/p>\n","protected":false},"featured_media":1293,"comment_status":"open","ping_status":"closed","template":"","meta":[],"yoast_head":"<!-- This site is optimized with the Yoast SEO plugin v19.10 - https:\/\/yoast.com\/wordpress\/plugins\/seo\/ -->\n<title>Cubresuelos Pino, producto natural, ideal para mulch en el jard\u00edn.<\/title>\n<meta name=\"description\" content=\"El Cubresuelos Pino, son br\u00e1cteas de pi\u00f1a (Pinus pinea) naturales, de tama\u00f1o medio, para acolchado (mulching) en jardiner\u00eda.\" \/>\n<meta name=\"robots\" content=\"index, follow, max-snippet:-1, max-image-preview:large, max-video-preview:-1\" \/>\n<link rel=\"canonical\" href=\"https:\/\/buressa.com\/en\/product\/es-cubresuelos-pino-2\/\" \/>\n<meta property=\"og:locale\" content=\"es_ES\" \/>\n<meta property=\"og:type\" content=\"article\" \/>\n<meta property=\"og:title\" content=\"Cubresuelos Pino, producto natural, ideal para mulch en el jard\u00edn.\" \/>\n<meta property=\"og:description\" content=\"El Cubresuelos Pino, son br\u00e1cteas de pi\u00f1a (Pinus pinea) naturales, de tama\u00f1o medio, para acolchado (mulching) en jardiner\u00eda.\" \/>\n<meta property=\"og:url\" content=\"https:\/\/buressa.com\/en\/product\/es-cubresuelos-pino-2\/\" \/>\n<meta property=\"og:site_name\" content=\"Bur\u00e9s S.A.U.\" \/>\n<meta property=\"article:modified_time\" content=\"2021-06-15T07:29:48+00:00\" \/>\n<meta property=\"og:image\" content=\"https:\/\/buressa.com\/wp-content\/uploads\/2015\/07\/Producte-Cubresuelos-Pino.png\" \/>\n\t<meta property=\"og:image:width\" content=\"384\" \/>\n\t<meta property=\"og:image:height\" content=\"384\" \/>\n\t<meta property=\"og:image:type\" content=\"image\/png\" \/>\n<meta name=\"twitter:card\" content=\"summary_large_image\" \/>\n<meta name=\"twitter:label1\" content=\"Tiempo de lectura\" \/>\n\t<meta name=\"twitter:data1\" content=\"1 minuto\" \/>\n<script type=\"application\/ld+json\" class=\"yoast-schema-graph\">{\"@context\":\"https:\/\/schema.org\",\"@graph\":[{\"@type\":\"WebPage\",\"@id\":\"https:\/\/buressa.com\/en\/product\/es-cubresuelos-pino-2\/\",\"url\":\"https:\/\/buressa.com\/en\/product\/es-cubresuelos-pino-2\/\",\"name\":\"Cubresuelos Pino, producto natural, ideal para mulch en el jard\u00edn.\",\"isPartOf\":{\"@id\":\"https:\/\/buressa.com\/en\/#website\"},\"datePublished\":\"2020-07-23T13:18:02+00:00\",\"dateModified\":\"2021-06-15T07:29:48+00:00\",\"description\":\"El Cubresuelos Pino, son br\u00e1cteas de pi\u00f1a (Pinus pinea) naturales, de tama\u00f1o medio, para acolchado (mulching) en jardiner\u00eda.\",\"breadcrumb\":{\"@id\":\"https:\/\/buressa.com\/en\/product\/es-cubresuelos-pino-2\/#breadcrumb\"},\"inLanguage\":\"es\",\"potentialAction\":[{\"@type\":\"ReadAction\",\"target\":[\"https:\/\/buressa.com\/en\/product\/es-cubresuelos-pino-2\/\"]}]},{\"@type\":\"BreadcrumbList\",\"@id\":\"https:\/\/buressa.com\/en\/product\/es-cubresuelos-pino-2\/#breadcrumb\",\"itemListElement\":[{\"@type\":\"ListItem\",\"position\":1,\"name\":\"Portada\",\"item\":\"https:\/\/buressa.com\/en\/\"},{\"@type\":\"ListItem\",\"position\":2,\"name\":\"Productos\",\"item\":\"https:\/\/buressa.com\/es\/shop\/\"},{\"@type\":\"ListItem\",\"position\":3,\"name\":\"(ES) Cubresuelos Pino\"}]},{\"@type\":\"WebSite\",\"@id\":\"https:\/\/buressa.com\/en\/#website\",\"url\":\"https:\/\/buressa.com\/en\/\",\"name\":\"Bur\u00e9s S.A.U.\",\"description\":\"Bur\u00e9s, la buena tierra. Fabricantes de tierras y sustratos para jardiner\u00eda.\",\"publisher\":{\"@id\":\"https:\/\/buressa.com\/en\/#organization\"},\"potentialAction\":[{\"@type\":\"SearchAction\",\"target\":{\"@type\":\"EntryPoint\",\"urlTemplate\":\"https:\/\/buressa.com\/en\/?s={search_term_string}\"},\"query-input\":\"required name=search_term_string\"}],\"inLanguage\":\"es\"},{\"@type\":\"Organization\",\"@id\":\"https:\/\/buressa.com\/en\/#organization\",\"name\":\"BUR\u00c9S, S.A.U.\",\"url\":\"https:\/\/buressa.com\/en\/\",\"logo\":{\"@type\":\"ImageObject\",\"inLanguage\":\"es\",\"@id\":\"https:\/\/buressa.com\/en\/#\/schema\/logo\/image\/\",\"url\":\"https:\/\/buressa.com\/wp-content\/uploads\/2015\/06\/bures-sense-marge-marro_ok.png\",\"contentUrl\":\"https:\/\/buressa.com\/wp-content\/uploads\/2015\/06\/bures-sense-marge-marro_ok.png\",\"width\":141,\"height\":102,\"caption\":\"BUR\u00c9S, S.A.U.\"},\"image\":{\"@id\":\"https:\/\/buressa.com\/en\/#\/schema\/logo\/image\/\"}}]}<\/script>\n<!-- \/ Yoast SEO plugin. -->","yoast_head_json":{"title":"Cubresuelos Pino, producto natural, ideal para mulch en el jard\u00edn.","description":"El Cubresuelos Pino, son br\u00e1cteas de pi\u00f1a (Pinus pinea) naturales, de tama\u00f1o medio, para acolchado (mulching) en jardiner\u00eda.","robots":{"index":"index","follow":"follow","max-snippet":"max-snippet:-1","max-image-preview":"max-image-preview:large","max-video-preview":"max-video-preview:-1"},"canonical":"https:\/\/buressa.com\/en\/product\/es-cubresuelos-pino-2\/","og_locale":"es_ES","og_type":"article","og_title":"Cubresuelos Pino, producto natural, ideal para mulch en el jard\u00edn.","og_description":"El Cubresuelos Pino, son br\u00e1cteas de pi\u00f1a (Pinus pinea) naturales, de tama\u00f1o medio, para acolchado (mulching) en jardiner\u00eda.","og_url":"https:\/\/buressa.com\/en\/product\/es-cubresuelos-pino-2\/","og_site_name":"Bur\u00e9s S.A.U.","article_modified_time":"2021-06-15T07:29:48+00:00","og_image":[{"width":384,"height":384,"url":"https:\/\/buressa.com\/wp-content\/uploads\/2015\/07\/Producte-Cubresuelos-Pino.png","type":"image\/png"}],"twitter_card":"summary_large_image","twitter_misc":{"Tiempo de lectura":"1 minuto"},"schema":{"@context":"https:\/\/schema.org","@graph":[{"@type":"WebPage","@id":"https:\/\/buressa.com\/en\/product\/es-cubresuelos-pino-2\/","url":"https:\/\/buressa.com\/en\/product\/es-cubresuelos-pino-2\/","name":"Cubresuelos Pino, producto natural, ideal para mulch en el jard\u00edn.","isPartOf":{"@id":"https:\/\/buressa.com\/en\/#website"},"datePublished":"2020-07-23T13:18:02+00:00","dateModified":"2021-06-15T07:29:48+00:00","description":"El Cubresuelos Pino, son br\u00e1cteas de pi\u00f1a (Pinus pinea) naturales, de tama\u00f1o medio, para acolchado (mulching) en jardiner\u00eda.","breadcrumb":{"@id":"https:\/\/buressa.com\/en\/product\/es-cubresuelos-pino-2\/#breadcrumb"},"inLanguage":"es","potentialAction":[{"@type":"ReadAction","target":["https:\/\/buressa.com\/en\/product\/es-cubresuelos-pino-2\/"]}]},{"@type":"BreadcrumbList","@id":"https:\/\/buressa.com\/en\/product\/es-cubresuelos-pino-2\/#breadcrumb","itemListElement":[{"@type":"ListItem","position":1,"name":"Portada","item":"https:\/\/buressa.com\/en\/"},{"@type":"ListItem","position":2,"name":"Productos","item":"https:\/\/buressa.com\/es\/shop\/"},{"@type":"ListItem","position":3,"name":"(ES) Cubresuelos Pino"}]},{"@type":"WebSite","@id":"https:\/\/buressa.com\/en\/#website","url":"https:\/\/buressa.com\/en\/","name":"Bur\u00e9s S.A.U.","description":"Bur\u00e9s, la buena tierra. Fabricantes de tierras y sustratos para jardiner\u00eda.","publisher":{"@id":"https:\/\/buressa.com\/en\/#organization"},"potentialAction":[{"@type":"SearchAction","target":{"@type":"EntryPoint","urlTemplate":"https:\/\/buressa.com\/en\/?s={search_term_string}"},"query-input":"required name=search_term_string"}],"inLanguage":"es"},{"@type":"Organization","@id":"https:\/\/buressa.com\/en\/#organization","name":"BUR\u00c9S, S.A.U.","url":"https:\/\/buressa.com\/en\/","logo":{"@type":"ImageObject","inLanguage":"es","@id":"https:\/\/buressa.com\/en\/#\/schema\/logo\/image\/","url":"https:\/\/buressa.com\/wp-content\/uploads\/2015\/06\/bures-sense-marge-marro_ok.png","contentUrl":"https:\/\/buressa.com\/wp-content\/uploads\/2015\/06\/bures-sense-marge-marro_ok.png","width":141,"height":102,"caption":"BUR\u00c9S, S.A.U."},"image":{"@id":"https:\/\/buressa.com\/en\/#\/schema\/logo\/image\/"}}]}},"_links":{"self":[{"href":"https:\/\/buressa.com\/es\/wp-json\/wp\/v2\/product\/1642"}],"collection":[{"href":"https:\/\/buressa.com\/es\/wp-json\/wp\/v2\/product"}],"about":[{"href":"https:\/\/buressa.com\/es\/wp-json\/wp\/v2\/types\/product"}],"replies":[{"embeddable":true,"href":"https:\/\/buressa.com\/es\/wp-json\/wp\/v2\/comments?post=1642"}],"wp:featuredmedia":[{"embeddable":true,"href":"https:\/\/buressa.com\/es\/wp-json\/wp\/v2\/media\/1293"}],"wp:attachment":[{"href":"https:\/\/buressa.com\/es\/wp-json\/wp\/v2\/media?parent=1642"}],"curies":[{"name":"wp","href":"https:\/\/api.w.org\/{rel}","templated":true}]}}