{"id":1645,"date":"2020-07-24T10:44:06","date_gmt":"2020-07-24T08:44:06","guid":{"rendered":"https:\/\/buressa.com\/es\/?post_type=product&#038;p=1645"},"modified":"2023-09-13T15:42:36","modified_gmt":"2023-09-13T13:42:36","slug":"cubresuelos-madera-2","status":"publish","type":"product","link":"https:\/\/buressa.com\/es\/producto\/cubresuelos-madera-2\/","title":{"rendered":"Cubresuelos Madera"},"content":{"rendered":"El Cubresuelos Madera, es un producto 100% natural obtenido a partir astillas de madera seleccionadas. Es un material de color parduzco y de intensa olor a madera (en el producto en fresco) y tama\u00f1o de part\u00edcula de 20 a 60 mm.<\/p>\n<p>Ideal para mulch de jard\u00edn, decoraci\u00f3n interior, zonas de paso. Puede utilizarse como bio-filtro.<\/p>\n<ul>\n<li>Aportado a la dosis recomendada garantiza los beneficios de los cubresuelos.<\/li>\n<li>Debido a su naturaleza tiene un efecto confort en el jard\u00edn.<\/li>\n<li>Apto para ser utilizado en zonas de paso: mulching transitable.<\/li>\n<\/ul>\n<p>Dosis recomendada: Aplicar de forma uniforme sobre la tierra o el sustrato en un gosor de 7 cm.<\/p>\n<p>&nbsp;","protected":false},"excerpt":{"rendered":"<p>El Cubresuelos Madera, es un producto 100% natural obtenido a partir astillas de madera seleccionadas. Es un material de color parduzco y de intensa olor a madera (en el producto en fresco) y tama\u00f1o de part\u00edcula de 20 a 60 mm. Ideal para mulch de jard\u00edn, decoraci\u00f3n interior, zonas de paso. Puede utilizarse como bio-filtro&#8230;.<\/p>\n","protected":false},"featured_media":1296,"comment_status":"open","ping_status":"closed","template":"","meta":[],"yoast_head":"<!-- This site is optimized with the Yoast SEO plugin v19.10 - https:\/\/yoast.com\/wordpress\/plugins\/seo\/ -->\n<title>Cubresuelos Madera, ideal para mulch en jardines.<\/title>\n<meta name=\"description\" content=\"El Cubresuelos Madera, es un producto natural, obtenido de astillas de madera de tama\u00f1o medio, para el acolchado (mulching) en jardioner\u00eda.\" \/>\n<meta name=\"robots\" content=\"index, follow, max-snippet:-1, max-image-preview:large, max-video-preview:-1\" \/>\n<link rel=\"canonical\" href=\"https:\/\/buressa.com\/es\/producto\/cubresuelos-madera-2\/\" \/>\n<meta property=\"og:locale\" content=\"es_ES\" \/>\n<meta property=\"og:type\" content=\"article\" \/>\n<meta property=\"og:title\" content=\"Cubresuelos Madera, ideal para mulch en jardines.\" \/>\n<meta property=\"og:description\" content=\"El Cubresuelos Madera, es un producto natural, obtenido de astillas de madera de tama\u00f1o medio, para el acolchado (mulching) en jardioner\u00eda.\" \/>\n<meta property=\"og:url\" content=\"https:\/\/buressa.com\/es\/producto\/cubresuelos-madera-2\/\" \/>\n<meta property=\"og:site_name\" content=\"Bur\u00e9s S.A.U.\" \/>\n<meta property=\"article:modified_time\" content=\"2023-09-13T13:42:36+00:00\" \/>\n<meta property=\"og:image\" content=\"https:\/\/buressa.com\/wp-content\/uploads\/2015\/07\/Producte-Cubresuelos-Madera.png\" \/>\n\t<meta property=\"og:image:width\" content=\"376\" \/>\n\t<meta property=\"og:image:height\" content=\"384\" \/>\n\t<meta property=\"og:image:type\" content=\"image\/png\" \/>\n<meta name=\"twitter:card\" content=\"summary_large_image\" \/>\n<meta name=\"twitter:label1\" content=\"Tiempo de lectura\" \/>\n\t<meta name=\"twitter:data1\" content=\"1 minuto\" \/>\n<script type=\"application\/ld+json\" class=\"yoast-schema-graph\">{\"@context\":\"https:\/\/schema.org\",\"@graph\":[{\"@type\":\"WebPage\",\"@id\":\"https:\/\/buressa.com\/es\/producto\/cubresuelos-madera-2\/\",\"url\":\"https:\/\/buressa.com\/es\/producto\/cubresuelos-madera-2\/\",\"name\":\"Cubresuelos Madera, ideal para mulch en jardines.\",\"isPartOf\":{\"@id\":\"https:\/\/buressa.com\/en\/#website\"},\"datePublished\":\"2020-07-24T08:44:06+00:00\",\"dateModified\":\"2023-09-13T13:42:36+00:00\",\"description\":\"El Cubresuelos Madera, es un producto natural, obtenido de astillas de madera de tama\u00f1o medio, para el acolchado (mulching) en jardioner\u00eda.\",\"breadcrumb\":{\"@id\":\"https:\/\/buressa.com\/es\/producto\/cubresuelos-madera-2\/#breadcrumb\"},\"inLanguage\":\"es\",\"potentialAction\":[{\"@type\":\"ReadAction\",\"target\":[\"https:\/\/buressa.com\/es\/producto\/cubresuelos-madera-2\/\"]}]},{\"@type\":\"BreadcrumbList\",\"@id\":\"https:\/\/buressa.com\/es\/producto\/cubresuelos-madera-2\/#breadcrumb\",\"itemListElement\":[{\"@type\":\"ListItem\",\"position\":1,\"name\":\"Portada\",\"item\":\"https:\/\/buressa.com\/en\/\"},{\"@type\":\"ListItem\",\"position\":2,\"name\":\"Productos\",\"item\":\"https:\/\/buressa.com\/es\/shop\/\"},{\"@type\":\"ListItem\",\"position\":3,\"name\":\"Cubresuelos Madera\"}]},{\"@type\":\"WebSite\",\"@id\":\"https:\/\/buressa.com\/en\/#website\",\"url\":\"https:\/\/buressa.com\/en\/\",\"name\":\"Bur\u00e9s S.A.U.\",\"description\":\"Bur\u00e9s, la buena tierra. Fabricantes de tierras y sustratos para jardiner\u00eda.\",\"publisher\":{\"@id\":\"https:\/\/buressa.com\/en\/#organization\"},\"potentialAction\":[{\"@type\":\"SearchAction\",\"target\":{\"@type\":\"EntryPoint\",\"urlTemplate\":\"https:\/\/buressa.com\/en\/?s={search_term_string}\"},\"query-input\":\"required name=search_term_string\"}],\"inLanguage\":\"es\"},{\"@type\":\"Organization\",\"@id\":\"https:\/\/buressa.com\/en\/#organization\",\"name\":\"BUR\u00c9S, S.A.U.\",\"url\":\"https:\/\/buressa.com\/en\/\",\"logo\":{\"@type\":\"ImageObject\",\"inLanguage\":\"es\",\"@id\":\"https:\/\/buressa.com\/en\/#\/schema\/logo\/image\/\",\"url\":\"https:\/\/buressa.com\/wp-content\/uploads\/2015\/06\/bures-sense-marge-marro_ok.png\",\"contentUrl\":\"https:\/\/buressa.com\/wp-content\/uploads\/2015\/06\/bures-sense-marge-marro_ok.png\",\"width\":141,\"height\":102,\"caption\":\"BUR\u00c9S, S.A.U.\"},\"image\":{\"@id\":\"https:\/\/buressa.com\/en\/#\/schema\/logo\/image\/\"}}]}<\/script>\n<!-- \/ Yoast SEO plugin. -->","yoast_head_json":{"title":"Cubresuelos Madera, ideal para mulch en jardines.","description":"El Cubresuelos Madera, es un producto natural, obtenido de astillas de madera de tama\u00f1o medio, para el acolchado (mulching) en jardioner\u00eda.","robots":{"index":"index","follow":"follow","max-snippet":"max-snippet:-1","max-image-preview":"max-image-preview:large","max-video-preview":"max-video-preview:-1"},"canonical":"https:\/\/buressa.com\/es\/producto\/cubresuelos-madera-2\/","og_locale":"es_ES","og_type":"article","og_title":"Cubresuelos Madera, ideal para mulch en jardines.","og_description":"El Cubresuelos Madera, es un producto natural, obtenido de astillas de madera de tama\u00f1o medio, para el acolchado (mulching) en jardioner\u00eda.","og_url":"https:\/\/buressa.com\/es\/producto\/cubresuelos-madera-2\/","og_site_name":"Bur\u00e9s S.A.U.","article_modified_time":"2023-09-13T13:42:36+00:00","og_image":[{"width":376,"height":384,"url":"https:\/\/buressa.com\/wp-content\/uploads\/2015\/07\/Producte-Cubresuelos-Madera.png","type":"image\/png"}],"twitter_card":"summary_large_image","twitter_misc":{"Tiempo de lectura":"1 minuto"},"schema":{"@context":"https:\/\/schema.org","@graph":[{"@type":"WebPage","@id":"https:\/\/buressa.com\/es\/producto\/cubresuelos-madera-2\/","url":"https:\/\/buressa.com\/es\/producto\/cubresuelos-madera-2\/","name":"Cubresuelos Madera, ideal para mulch en jardines.","isPartOf":{"@id":"https:\/\/buressa.com\/en\/#website"},"datePublished":"2020-07-24T08:44:06+00:00","dateModified":"2023-09-13T13:42:36+00:00","description":"El Cubresuelos Madera, es un producto natural, obtenido de astillas de madera de tama\u00f1o medio, para el acolchado (mulching) en jardioner\u00eda.","breadcrumb":{"@id":"https:\/\/buressa.com\/es\/producto\/cubresuelos-madera-2\/#breadcrumb"},"inLanguage":"es","potentialAction":[{"@type":"ReadAction","target":["https:\/\/buressa.com\/es\/producto\/cubresuelos-madera-2\/"]}]},{"@type":"BreadcrumbList","@id":"https:\/\/buressa.com\/es\/producto\/cubresuelos-madera-2\/#breadcrumb","itemListElement":[{"@type":"ListItem","position":1,"name":"Portada","item":"https:\/\/buressa.com\/en\/"},{"@type":"ListItem","position":2,"name":"Productos","item":"https:\/\/buressa.com\/es\/shop\/"},{"@type":"ListItem","position":3,"name":"Cubresuelos Madera"}]},{"@type":"WebSite","@id":"https:\/\/buressa.com\/en\/#website","url":"https:\/\/buressa.com\/en\/","name":"Bur\u00e9s S.A.U.","description":"Bur\u00e9s, la buena tierra. Fabricantes de tierras y sustratos para jardiner\u00eda.","publisher":{"@id":"https:\/\/buressa.com\/en\/#organization"},"potentialAction":[{"@type":"SearchAction","target":{"@type":"EntryPoint","urlTemplate":"https:\/\/buressa.com\/en\/?s={search_term_string}"},"query-input":"required name=search_term_string"}],"inLanguage":"es"},{"@type":"Organization","@id":"https:\/\/buressa.com\/en\/#organization","name":"BUR\u00c9S, S.A.U.","url":"https:\/\/buressa.com\/en\/","logo":{"@type":"ImageObject","inLanguage":"es","@id":"https:\/\/buressa.com\/en\/#\/schema\/logo\/image\/","url":"https:\/\/buressa.com\/wp-content\/uploads\/2015\/06\/bures-sense-marge-marro_ok.png","contentUrl":"https:\/\/buressa.com\/wp-content\/uploads\/2015\/06\/bures-sense-marge-marro_ok.png","width":141,"height":102,"caption":"BUR\u00c9S, S.A.U."},"image":{"@id":"https:\/\/buressa.com\/en\/#\/schema\/logo\/image\/"}}]}},"_links":{"self":[{"href":"https:\/\/buressa.com\/es\/wp-json\/wp\/v2\/product\/1645"}],"collection":[{"href":"https:\/\/buressa.com\/es\/wp-json\/wp\/v2\/product"}],"about":[{"href":"https:\/\/buressa.com\/es\/wp-json\/wp\/v2\/types\/product"}],"replies":[{"embeddable":true,"href":"https:\/\/buressa.com\/es\/wp-json\/wp\/v2\/comments?post=1645"}],"wp:featuredmedia":[{"embeddable":true,"href":"https:\/\/buressa.com\/es\/wp-json\/wp\/v2\/media\/1296"}],"wp:attachment":[{"href":"https:\/\/buressa.com\/es\/wp-json\/wp\/v2\/media?parent=1645"}],"curies":[{"name":"wp","href":"https:\/\/api.w.org\/{rel}","templated":true}]}}